{"id":47,"date":"2021-05-15T17:41:23","date_gmt":"2021-05-15T15:41:23","guid":{"rendered":"https:\/\/pequebierzo.es\/tienda\/?page_id=47"},"modified":"2022-08-26T13:35:34","modified_gmt":"2022-08-26T11:35:34","slug":"aviso-legal","status":"publish","type":"page","link":"https:\/\/pequebierzo.es\/tienda\/aviso-legal\/","title":{"rendered":"Aviso Legal"},"content":{"rendered":"<h1>Aviso Legal<\/h1>\n<h2>Derecho de la informaci\u00f3n<\/h2>\n<p>Le informamos que este Sitio web <strong><a href=\"https:\/\/pequebierzo.es\/tienda\/\" target=\"_blank\" rel=\"noopener\">https:\/\/pequebierzo.es\/<\/a><\/strong>\u00a0(en adelante, el \u201c<strong><em>Sitio Web<\/em><\/strong>\u201d) es titularidad de Jana Soto Garc\u00eda, (en adelante, \u201c<em><strong>PEQUE BIERZO<\/strong><\/em><strong><em>\u201d) <\/em><\/strong>con N.I.F <strong>71502501-D<\/strong>, y domicilio social en<strong> C\/Canal, 174 24404 Ponferrada (Le\u00f3n)<\/strong>.<\/p>\n<p>El acceso y\/o uso del Sitio Web le atribuye la condici\u00f3n de usuario, y acepta, desde dicho acceso y\/o uso, el presente Aviso Legal.<\/p>\n<p>El usuario (en adelante, el \u201c<strong>Usuario<\/strong>\u201d) puede ponerse en contacto con <strong>PEQUE BIERZO<\/strong> a trav\u00e9s de la siguiente direcci\u00f3n de correo electr\u00f3nico: info@pequebierzo.es, o a trav\u00e9s del n\u00famero de tel\u00e9fono: 626593172.<\/p>\n<h2>Uso del Sitio Web<\/h2>\n<p>El Usuario asume la responsabilidad del uso del Sitio Web. El Sitio Web puede proporcionar acceso a multitud de textos, gr\u00e1ficos, dibujos, dise\u00f1os, fotograf\u00edas, contenidos multimedia, e informaciones (en adelante, &#8220;<strong><em>Contenidos<\/em><\/strong>&#8220;) pertenecientes a <strong>PEQUE BIERZO<\/strong>\u00a0o a terceros a los que el Usuario puede tener acceso.<\/p>\n<p>El Usuario se compromete a hacer un uso adecuado de los Contenidos y servicios ofrecidos a trav\u00e9s del Sitio Web y con car\u00e1cter enunciativo, pero no limitativo, a no emplearlos para:<\/p>\n<ul>\n<li>Incurrir en actividades il\u00edcitas, ilegales o contrarias a la buena fe y al orden p\u00fablico.<\/li>\n<li>Provocar da\u00f1os en los sistemas f\u00edsicos y l\u00f3gicos del Sitio Web, de sus proveedores o de terceras personas.<\/li>\n<li>Introducir o difundir en la red virus inform\u00e1ticos o cualesquiera otros sistemas f\u00edsicos o l\u00f3gicos que sean susceptibles de provocar los da\u00f1os anteriormente mencionados.<\/li>\n<li>Intentar acceder, utilizar y\/o manipular los datos de <strong>PEQUE BIERZO<\/strong>, terceros proveedores y otros usuarios.<\/li>\n<li>Reproducir o copiar, distribuir, permitir el acceso del p\u00fablico a trav\u00e9s de cualquier modalidad de comunicaci\u00f3n p\u00fablica, transformar o modificar los Contenidos, a menos que se cuente con la autorizaci\u00f3n de <strong>PEQUE BIERZO<\/strong>.<\/li>\n<li>Suprimir, ocultar o manipular los Contenidos sujetos a derechos de propiedad intelectual o industrial y dem\u00e1s datos identificativos de dichos derechos de <strong>PEQUE BIERZO<\/strong>\u00a0o de terceros incorporados a los Contenidos, as\u00ed como los dispositivos t\u00e9cnicos de protecci\u00f3n o cualesquiera mecanismos de informaci\u00f3n que puedan insertarse en los Contenidos.<\/li>\n<\/ul>\n<p><strong>PEQUE BIERZO<\/strong> advierte de que los materiales contenidos en este Sitio Web han sido incluidos a mero t\u00edtulo informativo, por lo que resultan insuficientes para tomar decisiones o asumir posiciones en un caso concreto.<\/p>\n<p>El Usuario debe tener en cuenta que los materiales contenidos en este Sitio Web pudieran no reflejar el estado legislativo o jurisprudencial m\u00e1s reciente sobre las cuestiones analizadas. Asimismo, estos materiales pueden ser modificados, desarrollados o actualizados sin notificaci\u00f3n previa.<\/p>\n<p><strong>PEQUE BIERZO<\/strong> tendr\u00e1 derecho a investigar y denunciar cualquiera de las conductas mencionadas de acuerdo con la Ley, as\u00ed como a colaborar con las autoridades en la investigaci\u00f3n de dichas actuaciones.<\/p>\n<p><strong>PEQUE BIERZO<\/strong> podr\u00e1 suspender temporalmente y sin previo aviso, la accesibilidad al Sitio Web con motivo de operaciones de mantenimiento, reparaci\u00f3n, actualizaci\u00f3n o mejora. No obstante, siempre que las circunstancias lo permitan, <strong>PEQUE BIERZO<\/strong> comunicar\u00e1 al Usuario, con antelaci\u00f3n suficiente, la fecha prevista para la suspensi\u00f3n de los servicios. <strong>PEQUE BIERZO<\/strong>\u00a0no se responsabiliza del uso que los Usuarios puedan hacer de los Contenidos incluidos en el Sitio Web.<\/p>\n<h2>Propiedad Intelectual e Industrial<\/h2>\n<p>Todos y cada uno de los derechos de propiedad intelectual sobre el contenido y el dise\u00f1o gr\u00e1fico de este Sitio Web (a t\u00edtulo enunciativo, im\u00e1genes, sonido, audio, v\u00eddeo, software o textos; marcas o logotipos, combinaciones de colores, estructura y dise\u00f1o, selecci\u00f3n de materiales usados, programas de ordenador necesarios para su funcionamiento, acceso y uso, etc.) son propiedad exclusiva de <strong>PEQUE BIERZO<\/strong> o de un tercero que <strong>PEQUE BIERZO<\/strong> haya autorizado su uso. Por tanto, <strong>PEQUE BIERZO<\/strong>\u00a0tiene el derecho exclusivo de explotaci\u00f3n de dichos contenidos y dise\u00f1o gr\u00e1fico.<\/p>\n<p>Por ello, en virtud de lo dispuesto en el Real Decreto Legislativo 1\/1996, de 12 de abril, por el que se aprueba el Texto Refundido de la Ley de Propiedad Intelectual, y en la Ley 17\/2001, de 7 de diciembre, de Marcas, de 7 de diciembre, de Marcas, as\u00ed como cualquier otra legislaci\u00f3n complementaria en materia de propiedad intelectual e industrial, queda prohibida la reproducci\u00f3n, transmisi\u00f3n, adaptaci\u00f3n, traducci\u00f3n, distribuci\u00f3n o comunicaci\u00f3n p\u00fablica, incluida la puesta a disposici\u00f3n o cualquier otra forma de explotaci\u00f3n comercial y\/o modificaci\u00f3n de todo o parte del contenido del Sitio Web, salvo autorizaci\u00f3n previa y expresa de <strong>PEQUE BIERZO<\/strong>.<\/p>\n<p><strong>PEQUE BIERZO<\/strong> no concede ninguna licencia o autorizaci\u00f3n para utilizar ninguno de sus derechos de propiedad intelectual e industrial o cualquier otra propiedad o derecho relacionado con el Sitio Web y\/o los servicios o contenidos de la misma.<\/p>\n<p>El Usuario se compromete a respetar los derechos de Propiedad Intelectual e Industrial titularidad de <strong>PEQUE BIERZO<\/strong>. Se permite, en este sentido, la reproducci\u00f3n y almacenamiento temporal de los contenidos del Sitio Web en tanto ello sea estrictamente necesario para el uso y visualizaci\u00f3n del Sitio Web desde un ordenador\/Tablet o tel\u00e9fono personal.<\/p>\n<p>La legitimidad de los derechos de propiedad intelectual o industrial sobre los contenidos aportados por los Usuarios es de la exclusiva responsabilidad de los mismos, que responder\u00e1n frente a cualquier reclamaci\u00f3n de terceros derivada del uso il\u00edcito de los contenidos del Sitio Web.<\/p>\n<p>Para realizar cualquier tipo de observaci\u00f3n respecto a posibles incumplimientos de los derechos de propiedad intelectual o industrial, as\u00ed como sobre cualquiera de los contenidos del sitio web, puede hacerlo a trav\u00e9s del correo electr\u00f3nico info@pequebierzo.es.<\/p>\n<h2>Protecci\u00f3n de datos<\/h2>\n<p>El uso de este Sitio Web puede requerir que los Usuarios proporcionen datos personales.<\/p>\n<p><strong>PEQUE BIERZO<\/strong> trata este tipo de informaci\u00f3n de acuerdo con la legislaci\u00f3n aplicable, y la recoge en su <a href=\"https:\/\/pequebierzo.es\/tienda\/politica-de-privacidad\/\">Pol\u00edtica de Privacidad<\/a>.<\/p>\n<h2>Responsabilidad y Garant\u00edas<\/h2>\n<p><strong>PEQUE BIERZO<\/strong> declara que ha adoptado todas las medidas necesarias, dentro de sus posibilidades y teniendo en cuenta el estado actual de la tecnolog\u00eda, para permitir el correcto funcionamiento y la ausencia de virus y componentes da\u00f1inos en su Sitio Web.<\/p>\n<p>Sin embargo, <strong>PEQUE BIERZO<\/strong>\u00a0no puede ser considerada responsable por:<\/p>\n<ul>\n<li>la falta de continuidad y disponibilidad de los Contenidos y Servicios;<\/li>\n<li>la presencia de errores en dicho Contenido o la falta de correcci\u00f3n de los defectos que pudieran existir;<\/li>\n<li>la veracidad, integridad o actualizaci\u00f3n de los datos facilitados por los Usuarios;<\/li>\n<li>la interrupci\u00f3n del funcionamiento del Sitio Web o fallos inform\u00e1ticos, aver\u00edas telef\u00f3nicas, desconexiones, retrasos o bloqueos causados por deficiencias o sobrecargas en las l\u00edneas telef\u00f3nicas, centros de datos, en el sistema de Internet o en otros sistemas electr\u00f3nicos, producidos en el curso de su funcionamiento;<\/li>\n<li>la presencia de virus u otros componentes da\u00f1inos;<\/li>\n<li>cualquier da\u00f1o causado por terceros que infrinjan o vulneren los sistemas de seguridad de <strong>PEQUE BIERZO<\/strong>.<\/li>\n<\/ul>\n<p><strong>PEQUE BIERZO<\/strong> podr\u00e1 suspender temporalmente y sin previo aviso, la accesibilidad al Sitio Web con motivo de operaciones de mantenimiento, reparaci\u00f3n, actualizaci\u00f3n o mejora. No obstante, siempre que las circunstancias lo permitan, <strong>PEQUE BIERZO<\/strong>\u00a0comunicar\u00e1 al Usuario, con antelaci\u00f3n suficiente, la fecha prevista para la suspensi\u00f3n de los Servicios.<\/p>\n<p><strong>PEQUE BIERZO<\/strong> no se responsabiliza del uso que los Usuarios puedan hacer de los Contenidos incluidos en el Sitio Web.<\/p>\n<h2>Duraci\u00f3n y modificaci\u00f3n<\/h2>\n<p>El presente Aviso Legal estar\u00e1 vigente con car\u00e1cter indefinido, pudiendo <strong>PEQUE BIERZO<\/strong>\u00a0efectuar cambios sobre las condiciones especificadas en el mismo, y que entrar\u00e1n en vigor desde el momento de su publicaci\u00f3n.<\/p>\n<p><strong>PEQUE BIERZO<\/strong> podr\u00e1 suprimir, a\u00f1adir o cambiar tanto los Contenidos como los servicios que presta, as\u00ed como tambi\u00e9n la forma en la que los mismos aparezcan localizados o presentados. Se entienden como vigentes, las condiciones que est\u00e9n publicadas en el momento en el que el Usuario acceda al Sitio Web de <strong>PEQUE BIERZO<\/strong>.<\/p>\n<p>El acceso y\/o el uso del Sitio Web se entender\u00e1 como una aceptaci\u00f3n por parte del Usuario del presente Aviso Legal y sus condiciones y, en su caso, los cambios efectuados en las mismas.<\/p>\n<h2>Hiperv\u00ednculos<\/h2>\n<p><strong>PEQUE BIERZO<\/strong> no asume ninguna responsabilidad sobre los enlaces a otras aplicaciones o sitios web que se encuentren en el Sitio Web de <strong>PEQUE BIERZO<\/strong>, pudiendo dirigir al Usuario a otras aplicaciones o sitios web sobre los que <strong>PEQUE BIERZO <\/strong>no tiene ning\u00fan tipo de control.<\/p>\n<p>En este sentido, <strong>PEQUE BIERZO<\/strong>\u00a0no se hace responsable de la informaci\u00f3n contenida en estos enlaces de terceros ni de cualesquiera efectos que pudieran derivarse de dicha informaci\u00f3n.<\/p>\n<p>Por lo tanto, la inclusi\u00f3n de v\u00ednculos con otros sitios web o aplicaciones no implica la aprobaci\u00f3n de sus contenidos por parte de <strong>PEQUE BIERZO<\/strong> ni la existencia de ning\u00fan tipo de asociaci\u00f3n entre <strong>PEQUE BIERZO<\/strong>\u00a0y sus titulares.<\/p>\n<p>En consecuencia, el Usuario accede bajo su exclusiva responsabilidad al Contenido y en las condiciones de uso que rijan en los mismos.<\/p>\n<h2>Salvaguardia e interpretaci\u00f3n<\/h2>\n<p>Este Aviso Legal constituye un acuerdo entre cada uno de los Usuarios y <strong>PEQUE BIERZO<\/strong>.<\/p>\n<p>Si la autoridad competente declara que una disposici\u00f3n es ilegal, inv\u00e1lida o inaplicable, dicha declaraci\u00f3n con respecto a una o varias cl\u00e1usulas se entender\u00e1 sin perjuicio de la validez de las dem\u00e1s cl\u00e1usulas.<\/p>\n<p>El hecho de que <strong>PEQUE BIERZO<\/strong>\u00a0no exija el cumplimiento estricto de ninguna de las disposiciones del presente Aviso Legal no constituye ni puede interpretarse en modo alguno como una renuncia de su parte a exigir el cumplimiento estricto en el futuro.<\/p>\n<h2>Informaci\u00f3n General<\/h2>\n<p><strong>PEQUE BIERZO<\/strong> perseguir\u00e1 el incumplimiento del presente Aviso Legal, as\u00ed como cualquier utilizaci\u00f3n indebida de su portal, ejerciendo todas las acciones civiles y penales que le puedan corresponder en derecho.<\/p>\n<h2>Notificaciones<\/h2>\n<p><strong>PEQUE BIERZO<\/strong> podr\u00e1 realizar las oportunas comunicaciones a trav\u00e9s de la direcci\u00f3n de correo electr\u00f3nico facilitada por los Usuarios en los formularios de registro o a trav\u00e9s de cualquier otro medio facilitado en los datos de contacto del Usuario.<\/p>\n<h2>LEY APLICABLE Y JURISDICI\u00d3N<\/h2>\n<p>La ley aplicable en caso de disputa o conflicto de interpretaci\u00f3n de los t\u00e9rminos que conforman este Aviso Legal, as\u00ed como cualquier cuesti\u00f3n relacionada con los servicios del presente Portal, ser\u00e1 la ley espa\u00f1ola.<\/p>\n<p>Para la resoluci\u00f3n de cualquier conflicto que pueda surgir con ocasi\u00f3n de la visita al sitio Web o del uso de los servicios que en \u00e9l se puedan ofertar, Peque Bierzo y el Usuario acuerdan someterse a los Jueces y Tribunales de domicilio del Usuario, siempre que el mismo est\u00e9 situado en territorio espa\u00f1ol y act\u00fae en condici\u00f3n de consumidor. En caso contrario, la sumisi\u00f3n ser\u00e1 a los Juzgados y Tribunales de Le\u00f3n, Espa\u00f1a.<\/p>\n<p>El presente Aviso Legal ha sido actualizado por \u00faltima vez el 5 de Julio de 2022.<\/p>\n","protected":false},"excerpt":{"rendered":"<p>Aviso Legal Derecho de la informaci\u00f3n Le informamos que este Sitio web https:\/\/pequebierzo.es\/\u00a0(en adelante, el \u201cSitio Web\u201d) es titularidad de Jana Soto Garc\u00eda, (en adelante, \u201cPEQUE BIERZO\u201d) con N.I.F 71502501-D, y domicilio social en C\/Canal, 174 24404 Ponferrada (Le\u00f3n). El acceso y\/o uso del Sitio Web le atribuye la condici\u00f3n de usuario, y acepta, desde [&hellip;]<\/p>\n","protected":false},"author":1,"featured_media":0,"parent":0,"menu_order":310,"comment_status":"closed","ping_status":"closed","template":"","meta":{"footnotes":""},"class_list":["post-47","page","type-page","status-publish","hentry"],"yoast_head":"<!-- This site is optimized with the Yoast SEO plugin v27.0 - https:\/\/yoast.com\/product\/yoast-seo-wordpress\/ -->\n<title>Aviso Legal - Peque Bierzo<\/title>\n<meta name=\"robots\" content=\"noindex, nofollow\" \/>\n<meta property=\"og:locale\" content=\"es_ES\" \/>\n<meta property=\"og:type\" content=\"article\" \/>\n<meta property=\"og:title\" content=\"Aviso Legal - Peque Bierzo\" \/>\n<meta property=\"og:description\" content=\"Aviso Legal Derecho de la informaci\u00f3n Le informamos que este Sitio web https:\/\/pequebierzo.es\/\u00a0(en adelante, el \u201cSitio Web\u201d) es titularidad de Jana Soto Garc\u00eda, (en adelante, \u201cPEQUE BIERZO\u201d) con N.I.F 71502501-D, y domicilio social en C\/Canal, 174 24404 Ponferrada (Le\u00f3n). El acceso y\/o uso del Sitio Web le atribuye la condici\u00f3n de usuario, y acepta, desde [&hellip;]\" \/>\n<meta property=\"og:url\" content=\"https:\/\/pequebierzo.es\/tienda\/aviso-legal\/\" \/>\n<meta property=\"og:site_name\" content=\"Peque Bierzo\" \/>\n<meta property=\"article:modified_time\" content=\"2022-08-26T11:35:34+00:00\" \/>\n<meta name=\"twitter:card\" content=\"summary_large_image\" \/>\n<!-- \/ Yoast SEO plugin. -->","yoast_head_json":{"title":"Aviso Legal - Peque Bierzo","robots":{"index":"noindex","follow":"nofollow"},"og_locale":"es_ES","og_type":"article","og_title":"Aviso Legal - Peque Bierzo","og_description":"Aviso Legal Derecho de la informaci\u00f3n Le informamos que este Sitio web https:\/\/pequebierzo.es\/\u00a0(en adelante, el \u201cSitio Web\u201d) es titularidad de Jana Soto Garc\u00eda, (en adelante, \u201cPEQUE BIERZO\u201d) con N.I.F 71502501-D, y domicilio social en C\/Canal, 174 24404 Ponferrada (Le\u00f3n). El acceso y\/o uso del Sitio Web le atribuye la condici\u00f3n de usuario, y acepta, desde [&hellip;]","og_url":"https:\/\/pequebierzo.es\/tienda\/aviso-legal\/","og_site_name":"Peque Bierzo","article_modified_time":"2022-08-26T11:35:34+00:00","twitter_card":"summary_large_image","schema":{"@context":"https:\/\/schema.org","@graph":[{"@type":"WebPage","@id":"https:\/\/pequebierzo.es\/tienda\/aviso-legal\/","url":"https:\/\/pequebierzo.es\/tienda\/aviso-legal\/","name":"Aviso Legal - Peque Bierzo","isPartOf":{"@id":"https:\/\/pequebierzo.es\/tienda\/#website"},"datePublished":"2021-05-15T15:41:23+00:00","dateModified":"2022-08-26T11:35:34+00:00","breadcrumb":{"@id":"https:\/\/pequebierzo.es\/tienda\/aviso-legal\/#breadcrumb"},"inLanguage":"es","potentialAction":[{"@type":"ReadAction","target":["https:\/\/pequebierzo.es\/tienda\/aviso-legal\/"]}]},{"@type":"BreadcrumbList","@id":"https:\/\/pequebierzo.es\/tienda\/aviso-legal\/#breadcrumb","itemListElement":[{"@type":"ListItem","position":1,"name":"Portada","item":"https:\/\/pequebierzo.es\/tienda\/"},{"@type":"ListItem","position":2,"name":"Aviso Legal"}]},{"@type":"WebSite","@id":"https:\/\/pequebierzo.es\/tienda\/#website","url":"https:\/\/pequebierzo.es\/tienda\/","name":"Peque Bierzo","description":"La agenda de ocio infantil del Bierzo","publisher":{"@id":"https:\/\/pequebierzo.es\/tienda\/#organization"},"potentialAction":[{"@type":"SearchAction","target":{"@type":"EntryPoint","urlTemplate":"https:\/\/pequebierzo.es\/tienda\/?s={search_term_string}"},"query-input":{"@type":"PropertyValueSpecification","valueRequired":true,"valueName":"search_term_string"}}],"inLanguage":"es"},{"@type":"Organization","@id":"https:\/\/pequebierzo.es\/tienda\/#organization","name":"Peque Bierzo","url":"https:\/\/pequebierzo.es\/tienda\/","logo":{"@type":"ImageObject","inLanguage":"es","@id":"https:\/\/pequebierzo.es\/tienda\/#\/schema\/logo\/image\/","url":"https:\/\/pequebierzo.es\/tienda\/wp-content\/uploads\/2021\/09\/logo-pequebierzo1.png","contentUrl":"https:\/\/pequebierzo.es\/tienda\/wp-content\/uploads\/2021\/09\/logo-pequebierzo1.png","width":200,"height":98,"caption":"Peque Bierzo"},"image":{"@id":"https:\/\/pequebierzo.es\/tienda\/#\/schema\/logo\/image\/"}}]}},"_links":{"self":[{"href":"https:\/\/pequebierzo.es\/tienda\/wp-json\/wp\/v2\/pages\/47","targetHints":{"allow":["GET"]}}],"collection":[{"href":"https:\/\/pequebierzo.es\/tienda\/wp-json\/wp\/v2\/pages"}],"about":[{"href":"https:\/\/pequebierzo.es\/tienda\/wp-json\/wp\/v2\/types\/page"}],"author":[{"embeddable":true,"href":"https:\/\/pequebierzo.es\/tienda\/wp-json\/wp\/v2\/users\/1"}],"replies":[{"embeddable":true,"href":"https:\/\/pequebierzo.es\/tienda\/wp-json\/wp\/v2\/comments?post=47"}],"version-history":[{"count":0,"href":"https:\/\/pequebierzo.es\/tienda\/wp-json\/wp\/v2\/pages\/47\/revisions"}],"wp:attachment":[{"href":"https:\/\/pequebierzo.es\/tienda\/wp-json\/wp\/v2\/media?parent=47"}],"curies":[{"name":"wp","href":"https:\/\/api.w.org\/{rel}","templated":true}]}}