{"id":52,"date":"2021-05-15T17:42:52","date_gmt":"2021-05-15T15:42:52","guid":{"rendered":"https:\/\/pequebierzo.es\/tienda\/?page_id=52"},"modified":"2023-03-03T19:16:04","modified_gmt":"2023-03-03T18:16:04","slug":"politica-de-privacidad","status":"publish","type":"page","link":"https:\/\/pequebierzo.es\/tienda\/politica-de-privacidad\/","title":{"rendered":"Pol\u00edtica de privacidad"},"content":{"rendered":"\r\n<h2><\/h2>\r\n<h1>Pol\u00edtica de privacidad<\/h1>\r\n<h2>\u00bfQui\u00e9n es el responsable del tratamiento de sus datos?<\/h2>\r\n<p>El responsable del tratamiento de sus datos personales es <strong>Jana Soto Garc\u00eda<\/strong>, (en adelante, <strong>PEQUE BIERZO<\/strong><strong><em>) <\/em><\/strong>con N.I.F <strong>71502501-D<\/strong> y domicilio social en <strong>C\/ Canal, 174 CP 24404 Ponferrada (L\u00e9on)<\/strong>. La presente Pol\u00edtica de Privacidad regula el acceso y el uso del sitio web (en adelante, el &#8220;<strong><em>Sitio Web<\/em><\/strong>&#8220;) que <strong>PEQUE BIERZO<\/strong>\u00a0pone a disposici\u00f3n de los usuarios de Internet (en adelante, los &#8220;<strong><em>Usuarios<\/em><\/strong>&#8220;) interesados en los contenidos (en adelante, los &#8220;<strong><em>Contenidos<\/em><\/strong>&#8220;) y los servicios (en adelante, los &#8220;<strong><em>Servicios<\/em><\/strong>&#8220;) ofertados por <strong>PEQUE BIERZO<\/strong>\u00a0en el mismo.<\/p>\r\n<ul>\r\n<li>Correo electr\u00f3nico de contacto: info@pequebierzo.es<\/li>\r\n<li>N\u00famero de tel\u00e9fono: 626593172<\/li>\r\n<\/ul>\r\n<h2>Recomendaciones<\/h2>\r\n<p>Por favor, lea atentamente y siga las siguientes recomendaciones:<\/p>\r\n<ul>\r\n<li>Mantenga su equipo equipado con software antivirus debidamente actualizado contra software malicioso y aplicaciones de spyware que puedan poner en peligro su navegaci\u00f3n por Internet y la informaci\u00f3n alojada en su equipo.<\/li>\r\n<li>Lea y revise esta Pol\u00edtica de Privacidad y todos los textos legales puestos a disposici\u00f3n por <strong>PEQUE BIERZO<\/strong>\u00a0en el Sitio Web.<\/li>\r\n<\/ul>\r\n<h2>Informaci\u00f3n sobre los datos que <strong>PEQUE BIERZO<\/strong> recopila a trav\u00e9s del Sitio Web<\/h2>\r\n<p>Para el correcto funcionamiento del Sitio Web, <strong>PEQUE BIERZO<\/strong>\u00a0puede tener acceso a los siguientes datos facilitados, en su caso, por parte del Usuario:<\/p>\r\n<ul>\r\n<li>Datos de identificaci\u00f3n: nombre y apellidos del usuario.<\/li>\r\n<li>Datos de contacto: email y n\u00famero de tel\u00e9fono y direcci\u00f3n.<\/li>\r\n<\/ul>\r\n<h2><strong>\u00bfPor qu\u00e9 PEQUE BIERZO est\u00e1 legitimada para procesar sus datos?<\/strong><\/h2>\r\n<p>La base de legitimaci\u00f3n de <strong>PEQUE BIERZO<\/strong> para el tratamiento de los datos de los Usuarios a trav\u00e9s de este Sitio Web es el consentimiento de los Usuarios al tratamiento de sus datos personales, as\u00ed como la ejecuci\u00f3n de un contrato en el que el interesado es parte o la aplicaci\u00f3n a petici\u00f3n de este de medidas precontractuales.<\/p>\r\n<p>En este sentido, <strong>PEQUE BIERZO<\/strong>\u00a0trata los datos personales de los Usuarios con la finalidad de permitir la relaci\u00f3n comercial solicitada por el usuario y para la remisi\u00f3n de comunicaciones comerciales y\/o <em>Newsletters<\/em>.<\/p>\r\n<p>Aceptando la presente Pol\u00edtica de Privacidad y marcando las casillas correspondientes, el Usuario presta su consentimiento a dicho tratamiento.<\/p>\r\n<p><strong>PEQUE BIERZO<\/strong>\u00a0se toma muy en serio la protecci\u00f3n de su privacidad y sus datos personales. Por esta raz\u00f3n, sus datos personales se conservan de forma segura y se tratan con el m\u00e1ximo cuidado, de conformidad con las disposiciones del Reglamento (UE) 2016\/679 del Parlamento Europeo y del Consejo, de 27 de abril de 2016, relativo a la protecci\u00f3n de las personas f\u00edsicas en lo que respecta al tratamiento de datos personales y a la libre circulaci\u00f3n de estos datos (el &#8220;Reglamento general de protecci\u00f3n de datos&#8221; o &#8220;<strong>Reglamento de protecci\u00f3n de datos <\/strong>o <strong>RGPD<\/strong>&#8220;).<\/p>\r\n<p>La presente Pol\u00edtica de Privacidad regula el acceso y el uso del servicio que <strong>PEQUE BIERZO<\/strong> pone a disposici\u00f3n del Usuario interesado en los servicios y contenidos alojados en el Sitio Web. Por lo que respecta a este punto, el Usuario podr\u00e1 retirar su consentimiento en cualquier momento mandando un mensaje a la siguiente direcci\u00f3n de correo electr\u00f3nico: info@pequebierzo.es\u00a0sin que ello afecte a la licitud del tratamiento basado en el consentimiento previo a su retirada.<\/p>\r\n<h2>\u00bfCu\u00e1les son las finalidades del tratamiento de sus datos personales?<\/h2>\r\n<p>Sus datos de car\u00e1cter personal recabados por <strong>PEQUE BIERZO<\/strong>\u00a0podr\u00e1n ser utilizados para las siguientes finalidades, seg\u00fan el consentimiento otorgado en el formulario de registro correspondiente:<\/p>\r\n<ul>\r\n<li>La prestaci\u00f3n de los servicios ofrecidos a trav\u00e9s del Sitio Web.<\/li>\r\n<li>La gesti\u00f3n de consultas planteadas por los Usuarios y las contrataciones de servicios realizadas por los mismos a trav\u00e9s del Sitio Web.<\/li>\r\n<li>Recibir por carta, tel\u00e9fono, correo electr\u00f3nico, SMS\/MMS, o por otros medios de comunicaci\u00f3n electr\u00f3nica equivalentes, comunicaciones o informaci\u00f3n sobre la actividad de <strong>PEQUE BIERZO<\/strong>.<\/li>\r\n<\/ul>\r\n<h2><strong>Veracidad de los datos facilitados por los Usuarios<\/strong><\/h2>\r\n<p>El Usuario garantiza la veracidad de los datos personales facilitados y se compromete a comunicar a <strong>PEQUE BIERZO<\/strong> cualquier modificaci\u00f3n de los mismos. El Usuario responder\u00e1, en cualquier caso, de la veracidad de los datos facilitados, reserv\u00e1ndose <strong>PEQUE BIERZO<\/strong> el derecho a excluir de los servicios a todo Usuario que haya facilitado datos falsos, sin perjuicio de las dem\u00e1s acciones que procedan en Derecho. Se recomienda que los Usuarios protejan sus datos con la m\u00e1xima diligencia utilizando las herramientas de seguridad adecuadas. <strong>PEQUE BIERZO<\/strong> no ser\u00e1 responsable de ning\u00fan robo, modificaci\u00f3n ilegal o p\u00e9rdida de datos. Cualquier modificaci\u00f3n o actualizaci\u00f3n de los datos deber\u00e1 ser comunicada a <strong>PEQUE BIERZO<\/strong> a trav\u00e9s de los medios de comunicaci\u00f3n previstos en la presente Pol\u00edtica de Privacidad.<\/p>\r\n<h2>Conservaci\u00f3n de datos<\/h2>\r\n<p>La protecci\u00f3n de la privacidad y de los datos personales de los Usuarios es muy importante para <strong>PEQUE BIERZO<\/strong>. Por lo tanto, <strong>PEQUE BIERZO<\/strong> hace todo lo posible para evitar que los datos del Usuario sean utilizados de manera inadecuada. S\u00f3lo el personal autorizado tiene acceso a los datos del Usuario. Los datos personales del Usuario se conservar\u00e1n por parte de <strong>PEQUE BIERZO<\/strong> para los fines del tratamiento para los que han sido facilitados, siempre que el Usuario no haya revocado su consentimiento, solicitando la eliminaci\u00f3n de su cuenta o el borrado de determinados datos personales del Sitio Web. Posteriormente, en caso de ser necesario, <strong>PEQUE BIERZO<\/strong> mantendr\u00e1 la informaci\u00f3n bloqueada durante los plazos legalmente establecidos. <strong>PEQUE BIERZO<\/strong> se compromete al cumplimiento de su obligaci\u00f3n de secreto y confidencialidad de los datos de car\u00e1cter personal conforme a lo dispuesto en la legislaci\u00f3n aplicable.<\/p>\r\n<h2>Derechos de los usuarios<\/h2>\r\n<p>Los usuarios tienen derecho a:<\/p>\r\n<ul>\r\n<li><strong>Acceder<\/strong> a sus datos personales;<\/li>\r\n<li>Solicitar la <strong>rectificaci\u00f3n<\/strong> de cualquier dato inexacto;<\/li>\r\n<li>Solicitar la <strong>supresi\u00f3n<\/strong> de sus datos;<\/li>\r\n<li>Solicitar que se <strong>limite el tratamiento<\/strong> de sus datos;<\/li>\r\n<li><strong>Oponerse<\/strong> al tratamiento de sus datos;<\/li>\r\n<li>Solicitar la <strong>portabilidad<\/strong> de sus datos.<\/li>\r\n<li>Asimismo, los Usuarios tendr\u00e1n derecho a <strong>no ser objeto de decisiones basadas \u00fanicamente en el tratamiento automatizado de datos.<\/strong><\/li>\r\n<\/ul>\r\n<p>El Usuario puede ejercer todos estos derechos en la siguiente direcci\u00f3n de correo electr\u00f3nico: indicando el motivo de su petici\u00f3n y aportando una copia de su D.N.I. El Usuario puede tambi\u00e9n enviar su petici\u00f3n por correo ordinario a la siguiente direcci\u00f3n: C\/ Canal, 174 CP 24404 Ponferrada (L\u00e9on). La comunicaci\u00f3n dirigida a <strong>PEQUE BIERZO<\/strong>\u00a0deber\u00e1 contener la siguiente informaci\u00f3n:<\/p>\r\n<ul>\r\n<li>Nombre y apellidos del Usuario; fotocopia de su documento nacional de identidad, o de su pasaporte u otro documento v\u00e1lido que lo identifique.<\/li>\r\n<li>Petici\u00f3n en que se concreta la solicitud.<\/li>\r\n<\/ul>\r\n<p>Sin perjuicio de cualquier otro recurso administrativo o acci\u00f3n judicial, el Usuario tendr\u00e1 derecho a presentar una reclamaci\u00f3n ante una Autoridad de Control, en particular en el Estado miembro en el que tenga su residencia habitual, lugar de trabajo o lugar de la supuesta infracci\u00f3n, en caso de que considere que el tratamiento de sus datos personales no es adecuado a la normativa, as\u00ed como en el caso de no ver satisfecho el ejercicio de sus derechos. La autoridad de control ante la que se haya presentado la reclamaci\u00f3n informar\u00e1 al reclamante sobre el curso y el resultado de la reclamaci\u00f3n.<\/p>\r\n<h2>Seguridad de datos<\/h2>\r\n<p>La protecci\u00f3n de la privacidad y de los datos personales de los Usuarios es muy importante para <strong>PEQUE BIERZO<\/strong>. Por ello, <strong>PEQUE BIERZO<\/strong> ha tomado todas las medidas a su alcance para evitar que sus datos sean utilizados de forma indebida, permitiendo el acceso a los mismos \u00fanicamente al personal autorizado.<\/p>\r\n<p><strong>PEQUE BIERZO<\/strong> mantiene la seguridad adecuada para la protecci\u00f3n de los datos personales de acuerdo con la legislaci\u00f3n aplicable y ha establecido todos los medios t\u00e9cnicos a su alcance para evitar la p\u00e9rdida, mal uso, alteraci\u00f3n, acceso no autorizado y robo de los datos facilitados por el Usuario a trav\u00e9s del Sitio Web, sin perjuicio de informarle de que las medidas de seguridad en Internet no son inexpugnables.<\/p>\r\n<p><strong>PEQUE BIERZO<\/strong> se compromete a cumplir con el deber de secreto y confidencialidad respecto a los datos de car\u00e1cter personal de acuerdo con la legislaci\u00f3n aplicable. En aquellos servicios del Sitio Web precisen registrarse como Usuario, se deber\u00e1 elegir una contrase\u00f1a. El Usuario es el responsable de mantener la confidencialidad de esta contrase\u00f1a, as\u00ed como de todas las actividades que ocurran en la sesi\u00f3n iniciada con su nombre y contrase\u00f1a. El Usuario se compromete a notificar <strong>PEQUE BIERZO<\/strong>\u00a0a la mayor brevedad el uso no autorizado de su <strong>nombre de Usuario y\/o contrase\u00f1a o cualquier otro fallo en la seguridad. PEQUE BIERZO<\/strong> no ser\u00e1 responsable por los da\u00f1os o p\u00e9rdidas que se pudieran originar debido al no cumplimiento de esta obligaci\u00f3n por parte del Usuario.<\/p>\r\n<h2>Transferencias y\/o cesiones a terceros<\/h2>\r\n<p>Le informamos que sus datos personales no podr\u00e1n ser cedidos a terceras empresas del sector de la formaci\u00f3n, de la industria de la ilustraci\u00f3n o los videojuegos o ninguna otra, seg\u00fan el consentimiento otorgado en el formulario correspondiente.<\/p>\r\n<h2>Preguntas<\/h2>\r\n<p>Si tiene alguna duda sobre nuestra Pol\u00edtica de Privacidad, p\u00f3ngase en contacto con nosotros enviando un correo electr\u00f3nico a: info@pequebierzo.es<\/p>\r\n<p>Asimismo, si considera que sus derechos no est\u00e1n debidamente salvaguardados, tiene derecho a presentar una reclamaci\u00f3n ante la Agencia Espa\u00f1ola de Protecci\u00f3n de Datos, cuyos datos de contacto son: tel\u00e9fonos 901 100 099 y 912 663 517; direcci\u00f3n postal C\/Jorge Juan 6, 28001 Madrid; <a href=\"https:\/\/sedeagpd.gob.es\/sede-electronica-web\/\" target=\"_blank\" rel=\"noopener\">oficina electr\u00f3nica<\/a> y <a href=\"http:\/\/www.agpd.es\" target=\"_blank\" rel=\"noopener\">Solicitud<\/a>.<\/p>\r\n<h2>Aceptaci\u00f3n y Consentimiento<\/h2>\r\n<p>El Usuario declara haber sido informado de las condiciones sobre protecci\u00f3n de datos personales, aceptando y consintiendo el tratamiento de los mismos por parte de <strong>PEQUE BIERZO<\/strong>, en la forma y para las finalidades indicadas en la presente Pol\u00edtica de Privacidad.<\/p>","protected":false},"excerpt":{"rendered":"<p>Pol\u00edtica de privacidad \u00bfQui\u00e9n es el responsable del tratamiento de sus datos? El responsable del tratamiento de sus datos personales es Jana Soto Garc\u00eda, (en adelante, PEQUE BIERZO) con N.I.F 71502501-D y domicilio social en C\/ Canal, 174 CP 24404 Ponferrada (L\u00e9on). La presente Pol\u00edtica de Privacidad regula el acceso y el uso del sitio [&hellip;]<\/p>\n","protected":false},"author":1,"featured_media":0,"parent":0,"menu_order":320,"comment_status":"closed","ping_status":"closed","template":"","meta":{"footnotes":""},"class_list":["post-52","page","type-page","status-publish","hentry"],"yoast_head":"<!-- This site is optimized with the Yoast SEO plugin v27.0 - https:\/\/yoast.com\/product\/yoast-seo-wordpress\/ -->\n<title>Pol\u00edtica de privacidad - Peque Bierzo<\/title>\n<meta name=\"robots\" content=\"noindex, nofollow\" \/>\n<meta property=\"og:locale\" content=\"es_ES\" \/>\n<meta property=\"og:type\" content=\"article\" \/>\n<meta property=\"og:title\" content=\"Pol\u00edtica de privacidad - Peque Bierzo\" \/>\n<meta property=\"og:description\" content=\"Pol\u00edtica de privacidad \u00bfQui\u00e9n es el responsable del tratamiento de sus datos? El responsable del tratamiento de sus datos personales es Jana Soto Garc\u00eda, (en adelante, PEQUE BIERZO) con N.I.F 71502501-D y domicilio social en C\/ Canal, 174 CP 24404 Ponferrada (L\u00e9on). La presente Pol\u00edtica de Privacidad regula el acceso y el uso del sitio [&hellip;]\" \/>\n<meta property=\"og:url\" content=\"https:\/\/pequebierzo.es\/tienda\/politica-de-privacidad\/\" \/>\n<meta property=\"og:site_name\" content=\"Peque Bierzo\" \/>\n<meta property=\"article:modified_time\" content=\"2023-03-03T18:16:04+00:00\" \/>\n<meta name=\"twitter:card\" content=\"summary_large_image\" \/>\n<!-- \/ Yoast SEO plugin. -->","yoast_head_json":{"title":"Pol\u00edtica de privacidad - Peque Bierzo","robots":{"index":"noindex","follow":"nofollow"},"og_locale":"es_ES","og_type":"article","og_title":"Pol\u00edtica de privacidad - Peque Bierzo","og_description":"Pol\u00edtica de privacidad \u00bfQui\u00e9n es el responsable del tratamiento de sus datos? El responsable del tratamiento de sus datos personales es Jana Soto Garc\u00eda, (en adelante, PEQUE BIERZO) con N.I.F 71502501-D y domicilio social en C\/ Canal, 174 CP 24404 Ponferrada (L\u00e9on). La presente Pol\u00edtica de Privacidad regula el acceso y el uso del sitio [&hellip;]","og_url":"https:\/\/pequebierzo.es\/tienda\/politica-de-privacidad\/","og_site_name":"Peque Bierzo","article_modified_time":"2023-03-03T18:16:04+00:00","twitter_card":"summary_large_image","schema":{"@context":"https:\/\/schema.org","@graph":[{"@type":"WebPage","@id":"https:\/\/pequebierzo.es\/tienda\/politica-de-privacidad\/","url":"https:\/\/pequebierzo.es\/tienda\/politica-de-privacidad\/","name":"Pol\u00edtica de privacidad - Peque Bierzo","isPartOf":{"@id":"https:\/\/pequebierzo.es\/tienda\/#website"},"datePublished":"2021-05-15T15:42:52+00:00","dateModified":"2023-03-03T18:16:04+00:00","breadcrumb":{"@id":"https:\/\/pequebierzo.es\/tienda\/politica-de-privacidad\/#breadcrumb"},"inLanguage":"es","potentialAction":[{"@type":"ReadAction","target":["https:\/\/pequebierzo.es\/tienda\/politica-de-privacidad\/"]}]},{"@type":"BreadcrumbList","@id":"https:\/\/pequebierzo.es\/tienda\/politica-de-privacidad\/#breadcrumb","itemListElement":[{"@type":"ListItem","position":1,"name":"Portada","item":"https:\/\/pequebierzo.es\/tienda\/"},{"@type":"ListItem","position":2,"name":"Pol\u00edtica de privacidad"}]},{"@type":"WebSite","@id":"https:\/\/pequebierzo.es\/tienda\/#website","url":"https:\/\/pequebierzo.es\/tienda\/","name":"Peque Bierzo","description":"La agenda de ocio infantil del Bierzo","publisher":{"@id":"https:\/\/pequebierzo.es\/tienda\/#organization"},"potentialAction":[{"@type":"SearchAction","target":{"@type":"EntryPoint","urlTemplate":"https:\/\/pequebierzo.es\/tienda\/?s={search_term_string}"},"query-input":{"@type":"PropertyValueSpecification","valueRequired":true,"valueName":"search_term_string"}}],"inLanguage":"es"},{"@type":"Organization","@id":"https:\/\/pequebierzo.es\/tienda\/#organization","name":"Peque Bierzo","url":"https:\/\/pequebierzo.es\/tienda\/","logo":{"@type":"ImageObject","inLanguage":"es","@id":"https:\/\/pequebierzo.es\/tienda\/#\/schema\/logo\/image\/","url":"https:\/\/pequebierzo.es\/tienda\/wp-content\/uploads\/2021\/09\/logo-pequebierzo1.png","contentUrl":"https:\/\/pequebierzo.es\/tienda\/wp-content\/uploads\/2021\/09\/logo-pequebierzo1.png","width":200,"height":98,"caption":"Peque Bierzo"},"image":{"@id":"https:\/\/pequebierzo.es\/tienda\/#\/schema\/logo\/image\/"}}]}},"_links":{"self":[{"href":"https:\/\/pequebierzo.es\/tienda\/wp-json\/wp\/v2\/pages\/52","targetHints":{"allow":["GET"]}}],"collection":[{"href":"https:\/\/pequebierzo.es\/tienda\/wp-json\/wp\/v2\/pages"}],"about":[{"href":"https:\/\/pequebierzo.es\/tienda\/wp-json\/wp\/v2\/types\/page"}],"author":[{"embeddable":true,"href":"https:\/\/pequebierzo.es\/tienda\/wp-json\/wp\/v2\/users\/1"}],"replies":[{"embeddable":true,"href":"https:\/\/pequebierzo.es\/tienda\/wp-json\/wp\/v2\/comments?post=52"}],"version-history":[{"count":2,"href":"https:\/\/pequebierzo.es\/tienda\/wp-json\/wp\/v2\/pages\/52\/revisions"}],"predecessor-version":[{"id":6654,"href":"https:\/\/pequebierzo.es\/tienda\/wp-json\/wp\/v2\/pages\/52\/revisions\/6654"}],"wp:attachment":[{"href":"https:\/\/pequebierzo.es\/tienda\/wp-json\/wp\/v2\/media?parent=52"}],"curies":[{"name":"wp","href":"https:\/\/api.w.org\/{rel}","templated":true}]}}