{"id":530,"date":"2021-09-25T00:02:30","date_gmt":"2021-09-24T22:02:30","guid":{"rendered":"https:\/\/pequebierzo.es\/tienda\/mi-cuenta\/"},"modified":"2022-12-05T14:04:03","modified_gmt":"2022-12-05T13:04:03","slug":"mi-cuenta","status":"publish","type":"page","link":"https:\/\/pequebierzo.es\/tienda\/mi-cuenta\/","title":{"rendered":"Mi cuenta"},"content":{"rendered":"\t\t<div data-elementor-type=\"wp-page\" data-elementor-id=\"530\" class=\"elementor elementor-530\" data-elementor-post-type=\"page\">\n\t\t\t\t\t\t<section class=\"elementor-section elementor-top-section elementor-element elementor-element-f6760e7 elementor-section-boxed elementor-section-height-default elementor-section-height-default\" data-id=\"f6760e7\" data-element_type=\"section\" data-e-type=\"section\">\n\t\t\t\t\t\t<div class=\"elementor-container elementor-column-gap-default\">\n\t\t\t\t\t<div class=\"elementor-column elementor-col-100 elementor-top-column elementor-element elementor-element-95a2f82\" data-id=\"95a2f82\" data-element_type=\"column\" data-e-type=\"column\">\n\t\t\t<div class=\"elementor-widget-wrap elementor-element-populated\">\n\t\t\t\t\t\t<div class=\"elementor-element elementor-element-07d74f4 elementor-widget elementor-widget-heading\" data-id=\"07d74f4\" data-element_type=\"widget\" data-e-type=\"widget\" data-widget_type=\"heading.default\">\n\t\t\t\t<div class=\"elementor-widget-container\">\n\t\t\t\t\t<h1 class=\"elementor-heading-title elementor-size-default\">Mi cuenta<\/h1>\t\t\t\t<\/div>\n\t\t\t\t<\/div>\n\t\t\t\t\t<\/div>\n\t\t<\/div>\n\t\t\t\t\t<\/div>\n\t\t<\/section>\n\t\t\t\t<section class=\"elementor-section elementor-top-section elementor-element elementor-element-f899e78 elementor-section-boxed elementor-section-height-default elementor-section-height-default\" data-id=\"f899e78\" data-element_type=\"section\" data-e-type=\"section\">\n\t\t\t\t\t\t\t<div class=\"elementor-background-overlay\"><\/div>\n\t\t\t\t\t\t\t<div class=\"elementor-container elementor-column-gap-default\">\n\t\t\t\t\t<div class=\"elementor-column elementor-col-100 elementor-top-column elementor-element elementor-element-f4960a7\" data-id=\"f4960a7\" data-element_type=\"column\" data-e-type=\"column\">\n\t\t\t<div class=\"elementor-widget-wrap elementor-element-populated\">\n\t\t\t\t\t\t<div class=\"elementor-element elementor-element-596562a e-my-account-tabs-vertical elementor-widget elementor-widget-woocommerce-my-account\" data-id=\"596562a\" data-element_type=\"widget\" data-e-type=\"widget\" data-widget_type=\"woocommerce-my-account.default\">\n\t\t\t\t<div class=\"elementor-widget-container\">\n\t\t\t\t\t<div class=\"e-my-account-tab e-my-account-tab__ \">\t\t\t<div class=\"woocommerce\"><\/div>\t\t<\/div>\n\t\t\t\t\t\t<\/div>\n\t\t\t\t<\/div>\n\t\t\t\t\t<\/div>\n\t\t<\/div>\n\t\t\t\t\t<\/div>\n\t\t<\/section>\n\t\t\t\t<\/div>\n\t\t","protected":false},"excerpt":{"rendered":"<p>Mi cuenta Escritorio Pedidos Direcciones Detalles de la cuenta Salir Hola Pablo Savigne (\u00bfno eres Pablo Savigne? Cerrar sesi\u00f3n) Desde el escritorio de tu cuenta puedes ver tus pedidos recientes, gestionar tus direcciones de env\u00edo y facturaci\u00f3n y editar tu contrase\u00f1a y los detalles de tu cuenta.<\/p>\n","protected":false},"author":1,"featured_media":0,"parent":0,"menu_order":210,"comment_status":"closed","ping_status":"closed","template":"","meta":{"footnotes":""},"class_list":["post-530","page","type-page","status-publish","hentry"],"yoast_head":"<!-- This site is optimized with the Yoast SEO plugin v27.0 - https:\/\/yoast.com\/product\/yoast-seo-wordpress\/ -->\n<title>Mi cuenta - Peque Bierzo<\/title>\n<meta name=\"robots\" content=\"noindex, follow\" \/>\n<meta property=\"og:locale\" content=\"es_ES\" \/>\n<meta property=\"og:type\" content=\"article\" \/>\n<meta property=\"og:title\" content=\"Mi cuenta - Peque Bierzo\" \/>\n<meta property=\"og:description\" content=\"Mi cuenta Escritorio Pedidos Direcciones Detalles de la cuenta Salir Hola Pablo Savigne (\u00bfno eres Pablo Savigne? Cerrar sesi\u00f3n) Desde el escritorio de tu cuenta puedes ver tus pedidos recientes, gestionar tus direcciones de env\u00edo y facturaci\u00f3n y editar tu contrase\u00f1a y los detalles de tu cuenta.\" \/>\n<meta property=\"og:url\" content=\"https:\/\/pequebierzo.es\/tienda\/mi-cuenta\/\" \/>\n<meta property=\"og:site_name\" content=\"Peque Bierzo\" \/>\n<meta property=\"article:modified_time\" content=\"2022-12-05T13:04:03+00:00\" \/>\n<meta name=\"twitter:card\" content=\"summary_large_image\" \/>\n<!-- \/ Yoast SEO plugin. -->","yoast_head_json":{"title":"Mi cuenta - Peque Bierzo","robots":{"index":"noindex","follow":"follow"},"og_locale":"es_ES","og_type":"article","og_title":"Mi cuenta - Peque Bierzo","og_description":"Mi cuenta Escritorio Pedidos Direcciones Detalles de la cuenta Salir Hola Pablo Savigne (\u00bfno eres Pablo Savigne? Cerrar sesi\u00f3n) Desde el escritorio de tu cuenta puedes ver tus pedidos recientes, gestionar tus direcciones de env\u00edo y facturaci\u00f3n y editar tu contrase\u00f1a y los detalles de tu cuenta.","og_url":"https:\/\/pequebierzo.es\/tienda\/mi-cuenta\/","og_site_name":"Peque Bierzo","article_modified_time":"2022-12-05T13:04:03+00:00","twitter_card":"summary_large_image","schema":{"@context":"https:\/\/schema.org","@graph":[{"@type":"WebPage","@id":"https:\/\/pequebierzo.es\/tienda\/mi-cuenta\/","url":"https:\/\/pequebierzo.es\/tienda\/mi-cuenta\/","name":"Mi cuenta - Peque Bierzo","isPartOf":{"@id":"https:\/\/pequebierzo.es\/tienda\/#website"},"datePublished":"2021-09-24T22:02:30+00:00","dateModified":"2022-12-05T13:04:03+00:00","breadcrumb":{"@id":"https:\/\/pequebierzo.es\/tienda\/mi-cuenta\/#breadcrumb"},"inLanguage":"es","potentialAction":[{"@type":"ReadAction","target":["https:\/\/pequebierzo.es\/tienda\/mi-cuenta\/"]}]},{"@type":"BreadcrumbList","@id":"https:\/\/pequebierzo.es\/tienda\/mi-cuenta\/#breadcrumb","itemListElement":[{"@type":"ListItem","position":1,"name":"Portada","item":"https:\/\/pequebierzo.es\/tienda\/"},{"@type":"ListItem","position":2,"name":"Mi cuenta"}]},{"@type":"WebSite","@id":"https:\/\/pequebierzo.es\/tienda\/#website","url":"https:\/\/pequebierzo.es\/tienda\/","name":"Peque Bierzo","description":"La agenda de ocio infantil del Bierzo","publisher":{"@id":"https:\/\/pequebierzo.es\/tienda\/#organization"},"potentialAction":[{"@type":"SearchAction","target":{"@type":"EntryPoint","urlTemplate":"https:\/\/pequebierzo.es\/tienda\/?s={search_term_string}"},"query-input":{"@type":"PropertyValueSpecification","valueRequired":true,"valueName":"search_term_string"}}],"inLanguage":"es"},{"@type":"Organization","@id":"https:\/\/pequebierzo.es\/tienda\/#organization","name":"Peque Bierzo","url":"https:\/\/pequebierzo.es\/tienda\/","logo":{"@type":"ImageObject","inLanguage":"es","@id":"https:\/\/pequebierzo.es\/tienda\/#\/schema\/logo\/image\/","url":"https:\/\/pequebierzo.es\/tienda\/wp-content\/uploads\/2021\/09\/logo-pequebierzo1.png","contentUrl":"https:\/\/pequebierzo.es\/tienda\/wp-content\/uploads\/2021\/09\/logo-pequebierzo1.png","width":200,"height":98,"caption":"Peque Bierzo"},"image":{"@id":"https:\/\/pequebierzo.es\/tienda\/#\/schema\/logo\/image\/"}}]}},"_links":{"self":[{"href":"https:\/\/pequebierzo.es\/tienda\/wp-json\/wp\/v2\/pages\/530","targetHints":{"allow":["GET"]}}],"collection":[{"href":"https:\/\/pequebierzo.es\/tienda\/wp-json\/wp\/v2\/pages"}],"about":[{"href":"https:\/\/pequebierzo.es\/tienda\/wp-json\/wp\/v2\/types\/page"}],"author":[{"embeddable":true,"href":"https:\/\/pequebierzo.es\/tienda\/wp-json\/wp\/v2\/users\/1"}],"replies":[{"embeddable":true,"href":"https:\/\/pequebierzo.es\/tienda\/wp-json\/wp\/v2\/comments?post=530"}],"version-history":[{"count":3,"href":"https:\/\/pequebierzo.es\/tienda\/wp-json\/wp\/v2\/pages\/530\/revisions"}],"predecessor-version":[{"id":5137,"href":"https:\/\/pequebierzo.es\/tienda\/wp-json\/wp\/v2\/pages\/530\/revisions\/5137"}],"wp:attachment":[{"href":"https:\/\/pequebierzo.es\/tienda\/wp-json\/wp\/v2\/media?parent=530"}],"curies":[{"name":"wp","href":"https:\/\/api.w.org\/{rel}","templated":true}]}}