{"id":62,"date":"2021-05-15T17:49:26","date_gmt":"2021-05-15T15:49:26","guid":{"rendered":"https:\/\/pequebierzo.es\/tienda\/?page_id=62"},"modified":"2022-12-01T15:06:31","modified_gmt":"2022-12-01T14:06:31","slug":"politica-de-envios-y-devoluciones","status":"publish","type":"page","link":"https:\/\/pequebierzo.es\/tienda\/politica-de-envios-y-devoluciones\/","title":{"rendered":"Pol\u00edtica de env\u00edos y devoluciones"},"content":{"rendered":"\r\n<h2 class=\"wp-block-heading\">Env\u00edo<\/h2>\r\n\r\n\r\n\r\n<p><strong>\u00bfCu\u00e1l es el coste del env\u00edo?<\/strong><\/p>\r\n\r\n\r\n\r\n<figure class=\"wp-block-table is-style-regular\">\r\n<table class=\"has-fixed-layout\">\r\n<tbody>\r\n<tr>\r\n<td><strong>Regi\u00f3n geogr\u00e1fica<\/strong><\/td>\r\n<td><strong>Coste de env\u00edo<\/strong><\/td>\r\n<\/tr>\r\n<tr>\r\n<td>Pen\u00ednsula<\/td>\r\n<td style=\"text-align: left;\">4 \u20ac + IVA<\/td>\r\n<\/tr>\r\n<\/tbody>\r\n<\/table>\r\n<\/figure>\r\n\r\n\r\n\r\n<p class=\"has-text-align-center\"><em><strong>Importante: <\/strong>Actualmente no se hacen env\u00edos fuera de Pen\u00ednsula.<\/em><\/p>\r\n<p>Env\u00edos a contra reembolso: 3\u20ac<\/p>\r\n\r\n\r\n\r\n<p><strong>\u00bfCu\u00e1l es el tiempo de recepci\u00f3n de mi pedido?<\/strong><\/p>\r\n\r\n\r\n\r\n<p>Hemos adoptado un sistema de env\u00edo 100% seguro con el fin de garantizar la seguridad de nuestro equipo y de todos nuestros clientes.<\/p>\r\n\r\n\r\n\r\n<p>En un tiempo estimado entre 1 y 3 d\u00edas h\u00e1biles tendr\u00e1s tu pedido en casa. El tiempo de env\u00edo depende de tu ubicaci\u00f3n, pero puedes estimarlo de la siguiente manera:<\/p>\r\n\r\n\r\n\r\n<figure class=\"wp-block-table is-style-regular\">\r\n<table class=\"has-fixed-layout\">\r\n<tbody>\r\n<tr>\r\n<td><strong>Regi\u00f3n geogr\u00e1fica<\/strong><\/td>\r\n<td><strong>Tiempo de env\u00edo (d\u00edas h\u00e1biles)<\/strong><\/td>\r\n<\/tr>\r\n<tr>\r\n<td>Pen\u00ednsula<\/td>\r\n<td>1 &#8211; 3 d\u00edas<\/td>\r\n<\/tr>\r\n<\/tbody>\r\n<\/table>\r\n<\/figure>\r\n\r\n\r\n\r\n<p>El tiempo de recepci\u00f3n de tu pedido, se comienza a calcular desde el momento de la compra.<\/p>\r\n\r\n\r\n\r\n<p><strong>\u00bfDesde d\u00f3nde se env\u00eda mi pedido?<\/strong><\/p>\r\n\r\n\r\n\r\n<p>Los pedidos se env\u00edan desde estas direcciones:<\/p>\r\n<p>C\/ Canal, 174 CP 24404 Ponferrada (Le\u00f3n)\u00a0<\/p>\r\n<p>C\/ R\u00edo Cea, 3-2 Pol. Ind. Las Hervencias CP 05004 (\u00c1vila)<\/p>\r\n<p>Av Castilla la Mancha 2, Naves 1 &#8211; 6 Cabanillas del Campo CP 19171 (Guadalajara)<\/p>\r\n<p>&nbsp;<\/p>\r\n\r\n\r\n\r\n<p><strong>Mi pedido deber\u00eda haber llegado ya, pero a\u00fan no lo he recibido. \u00bfQu\u00e9 hago?<\/strong><\/p>\r\n\r\n\r\n\r\n<p>Antes de contactarnos, por favor ay\u00fadanos siguiendo estos pasos:<\/p>\r\n\r\n\r\n\r\n<ul class=\"wp-block-list\">\r\n<li>Comprueba tu email de confirmaci\u00f3n para asegurarte de que no haya errores en la direcci\u00f3n de env\u00edo.<\/li>\r\n<li>Pregunta por tu pedido en tu oficina de correos local.<\/li>\r\n<li>Pregunta a tus vecinos por si el transportista les hubiera dejado tu paquete.<\/li>\r\n<\/ul>\r\n\r\n\r\n\r\n<p>&nbsp;<\/p>\r\n<p><strong><em>Consejo:<\/em><\/strong><em> Evita los robos. Si no estar\u00e1s en casa el d\u00eda de la entrega, utiliza tu direcci\u00f3n de trabajo o donde vayas a estar.<\/em><\/p>\r\n\r\n\r\n\r\n<p>Si la direcci\u00f3n fuera correcta y el paquete no est\u00e1 en la oficina postal ni con tus vecinos, ponte en contacto con nosotros en\u00a0info@pequebierzo.es<strong>\u00a0<\/strong>con tu n\u00famero de pedido.<\/p>\r\n\r\n\r\n\r\n<p>Si hubiera alg\u00fan problema con tu direcci\u00f3n de env\u00edo, podr\u00edamos enviarte de nuevo tu producto, pero tendr\u00e1s que hacerte cargo de los costes.<\/p>\r\n\r\n\r\n\r\n<p><strong><em>Consejo:<\/em><\/strong><em> Tu c\u00f3digo postal es una parte crucial de tu direcci\u00f3n. Aseg\u00farate de introducirlo correctamente.<\/em><\/p>\r\n\r\n\r\n\r\n<h2 class=\"wp-block-heading\">Pedidos<\/h2>\r\n\r\n\r\n\r\n<p><strong>\u00bfC\u00f3mo hago un seguimiento de mi pedido?<\/strong><\/p>\r\n\r\n\r\n\r\n<p>Si tu m\u00e9todo de env\u00edo incluye seguimiento, recibir\u00e1s un link por email cuando tu pedido sea enviado. Si tienes alguna pregunta sobre tu env\u00edo, cont\u00e1ctanos en info@pequebierzo.es.<\/p>\r\n\r\n\r\n\r\n<p><strong>He recibido un producto err\u00f3neo o da\u00f1ado. \u00bfQu\u00e9 hago?<\/strong><\/p>\r\n\r\n\r\n\r\n<p>Lo sentimos si tu producto ha llegado da\u00f1ado. Para resolverlo lo antes posible, env\u00edanos un email a info@pequebierzo.es<strong>\u00a0<\/strong>en una semana desde el momento de entrega con fotos de tu producto da\u00f1ado, tu n\u00famero de pedido y cualquier otro detalle que tengas acerca del pedido. \u00a1Te contactaremos con una soluci\u00f3n lo antes posible!<\/p>\r\n\r\n\r\n\r\n<h2 class=\"wp-block-heading\">Devoluciones<\/h2>\r\n\r\n\r\n\r\n<p><strong>\u00bfCu\u00e1l es vuestra pol\u00edtica de devoluciones?<\/strong><\/p>\r\n\r\n\r\n\r\n<p>De acuerdo con la normativa vigente acordada en el Real Decreto Legislativo 1\/2007, el CLIENTE dispone de un plazo de 14 d\u00edas para ejercer su derecho al desistimiento de la compra realizada a trav\u00e9s de la p\u00e1gina web <strong>PEQUE BIERZO<\/strong>.<\/p>\r\n\r\n\r\n\r\n<p><strong>\u00bfCu\u00e1l es el plazo de devoluciones?<\/strong><\/p>\r\n\r\n\r\n\r\n<p>El plazo se computar\u00e1 desde la recepci\u00f3n del producto objeto de la compra, salvo en los casos en que el producto haya sido manipulado o da\u00f1ado y no se entregue en las condiciones estipuladas a tal fin.<\/p>\r\n\r\n\r\n\r\n<p>Para ello, deber\u00e1 dirigirse al departamento de atenci\u00f3n al cliente enviando un correo electr\u00f3nico a la siguiente direcci\u00f3n info@pequebierzo.es<strong>\u00a0<\/strong>comentando su situaci\u00f3n.<\/p>\r\n\r\n\r\n\r\n<p><strong>PEQUE BIERZO<\/strong> realizar\u00e1 el abono del pedido por la misma v\u00eda que se realiz\u00f3 la compra, en un plazo nunca superior a 14 d\u00edas naturales, siempre y cuando <strong>el producto se encuentre en perfecto estado, con todos sus componentes, accesorios, manuales y con los embalajes originales<\/strong>.<\/p>\r\n\r\n\r\n\r\n<p>La devoluci\u00f3n incluir\u00e1 el importe de la compra y, los posibles gastos de entrega que haya abonado el cliente en el proceso de compra. No obstante, si el cliente hubiera seleccionado una modalidad de entrega diferente a la ofrecida de forma ordinaria por la entrega del producto, <strong>PEQUE BIERZO<\/strong>\u00a0no reembolsar\u00e1 los costes adicionales que de ello se deriven.<\/p>\r\n\r\n\r\n\r\n<p><strong>\u00bfDevolv\u00e9is el dinero?<\/strong><\/p>\r\n\r\n\r\n\r\n<p>EL CLIENTE correr\u00e1 con los gastos de devoluci\u00f3n del producto, de acuerdo con lo previsto en el art\u00edculo 108 del Real Decreto Legislativo 1\/2007, de 16 de noviembre, por el que se aprueba el texto refundido de la Ley General para la Defensa de los Consumidores y Usuarios y otras leyes complementarias.<\/p>\r\n\r\n\r\n\r\n<p>El reembolso se realizar\u00e1 antes de que hayan transcurrido 14 d\u00edas naturales desde la fecha en que haya sido informado de la decisi\u00f3n de desistimiento del contrato por el cliente. Hasta que no hayamos recibido los bienes podremos retener el reembolso.<\/p>\r\n\r\n\r\n\r\n<p>EL CLIENTE deber\u00e1 devolver el producto dentro de los 14 d\u00edas siguientes a su entrega, en perfectas condiciones, con todos sus componentes, accesorios, manuales y en sus embalajes originales.<\/p>\r\n\r\n\r\n\r\n<p>EL CLIENTE responder\u00e1 de las disminuciones de valor del producto devuelto con desperfectos o manipulaciones distintas a la naturaleza del mismo o uso pactado.<\/p>\r\n\r\n\r\n\r\n<p><strong>\u00bfC\u00f3mo se devuelve el producto?<\/strong><\/p>\r\n\r\n\r\n\r\n<p>Toda mercanc\u00eda debe ser devuelta en su embalaje y condiciones originales, en perfecto estado y protegida, evitando pegatinas, precintos o cintas adhesivas directamente sobre la superficie o embalaje del art\u00edculo. En caso contrario <strong>PEQUE BIERZO<\/strong>\u00a0se reserva el derecho de rechazar la devoluci\u00f3n.<\/p>\r\n\r\n\r\n\r\n<p>Devoluci\u00f3n de productos con regalo o promoci\u00f3n. Ser\u00e1 obligatorio la devoluci\u00f3n completa (pack completo o art\u00edculo + regalo) para poder proceder al reembolso.<\/p>\r\n\r\n\r\n\r\n<p>No ser\u00e1 posible en ning\u00fan caso la devoluci\u00f3n de aquellos productos desprecintados que puedan ser reproducidos o copiados con car\u00e1cter inmediato, as\u00ed como los que se destinen a la higiene corporal o que, en raz\u00f3n de su naturaleza, no puedan ser devueltos.<\/p>\r\n\r\n\r\n<hr class=\"wp-block-separator\" \/>\r\n\r\n\r\n<p class=\"has-text-align-center\" style=\"text-align: center;\">Ante cualquier duda, llama al tel\u00e9fono 626593172 o escribe al correo info@pequebierzo.es<\/p>\r\n<p>&nbsp;<\/p>\r\n<p><a href=\"https:\/\/pequebierzo.es\/tienda\/wp-content\/uploads\/2022\/08\/2022.08-Envios-y-devoluciones-peque-bierzo.pdf\" target=\"_blank\" rel=\"noopener\">Descarga aqu\u00ed el pdf con toda la informaci\u00f3n sobre env\u00edos y devoluciones.<\/a><\/p>\r\n","protected":false},"excerpt":{"rendered":"<p>Env\u00edo \u00bfCu\u00e1l es el coste del env\u00edo? Regi\u00f3n geogr\u00e1fica Coste de env\u00edo Pen\u00ednsula 4 \u20ac + IVA Importante: Actualmente no se hacen env\u00edos fuera de Pen\u00ednsula. Env\u00edos a contra reembolso: 3\u20ac \u00bfCu\u00e1l es el tiempo de recepci\u00f3n de mi pedido? Hemos adoptado un sistema de env\u00edo 100% seguro con el fin de garantizar la seguridad [&hellip;]<\/p>\n","protected":false},"author":1,"featured_media":0,"parent":0,"menu_order":340,"comment_status":"closed","ping_status":"closed","template":"","meta":{"footnotes":""},"class_list":["post-62","page","type-page","status-publish","hentry"],"yoast_head":"<!-- This site is optimized with the Yoast SEO plugin v27.0 - https:\/\/yoast.com\/product\/yoast-seo-wordpress\/ -->\n<title>Pol\u00edtica de env\u00edos y devoluciones - Peque Bierzo<\/title>\n<meta name=\"robots\" content=\"noindex, nofollow\" \/>\n<meta property=\"og:locale\" content=\"es_ES\" \/>\n<meta property=\"og:type\" content=\"article\" \/>\n<meta property=\"og:title\" content=\"Pol\u00edtica de env\u00edos y devoluciones - Peque Bierzo\" \/>\n<meta property=\"og:description\" content=\"Env\u00edo \u00bfCu\u00e1l es el coste del env\u00edo? Regi\u00f3n geogr\u00e1fica Coste de env\u00edo Pen\u00ednsula 4 \u20ac + IVA Importante: Actualmente no se hacen env\u00edos fuera de Pen\u00ednsula. Env\u00edos a contra reembolso: 3\u20ac \u00bfCu\u00e1l es el tiempo de recepci\u00f3n de mi pedido? Hemos adoptado un sistema de env\u00edo 100% seguro con el fin de garantizar la seguridad [&hellip;]\" \/>\n<meta property=\"og:url\" content=\"https:\/\/pequebierzo.es\/tienda\/politica-de-envios-y-devoluciones\/\" \/>\n<meta property=\"og:site_name\" content=\"Peque Bierzo\" \/>\n<meta property=\"article:modified_time\" content=\"2022-12-01T14:06:31+00:00\" \/>\n<meta name=\"twitter:card\" content=\"summary_large_image\" \/>\n<!-- \/ Yoast SEO plugin. -->","yoast_head_json":{"title":"Pol\u00edtica de env\u00edos y devoluciones - Peque Bierzo","robots":{"index":"noindex","follow":"nofollow"},"og_locale":"es_ES","og_type":"article","og_title":"Pol\u00edtica de env\u00edos y devoluciones - Peque Bierzo","og_description":"Env\u00edo \u00bfCu\u00e1l es el coste del env\u00edo? Regi\u00f3n geogr\u00e1fica Coste de env\u00edo Pen\u00ednsula 4 \u20ac + IVA Importante: Actualmente no se hacen env\u00edos fuera de Pen\u00ednsula. Env\u00edos a contra reembolso: 3\u20ac \u00bfCu\u00e1l es el tiempo de recepci\u00f3n de mi pedido? Hemos adoptado un sistema de env\u00edo 100% seguro con el fin de garantizar la seguridad [&hellip;]","og_url":"https:\/\/pequebierzo.es\/tienda\/politica-de-envios-y-devoluciones\/","og_site_name":"Peque Bierzo","article_modified_time":"2022-12-01T14:06:31+00:00","twitter_card":"summary_large_image","schema":{"@context":"https:\/\/schema.org","@graph":[{"@type":"WebPage","@id":"https:\/\/pequebierzo.es\/tienda\/politica-de-envios-y-devoluciones\/","url":"https:\/\/pequebierzo.es\/tienda\/politica-de-envios-y-devoluciones\/","name":"Pol\u00edtica de env\u00edos y devoluciones - Peque Bierzo","isPartOf":{"@id":"https:\/\/pequebierzo.es\/tienda\/#website"},"datePublished":"2021-05-15T15:49:26+00:00","dateModified":"2022-12-01T14:06:31+00:00","breadcrumb":{"@id":"https:\/\/pequebierzo.es\/tienda\/politica-de-envios-y-devoluciones\/#breadcrumb"},"inLanguage":"es","potentialAction":[{"@type":"ReadAction","target":["https:\/\/pequebierzo.es\/tienda\/politica-de-envios-y-devoluciones\/"]}]},{"@type":"BreadcrumbList","@id":"https:\/\/pequebierzo.es\/tienda\/politica-de-envios-y-devoluciones\/#breadcrumb","itemListElement":[{"@type":"ListItem","position":1,"name":"Portada","item":"https:\/\/pequebierzo.es\/tienda\/"},{"@type":"ListItem","position":2,"name":"Pol\u00edtica de env\u00edos y devoluciones"}]},{"@type":"WebSite","@id":"https:\/\/pequebierzo.es\/tienda\/#website","url":"https:\/\/pequebierzo.es\/tienda\/","name":"Peque Bierzo","description":"La agenda de ocio infantil del Bierzo","publisher":{"@id":"https:\/\/pequebierzo.es\/tienda\/#organization"},"potentialAction":[{"@type":"SearchAction","target":{"@type":"EntryPoint","urlTemplate":"https:\/\/pequebierzo.es\/tienda\/?s={search_term_string}"},"query-input":{"@type":"PropertyValueSpecification","valueRequired":true,"valueName":"search_term_string"}}],"inLanguage":"es"},{"@type":"Organization","@id":"https:\/\/pequebierzo.es\/tienda\/#organization","name":"Peque Bierzo","url":"https:\/\/pequebierzo.es\/tienda\/","logo":{"@type":"ImageObject","inLanguage":"es","@id":"https:\/\/pequebierzo.es\/tienda\/#\/schema\/logo\/image\/","url":"https:\/\/pequebierzo.es\/tienda\/wp-content\/uploads\/2021\/09\/logo-pequebierzo1.png","contentUrl":"https:\/\/pequebierzo.es\/tienda\/wp-content\/uploads\/2021\/09\/logo-pequebierzo1.png","width":200,"height":98,"caption":"Peque Bierzo"},"image":{"@id":"https:\/\/pequebierzo.es\/tienda\/#\/schema\/logo\/image\/"}}]}},"_links":{"self":[{"href":"https:\/\/pequebierzo.es\/tienda\/wp-json\/wp\/v2\/pages\/62","targetHints":{"allow":["GET"]}}],"collection":[{"href":"https:\/\/pequebierzo.es\/tienda\/wp-json\/wp\/v2\/pages"}],"about":[{"href":"https:\/\/pequebierzo.es\/tienda\/wp-json\/wp\/v2\/types\/page"}],"author":[{"embeddable":true,"href":"https:\/\/pequebierzo.es\/tienda\/wp-json\/wp\/v2\/users\/1"}],"replies":[{"embeddable":true,"href":"https:\/\/pequebierzo.es\/tienda\/wp-json\/wp\/v2\/comments?post=62"}],"version-history":[{"count":1,"href":"https:\/\/pequebierzo.es\/tienda\/wp-json\/wp\/v2\/pages\/62\/revisions"}],"predecessor-version":[{"id":5054,"href":"https:\/\/pequebierzo.es\/tienda\/wp-json\/wp\/v2\/pages\/62\/revisions\/5054"}],"wp:attachment":[{"href":"https:\/\/pequebierzo.es\/tienda\/wp-json\/wp\/v2\/media?parent=62"}],"curies":[{"name":"wp","href":"https:\/\/api.w.org\/{rel}","templated":true}]}}