{"id":3567,"date":"2022-08-01T11:21:32","date_gmt":"2022-08-01T09:21:32","guid":{"rendered":"https:\/\/pequebierzo.es\/tienda\/?post_type=product&#038;p=3567"},"modified":"2026-04-17T23:32:15","modified_gmt":"2026-04-17T21:32:15","slug":"101-cosas-que-deberias-hacer-antes-de-ser-mayor","status":"publish","type":"product","link":"https:\/\/pequebierzo.es\/tienda\/producto\/101-cosas-que-deberias-hacer-antes-de-ser-mayor\/","title":{"rendered":"101 cosas que deber\u00edas hacer antes de ser mayor: de 7 a 11 a\u00f1os"},"content":{"rendered":"\t\t<div data-elementor-type=\"product-post\" data-elementor-id=\"3567\" class=\"elementor elementor-3567\" data-elementor-post-type=\"product\">\n\t\t\t\t\t\t<section class=\"elementor-section elementor-top-section elementor-element elementor-element-4f612bd elementor-section-boxed elementor-section-height-default elementor-section-height-default\" data-id=\"4f612bd\" data-element_type=\"section\" data-e-type=\"section\">\n\t\t\t\t\t\t<div class=\"elementor-container elementor-column-gap-default\">\n\t\t\t\t\t<div class=\"elementor-column elementor-col-100 elementor-top-column elementor-element elementor-element-84edf99\" data-id=\"84edf99\" data-element_type=\"column\" data-e-type=\"column\">\n\t\t\t<div class=\"elementor-widget-wrap elementor-element-populated\">\n\t\t\t\t\t\t<div class=\"elementor-element elementor-element-1fa53a7 elementor-widget elementor-widget-text-editor\" data-id=\"1fa53a7\" data-element_type=\"widget\" data-e-type=\"widget\" data-widget_type=\"text-editor.default\">\n\t\t\t\t<div class=\"elementor-widget-container\">\n\t\t\t\t\t\t\t\t\t<p>Estas son las \u201ccosas\u201d que m\u00e1s me han gustado del libro y que ya tengo unas ganas terribles de hacerlas con mis hijos:<\/p><p>Malabarismos, criar mariposas, un truco de magia, crear un c\u00f3digo secreto, montar un volc\u00e1n casero y otras divertidas actividades para tachar que le van a encantar.<\/p><p>\u00bfCu\u00e1ntas ser\u00e1 capaz de tachar?<\/p>\t\t\t\t\t\t\t\t<\/div>\n\t\t\t\t<\/div>\n\t\t\t\t<div class=\"elementor-element elementor-element-baa8aee elementor-widget elementor-widget-heading\" data-id=\"baa8aee\" data-element_type=\"widget\" data-e-type=\"widget\" data-widget_type=\"heading.default\">\n\t\t\t\t<div class=\"elementor-widget-container\">\n\t\t\t\t\t<h2 class=\"elementor-heading-title elementor-size-default\">Para qu\u00e9 edad est\u00e1 recomendado<\/h2>\t\t\t\t<\/div>\n\t\t\t\t<\/div>\n\t\t\t\t<div class=\"elementor-element elementor-element-c2268e5 elementor-widget elementor-widget-text-editor\" data-id=\"c2268e5\" data-element_type=\"widget\" data-e-type=\"widget\" data-widget_type=\"text-editor.default\">\n\t\t\t\t<div class=\"elementor-widget-container\">\n\t\t\t\t\t\t\t\t\t<p>Para ni\u00f1os de entre 7 y 11 a\u00f1os.<\/p>\t\t\t\t\t\t\t\t<\/div>\n\t\t\t\t<\/div>\n\t\t\t\t<div class=\"elementor-element elementor-element-8b8f032 elementor-widget elementor-widget-heading\" data-id=\"8b8f032\" data-element_type=\"widget\" data-e-type=\"widget\" data-widget_type=\"heading.default\">\n\t\t\t\t<div class=\"elementor-widget-container\">\n\t\t\t\t\t<h2 class=\"elementor-heading-title elementor-size-default\">Caracter\u00edsticas generales del libro \u201c101 cosas que deber\u00edas hacer antes de ser mayor\u201d<\/h2>\t\t\t\t<\/div>\n\t\t\t\t<\/div>\n\t\t\t\t<div class=\"elementor-element elementor-element-03c1907 elementor-widget elementor-widget-text-editor\" data-id=\"03c1907\" data-element_type=\"widget\" data-e-type=\"widget\" data-widget_type=\"text-editor.default\">\n\t\t\t\t<div class=\"elementor-widget-container\">\n\t\t\t\t\t\t\t\t\t<p>Se trata de un libro con 101 actividades para que los ni\u00f1os aprendan, se diviertan y compartan momentos especiales en familia.<\/p><p>Es un libro interactivo que incluye recuadros para que marque la actividad cuando est\u00e1 completa, poniendo la fecha de realizaci\u00f3n al lado.<\/p><p>Tiene bastantes im\u00e1genes que le ayudan a entender mejor la informaci\u00f3n de lo que tiene que realizar.<\/p><p>El libro incluye 101 pr\u00e1cticas fichas encuadernadas en espiral, con instrucciones claras y did\u00e1cticas.<\/p>\t\t\t\t\t\t\t\t<\/div>\n\t\t\t\t<\/div>\n\t\t\t\t<div class=\"elementor-element elementor-element-e71db7b elementor-widget elementor-widget-heading\" data-id=\"e71db7b\" data-element_type=\"widget\" data-e-type=\"widget\" data-widget_type=\"heading.default\">\n\t\t\t\t<div class=\"elementor-widget-container\">\n\t\t\t\t\t<h2 class=\"elementor-heading-title elementor-size-default\">\u00bfPor qu\u00e9 comprar \u201c101 cosas que deber\u00edas hacer antes de ser mayor\u201d para regalar?<\/h2>\t\t\t\t<\/div>\n\t\t\t\t<\/div>\n\t\t\t\t<div class=\"elementor-element elementor-element-2712b13 elementor-widget elementor-widget-text-editor\" data-id=\"2712b13\" data-element_type=\"widget\" data-e-type=\"widget\" data-widget_type=\"text-editor.default\">\n\t\t\t\t<div class=\"elementor-widget-container\">\n\t\t\t\t\t\t\t\t\t<p>Leer esta joya y seguir la lista de cosas, le permitir\u00e1 desarrollar todo tipo de habilidades, manualidades, deporte, juegos mentales, idiomas, magia, m\u00fasica, ciencias, etc.<\/p><p>Porque contiene una genial selecci\u00f3n de actividades que estimular\u00e1n la creatividad.<\/p><p>Para m\u00ed es una de las ideas de regalo que m\u00e1s va a destacar por encima de otros.<\/p><p>Si buscas regalos para ni\u00f1os, regalos para ni\u00f1as o regalos de cumplea\u00f1os &#8211;<em>y adem\u00e1s te encanta regalar a ni\u00f1os libros infantiles<\/em>&#8211; esta propuesta llenar\u00e1 de actividades divertidas sus d\u00edas de aburrimiento.<\/p>\t\t\t\t\t\t\t\t<\/div>\n\t\t\t\t<\/div>\n\t\t\t\t<div class=\"elementor-element elementor-element-fc5f6a6 elementor-widget elementor-widget-heading\" data-id=\"fc5f6a6\" data-element_type=\"widget\" data-e-type=\"widget\" data-widget_type=\"heading.default\">\n\t\t\t\t<div class=\"elementor-widget-container\">\n\t\t\t\t\t<h2 class=\"elementor-heading-title elementor-size-default\">Ficha del libro<\/h2>\t\t\t\t<\/div>\n\t\t\t\t<\/div>\n\t\t\t\t<div class=\"elementor-element elementor-element-739f23b elementor-widget elementor-widget-text-editor\" data-id=\"739f23b\" data-element_type=\"widget\" data-e-type=\"widget\" data-widget_type=\"text-editor.default\">\n\t\t\t\t<div class=\"elementor-widget-container\">\n\t\t\t\t\t\t\t\t\t<p><strong>Autor<\/strong>: Laura Dower<\/p><p><strong>Editorial<\/strong>: GeoPlaneta<\/p><p><strong>P\u00e1ginas<\/strong>: 144<\/p><p><strong>Medidas<\/strong>: 21 cm de alto x 15 cm de ancho<\/p><p><strong>Idioma<\/strong>: Espa\u00f1ol \/ Castellano<\/p><p><strong>ISBN<\/strong>: 978-8408126096<\/p><p>Tapa blanda<\/p>\t\t\t\t\t\t\t\t<\/div>\n\t\t\t\t<\/div>\n\t\t\t\t<div class=\"elementor-element elementor-element-664f651 elementor-widget elementor-widget-heading\" data-id=\"664f651\" data-element_type=\"widget\" data-e-type=\"widget\" data-widget_type=\"heading.default\">\n\t\t\t\t<div class=\"elementor-widget-container\">\n\t\t\t\t\t<p class=\"elementor-heading-title elementor-size-default\">Aclaraci\u00f3n:<\/p>\t\t\t\t<\/div>\n\t\t\t\t<\/div>\n\t\t\t\t<div class=\"elementor-element elementor-element-86d4afa elementor-widget elementor-widget-text-editor\" data-id=\"86d4afa\" data-element_type=\"widget\" data-e-type=\"widget\" data-widget_type=\"text-editor.default\">\n\t\t\t\t<div class=\"elementor-widget-container\">\n\t\t\t\t\t\t\t\t\t<p>Todas las actividades que se proponen en este libro <strong>puedes encontrarlas en Internet<\/strong>.<\/p><p>No te estoy contando nada nuevo si te digo que hoy d\u00eda puedes buscar todo en Google y ah\u00ed tienes las respuestas.<\/p><p>Lo bueno de tener estas tareas o actividades en un libro en papel, es eso mismo.<\/p><p><strong>Que est\u00e1 en papel<\/strong>.<\/p><p>Y as\u00ed nuestros hijos <strong>no nos ven con la pantalla del m\u00f3vil todo el rato<\/strong> mirando c\u00f3mo hacer esto o lo otro.<\/p><p>Adem\u00e1s, al venir muy bien organizado en una ficha para apuntar las actividades que va logrando, la verdad es que <strong>lo va a tener siempre como un bonito recuerdo<\/strong>.<\/p><p>Esto no ocurre si se dedica a buscarlas por Internet, hacerlas y ya est\u00e1.<\/p>\t\t\t\t\t\t\t\t<\/div>\n\t\t\t\t<\/div>\n\t\t\t\t\t<\/div>\n\t\t<\/div>\n\t\t\t\t\t<\/div>\n\t\t<\/section>\n\t\t\t\t<section class=\"elementor-section elementor-top-section elementor-element elementor-element-d953465 elementor-section-boxed elementor-section-height-default elementor-section-height-default\" data-id=\"d953465\" data-element_type=\"section\" data-e-type=\"section\">\n\t\t\t\t\t\t\t<div class=\"elementor-background-overlay\"><\/div>\n\t\t\t\t\t\t\t<div class=\"elementor-container elementor-column-gap-default\">\n\t\t\t\t\t<div class=\"elementor-column elementor-col-25 elementor-top-column elementor-element elementor-element-6a69558\" data-id=\"6a69558\" data-element_type=\"column\" data-e-type=\"column\">\n\t\t\t<div class=\"elementor-widget-wrap\">\n\t\t\t\t\t\t\t<\/div>\n\t\t<\/div>\n\t\t\t\t<div class=\"elementor-column elementor-col-25 elementor-top-column elementor-element elementor-element-f8a7229\" data-id=\"f8a7229\" data-element_type=\"column\" data-e-type=\"column\">\n\t\t\t<div class=\"elementor-widget-wrap elementor-element-populated\">\n\t\t\t\t\t\t<div class=\"elementor-element elementor-element-61f3b5e elementor-widget elementor-widget-image\" data-id=\"61f3b5e\" data-element_type=\"widget\" data-e-type=\"widget\" data-widget_type=\"image.default\">\n\t\t\t\t<div class=\"elementor-widget-container\">\n\t\t\t\t\t\t\t\t\t\t\t\t\t\t\t<img fetchpriority=\"high\" decoding=\"async\" width=\"800\" height=\"876\" src=\"https:\/\/pequebierzo.es\/tienda\/wp-content\/uploads\/2022\/08\/comprar-101-cosas-que-deberias-hacer-antes-de-ser-mayor-.jpg\" class=\"attachment-large size-large wp-image-3593\" alt=\"Comprar 101 cosas que deber\u00edas hacer antes de ser mayor\" srcset=\"https:\/\/pequebierzo.es\/tienda\/wp-content\/uploads\/2022\/08\/comprar-101-cosas-que-deberias-hacer-antes-de-ser-mayor-.jpg 857w, https:\/\/pequebierzo.es\/tienda\/wp-content\/uploads\/2022\/08\/comprar-101-cosas-que-deberias-hacer-antes-de-ser-mayor--274x300.jpg 274w, https:\/\/pequebierzo.es\/tienda\/wp-content\/uploads\/2022\/08\/comprar-101-cosas-que-deberias-hacer-antes-de-ser-mayor--768x841.jpg 768w, https:\/\/pequebierzo.es\/tienda\/wp-content\/uploads\/2022\/08\/comprar-101-cosas-que-deberias-hacer-antes-de-ser-mayor--600x657.jpg 600w\" sizes=\"(max-width: 800px) 100vw, 800px\" \/>\t\t\t\t\t\t\t\t\t\t\t\t\t\t\t<\/div>\n\t\t\t\t<\/div>\n\t\t\t\t\t<\/div>\n\t\t<\/div>\n\t\t\t\t<div class=\"elementor-column elementor-col-25 elementor-top-column elementor-element elementor-element-f80e7ec\" data-id=\"f80e7ec\" data-element_type=\"column\" data-e-type=\"column\">\n\t\t\t<div class=\"elementor-widget-wrap\">\n\t\t\t\t\t\t\t<\/div>\n\t\t<\/div>\n\t\t\t\t<div class=\"elementor-column elementor-col-25 elementor-top-column elementor-element elementor-element-56961f9\" data-id=\"56961f9\" data-element_type=\"column\" data-e-type=\"column\">\n\t\t\t<div class=\"elementor-widget-wrap elementor-element-populated\">\n\t\t\t\t\t\t<div class=\"elementor-element elementor-element-539a89f elementor-widget elementor-widget-heading\" data-id=\"539a89f\" data-element_type=\"widget\" data-e-type=\"widget\" data-widget_type=\"heading.default\">\n\t\t\t\t<div class=\"elementor-widget-container\">\n\t\t\t\t\t<h2 class=\"elementor-heading-title elementor-size-default\">\u00a1Lo quiero YA para regalar!<\/h2>\t\t\t\t<\/div>\n\t\t\t\t<\/div>\n\t\t\t\t<div class=\"elementor-element elementor-element-ecc11fd e-add-to-cart--show-quantity-yes elementor-widget elementor-widget-woocommerce-product-add-to-cart\" data-id=\"ecc11fd\" data-element_type=\"widget\" data-e-type=\"widget\" data-widget_type=\"woocommerce-product-add-to-cart.default\">\n\t\t\t\t<div class=\"elementor-widget-container\">\n\t\t\t\t\t\n\t\t<div class=\"elementor-add-to-cart elementor-product-simple\">\n\t\t\t<p class=\"stock in-stock\">Solo quedan 3 disponibles<\/p>\n\n\t\n\t<form class=\"cart\" action=\"https:\/\/pequebierzo.es\/tienda\/producto\/101-cosas-que-deberias-hacer-antes-de-ser-mayor\/\" method=\"post\" enctype='multipart\/form-data'>\n\t\t\n\t\t<div class=\"quantity\">\n\t\t<label class=\"screen-reader-text\" for=\"quantity_69f62be565442\">101 cosas que deber\u00edas hacer antes de ser mayor: de 7 a 11 a\u00f1os cantidad<\/label>\n\t<input\n\t\ttype=\"number\"\n\t\t\t\tid=\"quantity_69f62be565442\"\n\t\tclass=\"input-text qty text\"\n\t\tname=\"quantity\"\n\t\tvalue=\"1\"\n\t\taria-label=\"Cantidad de productos\"\n\t\t\t\tmin=\"1\"\n\t\t\t\t\tmax=\"3\"\n\t\t\t\t\t\t\tstep=\"1\"\n\t\t\tplaceholder=\"\"\n\t\t\tinputmode=\"numeric\"\n\t\t\tautocomplete=\"off\"\n\t\t\t\/>\n\t<\/div>\n\n\t\t<button type=\"submit\" name=\"add-to-cart\" value=\"3567\" class=\"single_add_to_cart_button button alt\">A\u00f1adir al carrito<\/button>\n\n\t\t<input type=\"hidden\" name=\"gtm4wp_product_data\" value=\"{&quot;internal_id&quot;:3567,&quot;item_id&quot;:3567,&quot;item_name&quot;:&quot;101 cosas que deber\\u00edas hacer antes de ser mayor: de 7 a 11 a\\u00f1os&quot;,&quot;sku&quot;:3567,&quot;price&quot;:11.35,&quot;stocklevel&quot;:3,&quot;stockstatus&quot;:&quot;instock&quot;,&quot;google_business_vertical&quot;:&quot;retail&quot;,&quot;item_category&quot;:&quot;Libros infantiles&quot;,&quot;id&quot;:3567,&quot;item_brand&quot;:&quot;Libros infantiles&quot;}\" \/>\n\t<\/form>\n\n\t\n\t\t<\/div>\n\n\t\t\t\t\t\t<\/div>\n\t\t\t\t<\/div>\n\t\t\t\t<div class=\"elementor-element elementor-element-1987314 elementor-widget elementor-widget-text-editor\" data-id=\"1987314\" data-element_type=\"widget\" data-e-type=\"widget\" data-widget_type=\"text-editor.default\">\n\t\t\t\t<div class=\"elementor-widget-container\">\n\t\t\t\t\t\t\t\t\t<div id=\"nta-wabutton-770\" style=\"margin: 30px 0 30px;\"><a target=\"_blank\" href=\"https:\/\/web.whatsapp.com\/send?phone=34626593172&#038;text=Tengo una duda sobre este producto (https:\/\/pequebierzo.es\/tienda\/wp-json\/wp\/v2\/product\/3567)...\" class=\"wa__button wa__r_button wa__stt_online wa__btn_w_img \"><div class=\"wa__cs_img\"><div class=\"wa__cs_img_wrap\" style=\"background: url(https:\/\/pequebierzo.es\/tienda\/wp-content\/uploads\/2021\/11\/jana-79x79-1-788x788.png) center center no-repeat; background-size: cover;\"><\/div><\/div><div class=\"wa__btn_txt\"><div class=\"wa__cs_info\"><div class=\"wa__cs_name\">Jana Soto<\/div><div class=\"wa__cs_status\">Online<\/div><\/div><div class=\"wa__btn_title\">Enviar mensaje a Jana<\/div><\/div><\/a><\/div>\t\t\t\t\t\t\t\t<\/div>\n\t\t\t\t<\/div>\n\t\t\t\t\t<\/div>\n\t\t<\/div>\n\t\t\t\t\t<\/div>\n\t\t<\/section>\n\t\t\t\t<\/div>\n\t\t","protected":false},"excerpt":{"rendered":"<p><em>\u00bfTe has parado a pensar en cuantas cosas geniales le faltan por hacer a tu hijo, nieta o sobrino antes de hacerse mayor?<\/em><\/p>\n<p>Con este libro le vas a dar unas cuantas tareas para llevar a cabo en su ni\u00f1ez.<\/p>\n<p>Pero no solo eso.<\/p>\n<p>Adem\u00e1s es una <strong>idea de regalo fant\u00e1stica<\/strong> para que las hagas con \u00e9l o con ella.<\/p>\n<p>As\u00ed <strong>compartir\u00e1s ese momento tan especial<\/strong> ayud\u00e1ndole a superar cada uno de los retos.<\/p>\n<p>Tanto si eres su mam\u00e1, su abuela o su t\u00eda, pod\u00e9is hacer juntos unas cuantas de las actividades que proponen en este <strong>libro tan original y diferente<\/strong>.<\/p>\n<p>Por supuesto, tambi\u00e9n las podr\u00e1 hacer con cualquier miembro de la familia.<\/p>\n<p>Cuando las vea marcadas dentro de unos a\u00f1os, <strong>se acordar\u00e1 de la persona que le ayud\u00f3 a conseguirlas<\/strong>.<\/p>\n<p>Si t\u00fa tambi\u00e9n quieres darle esta oportunidad antes de que se haga mayor, te recomiendo &#8211;<em>y mucho<\/em>&#8211; <strong>comprar 101 cosas que deber\u00edas hacer antes de ser mayor<\/strong>.<\/p>\n","protected":false},"featured_media":3591,"comment_status":"open","ping_status":"closed","template":"","meta":[],"product_brand":[],"product_cat":[41],"product_tag":[],"class_list":{"0":"post-3567","1":"product","2":"type-product","3":"status-publish","4":"has-post-thumbnail","6":"product_cat-libros-infantiles","8":"first","9":"instock","10":"sale","11":"taxable","12":"shipping-taxable","13":"purchasable","14":"product-type-simple"},"yoast_head":"<!-- This site is optimized with the Yoast SEO plugin v27.0 - https:\/\/yoast.com\/product\/yoast-seo-wordpress\/ -->\n<title>\u27a4 101 cosas que deber\u00edas hacer antes de ser mayor: 7-11 a\u00f1os<\/title>\n<meta name=\"description\" content=\"\u00bfCu\u00e1ntas \u3010 cosas geniales \u3011 le faltan por hacer a tu hijo, nieta o sobrino antes de hacerse mayor? Reg\u00e1lale este libro y las descubrir\u00e1.\" \/>\n<meta name=\"robots\" content=\"index, follow, max-snippet:-1, max-image-preview:large, max-video-preview:-1\" \/>\n<link rel=\"canonical\" href=\"https:\/\/pequebierzo.es\/tienda\/producto\/101-cosas-que-deberias-hacer-antes-de-ser-mayor\/\" \/>\n<meta property=\"og:locale\" content=\"es_ES\" \/>\n<meta property=\"og:type\" content=\"article\" \/>\n<meta property=\"og:title\" content=\"\u27a4 101 cosas que deber\u00edas hacer antes de ser mayor: 7-11 a\u00f1os\" \/>\n<meta property=\"og:description\" content=\"\u00bfCu\u00e1ntas \u3010 cosas geniales \u3011 le faltan por hacer a tu hijo, nieta o sobrino antes de hacerse mayor? Reg\u00e1lale este libro y las descubrir\u00e1.\" \/>\n<meta property=\"og:url\" content=\"https:\/\/pequebierzo.es\/tienda\/producto\/101-cosas-que-deberias-hacer-antes-de-ser-mayor\/\" \/>\n<meta property=\"og:site_name\" content=\"Peque Bierzo\" \/>\n<meta property=\"article:modified_time\" content=\"2026-04-17T21:32:15+00:00\" \/>\n<meta property=\"og:image\" content=\"https:\/\/pequebierzo.es\/tienda\/wp-content\/uploads\/2022\/08\/101-cosas-que-deberias-hacer-antes-de-ser-mayor-.jpg\" \/>\n\t<meta property=\"og:image:width\" content=\"857\" \/>\n\t<meta property=\"og:image:height\" content=\"938\" \/>\n\t<meta property=\"og:image:type\" content=\"image\/jpeg\" \/>\n<meta name=\"twitter:card\" content=\"summary_large_image\" \/>\n<!-- \/ Yoast SEO plugin. -->","yoast_head_json":{"title":"\u27a4 101 cosas que deber\u00edas hacer antes de ser mayor: 7-11 a\u00f1os","description":"\u00bfCu\u00e1ntas \u3010 cosas geniales \u3011 le faltan por hacer a tu hijo, nieta o sobrino antes de hacerse mayor? Reg\u00e1lale este libro y las descubrir\u00e1.","robots":{"index":"index","follow":"follow","max-snippet":"max-snippet:-1","max-image-preview":"max-image-preview:large","max-video-preview":"max-video-preview:-1"},"canonical":"https:\/\/pequebierzo.es\/tienda\/producto\/101-cosas-que-deberias-hacer-antes-de-ser-mayor\/","og_locale":"es_ES","og_type":"article","og_title":"\u27a4 101 cosas que deber\u00edas hacer antes de ser mayor: 7-11 a\u00f1os","og_description":"\u00bfCu\u00e1ntas \u3010 cosas geniales \u3011 le faltan por hacer a tu hijo, nieta o sobrino antes de hacerse mayor? Reg\u00e1lale este libro y las descubrir\u00e1.","og_url":"https:\/\/pequebierzo.es\/tienda\/producto\/101-cosas-que-deberias-hacer-antes-de-ser-mayor\/","og_site_name":"Peque Bierzo","article_modified_time":"2026-04-17T21:32:15+00:00","og_image":[{"width":857,"height":938,"url":"https:\/\/pequebierzo.es\/tienda\/wp-content\/uploads\/2022\/08\/101-cosas-que-deberias-hacer-antes-de-ser-mayor-.jpg","type":"image\/jpeg"}],"twitter_card":"summary_large_image","schema":{"@context":"https:\/\/schema.org","@graph":[{"@type":"WebPage","@id":"https:\/\/pequebierzo.es\/tienda\/producto\/101-cosas-que-deberias-hacer-antes-de-ser-mayor\/","url":"https:\/\/pequebierzo.es\/tienda\/producto\/101-cosas-que-deberias-hacer-antes-de-ser-mayor\/","name":"\u27a4 101 cosas que deber\u00edas hacer antes de ser mayor: 7-11 a\u00f1os","isPartOf":{"@id":"https:\/\/pequebierzo.es\/tienda\/#website"},"primaryImageOfPage":{"@id":"https:\/\/pequebierzo.es\/tienda\/producto\/101-cosas-que-deberias-hacer-antes-de-ser-mayor\/#primaryimage"},"image":{"@id":"https:\/\/pequebierzo.es\/tienda\/producto\/101-cosas-que-deberias-hacer-antes-de-ser-mayor\/#primaryimage"},"thumbnailUrl":"https:\/\/pequebierzo.es\/tienda\/wp-content\/uploads\/2022\/08\/101-cosas-que-deberias-hacer-antes-de-ser-mayor-.jpg","datePublished":"2022-08-01T09:21:32+00:00","dateModified":"2026-04-17T21:32:15+00:00","description":"\u00bfCu\u00e1ntas \u3010 cosas geniales \u3011 le faltan por hacer a tu hijo, nieta o sobrino antes de hacerse mayor? Reg\u00e1lale este libro y las descubrir\u00e1.","breadcrumb":{"@id":"https:\/\/pequebierzo.es\/tienda\/producto\/101-cosas-que-deberias-hacer-antes-de-ser-mayor\/#breadcrumb"},"inLanguage":"es","potentialAction":[{"@type":"ReadAction","target":["https:\/\/pequebierzo.es\/tienda\/producto\/101-cosas-que-deberias-hacer-antes-de-ser-mayor\/"]}]},{"@type":"ImageObject","inLanguage":"es","@id":"https:\/\/pequebierzo.es\/tienda\/producto\/101-cosas-que-deberias-hacer-antes-de-ser-mayor\/#primaryimage","url":"https:\/\/pequebierzo.es\/tienda\/wp-content\/uploads\/2022\/08\/101-cosas-que-deberias-hacer-antes-de-ser-mayor-.jpg","contentUrl":"https:\/\/pequebierzo.es\/tienda\/wp-content\/uploads\/2022\/08\/101-cosas-que-deberias-hacer-antes-de-ser-mayor-.jpg","width":857,"height":938,"caption":"Comprar 101 cosas que deber\u00edas hacer antes de ser mayor"},{"@type":"BreadcrumbList","@id":"https:\/\/pequebierzo.es\/tienda\/producto\/101-cosas-que-deberias-hacer-antes-de-ser-mayor\/#breadcrumb","itemListElement":[{"@type":"ListItem","position":1,"name":"Portada","item":"https:\/\/pequebierzo.es\/tienda\/"},{"@type":"ListItem","position":2,"name":"T2","item":"https:\/\/pequebierzo.es\/tienda\/t2\/"},{"@type":"ListItem","position":3,"name":"101 cosas que deber\u00edas hacer antes de ser mayor: de 7 a 11 a\u00f1os"}]},{"@type":"WebSite","@id":"https:\/\/pequebierzo.es\/tienda\/#website","url":"https:\/\/pequebierzo.es\/tienda\/","name":"Peque Bierzo","description":"La agenda de ocio infantil del Bierzo","publisher":{"@id":"https:\/\/pequebierzo.es\/tienda\/#organization"},"potentialAction":[{"@type":"SearchAction","target":{"@type":"EntryPoint","urlTemplate":"https:\/\/pequebierzo.es\/tienda\/?s={search_term_string}"},"query-input":{"@type":"PropertyValueSpecification","valueRequired":true,"valueName":"search_term_string"}}],"inLanguage":"es"},{"@type":"Organization","@id":"https:\/\/pequebierzo.es\/tienda\/#organization","name":"Peque Bierzo","url":"https:\/\/pequebierzo.es\/tienda\/","logo":{"@type":"ImageObject","inLanguage":"es","@id":"https:\/\/pequebierzo.es\/tienda\/#\/schema\/logo\/image\/","url":"https:\/\/pequebierzo.es\/tienda\/wp-content\/uploads\/2021\/09\/logo-pequebierzo1.png","contentUrl":"https:\/\/pequebierzo.es\/tienda\/wp-content\/uploads\/2021\/09\/logo-pequebierzo1.png","width":200,"height":98,"caption":"Peque Bierzo"},"image":{"@id":"https:\/\/pequebierzo.es\/tienda\/#\/schema\/logo\/image\/"}}]}},"_links":{"self":[{"href":"https:\/\/pequebierzo.es\/tienda\/wp-json\/wp\/v2\/product\/3567","targetHints":{"allow":["GET"]}}],"collection":[{"href":"https:\/\/pequebierzo.es\/tienda\/wp-json\/wp\/v2\/product"}],"about":[{"href":"https:\/\/pequebierzo.es\/tienda\/wp-json\/wp\/v2\/types\/product"}],"replies":[{"embeddable":true,"href":"https:\/\/pequebierzo.es\/tienda\/wp-json\/wp\/v2\/comments?post=3567"}],"version-history":[{"count":1,"href":"https:\/\/pequebierzo.es\/tienda\/wp-json\/wp\/v2\/product\/3567\/revisions"}],"predecessor-version":[{"id":4986,"href":"https:\/\/pequebierzo.es\/tienda\/wp-json\/wp\/v2\/product\/3567\/revisions\/4986"}],"wp:featuredmedia":[{"embeddable":true,"href":"https:\/\/pequebierzo.es\/tienda\/wp-json\/wp\/v2\/media\/3591"}],"wp:attachment":[{"href":"https:\/\/pequebierzo.es\/tienda\/wp-json\/wp\/v2\/media?parent=3567"}],"wp:term":[{"taxonomy":"product_brand","embeddable":true,"href":"https:\/\/pequebierzo.es\/tienda\/wp-json\/wp\/v2\/product_brand?post=3567"},{"taxonomy":"product_cat","embeddable":true,"href":"https:\/\/pequebierzo.es\/tienda\/wp-json\/wp\/v2\/product_cat?post=3567"},{"taxonomy":"product_tag","embeddable":true,"href":"https:\/\/pequebierzo.es\/tienda\/wp-json\/wp\/v2\/product_tag?post=3567"}],"curies":[{"name":"wp","href":"https:\/\/api.w.org\/{rel}","templated":true}]}}