{"id":3606,"date":"2022-08-01T13:20:52","date_gmt":"2022-08-01T11:20:52","guid":{"rendered":"https:\/\/pequebierzo.es\/tienda\/?post_type=product&#038;p=3606"},"modified":"2025-12-27T19:11:48","modified_gmt":"2025-12-27T18:11:48","slug":"el-libro-antiaburrimiento","status":"publish","type":"product","link":"https:\/\/pequebierzo.es\/tienda\/producto\/el-libro-antiaburrimiento\/","title":{"rendered":"El libro antiaburrimiento: de 7 a 10 a\u00f1os"},"content":{"rendered":"\t\t<div data-elementor-type=\"product-post\" data-elementor-id=\"3606\" class=\"elementor elementor-3606\" data-elementor-post-type=\"product\">\n\t\t\t\t\t\t<section class=\"elementor-section elementor-top-section elementor-element elementor-element-ddbf550 elementor-section-boxed elementor-section-height-default elementor-section-height-default\" data-id=\"ddbf550\" data-element_type=\"section\" data-e-type=\"section\">\n\t\t\t\t\t\t<div class=\"elementor-container elementor-column-gap-default\">\n\t\t\t\t\t<div class=\"elementor-column elementor-col-100 elementor-top-column elementor-element elementor-element-8d0eafa\" data-id=\"8d0eafa\" data-element_type=\"column\" data-e-type=\"column\">\n\t\t\t<div class=\"elementor-widget-wrap elementor-element-populated\">\n\t\t\t\t\t\t<div class=\"elementor-element elementor-element-6856227 elementor-widget elementor-widget-heading\" data-id=\"6856227\" data-element_type=\"widget\" data-e-type=\"widget\" data-widget_type=\"heading.default\">\n\t\t\t\t<div class=\"elementor-widget-container\">\n\t\t\t\t\t<h2 class=\"elementor-heading-title elementor-size-default\">Para qu\u00e9 edad est\u00e1 recomendado<\/h2>\t\t\t\t<\/div>\n\t\t\t\t<\/div>\n\t\t\t\t<div class=\"elementor-element elementor-element-f5baae2 elementor-widget elementor-widget-text-editor\" data-id=\"f5baae2\" data-element_type=\"widget\" data-e-type=\"widget\" data-widget_type=\"text-editor.default\">\n\t\t\t\t<div class=\"elementor-widget-container\">\n\t\t\t\t\t\t\t\t\t<p>De 7 a 10 a\u00f1os.<\/p>\t\t\t\t\t\t\t\t<\/div>\n\t\t\t\t<\/div>\n\t\t\t\t<div class=\"elementor-element elementor-element-a502d07 elementor-widget elementor-widget-heading\" data-id=\"a502d07\" data-element_type=\"widget\" data-e-type=\"widget\" data-widget_type=\"heading.default\">\n\t\t\t\t<div class=\"elementor-widget-container\">\n\t\t\t\t\t<h2 class=\"elementor-heading-title elementor-size-default\">Ficha del libro<\/h2>\t\t\t\t<\/div>\n\t\t\t\t<\/div>\n\t\t\t\t<div class=\"elementor-element elementor-element-3d7906d elementor-widget elementor-widget-text-editor\" data-id=\"3d7906d\" data-element_type=\"widget\" data-e-type=\"widget\" data-widget_type=\"text-editor.default\">\n\t\t\t\t<div class=\"elementor-widget-container\">\n\t\t\t\t\t\t\t\t\t<p><strong>Autor<\/strong>: ANDY SEED<\/p><p><strong>Editorial<\/strong>: PLANETA INFANTIL<\/p><p><strong>P\u00e1ginas<\/strong>: 160<\/p><p><strong>Medidas<\/strong>: 190 mm x 153 mm<\/p><p><strong>Idioma<\/strong>: Espa\u00f1ol \/ Castellano<\/p><p><strong>ISBN<\/strong>: 978-8408155126<\/p><p><strong>Peso<\/strong>: 224 gr<\/p><p><strong>Tipo de formato<\/strong>: Tapa blanda o Bolsillo<\/p>\t\t\t\t\t\t\t\t<\/div>\n\t\t\t\t<\/div>\n\t\t\t\t\t<\/div>\n\t\t<\/div>\n\t\t\t\t\t<\/div>\n\t\t<\/section>\n\t\t\t\t<section class=\"elementor-section elementor-top-section elementor-element elementor-element-4befd77 elementor-section-boxed elementor-section-height-default elementor-section-height-default\" data-id=\"4befd77\" data-element_type=\"section\" data-e-type=\"section\">\n\t\t\t\t\t\t<div class=\"elementor-container elementor-column-gap-default\">\n\t\t\t\t\t<div class=\"elementor-column elementor-col-100 elementor-top-column elementor-element elementor-element-bc5443d\" data-id=\"bc5443d\" data-element_type=\"column\" data-e-type=\"column\">\n\t\t\t<div class=\"elementor-widget-wrap elementor-element-populated\">\n\t\t\t\t\t\t<div class=\"elementor-element elementor-element-cab5f08 elementor-widget elementor-widget-image\" data-id=\"cab5f08\" data-element_type=\"widget\" data-e-type=\"widget\" data-widget_type=\"image.default\">\n\t\t\t\t<div class=\"elementor-widget-container\">\n\t\t\t\t\t\t\t\t\t\t\t\t\t\t\t<img fetchpriority=\"high\" decoding=\"async\" width=\"800\" height=\"247\" src=\"https:\/\/pequebierzo.es\/tienda\/wp-content\/uploads\/2022\/08\/libro-antiaburrimiento-para-regalar.jpg\" class=\"attachment-large size-large wp-image-3624\" alt=\"El libro antiaburrimiento para regalar\" srcset=\"https:\/\/pequebierzo.es\/tienda\/wp-content\/uploads\/2022\/08\/libro-antiaburrimiento-para-regalar.jpg 970w, https:\/\/pequebierzo.es\/tienda\/wp-content\/uploads\/2022\/08\/libro-antiaburrimiento-para-regalar-300x93.jpg 300w, https:\/\/pequebierzo.es\/tienda\/wp-content\/uploads\/2022\/08\/libro-antiaburrimiento-para-regalar-768x238.jpg 768w, https:\/\/pequebierzo.es\/tienda\/wp-content\/uploads\/2022\/08\/libro-antiaburrimiento-para-regalar-600x186.jpg 600w\" sizes=\"(max-width: 800px) 100vw, 800px\" \/>\t\t\t\t\t\t\t\t\t\t\t\t\t\t\t<\/div>\n\t\t\t\t<\/div>\n\t\t\t\t\t<\/div>\n\t\t<\/div>\n\t\t\t\t\t<\/div>\n\t\t<\/section>\n\t\t\t\t<section class=\"elementor-section elementor-top-section elementor-element elementor-element-ea4496d elementor-section-boxed elementor-section-height-default elementor-section-height-default\" data-id=\"ea4496d\" data-element_type=\"section\" data-e-type=\"section\">\n\t\t\t\t\t\t\t<div class=\"elementor-background-overlay\"><\/div>\n\t\t\t\t\t\t\t<div class=\"elementor-container elementor-column-gap-default\">\n\t\t\t\t\t<div class=\"elementor-column elementor-col-25 elementor-top-column elementor-element elementor-element-2dcb614\" data-id=\"2dcb614\" data-element_type=\"column\" data-e-type=\"column\">\n\t\t\t<div class=\"elementor-widget-wrap\">\n\t\t\t\t\t\t\t<\/div>\n\t\t<\/div>\n\t\t\t\t<div class=\"elementor-column elementor-col-25 elementor-top-column elementor-element elementor-element-f47bc66\" data-id=\"f47bc66\" data-element_type=\"column\" data-e-type=\"column\">\n\t\t\t<div class=\"elementor-widget-wrap elementor-element-populated\">\n\t\t\t\t\t\t<div class=\"elementor-element elementor-element-26f40ff elementor-widget elementor-widget-image\" data-id=\"26f40ff\" data-element_type=\"widget\" data-e-type=\"widget\" data-widget_type=\"image.default\">\n\t\t\t\t<div class=\"elementor-widget-container\">\n\t\t\t\t\t\t\t\t\t\t\t\t\t\t\t<img decoding=\"async\" width=\"800\" height=\"876\" src=\"https:\/\/pequebierzo.es\/tienda\/wp-content\/uploads\/2022\/08\/comprar-el-libro-antiaburrimiento.jpg\" class=\"attachment-large size-large wp-image-3608\" alt=\"comprar el libro antiaburrimiento\" srcset=\"https:\/\/pequebierzo.es\/tienda\/wp-content\/uploads\/2022\/08\/comprar-el-libro-antiaburrimiento.jpg 857w, https:\/\/pequebierzo.es\/tienda\/wp-content\/uploads\/2022\/08\/comprar-el-libro-antiaburrimiento-274x300.jpg 274w, https:\/\/pequebierzo.es\/tienda\/wp-content\/uploads\/2022\/08\/comprar-el-libro-antiaburrimiento-768x841.jpg 768w, https:\/\/pequebierzo.es\/tienda\/wp-content\/uploads\/2022\/08\/comprar-el-libro-antiaburrimiento-600x657.jpg 600w\" sizes=\"(max-width: 800px) 100vw, 800px\" \/>\t\t\t\t\t\t\t\t\t\t\t\t\t\t\t<\/div>\n\t\t\t\t<\/div>\n\t\t\t\t\t<\/div>\n\t\t<\/div>\n\t\t\t\t<div class=\"elementor-column elementor-col-25 elementor-top-column elementor-element elementor-element-a58d82e\" data-id=\"a58d82e\" data-element_type=\"column\" data-e-type=\"column\">\n\t\t\t<div class=\"elementor-widget-wrap\">\n\t\t\t\t\t\t\t<\/div>\n\t\t<\/div>\n\t\t\t\t<div class=\"elementor-column elementor-col-25 elementor-top-column elementor-element elementor-element-4b30bb9\" data-id=\"4b30bb9\" data-element_type=\"column\" data-e-type=\"column\">\n\t\t\t<div class=\"elementor-widget-wrap elementor-element-populated\">\n\t\t\t\t\t\t<div class=\"elementor-element elementor-element-873000d elementor-widget elementor-widget-heading\" data-id=\"873000d\" data-element_type=\"widget\" data-e-type=\"widget\" data-widget_type=\"heading.default\">\n\t\t\t\t<div class=\"elementor-widget-container\">\n\t\t\t\t\t<h2 class=\"elementor-heading-title elementor-size-default\">\u00a1Lo quiero YA para regalar!<\/h2>\t\t\t\t<\/div>\n\t\t\t\t<\/div>\n\t\t\t\t<div class=\"elementor-element elementor-element-cf42fc0 e-add-to-cart--show-quantity-yes elementor-widget elementor-widget-woocommerce-product-add-to-cart\" data-id=\"cf42fc0\" data-element_type=\"widget\" data-e-type=\"widget\" data-widget_type=\"woocommerce-product-add-to-cart.default\">\n\t\t\t\t<div class=\"elementor-widget-container\">\n\t\t\t\t\t\n\t\t<div class=\"elementor-add-to-cart elementor-product-simple\">\n\t\t\t<p class=\"stock in-stock\">Solo quedan 1 disponibles<\/p>\n\n\t\n\t<form class=\"cart\" action=\"https:\/\/pequebierzo.es\/tienda\/producto\/el-libro-antiaburrimiento\/\" method=\"post\" enctype='multipart\/form-data'>\n\t\t\n\t\t<div class=\"quantity\">\n\t\t<label class=\"screen-reader-text\" for=\"quantity_69f36841b0da1\">El libro antiaburrimiento: de 7 a 10 a\u00f1os cantidad<\/label>\n\t<input\n\t\ttype=\"hidden\"\n\t\t\t\tid=\"quantity_69f36841b0da1\"\n\t\tclass=\"input-text qty text\"\n\t\tname=\"quantity\"\n\t\tvalue=\"1\"\n\t\taria-label=\"Cantidad de productos\"\n\t\t\t\tmin=\"1\"\n\t\t\t\t\tmax=\"1\"\n\t\t\t\t\t\t\tstep=\"1\"\n\t\t\tplaceholder=\"\"\n\t\t\tinputmode=\"numeric\"\n\t\t\tautocomplete=\"off\"\n\t\t\t\/>\n\t<\/div>\n\n\t\t<button type=\"submit\" name=\"add-to-cart\" value=\"3606\" class=\"single_add_to_cart_button button alt\">A\u00f1adir al carrito<\/button>\n\n\t\t<input type=\"hidden\" name=\"gtm4wp_product_data\" value=\"{&quot;internal_id&quot;:3606,&quot;item_id&quot;:3606,&quot;item_name&quot;:&quot;El libro antiaburrimiento: de 7 a 10 a\\u00f1os&quot;,&quot;sku&quot;:3606,&quot;price&quot;:7.55,&quot;stocklevel&quot;:1,&quot;stockstatus&quot;:&quot;instock&quot;,&quot;google_business_vertical&quot;:&quot;retail&quot;,&quot;item_category&quot;:&quot;Libros infantiles&quot;,&quot;id&quot;:3606,&quot;item_brand&quot;:&quot;Libros infantiles&quot;}\" \/>\n\t<\/form>\n\n\t\n\t\t<\/div>\n\n\t\t\t\t\t\t<\/div>\n\t\t\t\t<\/div>\n\t\t\t\t<div class=\"elementor-element elementor-element-c16e9f1 elementor-widget elementor-widget-text-editor\" data-id=\"c16e9f1\" data-element_type=\"widget\" data-e-type=\"widget\" data-widget_type=\"text-editor.default\">\n\t\t\t\t<div class=\"elementor-widget-container\">\n\t\t\t\t\t\t\t\t\t<div id=\"nta-wabutton-770\" style=\"margin: 30px 0 30px;\"><a target=\"_blank\" href=\"https:\/\/web.whatsapp.com\/send?phone=34626593172&#038;text=Tengo una duda sobre este producto (https:\/\/pequebierzo.es\/tienda\/wp-json\/wp\/v2\/product\/3606)...\" class=\"wa__button wa__r_button wa__stt_online wa__btn_w_img \"><div class=\"wa__cs_img\"><div class=\"wa__cs_img_wrap\" style=\"background: url(https:\/\/pequebierzo.es\/tienda\/wp-content\/uploads\/2021\/11\/jana-79x79-1-788x788.png) center center no-repeat; background-size: cover;\"><\/div><\/div><div class=\"wa__btn_txt\"><div class=\"wa__cs_info\"><div class=\"wa__cs_name\">Jana Soto<\/div><div class=\"wa__cs_status\">Online<\/div><\/div><div class=\"wa__btn_title\">Enviar mensaje a Jana<\/div><\/div><\/a><\/div>\t\t\t\t\t\t\t\t<\/div>\n\t\t\t\t<\/div>\n\t\t\t\t\t<\/div>\n\t\t<\/div>\n\t\t\t\t\t<\/div>\n\t\t<\/section>\n\t\t\t\t<\/div>\n\t\t","protected":false},"excerpt":{"rendered":"<p>\u00bfBuscas un libro <strong>que le aleje de las pantallas<\/strong> y le entretenga durante horas? \u00bfVas a hacer un <strong>viaje largo con ni\u00f1os<\/strong>?<\/p>\n<p>S\u00e9 lo frustrante que es no tener nada que hacer en un viaje largo en coche, autob\u00fas o avi\u00f3n.<\/p>\n<p>Tengo dos peques y para m\u00ed es misi\u00f3n imposible <strong>conseguir que est\u00e9n quietos durante horas en el coche<\/strong>.<\/p>\n<p>En cada viaje busco opciones para entretenerlos un buen rato.<\/p>\n<p>Pero al final siempre acabamos parando y los viajes se hacen eternos.<\/p>\n<p>Adem\u00e1s de los viajes, seguro que tambi\u00e9n te ha pasado que muchas veces <strong>buscas ideas para entretener a tu peque en casa, sin m\u00f3vil, ni tele, ni consola<\/strong>.<\/p>\n<p>Y cuesta, \u00bfverdad?<\/p>\n<p>Por esto mismo, El libro antiaburrimiento es el <strong>regalo perfecto para un ni\u00f1o o ni\u00f1a de 7 a 10 a\u00f1os<\/strong> que quiera divertirse <strong>mientras viaja<\/strong> o simplemente pasar <strong>un buen rato en casa<\/strong>.<\/p>\n<p>Sus p\u00e1ginas est\u00e1n llenas de chistes, juegos de palabras, retos creativos, pruebas locas, curiosidades incre\u00edbles&#8230; \u00a1y un mont\u00f3n de propuestas y pasatiempos m\u00e1s!<\/p>\n<p>\u00a1Nunca m\u00e1s se aburrir\u00e1!<\/p>\n<p>Adem\u00e1s es <strong>s\u00faper divertido para jugar en familia o con amigos<\/strong>.<\/p>\n<p>Le ayudar\u00e1 a mantener el aburrimiento a raya durante los viajes largos o en d\u00edas de lluvia cuando ya no sabes qu\u00e9 hacer.<\/p>\n<p>Tanto si est\u00e1s planeando un largo viaje como si s\u00f3lo quieres matar el tiempo, \u00a1este es tu libro!<\/p>\n<p>Por fin, un libro que le mantendr\u00e1 entretenido durante horas a un <strong>precio bastante rid\u00edculo para las horas de entretenimiento que te vas a conseguir<\/strong>\u00a0\ud83d\ude31<\/p>\n<p>\u00a1Compra el tuyo hoy mismo!<\/p>\n","protected":false},"featured_media":3609,"comment_status":"open","ping_status":"closed","template":"","meta":[],"product_brand":[],"product_cat":[41],"product_tag":[],"class_list":{"0":"post-3606","1":"product","2":"type-product","3":"status-publish","4":"has-post-thumbnail","6":"product_cat-libros-infantiles","8":"first","9":"instock","10":"sale","11":"taxable","12":"shipping-taxable","13":"purchasable","14":"product-type-simple"},"yoast_head":"<!-- This site is optimized with the Yoast SEO plugin v27.0 - https:\/\/yoast.com\/product\/yoast-seo-wordpress\/ -->\n<title>\u27a4 El libro antiaburrimiento: de 7 a 10 a\u00f1os<\/title>\n<meta name=\"description\" content=\"Un \u3010 libro imprescindible \u3011 si vas a hacer un viaje largo con ni\u00f1os. Te da ideas de juegos, retos, chistes, curiosidades para pasar el rato. DESC\u00daBRELO\" \/>\n<meta name=\"robots\" content=\"index, follow, max-snippet:-1, max-image-preview:large, max-video-preview:-1\" \/>\n<link rel=\"canonical\" href=\"https:\/\/pequebierzo.es\/tienda\/producto\/el-libro-antiaburrimiento\/\" \/>\n<meta property=\"og:locale\" content=\"es_ES\" \/>\n<meta property=\"og:type\" content=\"article\" \/>\n<meta property=\"og:title\" content=\"\u27a4 El libro antiaburrimiento: de 7 a 10 a\u00f1os\" \/>\n<meta property=\"og:description\" content=\"Un \u3010 libro imprescindible \u3011 si vas a hacer un viaje largo con ni\u00f1os. Te da ideas de juegos, retos, chistes, curiosidades para pasar el rato. DESC\u00daBRELO\" \/>\n<meta property=\"og:url\" content=\"https:\/\/pequebierzo.es\/tienda\/producto\/el-libro-antiaburrimiento\/\" \/>\n<meta property=\"og:site_name\" content=\"Peque Bierzo\" \/>\n<meta property=\"article:modified_time\" content=\"2025-12-27T18:11:48+00:00\" \/>\n<meta property=\"og:image\" content=\"https:\/\/pequebierzo.es\/tienda\/wp-content\/uploads\/2022\/08\/libro-antiaburrimiento.jpg\" \/>\n\t<meta property=\"og:image:width\" content=\"857\" \/>\n\t<meta property=\"og:image:height\" content=\"938\" \/>\n\t<meta property=\"og:image:type\" content=\"image\/jpeg\" \/>\n<meta name=\"twitter:card\" content=\"summary_large_image\" \/>\n<!-- \/ Yoast SEO plugin. -->","yoast_head_json":{"title":"\u27a4 El libro antiaburrimiento: de 7 a 10 a\u00f1os","description":"Un \u3010 libro imprescindible \u3011 si vas a hacer un viaje largo con ni\u00f1os. Te da ideas de juegos, retos, chistes, curiosidades para pasar el rato. DESC\u00daBRELO","robots":{"index":"index","follow":"follow","max-snippet":"max-snippet:-1","max-image-preview":"max-image-preview:large","max-video-preview":"max-video-preview:-1"},"canonical":"https:\/\/pequebierzo.es\/tienda\/producto\/el-libro-antiaburrimiento\/","og_locale":"es_ES","og_type":"article","og_title":"\u27a4 El libro antiaburrimiento: de 7 a 10 a\u00f1os","og_description":"Un \u3010 libro imprescindible \u3011 si vas a hacer un viaje largo con ni\u00f1os. Te da ideas de juegos, retos, chistes, curiosidades para pasar el rato. DESC\u00daBRELO","og_url":"https:\/\/pequebierzo.es\/tienda\/producto\/el-libro-antiaburrimiento\/","og_site_name":"Peque Bierzo","article_modified_time":"2025-12-27T18:11:48+00:00","og_image":[{"width":857,"height":938,"url":"https:\/\/pequebierzo.es\/tienda\/wp-content\/uploads\/2022\/08\/libro-antiaburrimiento.jpg","type":"image\/jpeg"}],"twitter_card":"summary_large_image","schema":{"@context":"https:\/\/schema.org","@graph":[{"@type":"WebPage","@id":"https:\/\/pequebierzo.es\/tienda\/producto\/el-libro-antiaburrimiento\/","url":"https:\/\/pequebierzo.es\/tienda\/producto\/el-libro-antiaburrimiento\/","name":"\u27a4 El libro antiaburrimiento: de 7 a 10 a\u00f1os","isPartOf":{"@id":"https:\/\/pequebierzo.es\/tienda\/#website"},"primaryImageOfPage":{"@id":"https:\/\/pequebierzo.es\/tienda\/producto\/el-libro-antiaburrimiento\/#primaryimage"},"image":{"@id":"https:\/\/pequebierzo.es\/tienda\/producto\/el-libro-antiaburrimiento\/#primaryimage"},"thumbnailUrl":"https:\/\/pequebierzo.es\/tienda\/wp-content\/uploads\/2022\/08\/libro-antiaburrimiento.jpg","datePublished":"2022-08-01T11:20:52+00:00","dateModified":"2025-12-27T18:11:48+00:00","description":"Un \u3010 libro imprescindible \u3011 si vas a hacer un viaje largo con ni\u00f1os. Te da ideas de juegos, retos, chistes, curiosidades para pasar el rato. DESC\u00daBRELO","breadcrumb":{"@id":"https:\/\/pequebierzo.es\/tienda\/producto\/el-libro-antiaburrimiento\/#breadcrumb"},"inLanguage":"es","potentialAction":[{"@type":"ReadAction","target":["https:\/\/pequebierzo.es\/tienda\/producto\/el-libro-antiaburrimiento\/"]}]},{"@type":"ImageObject","inLanguage":"es","@id":"https:\/\/pequebierzo.es\/tienda\/producto\/el-libro-antiaburrimiento\/#primaryimage","url":"https:\/\/pequebierzo.es\/tienda\/wp-content\/uploads\/2022\/08\/libro-antiaburrimiento.jpg","contentUrl":"https:\/\/pequebierzo.es\/tienda\/wp-content\/uploads\/2022\/08\/libro-antiaburrimiento.jpg","width":857,"height":938,"caption":"el libro antiaburrimiento"},{"@type":"BreadcrumbList","@id":"https:\/\/pequebierzo.es\/tienda\/producto\/el-libro-antiaburrimiento\/#breadcrumb","itemListElement":[{"@type":"ListItem","position":1,"name":"Portada","item":"https:\/\/pequebierzo.es\/tienda\/"},{"@type":"ListItem","position":2,"name":"T2","item":"https:\/\/pequebierzo.es\/tienda\/t2\/"},{"@type":"ListItem","position":3,"name":"El libro antiaburrimiento: de 7 a 10 a\u00f1os"}]},{"@type":"WebSite","@id":"https:\/\/pequebierzo.es\/tienda\/#website","url":"https:\/\/pequebierzo.es\/tienda\/","name":"Peque Bierzo","description":"La agenda de ocio infantil del Bierzo","publisher":{"@id":"https:\/\/pequebierzo.es\/tienda\/#organization"},"potentialAction":[{"@type":"SearchAction","target":{"@type":"EntryPoint","urlTemplate":"https:\/\/pequebierzo.es\/tienda\/?s={search_term_string}"},"query-input":{"@type":"PropertyValueSpecification","valueRequired":true,"valueName":"search_term_string"}}],"inLanguage":"es"},{"@type":"Organization","@id":"https:\/\/pequebierzo.es\/tienda\/#organization","name":"Peque Bierzo","url":"https:\/\/pequebierzo.es\/tienda\/","logo":{"@type":"ImageObject","inLanguage":"es","@id":"https:\/\/pequebierzo.es\/tienda\/#\/schema\/logo\/image\/","url":"https:\/\/pequebierzo.es\/tienda\/wp-content\/uploads\/2021\/09\/logo-pequebierzo1.png","contentUrl":"https:\/\/pequebierzo.es\/tienda\/wp-content\/uploads\/2021\/09\/logo-pequebierzo1.png","width":200,"height":98,"caption":"Peque Bierzo"},"image":{"@id":"https:\/\/pequebierzo.es\/tienda\/#\/schema\/logo\/image\/"}}]}},"_links":{"self":[{"href":"https:\/\/pequebierzo.es\/tienda\/wp-json\/wp\/v2\/product\/3606","targetHints":{"allow":["GET"]}}],"collection":[{"href":"https:\/\/pequebierzo.es\/tienda\/wp-json\/wp\/v2\/product"}],"about":[{"href":"https:\/\/pequebierzo.es\/tienda\/wp-json\/wp\/v2\/types\/product"}],"replies":[{"embeddable":true,"href":"https:\/\/pequebierzo.es\/tienda\/wp-json\/wp\/v2\/comments?post=3606"}],"version-history":[{"count":1,"href":"https:\/\/pequebierzo.es\/tienda\/wp-json\/wp\/v2\/product\/3606\/revisions"}],"predecessor-version":[{"id":4987,"href":"https:\/\/pequebierzo.es\/tienda\/wp-json\/wp\/v2\/product\/3606\/revisions\/4987"}],"wp:featuredmedia":[{"embeddable":true,"href":"https:\/\/pequebierzo.es\/tienda\/wp-json\/wp\/v2\/media\/3609"}],"wp:attachment":[{"href":"https:\/\/pequebierzo.es\/tienda\/wp-json\/wp\/v2\/media?parent=3606"}],"wp:term":[{"taxonomy":"product_brand","embeddable":true,"href":"https:\/\/pequebierzo.es\/tienda\/wp-json\/wp\/v2\/product_brand?post=3606"},{"taxonomy":"product_cat","embeddable":true,"href":"https:\/\/pequebierzo.es\/tienda\/wp-json\/wp\/v2\/product_cat?post=3606"},{"taxonomy":"product_tag","embeddable":true,"href":"https:\/\/pequebierzo.es\/tienda\/wp-json\/wp\/v2\/product_tag?post=3606"}],"curies":[{"name":"wp","href":"https:\/\/api.w.org\/{rel}","templated":true}]}}