{"id":3672,"date":"2022-08-02T16:01:11","date_gmt":"2022-08-02T14:01:11","guid":{"rendered":"https:\/\/pequebierzo.es\/tienda\/?post_type=product&#038;p=3672"},"modified":"2022-11-30T15:43:22","modified_gmt":"2022-11-30T14:43:22","slug":"los-compas-escapan-de-la-prision","status":"publish","type":"product","link":"https:\/\/pequebierzo.es\/tienda\/producto\/los-compas-escapan-de-la-prision\/","title":{"rendered":"Los compas escapan de la prisi\u00f3n 2: de 8 a 10 a\u00f1os"},"content":{"rendered":"\t\t<div data-elementor-type=\"product-post\" data-elementor-id=\"3672\" class=\"elementor elementor-3672\" data-elementor-post-type=\"product\">\n\t\t\t\t\t\t<section class=\"elementor-section elementor-top-section elementor-element elementor-element-c3e814f elementor-section-boxed elementor-section-height-default elementor-section-height-default\" data-id=\"c3e814f\" data-element_type=\"section\" data-e-type=\"section\">\n\t\t\t\t\t\t<div class=\"elementor-container elementor-column-gap-default\">\n\t\t\t\t\t<div class=\"elementor-column elementor-col-100 elementor-top-column elementor-element elementor-element-67a3cd2\" data-id=\"67a3cd2\" data-element_type=\"column\" data-e-type=\"column\">\n\t\t\t<div class=\"elementor-widget-wrap elementor-element-populated\">\n\t\t\t\t\t\t<div class=\"elementor-element elementor-element-e6f150c elementor-widget elementor-widget-heading\" data-id=\"e6f150c\" data-element_type=\"widget\" data-e-type=\"widget\" data-widget_type=\"heading.default\">\n\t\t\t\t<div class=\"elementor-widget-container\">\n\t\t\t\t\t<h2 class=\"elementor-heading-title elementor-size-default\">Para qu\u00e9 edad est\u00e1 recomendado<\/h2>\t\t\t\t<\/div>\n\t\t\t\t<\/div>\n\t\t\t\t<div class=\"elementor-element elementor-element-6a3b0fe elementor-widget elementor-widget-text-editor\" data-id=\"6a3b0fe\" data-element_type=\"widget\" data-e-type=\"widget\" data-widget_type=\"text-editor.default\">\n\t\t\t\t<div class=\"elementor-widget-container\">\n\t\t\t\t\t\t\t\t\t<p>Para ni\u00f1os y ni\u00f1as de entre 8 y 10 a\u00f1os.<\/p>\t\t\t\t\t\t\t\t<\/div>\n\t\t\t\t<\/div>\n\t\t\t\t<div class=\"elementor-element elementor-element-a376c45 elementor-widget elementor-widget-heading\" data-id=\"a376c45\" data-element_type=\"widget\" data-e-type=\"widget\" data-widget_type=\"heading.default\">\n\t\t\t\t<div class=\"elementor-widget-container\">\n\t\t\t\t\t<h2 class=\"elementor-heading-title elementor-size-default\">Sinopsis: \u00bfDe qu\u00e9 trata el libro Los compas escapan de la prisi\u00f3n?<\/h2>\t\t\t\t<\/div>\n\t\t\t\t<\/div>\n\t\t\t\t<div class=\"elementor-element elementor-element-5b7ae72 elementor-widget elementor-widget-text-editor\" data-id=\"5b7ae72\" data-element_type=\"widget\" data-e-type=\"widget\" data-widget_type=\"text-editor.default\">\n\t\t\t\t<div class=\"elementor-widget-container\">\n\t\t\t\t\t\t\t\t\t<p>Gracias al diamantito legendario, MIKE, TIMBA y TROLLI pueden continuar por fin con sus merecidas vacaciones\u2026 \u00bfO no?<\/p><p>Justo cuando est\u00e1n celebr\u00e1ndolo, aparece el sargento Pimiento, al mando de la polic\u00eda de Tropicubo, y los detiene por vandalismo.<\/p><p>\u00a1Pero si ellos no han hecho nada!<\/p><p>Por m\u00e1s que protestan, parece que la nueva aventura de los Compas tendr\u00e1 lugar en un sitio que ninguno de ellos imaginaba\u2026<\/p>\t\t\t\t\t\t\t\t<\/div>\n\t\t\t\t<\/div>\n\t\t\t\t<div class=\"elementor-element elementor-element-69570c2 elementor-widget elementor-widget-heading\" data-id=\"69570c2\" data-element_type=\"widget\" data-e-type=\"widget\" data-widget_type=\"heading.default\">\n\t\t\t\t<div class=\"elementor-widget-container\">\n\t\t\t\t\t<h2 class=\"elementor-heading-title elementor-size-default\">\u00bfPor qu\u00e9 comprar Los compas escapan de la prisi\u00f3n para regalar?<\/h2>\t\t\t\t<\/div>\n\t\t\t\t<\/div>\n\t\t\t\t<div class=\"elementor-element elementor-element-2ddca1e elementor-widget elementor-widget-text-editor\" data-id=\"2ddca1e\" data-element_type=\"widget\" data-e-type=\"widget\" data-widget_type=\"text-editor.default\">\n\t\t\t\t<div class=\"elementor-widget-container\">\n\t\t\t\t\t\t\t\t\t<ul><li>Porque si se ha le\u00eddo el primer libro debe tener unas ganas tremendas de leer el segundo<\/li><li>Le ayudar\u00e1 a ver la lectura como algo divertido<\/li><li>Le alejar\u00e1 de las pantallas<\/li><li>Vivir\u00e1 aventuras con mucho humor<\/li><li>Querr\u00e1 leer a\u00fan m\u00e1s libros de esta misma colecci\u00f3n<\/li><\/ul>\t\t\t\t\t\t\t\t<\/div>\n\t\t\t\t<\/div>\n\t\t\t\t<div class=\"elementor-element elementor-element-b62ec7e elementor-widget elementor-widget-heading\" data-id=\"b62ec7e\" data-element_type=\"widget\" data-e-type=\"widget\" data-widget_type=\"heading.default\">\n\t\t\t\t<div class=\"elementor-widget-container\">\n\t\t\t\t\t<h2 class=\"elementor-heading-title elementor-size-default\">Ficha del libro<\/h2>\t\t\t\t<\/div>\n\t\t\t\t<\/div>\n\t\t\t\t<div class=\"elementor-element elementor-element-bdfcfa4 elementor-widget elementor-widget-text-editor\" data-id=\"bdfcfa4\" data-element_type=\"widget\" data-e-type=\"widget\" data-widget_type=\"text-editor.default\">\n\t\t\t\t<div class=\"elementor-widget-container\">\n\t\t\t\t\t\t\t\t\t<p><strong>Autor<\/strong>: Mikecrack El Trollino y Timba Vk<\/p><p><strong>Editorial<\/strong>: MART\u00cdNEZ ROCA<\/p><p><strong>P\u00e1ginas<\/strong>: 224<\/p><p><strong>Medidas<\/strong>: 230 mm x 150 mm<\/p><p><strong>Idioma<\/strong>: Espa\u00f1ol \/ Castellano<\/p><p><strong>Fecha de edici\u00f3n<\/strong>: 29\/10\/2020<\/p><p><strong>ISBN<\/strong>: 9788427047952<\/p><p>Tapa dura<\/p>\t\t\t\t\t\t\t\t<\/div>\n\t\t\t\t<\/div>\n\t\t\t\t<div class=\"elementor-element elementor-element-838c651 elementor-widget elementor-widget-heading\" data-id=\"838c651\" data-element_type=\"widget\" data-e-type=\"widget\" data-widget_type=\"heading.default\">\n\t\t\t\t<div class=\"elementor-widget-container\">\n\t\t\t\t\t<h2 class=\"elementor-heading-title elementor-size-default\">\u00bfQui\u00e9n escribi\u00f3 Los Compas?<\/h2>\t\t\t\t<\/div>\n\t\t\t\t<\/div>\n\t\t\t\t<div class=\"elementor-element elementor-element-bd7e910 elementor-widget elementor-widget-text-editor\" data-id=\"bd7e910\" data-element_type=\"widget\" data-e-type=\"widget\" data-widget_type=\"text-editor.default\">\n\t\t\t\t<div class=\"elementor-widget-container\">\n\t\t\t\t\t\t\t\t\t<p><strong>Miguel Bernal Montes<\/strong>, m\u00e1s conocido online como Mikecrack, es un YouTuber, animador inform\u00e1tico y cantante espa\u00f1ol conocido por sus juegos de video juegos, as\u00ed como por sus animaciones y parodias musicales.<\/p><p><strong>Rub\u00e9n Conde Rivas<\/strong>, mejor conocido como Timba Vk, es un youtuber espa\u00f1ol que se dedica a subir gameplays de Minecraft.<\/p><p><strong>Javier L\u00f3pez Hervas<\/strong> es Trolli es un youtuber espa\u00f1ol que se dedica principalmente a subir Gameplays de Minecraft al igual que ROBLOX y diferentes juegos en realidad virtual.<\/p>\t\t\t\t\t\t\t\t<\/div>\n\t\t\t\t<\/div>\n\t\t\t\t\t<\/div>\n\t\t<\/div>\n\t\t\t\t\t<\/div>\n\t\t<\/section>\n\t\t\t\t<section class=\"elementor-section elementor-top-section elementor-element elementor-element-57f6cd2 elementor-section-boxed elementor-section-height-default elementor-section-height-default\" data-id=\"57f6cd2\" data-element_type=\"section\" data-e-type=\"section\">\n\t\t\t\t\t\t\t<div class=\"elementor-background-overlay\"><\/div>\n\t\t\t\t\t\t\t<div class=\"elementor-container elementor-column-gap-default\">\n\t\t\t\t\t<div class=\"elementor-column elementor-col-33 elementor-top-column elementor-element elementor-element-0088199\" data-id=\"0088199\" data-element_type=\"column\" data-e-type=\"column\">\n\t\t\t<div class=\"elementor-widget-wrap\">\n\t\t\t\t\t\t\t<\/div>\n\t\t<\/div>\n\t\t\t\t<div class=\"elementor-column elementor-col-33 elementor-top-column elementor-element elementor-element-5598f20\" data-id=\"5598f20\" data-element_type=\"column\" data-e-type=\"column\">\n\t\t\t<div class=\"elementor-widget-wrap elementor-element-populated\">\n\t\t\t\t\t\t<div class=\"elementor-element elementor-element-eb33f57 elementor-widget elementor-widget-heading\" data-id=\"eb33f57\" data-element_type=\"widget\" data-e-type=\"widget\" data-widget_type=\"heading.default\">\n\t\t\t\t<div class=\"elementor-widget-container\">\n\t\t\t\t\t<h2 class=\"elementor-heading-title elementor-size-default\">\u00a1Se lo quiero regalar YA!<\/h2>\t\t\t\t<\/div>\n\t\t\t\t<\/div>\n\t\t\t\t<div class=\"elementor-element elementor-element-85221a7 e-add-to-cart--show-quantity-yes elementor-widget elementor-widget-woocommerce-product-add-to-cart\" data-id=\"85221a7\" data-element_type=\"widget\" data-e-type=\"widget\" data-widget_type=\"woocommerce-product-add-to-cart.default\">\n\t\t\t\t<div class=\"elementor-widget-container\">\n\t\t\t\t\t\n\t\t<div class=\"elementor-add-to-cart elementor-product-simple\">\n\t\t\t\n\t\n\t<form class=\"cart\" action=\"https:\/\/pequebierzo.es\/tienda\/producto\/los-compas-escapan-de-la-prision\/\" method=\"post\" enctype='multipart\/form-data'>\n\t\t\n\t\t<div class=\"quantity\">\n\t\t<label class=\"screen-reader-text\" for=\"quantity_69e0258115728\">Los compas escapan de la prisi\u00f3n 2: de 8 a 10 a\u00f1os cantidad<\/label>\n\t<input\n\t\ttype=\"number\"\n\t\t\t\tid=\"quantity_69e0258115728\"\n\t\tclass=\"input-text qty text\"\n\t\tname=\"quantity\"\n\t\tvalue=\"1\"\n\t\taria-label=\"Cantidad de productos\"\n\t\t\t\tmin=\"1\"\n\t\t\t\t\t\t\tstep=\"1\"\n\t\t\tplaceholder=\"\"\n\t\t\tinputmode=\"numeric\"\n\t\t\tautocomplete=\"off\"\n\t\t\t\/>\n\t<\/div>\n\n\t\t<button type=\"submit\" name=\"add-to-cart\" value=\"3672\" class=\"single_add_to_cart_button button alt\">A\u00f1adir al carrito<\/button>\n\n\t\t<input type=\"hidden\" name=\"gtm4wp_product_data\" value=\"{&quot;internal_id&quot;:3672,&quot;item_id&quot;:3672,&quot;item_name&quot;:&quot;Los compas escapan de la prisi\\u00f3n 2: de 8 a 10 a\\u00f1os&quot;,&quot;sku&quot;:3672,&quot;price&quot;:15.11,&quot;stocklevel&quot;:null,&quot;stockstatus&quot;:&quot;instock&quot;,&quot;google_business_vertical&quot;:&quot;retail&quot;,&quot;item_category&quot;:&quot;Libros infantiles&quot;,&quot;id&quot;:3672,&quot;item_brand&quot;:&quot;Libros infantiles&quot;}\" \/>\n\t<\/form>\n\n\t\n\t\t<\/div>\n\n\t\t\t\t\t\t<\/div>\n\t\t\t\t<\/div>\n\t\t\t\t<div class=\"elementor-element elementor-element-8a85e5c elementor-widget elementor-widget-text-editor\" data-id=\"8a85e5c\" data-element_type=\"widget\" data-e-type=\"widget\" data-widget_type=\"text-editor.default\">\n\t\t\t\t<div class=\"elementor-widget-container\">\n\t\t\t\t\t\t\t\t\t<div id=\"nta-wabutton-770\" style=\"margin: 30px 0 30px;\"><a target=\"_blank\" href=\"https:\/\/web.whatsapp.com\/send?phone=34626593172&#038;text=Tengo una duda sobre este producto (https:\/\/pequebierzo.es\/tienda\/wp-json\/wp\/v2\/product\/3672)...\" class=\"wa__button wa__r_button wa__stt_online wa__btn_w_img \"><div class=\"wa__cs_img\"><div class=\"wa__cs_img_wrap\" style=\"background: url(https:\/\/pequebierzo.es\/tienda\/wp-content\/uploads\/2021\/11\/jana-79x79-1-788x788.png) center center no-repeat; background-size: cover;\"><\/div><\/div><div class=\"wa__btn_txt\"><div class=\"wa__cs_info\"><div class=\"wa__cs_name\">Jana Soto<\/div><div class=\"wa__cs_status\">Online<\/div><\/div><div class=\"wa__btn_title\">Enviar mensaje a Jana<\/div><\/div><\/a><\/div>\t\t\t\t\t\t\t\t<\/div>\n\t\t\t\t<\/div>\n\t\t\t\t\t<\/div>\n\t\t<\/div>\n\t\t\t\t<div class=\"elementor-column elementor-col-33 elementor-top-column elementor-element elementor-element-5d62a8a\" data-id=\"5d62a8a\" data-element_type=\"column\" data-e-type=\"column\">\n\t\t\t<div class=\"elementor-widget-wrap\">\n\t\t\t\t\t\t\t<\/div>\n\t\t<\/div>\n\t\t\t\t\t<\/div>\n\t\t<\/section>\n\t\t\t\t<section class=\"elementor-section elementor-top-section elementor-element elementor-element-ee14c10 elementor-section-boxed elementor-section-height-default elementor-section-height-default\" data-id=\"ee14c10\" data-element_type=\"section\" data-e-type=\"section\">\n\t\t\t\t\t\t<div class=\"elementor-container elementor-column-gap-default\">\n\t\t\t\t\t<div class=\"elementor-column elementor-col-100 elementor-top-column elementor-element elementor-element-1c49fc5\" data-id=\"1c49fc5\" data-element_type=\"column\" data-e-type=\"column\">\n\t\t\t<div class=\"elementor-widget-wrap elementor-element-populated\">\n\t\t\t\t\t\t<div class=\"elementor-element elementor-element-a32682a elementor-align-center elementor-widget elementor-widget-button\" data-id=\"a32682a\" data-element_type=\"widget\" data-e-type=\"widget\" data-widget_type=\"button.default\">\n\t\t\t\t<div class=\"elementor-widget-container\">\n\t\t\t\t\t\t\t\t\t<div class=\"elementor-button-wrapper\">\n\t\t\t\t\t<a class=\"elementor-button elementor-button-link elementor-size-lg\" href=\"https:\/\/pequebierzo.es\/los-compas-libros\/\" target=\"_blank\" rel=\"nofollow\">\n\t\t\t\t\t\t<span class=\"elementor-button-content-wrapper\">\n\t\t\t\t\t\t\t\t\t<span class=\"elementor-button-text\">Ver todos los libros de Los Compas<\/span>\n\t\t\t\t\t<\/span>\n\t\t\t\t\t<\/a>\n\t\t\t\t<\/div>\n\t\t\t\t\t\t\t\t<\/div>\n\t\t\t\t<\/div>\n\t\t\t\t<div class=\"elementor-element elementor-element-c3b49ef elementor-widget elementor-widget-image\" data-id=\"c3b49ef\" data-element_type=\"widget\" data-e-type=\"widget\" data-widget_type=\"image.default\">\n\t\t\t\t<div class=\"elementor-widget-container\">\n\t\t\t\t\t\t\t\t\t\t\t\t\t\t\t\t<a href=\"https:\/\/pequebierzo.es\/los-compas-libros\/\">\n\t\t\t\t\t\t\t<img fetchpriority=\"high\" decoding=\"async\" width=\"970\" height=\"300\" src=\"https:\/\/pequebierzo.es\/tienda\/wp-content\/uploads\/2022\/08\/comprar-libros-los-compas.jpg\" class=\"attachment-full size-full wp-image-3748\" alt=\"comprar libros Los Compas\" srcset=\"https:\/\/pequebierzo.es\/tienda\/wp-content\/uploads\/2022\/08\/comprar-libros-los-compas.jpg 970w, https:\/\/pequebierzo.es\/tienda\/wp-content\/uploads\/2022\/08\/comprar-libros-los-compas-300x93.jpg 300w, https:\/\/pequebierzo.es\/tienda\/wp-content\/uploads\/2022\/08\/comprar-libros-los-compas-768x238.jpg 768w, https:\/\/pequebierzo.es\/tienda\/wp-content\/uploads\/2022\/08\/comprar-libros-los-compas-600x186.jpg 600w\" sizes=\"(max-width: 970px) 100vw, 970px\" \/>\t\t\t\t\t\t\t\t<\/a>\n\t\t\t\t\t\t\t\t\t\t\t\t\t\t\t<\/div>\n\t\t\t\t<\/div>\n\t\t\t\t\t<\/div>\n\t\t<\/div>\n\t\t\t\t\t<\/div>\n\t\t<\/section>\n\t\t\t\t<\/div>\n\t\t","protected":false},"excerpt":{"rendered":"<p>\u00bfTu peque tiene entre 8 y 10 a\u00f1os y ya se ha le\u00eddo el primer libro de <a href=\"https:\/\/pequebierzo.es\/tienda\/producto\/los-compas-y-el-diamantito-legendario\/\">Los compas y el diamantito legendario<\/a>?<\/p>\n<p>Si es as\u00ed, debe tener much\u00edsimas ganas de continuar la historia.<\/p>\n<p>\u201cLos Compas escapan de la prisi\u00f3n\u201d es el <strong>segundo libro de esta famos\u00edsima colecci\u00f3n<\/strong>.<\/p>\n<p><em>En esta ocasi\u00f3n, los tres personajes intentar\u00e1n disfrutar de sus merecidas vacaciones. <\/em><\/p>\n<p><em>Pero -justo en medio de la celebraci\u00f3n- el sargento Pimiento de la polic\u00eda de Tropicubo los detiene por vandalismo \u00a1Pero si no hemos hecho nada!<\/em><\/p>\n<p><em>\u00a0\u00bfC\u00f3mo van a salir de esta?<\/em><\/p>\n<p>El libro est\u00e1 genial, tiene muchas ilustraciones bitono, letra grande y una narraci\u00f3n din\u00e1mica y f\u00e1cil de leer.<\/p>\n<p>Si tu ni\u00f1o ya ha le\u00eddo el primer libro y est\u00e1s buscando una lectura que le enganche de verdad, no busques m\u00e1s.<\/p>\n<p>Compra ahora \u201cLos Compas escapan de la prisi\u00f3n\u201d.<\/p>\n","protected":false},"featured_media":3673,"comment_status":"open","ping_status":"closed","template":"","meta":[],"product_brand":[],"product_cat":[41],"product_tag":[],"class_list":{"0":"post-3672","1":"product","2":"type-product","3":"status-publish","4":"has-post-thumbnail","6":"product_cat-libros-infantiles","8":"first","9":"instock","10":"sale","11":"taxable","12":"shipping-taxable","13":"purchasable","14":"product-type-simple"},"yoast_head":"<!-- This site is optimized with the Yoast SEO plugin v27.0 - https:\/\/yoast.com\/product\/yoast-seo-wordpress\/ -->\n<title>\u27a4 Los compas escapan de la prisi\u00f3n \u3010 de 8 a 10 a\u00f1os \u3011<\/title>\n<meta name=\"description\" content=\"llll\u27a4 Tu peque tiene de 8 a 10 a\u00f1os y ya se ha le\u00eddo el primer libro de Los compas? REG\u00c1LALE el 2\u00ba libro \u3010 Los Compas escapan de la prisi\u00f3n \u3011\" \/>\n<meta name=\"robots\" content=\"index, follow, max-snippet:-1, max-image-preview:large, max-video-preview:-1\" \/>\n<link rel=\"canonical\" href=\"https:\/\/pequebierzo.es\/tienda\/producto\/los-compas-escapan-de-la-prision\/\" \/>\n<meta property=\"og:locale\" content=\"es_ES\" \/>\n<meta property=\"og:type\" content=\"article\" \/>\n<meta property=\"og:title\" content=\"\u27a4 Los compas escapan de la prisi\u00f3n \u3010 de 8 a 10 a\u00f1os \u3011\" \/>\n<meta property=\"og:description\" content=\"llll\u27a4 Tu peque tiene de 8 a 10 a\u00f1os y ya se ha le\u00eddo el primer libro de Los compas? REG\u00c1LALE el 2\u00ba libro \u3010 Los Compas escapan de la prisi\u00f3n \u3011\" \/>\n<meta property=\"og:url\" content=\"https:\/\/pequebierzo.es\/tienda\/producto\/los-compas-escapan-de-la-prision\/\" \/>\n<meta property=\"og:site_name\" content=\"Peque Bierzo\" \/>\n<meta property=\"article:modified_time\" content=\"2022-11-30T14:43:22+00:00\" \/>\n<meta property=\"og:image\" content=\"https:\/\/pequebierzo.es\/tienda\/wp-content\/uploads\/2022\/08\/2-Los-Compas-escapan-de-la-prision.jpg\" \/>\n\t<meta property=\"og:image:width\" content=\"857\" \/>\n\t<meta property=\"og:image:height\" content=\"938\" \/>\n\t<meta property=\"og:image:type\" content=\"image\/jpeg\" \/>\n<meta name=\"twitter:card\" content=\"summary_large_image\" \/>\n<!-- \/ Yoast SEO plugin. -->","yoast_head_json":{"title":"\u27a4 Los compas escapan de la prisi\u00f3n \u3010 de 8 a 10 a\u00f1os \u3011","description":"llll\u27a4 Tu peque tiene de 8 a 10 a\u00f1os y ya se ha le\u00eddo el primer libro de Los compas? REG\u00c1LALE el 2\u00ba libro \u3010 Los Compas escapan de la prisi\u00f3n \u3011","robots":{"index":"index","follow":"follow","max-snippet":"max-snippet:-1","max-image-preview":"max-image-preview:large","max-video-preview":"max-video-preview:-1"},"canonical":"https:\/\/pequebierzo.es\/tienda\/producto\/los-compas-escapan-de-la-prision\/","og_locale":"es_ES","og_type":"article","og_title":"\u27a4 Los compas escapan de la prisi\u00f3n \u3010 de 8 a 10 a\u00f1os \u3011","og_description":"llll\u27a4 Tu peque tiene de 8 a 10 a\u00f1os y ya se ha le\u00eddo el primer libro de Los compas? REG\u00c1LALE el 2\u00ba libro \u3010 Los Compas escapan de la prisi\u00f3n \u3011","og_url":"https:\/\/pequebierzo.es\/tienda\/producto\/los-compas-escapan-de-la-prision\/","og_site_name":"Peque Bierzo","article_modified_time":"2022-11-30T14:43:22+00:00","og_image":[{"width":857,"height":938,"url":"https:\/\/pequebierzo.es\/tienda\/wp-content\/uploads\/2022\/08\/2-Los-Compas-escapan-de-la-prision.jpg","type":"image\/jpeg"}],"twitter_card":"summary_large_image","schema":{"@context":"https:\/\/schema.org","@graph":[{"@type":"WebPage","@id":"https:\/\/pequebierzo.es\/tienda\/producto\/los-compas-escapan-de-la-prision\/","url":"https:\/\/pequebierzo.es\/tienda\/producto\/los-compas-escapan-de-la-prision\/","name":"\u27a4 Los compas escapan de la prisi\u00f3n \u3010 de 8 a 10 a\u00f1os \u3011","isPartOf":{"@id":"https:\/\/pequebierzo.es\/tienda\/#website"},"primaryImageOfPage":{"@id":"https:\/\/pequebierzo.es\/tienda\/producto\/los-compas-escapan-de-la-prision\/#primaryimage"},"image":{"@id":"https:\/\/pequebierzo.es\/tienda\/producto\/los-compas-escapan-de-la-prision\/#primaryimage"},"thumbnailUrl":"https:\/\/pequebierzo.es\/tienda\/wp-content\/uploads\/2022\/08\/2-Los-Compas-escapan-de-la-prision.jpg","datePublished":"2022-08-02T14:01:11+00:00","dateModified":"2022-11-30T14:43:22+00:00","description":"llll\u27a4 Tu peque tiene de 8 a 10 a\u00f1os y ya se ha le\u00eddo el primer libro de Los compas? REG\u00c1LALE el 2\u00ba libro \u3010 Los Compas escapan de la prisi\u00f3n \u3011","breadcrumb":{"@id":"https:\/\/pequebierzo.es\/tienda\/producto\/los-compas-escapan-de-la-prision\/#breadcrumb"},"inLanguage":"es","potentialAction":[{"@type":"ReadAction","target":["https:\/\/pequebierzo.es\/tienda\/producto\/los-compas-escapan-de-la-prision\/"]}]},{"@type":"ImageObject","inLanguage":"es","@id":"https:\/\/pequebierzo.es\/tienda\/producto\/los-compas-escapan-de-la-prision\/#primaryimage","url":"https:\/\/pequebierzo.es\/tienda\/wp-content\/uploads\/2022\/08\/2-Los-Compas-escapan-de-la-prision.jpg","contentUrl":"https:\/\/pequebierzo.es\/tienda\/wp-content\/uploads\/2022\/08\/2-Los-Compas-escapan-de-la-prision.jpg","width":857,"height":938,"caption":"Los compas escapan de la prisi\u00f3n"},{"@type":"BreadcrumbList","@id":"https:\/\/pequebierzo.es\/tienda\/producto\/los-compas-escapan-de-la-prision\/#breadcrumb","itemListElement":[{"@type":"ListItem","position":1,"name":"Portada","item":"https:\/\/pequebierzo.es\/tienda\/"},{"@type":"ListItem","position":2,"name":"T2","item":"https:\/\/pequebierzo.es\/tienda\/t2\/"},{"@type":"ListItem","position":3,"name":"Los compas escapan de la prisi\u00f3n 2: de 8 a 10 a\u00f1os"}]},{"@type":"WebSite","@id":"https:\/\/pequebierzo.es\/tienda\/#website","url":"https:\/\/pequebierzo.es\/tienda\/","name":"Peque Bierzo","description":"La agenda de ocio infantil del Bierzo","publisher":{"@id":"https:\/\/pequebierzo.es\/tienda\/#organization"},"potentialAction":[{"@type":"SearchAction","target":{"@type":"EntryPoint","urlTemplate":"https:\/\/pequebierzo.es\/tienda\/?s={search_term_string}"},"query-input":{"@type":"PropertyValueSpecification","valueRequired":true,"valueName":"search_term_string"}}],"inLanguage":"es"},{"@type":"Organization","@id":"https:\/\/pequebierzo.es\/tienda\/#organization","name":"Peque Bierzo","url":"https:\/\/pequebierzo.es\/tienda\/","logo":{"@type":"ImageObject","inLanguage":"es","@id":"https:\/\/pequebierzo.es\/tienda\/#\/schema\/logo\/image\/","url":"https:\/\/pequebierzo.es\/tienda\/wp-content\/uploads\/2021\/09\/logo-pequebierzo1.png","contentUrl":"https:\/\/pequebierzo.es\/tienda\/wp-content\/uploads\/2021\/09\/logo-pequebierzo1.png","width":200,"height":98,"caption":"Peque Bierzo"},"image":{"@id":"https:\/\/pequebierzo.es\/tienda\/#\/schema\/logo\/image\/"}}]}},"_links":{"self":[{"href":"https:\/\/pequebierzo.es\/tienda\/wp-json\/wp\/v2\/product\/3672","targetHints":{"allow":["GET"]}}],"collection":[{"href":"https:\/\/pequebierzo.es\/tienda\/wp-json\/wp\/v2\/product"}],"about":[{"href":"https:\/\/pequebierzo.es\/tienda\/wp-json\/wp\/v2\/types\/product"}],"replies":[{"embeddable":true,"href":"https:\/\/pequebierzo.es\/tienda\/wp-json\/wp\/v2\/comments?post=3672"}],"version-history":[{"count":1,"href":"https:\/\/pequebierzo.es\/tienda\/wp-json\/wp\/v2\/product\/3672\/revisions"}],"predecessor-version":[{"id":4990,"href":"https:\/\/pequebierzo.es\/tienda\/wp-json\/wp\/v2\/product\/3672\/revisions\/4990"}],"wp:featuredmedia":[{"embeddable":true,"href":"https:\/\/pequebierzo.es\/tienda\/wp-json\/wp\/v2\/media\/3673"}],"wp:attachment":[{"href":"https:\/\/pequebierzo.es\/tienda\/wp-json\/wp\/v2\/media?parent=3672"}],"wp:term":[{"taxonomy":"product_brand","embeddable":true,"href":"https:\/\/pequebierzo.es\/tienda\/wp-json\/wp\/v2\/product_brand?post=3672"},{"taxonomy":"product_cat","embeddable":true,"href":"https:\/\/pequebierzo.es\/tienda\/wp-json\/wp\/v2\/product_cat?post=3672"},{"taxonomy":"product_tag","embeddable":true,"href":"https:\/\/pequebierzo.es\/tienda\/wp-json\/wp\/v2\/product_tag?post=3672"}],"curies":[{"name":"wp","href":"https:\/\/api.w.org\/{rel}","templated":true}]}}