{"id":3678,"date":"2022-08-02T16:11:00","date_gmt":"2022-08-02T14:11:00","guid":{"rendered":"https:\/\/pequebierzo.es\/tienda\/?post_type=product&#038;p=3678"},"modified":"2022-11-30T15:43:09","modified_gmt":"2022-11-30T14:43:09","slug":"los-compas-y-la-camara-del-tiempo","status":"publish","type":"product","link":"https:\/\/pequebierzo.es\/tienda\/producto\/los-compas-y-la-camara-del-tiempo\/","title":{"rendered":"Los Compas y la c\u00e1mara del tiempo 3: de 8 a 10 a\u00f1os"},"content":{"rendered":"\t\t<div data-elementor-type=\"product-post\" data-elementor-id=\"3678\" class=\"elementor elementor-3678\" data-elementor-post-type=\"product\">\n\t\t\t\t\t\t<section class=\"elementor-section elementor-top-section elementor-element elementor-element-4891bac elementor-section-boxed elementor-section-height-default elementor-section-height-default\" data-id=\"4891bac\" data-element_type=\"section\" data-e-type=\"section\">\n\t\t\t\t\t\t<div class=\"elementor-container elementor-column-gap-default\">\n\t\t\t\t\t<div class=\"elementor-column elementor-col-100 elementor-top-column elementor-element elementor-element-92c4a32\" data-id=\"92c4a32\" data-element_type=\"column\" data-e-type=\"column\">\n\t\t\t<div class=\"elementor-widget-wrap elementor-element-populated\">\n\t\t\t\t\t\t<div class=\"elementor-element elementor-element-60cccb7 elementor-widget elementor-widget-heading\" data-id=\"60cccb7\" data-element_type=\"widget\" data-e-type=\"widget\" data-widget_type=\"heading.default\">\n\t\t\t\t<div class=\"elementor-widget-container\">\n\t\t\t\t\t<h2 class=\"elementor-heading-title elementor-size-default\">Para qu\u00e9 edad est\u00e1 recomendado<\/h2>\t\t\t\t<\/div>\n\t\t\t\t<\/div>\n\t\t\t\t<div class=\"elementor-element elementor-element-d84a005 elementor-widget elementor-widget-text-editor\" data-id=\"d84a005\" data-element_type=\"widget\" data-e-type=\"widget\" data-widget_type=\"text-editor.default\">\n\t\t\t\t<div class=\"elementor-widget-container\">\n\t\t\t\t\t\t\t\t\t<p>Para ni\u00f1as y ni\u00f1os de entre 8 y 10 a\u00f1os.<\/p>\t\t\t\t\t\t\t\t<\/div>\n\t\t\t\t<\/div>\n\t\t\t\t<div class=\"elementor-element elementor-element-ca5face elementor-widget elementor-widget-heading\" data-id=\"ca5face\" data-element_type=\"widget\" data-e-type=\"widget\" data-widget_type=\"heading.default\">\n\t\t\t\t<div class=\"elementor-widget-container\">\n\t\t\t\t\t<h2 class=\"elementor-heading-title elementor-size-default\">Sinopsis: \u00bfDe qu\u00e9 trata el libro Los Compas y la c\u00e1mara del tiempo?<\/h2>\t\t\t\t<\/div>\n\t\t\t\t<\/div>\n\t\t\t\t<div class=\"elementor-element elementor-element-62c018e elementor-widget elementor-widget-text-editor\" data-id=\"62c018e\" data-element_type=\"widget\" data-e-type=\"widget\" data-widget_type=\"text-editor.default\">\n\t\t\t\t<div class=\"elementor-widget-container\">\n\t\t\t\t\t\t\t\t\t<p>Despu\u00e9s de que Rius insista mucho, Mike, Timba y Trolli van a visitar la exposici\u00f3n donde se cuenta la historia del tesoro de su antepasado.<\/p><p>No es que les haga mucha ilusi\u00f3n, pero con tal de no escucharle\u2026<\/p><p>Aunque al final, no est\u00e1 tan mal.<\/p><p>Hay trastos muy curiosos: tocadiscos, tel\u00e9fonos m\u00f3viles tama\u00f1o XXL, c\u00e1maras de fotos con carrete\u2026<\/p><p>Pero espera un momento\u2026 \u00bfC\u00f3mo han pasado Los Compas de estar en un museo a ser perseguidos por \u00a1\u00a1\u00a1UN DINOSAURIO!!!?<\/p>\t\t\t\t\t\t\t\t<\/div>\n\t\t\t\t<\/div>\n\t\t\t\t<div class=\"elementor-element elementor-element-08cfb14 elementor-widget elementor-widget-heading\" data-id=\"08cfb14\" data-element_type=\"widget\" data-e-type=\"widget\" data-widget_type=\"heading.default\">\n\t\t\t\t<div class=\"elementor-widget-container\">\n\t\t\t\t\t<h2 class=\"elementor-heading-title elementor-size-default\">\u00bfPor qu\u00e9 comprar Los Compas y la c\u00e1mara del tiempo para regalar?<\/h2>\t\t\t\t<\/div>\n\t\t\t\t<\/div>\n\t\t\t\t<div class=\"elementor-element elementor-element-8f22afc elementor-widget elementor-widget-text-editor\" data-id=\"8f22afc\" data-element_type=\"widget\" data-e-type=\"widget\" data-widget_type=\"text-editor.default\">\n\t\t\t\t<div class=\"elementor-widget-container\">\n\t\t\t\t\t\t\t\t\t<ul><li>Porque si se ha le\u00eddo el primer y el segundo libro debe tener unas ganas tremendas de leer este tercero<\/li><li>Le alejar\u00e1 de las pantallas<\/li><li>Le ayudar\u00e1 a ver la lectura como algo divertido<\/li><li>Vivir\u00e1 aventuras con mucho humor<\/li><li>Querr\u00e1 leer a\u00fan m\u00e1s libros de esta misma colecci\u00f3n<\/li><\/ul>\t\t\t\t\t\t\t\t<\/div>\n\t\t\t\t<\/div>\n\t\t\t\t<div class=\"elementor-element elementor-element-19b47d3 elementor-widget elementor-widget-heading\" data-id=\"19b47d3\" data-element_type=\"widget\" data-e-type=\"widget\" data-widget_type=\"heading.default\">\n\t\t\t\t<div class=\"elementor-widget-container\">\n\t\t\t\t\t<h2 class=\"elementor-heading-title elementor-size-default\">Ficha del libro<\/h2>\t\t\t\t<\/div>\n\t\t\t\t<\/div>\n\t\t\t\t<div class=\"elementor-element elementor-element-6744abe elementor-widget elementor-widget-text-editor\" data-id=\"6744abe\" data-element_type=\"widget\" data-e-type=\"widget\" data-widget_type=\"text-editor.default\">\n\t\t\t\t<div class=\"elementor-widget-container\">\n\t\t\t\t\t\t\t\t\t<p><strong>Autor<\/strong>: Mikecrack El Trollino y Timba Vk<\/p><p><strong>Editorial<\/strong>: MART\u00cdNEZ ROCA<\/p><p><strong>P\u00e1ginas<\/strong>: 224<\/p><p><strong>Medidas<\/strong>: 230 mm x 150 mm<\/p><p><strong>Idioma<\/strong>: Espa\u00f1ol \/ Castellano<\/p><p><strong>Fecha de edici\u00f3n<\/strong>: 09\/06\/2020<\/p><p><strong>ISBN<\/strong>: 9788427047372<\/p><p>Tapa dura<\/p>\t\t\t\t\t\t\t\t<\/div>\n\t\t\t\t<\/div>\n\t\t\t\t<div class=\"elementor-element elementor-element-d448c15 elementor-widget elementor-widget-heading\" data-id=\"d448c15\" data-element_type=\"widget\" data-e-type=\"widget\" data-widget_type=\"heading.default\">\n\t\t\t\t<div class=\"elementor-widget-container\">\n\t\t\t\t\t<h2 class=\"elementor-heading-title elementor-size-default\">\u00bfQui\u00e9n escribi\u00f3 Los Compas?<\/h2>\t\t\t\t<\/div>\n\t\t\t\t<\/div>\n\t\t\t\t<div class=\"elementor-element elementor-element-c69330e elementor-widget elementor-widget-text-editor\" data-id=\"c69330e\" data-element_type=\"widget\" data-e-type=\"widget\" data-widget_type=\"text-editor.default\">\n\t\t\t\t<div class=\"elementor-widget-container\">\n\t\t\t\t\t\t\t\t\t<p><strong>Miguel Bernal Montes<\/strong>, m\u00e1s conocido online como Mikecrack, es un YouTuber, animador inform\u00e1tico y cantante espa\u00f1ol conocido por sus juegos de video juegos, as\u00ed como por sus animaciones y parodias musicales.<\/p><p><strong>Rub\u00e9n Conde Rivas<\/strong>, mejor conocido como Timba Vk, es un youtuber espa\u00f1ol que se dedica a subir gameplays de Minecraft.<\/p><p><strong>Javier L\u00f3pez Hervas<\/strong> es Trolli es un youtuber espa\u00f1ol que se dedica principalmente a subir Gameplays de Minecraft al igual que ROBLOX y diferentes juegos en realidad virtual.<\/p>\t\t\t\t\t\t\t\t<\/div>\n\t\t\t\t<\/div>\n\t\t\t\t\t<\/div>\n\t\t<\/div>\n\t\t\t\t\t<\/div>\n\t\t<\/section>\n\t\t\t\t<section class=\"elementor-section elementor-top-section elementor-element elementor-element-3382f35 elementor-section-boxed elementor-section-height-default elementor-section-height-default\" data-id=\"3382f35\" data-element_type=\"section\" data-e-type=\"section\">\n\t\t\t\t\t\t\t<div class=\"elementor-background-overlay\"><\/div>\n\t\t\t\t\t\t\t<div class=\"elementor-container elementor-column-gap-default\">\n\t\t\t\t\t<div class=\"elementor-column elementor-col-33 elementor-top-column elementor-element elementor-element-732131e\" data-id=\"732131e\" data-element_type=\"column\" data-e-type=\"column\">\n\t\t\t<div class=\"elementor-widget-wrap\">\n\t\t\t\t\t\t\t<\/div>\n\t\t<\/div>\n\t\t\t\t<div class=\"elementor-column elementor-col-33 elementor-top-column elementor-element elementor-element-6b723a5\" data-id=\"6b723a5\" data-element_type=\"column\" data-e-type=\"column\">\n\t\t\t<div class=\"elementor-widget-wrap elementor-element-populated\">\n\t\t\t\t\t\t<div class=\"elementor-element elementor-element-3289ea5 elementor-widget elementor-widget-heading\" data-id=\"3289ea5\" data-element_type=\"widget\" data-e-type=\"widget\" data-widget_type=\"heading.default\">\n\t\t\t\t<div class=\"elementor-widget-container\">\n\t\t\t\t\t<h2 class=\"elementor-heading-title elementor-size-default\">\u00a1Se lo quiero regalar YA!<\/h2>\t\t\t\t<\/div>\n\t\t\t\t<\/div>\n\t\t\t\t<div class=\"elementor-element elementor-element-54dd481 e-add-to-cart--show-quantity-yes elementor-widget elementor-widget-woocommerce-product-add-to-cart\" data-id=\"54dd481\" data-element_type=\"widget\" data-e-type=\"widget\" data-widget_type=\"woocommerce-product-add-to-cart.default\">\n\t\t\t\t<div class=\"elementor-widget-container\">\n\t\t\t\t\t\n\t\t<div class=\"elementor-add-to-cart elementor-product-simple\">\n\t\t\t\n\t\n\t<form class=\"cart\" action=\"https:\/\/pequebierzo.es\/tienda\/producto\/los-compas-y-la-camara-del-tiempo\/\" method=\"post\" enctype='multipart\/form-data'>\n\t\t\n\t\t<div class=\"quantity\">\n\t\t<label class=\"screen-reader-text\" for=\"quantity_69e023f414918\">Los Compas y la c\u00e1mara del tiempo 3: de 8 a 10 a\u00f1os cantidad<\/label>\n\t<input\n\t\ttype=\"number\"\n\t\t\t\tid=\"quantity_69e023f414918\"\n\t\tclass=\"input-text qty text\"\n\t\tname=\"quantity\"\n\t\tvalue=\"1\"\n\t\taria-label=\"Cantidad de productos\"\n\t\t\t\tmin=\"1\"\n\t\t\t\t\t\t\tstep=\"1\"\n\t\t\tplaceholder=\"\"\n\t\t\tinputmode=\"numeric\"\n\t\t\tautocomplete=\"off\"\n\t\t\t\/>\n\t<\/div>\n\n\t\t<button type=\"submit\" name=\"add-to-cart\" value=\"3678\" class=\"single_add_to_cart_button button alt\">A\u00f1adir al carrito<\/button>\n\n\t\t<input type=\"hidden\" name=\"gtm4wp_product_data\" value=\"{&quot;internal_id&quot;:3678,&quot;item_id&quot;:3678,&quot;item_name&quot;:&quot;Los Compas y la c\\u00e1mara del tiempo 3: de 8 a 10 a\\u00f1os&quot;,&quot;sku&quot;:3678,&quot;price&quot;:15.11,&quot;stocklevel&quot;:null,&quot;stockstatus&quot;:&quot;instock&quot;,&quot;google_business_vertical&quot;:&quot;retail&quot;,&quot;item_category&quot;:&quot;Libros infantiles&quot;,&quot;id&quot;:3678,&quot;item_brand&quot;:&quot;Libros infantiles&quot;}\" \/>\n\t<\/form>\n\n\t\n\t\t<\/div>\n\n\t\t\t\t\t\t<\/div>\n\t\t\t\t<\/div>\n\t\t\t\t<div class=\"elementor-element elementor-element-d6ae7d6 elementor-widget elementor-widget-text-editor\" data-id=\"d6ae7d6\" data-element_type=\"widget\" data-e-type=\"widget\" data-widget_type=\"text-editor.default\">\n\t\t\t\t<div class=\"elementor-widget-container\">\n\t\t\t\t\t\t\t\t\t<div id=\"nta-wabutton-770\" style=\"margin: 30px 0 30px;\"><a target=\"_blank\" href=\"https:\/\/web.whatsapp.com\/send?phone=34626593172&#038;text=Tengo una duda sobre este producto (https:\/\/pequebierzo.es\/tienda\/wp-json\/wp\/v2\/product\/3678)...\" class=\"wa__button wa__r_button wa__stt_online wa__btn_w_img \"><div class=\"wa__cs_img\"><div class=\"wa__cs_img_wrap\" style=\"background: url(https:\/\/pequebierzo.es\/tienda\/wp-content\/uploads\/2021\/11\/jana-79x79-1-788x788.png) center center no-repeat; background-size: cover;\"><\/div><\/div><div class=\"wa__btn_txt\"><div class=\"wa__cs_info\"><div class=\"wa__cs_name\">Jana Soto<\/div><div class=\"wa__cs_status\">Online<\/div><\/div><div class=\"wa__btn_title\">Enviar mensaje a Jana<\/div><\/div><\/a><\/div>\t\t\t\t\t\t\t\t<\/div>\n\t\t\t\t<\/div>\n\t\t\t\t\t<\/div>\n\t\t<\/div>\n\t\t\t\t<div class=\"elementor-column elementor-col-33 elementor-top-column elementor-element elementor-element-e6a0fec\" data-id=\"e6a0fec\" data-element_type=\"column\" data-e-type=\"column\">\n\t\t\t<div class=\"elementor-widget-wrap\">\n\t\t\t\t\t\t\t<\/div>\n\t\t<\/div>\n\t\t\t\t\t<\/div>\n\t\t<\/section>\n\t\t\t\t<section class=\"elementor-section elementor-top-section elementor-element elementor-element-c8b5f19 elementor-section-boxed elementor-section-height-default elementor-section-height-default\" data-id=\"c8b5f19\" data-element_type=\"section\" data-e-type=\"section\">\n\t\t\t\t\t\t<div class=\"elementor-container elementor-column-gap-default\">\n\t\t\t\t\t<div class=\"elementor-column elementor-col-100 elementor-top-column elementor-element elementor-element-771070b\" data-id=\"771070b\" data-element_type=\"column\" data-e-type=\"column\">\n\t\t\t<div class=\"elementor-widget-wrap elementor-element-populated\">\n\t\t\t\t\t\t<div class=\"elementor-element elementor-element-c5f5b6f elementor-align-center elementor-widget elementor-widget-button\" data-id=\"c5f5b6f\" data-element_type=\"widget\" data-e-type=\"widget\" data-widget_type=\"button.default\">\n\t\t\t\t<div class=\"elementor-widget-container\">\n\t\t\t\t\t\t\t\t\t<div class=\"elementor-button-wrapper\">\n\t\t\t\t\t<a class=\"elementor-button elementor-button-link elementor-size-lg\" href=\"https:\/\/pequebierzo.es\/los-compas-libros\/\" target=\"_blank\" rel=\"nofollow\">\n\t\t\t\t\t\t<span class=\"elementor-button-content-wrapper\">\n\t\t\t\t\t\t\t\t\t<span class=\"elementor-button-text\">Ver todos los libros de Los Compas<\/span>\n\t\t\t\t\t<\/span>\n\t\t\t\t\t<\/a>\n\t\t\t\t<\/div>\n\t\t\t\t\t\t\t\t<\/div>\n\t\t\t\t<\/div>\n\t\t\t\t<div class=\"elementor-element elementor-element-6ece81b elementor-widget elementor-widget-image\" data-id=\"6ece81b\" data-element_type=\"widget\" data-e-type=\"widget\" data-widget_type=\"image.default\">\n\t\t\t\t<div class=\"elementor-widget-container\">\n\t\t\t\t\t\t\t\t\t\t\t\t\t\t\t\t<a href=\"https:\/\/pequebierzo.es\/los-compas-libros\/\">\n\t\t\t\t\t\t\t<img fetchpriority=\"high\" decoding=\"async\" width=\"970\" height=\"300\" src=\"https:\/\/pequebierzo.es\/tienda\/wp-content\/uploads\/2022\/08\/comprar-libros-los-compas.jpg\" class=\"attachment-full size-full wp-image-3748\" alt=\"comprar libros Los Compas\" srcset=\"https:\/\/pequebierzo.es\/tienda\/wp-content\/uploads\/2022\/08\/comprar-libros-los-compas.jpg 970w, https:\/\/pequebierzo.es\/tienda\/wp-content\/uploads\/2022\/08\/comprar-libros-los-compas-300x93.jpg 300w, https:\/\/pequebierzo.es\/tienda\/wp-content\/uploads\/2022\/08\/comprar-libros-los-compas-768x238.jpg 768w, https:\/\/pequebierzo.es\/tienda\/wp-content\/uploads\/2022\/08\/comprar-libros-los-compas-600x186.jpg 600w\" sizes=\"(max-width: 970px) 100vw, 970px\" \/>\t\t\t\t\t\t\t\t<\/a>\n\t\t\t\t\t\t\t\t\t\t\t\t\t\t\t<\/div>\n\t\t\t\t<\/div>\n\t\t\t\t\t<\/div>\n\t\t<\/div>\n\t\t\t\t\t<\/div>\n\t\t<\/section>\n\t\t\t\t<\/div>\n\t\t","protected":false},"excerpt":{"rendered":"<p>D\u00e9jame adivinar:<\/p>\n<p>Tu hijo <strong>se ha le\u00eddo las dos primeras historias<\/strong> de Los Compas y te ha pedido la tercera.<\/p>\n<p>Es normal.<\/p>\n<p>Pocas lecturas vas a encontrar tan entretenidas y divertidas para ni\u00f1os de 7 a 10 a\u00f1os como esta.<\/p>\n<p>Reconocen a los personajes desde la primera historia, porque est\u00e1n acostumbrados a verlos en Youtube.<\/p>\n<p>El libro es <strong>s\u00faper ameno de leer<\/strong>:<\/p>\n<ul>\n<li>historias de aventuras cargadas de humor,<\/li>\n<li>letra grande,<\/li>\n<li>y muchas ilustraciones con la est\u00e9tica de los v\u00eddeos.<\/li>\n<\/ul>\n<p><span style=\"color: #ffffff;\">.<\/span><\/p>\n<p>Tiene todos los ingredientes para <strong>enganchar a los ni\u00f1os a la lectura<\/strong>.<\/p>\n<p>Aunque todos sabemos que no es una obra literaria, \u00bfno te parece genial que se diviertan leyendo?<\/p>\n<p>\u00a1Ni te lo pienses!<\/p>\n<p>Aqu\u00ed mismo puedes comprar \u201cLos Compas y la c\u00e1mara del tiempo\u201d. No le dejes con las ganas.<\/p>\n<p>Te llegar\u00e1 en 24-48 horas.<\/p>\n","protected":false},"featured_media":3679,"comment_status":"open","ping_status":"closed","template":"","meta":[],"product_brand":[],"product_cat":[41],"product_tag":[],"class_list":{"0":"post-3678","1":"product","2":"type-product","3":"status-publish","4":"has-post-thumbnail","6":"product_cat-libros-infantiles","8":"first","9":"instock","10":"sale","11":"taxable","12":"shipping-taxable","13":"purchasable","14":"product-type-simple"},"yoast_head":"<!-- This site is optimized with the Yoast SEO plugin v27.0 - https:\/\/yoast.com\/product\/yoast-seo-wordpress\/ -->\n<title>\u27a4 Los Compas y la c\u00e1mara del tiempo \u3010 de 8 a 10 a\u00f1os \u3011<\/title>\n<meta name=\"description\" content=\"llll\u27a4 Tu hijo se ha le\u00eddo las dos primeras historias de Los Compas y te ha pedido \u3010 Los Compas y la c\u00e1mara del tiempo \u3011 C\u00d3MPRALA Ya. Le va a encantar\" \/>\n<meta name=\"robots\" content=\"index, follow, max-snippet:-1, max-image-preview:large, max-video-preview:-1\" \/>\n<link rel=\"canonical\" href=\"https:\/\/pequebierzo.es\/tienda\/producto\/los-compas-y-la-camara-del-tiempo\/\" \/>\n<meta property=\"og:locale\" content=\"es_ES\" \/>\n<meta property=\"og:type\" content=\"article\" \/>\n<meta property=\"og:title\" content=\"\u27a4 Los Compas y la c\u00e1mara del tiempo \u3010 de 8 a 10 a\u00f1os \u3011\" \/>\n<meta property=\"og:description\" content=\"llll\u27a4 Tu hijo se ha le\u00eddo las dos primeras historias de Los Compas y te ha pedido \u3010 Los Compas y la c\u00e1mara del tiempo \u3011 C\u00d3MPRALA Ya. Le va a encantar\" \/>\n<meta property=\"og:url\" content=\"https:\/\/pequebierzo.es\/tienda\/producto\/los-compas-y-la-camara-del-tiempo\/\" \/>\n<meta property=\"og:site_name\" content=\"Peque Bierzo\" \/>\n<meta property=\"article:modified_time\" content=\"2022-11-30T14:43:09+00:00\" \/>\n<meta property=\"og:image\" content=\"https:\/\/pequebierzo.es\/tienda\/wp-content\/uploads\/2022\/08\/3-Los-Compas-y-la-camara-del-tiempo.jpg\" \/>\n\t<meta property=\"og:image:width\" content=\"857\" \/>\n\t<meta property=\"og:image:height\" content=\"938\" \/>\n\t<meta property=\"og:image:type\" content=\"image\/jpeg\" \/>\n<meta name=\"twitter:card\" content=\"summary_large_image\" \/>\n<!-- \/ Yoast SEO plugin. -->","yoast_head_json":{"title":"\u27a4 Los Compas y la c\u00e1mara del tiempo \u3010 de 8 a 10 a\u00f1os \u3011","description":"llll\u27a4 Tu hijo se ha le\u00eddo las dos primeras historias de Los Compas y te ha pedido \u3010 Los Compas y la c\u00e1mara del tiempo \u3011 C\u00d3MPRALA Ya. Le va a encantar","robots":{"index":"index","follow":"follow","max-snippet":"max-snippet:-1","max-image-preview":"max-image-preview:large","max-video-preview":"max-video-preview:-1"},"canonical":"https:\/\/pequebierzo.es\/tienda\/producto\/los-compas-y-la-camara-del-tiempo\/","og_locale":"es_ES","og_type":"article","og_title":"\u27a4 Los Compas y la c\u00e1mara del tiempo \u3010 de 8 a 10 a\u00f1os \u3011","og_description":"llll\u27a4 Tu hijo se ha le\u00eddo las dos primeras historias de Los Compas y te ha pedido \u3010 Los Compas y la c\u00e1mara del tiempo \u3011 C\u00d3MPRALA Ya. Le va a encantar","og_url":"https:\/\/pequebierzo.es\/tienda\/producto\/los-compas-y-la-camara-del-tiempo\/","og_site_name":"Peque Bierzo","article_modified_time":"2022-11-30T14:43:09+00:00","og_image":[{"width":857,"height":938,"url":"https:\/\/pequebierzo.es\/tienda\/wp-content\/uploads\/2022\/08\/3-Los-Compas-y-la-camara-del-tiempo.jpg","type":"image\/jpeg"}],"twitter_card":"summary_large_image","schema":{"@context":"https:\/\/schema.org","@graph":[{"@type":"WebPage","@id":"https:\/\/pequebierzo.es\/tienda\/producto\/los-compas-y-la-camara-del-tiempo\/","url":"https:\/\/pequebierzo.es\/tienda\/producto\/los-compas-y-la-camara-del-tiempo\/","name":"\u27a4 Los Compas y la c\u00e1mara del tiempo \u3010 de 8 a 10 a\u00f1os \u3011","isPartOf":{"@id":"https:\/\/pequebierzo.es\/tienda\/#website"},"primaryImageOfPage":{"@id":"https:\/\/pequebierzo.es\/tienda\/producto\/los-compas-y-la-camara-del-tiempo\/#primaryimage"},"image":{"@id":"https:\/\/pequebierzo.es\/tienda\/producto\/los-compas-y-la-camara-del-tiempo\/#primaryimage"},"thumbnailUrl":"https:\/\/pequebierzo.es\/tienda\/wp-content\/uploads\/2022\/08\/3-Los-Compas-y-la-camara-del-tiempo.jpg","datePublished":"2022-08-02T14:11:00+00:00","dateModified":"2022-11-30T14:43:09+00:00","description":"llll\u27a4 Tu hijo se ha le\u00eddo las dos primeras historias de Los Compas y te ha pedido \u3010 Los Compas y la c\u00e1mara del tiempo \u3011 C\u00d3MPRALA Ya. Le va a encantar","breadcrumb":{"@id":"https:\/\/pequebierzo.es\/tienda\/producto\/los-compas-y-la-camara-del-tiempo\/#breadcrumb"},"inLanguage":"es","potentialAction":[{"@type":"ReadAction","target":["https:\/\/pequebierzo.es\/tienda\/producto\/los-compas-y-la-camara-del-tiempo\/"]}]},{"@type":"ImageObject","inLanguage":"es","@id":"https:\/\/pequebierzo.es\/tienda\/producto\/los-compas-y-la-camara-del-tiempo\/#primaryimage","url":"https:\/\/pequebierzo.es\/tienda\/wp-content\/uploads\/2022\/08\/3-Los-Compas-y-la-camara-del-tiempo.jpg","contentUrl":"https:\/\/pequebierzo.es\/tienda\/wp-content\/uploads\/2022\/08\/3-Los-Compas-y-la-camara-del-tiempo.jpg","width":857,"height":938,"caption":"Los Compas y la c\u00e1mara del tiempo"},{"@type":"BreadcrumbList","@id":"https:\/\/pequebierzo.es\/tienda\/producto\/los-compas-y-la-camara-del-tiempo\/#breadcrumb","itemListElement":[{"@type":"ListItem","position":1,"name":"Portada","item":"https:\/\/pequebierzo.es\/tienda\/"},{"@type":"ListItem","position":2,"name":"T2","item":"https:\/\/pequebierzo.es\/tienda\/t2\/"},{"@type":"ListItem","position":3,"name":"Los Compas y la c\u00e1mara del tiempo 3: de 8 a 10 a\u00f1os"}]},{"@type":"WebSite","@id":"https:\/\/pequebierzo.es\/tienda\/#website","url":"https:\/\/pequebierzo.es\/tienda\/","name":"Peque Bierzo","description":"La agenda de ocio infantil del Bierzo","publisher":{"@id":"https:\/\/pequebierzo.es\/tienda\/#organization"},"potentialAction":[{"@type":"SearchAction","target":{"@type":"EntryPoint","urlTemplate":"https:\/\/pequebierzo.es\/tienda\/?s={search_term_string}"},"query-input":{"@type":"PropertyValueSpecification","valueRequired":true,"valueName":"search_term_string"}}],"inLanguage":"es"},{"@type":"Organization","@id":"https:\/\/pequebierzo.es\/tienda\/#organization","name":"Peque Bierzo","url":"https:\/\/pequebierzo.es\/tienda\/","logo":{"@type":"ImageObject","inLanguage":"es","@id":"https:\/\/pequebierzo.es\/tienda\/#\/schema\/logo\/image\/","url":"https:\/\/pequebierzo.es\/tienda\/wp-content\/uploads\/2021\/09\/logo-pequebierzo1.png","contentUrl":"https:\/\/pequebierzo.es\/tienda\/wp-content\/uploads\/2021\/09\/logo-pequebierzo1.png","width":200,"height":98,"caption":"Peque Bierzo"},"image":{"@id":"https:\/\/pequebierzo.es\/tienda\/#\/schema\/logo\/image\/"}}]}},"_links":{"self":[{"href":"https:\/\/pequebierzo.es\/tienda\/wp-json\/wp\/v2\/product\/3678","targetHints":{"allow":["GET"]}}],"collection":[{"href":"https:\/\/pequebierzo.es\/tienda\/wp-json\/wp\/v2\/product"}],"about":[{"href":"https:\/\/pequebierzo.es\/tienda\/wp-json\/wp\/v2\/types\/product"}],"replies":[{"embeddable":true,"href":"https:\/\/pequebierzo.es\/tienda\/wp-json\/wp\/v2\/comments?post=3678"}],"version-history":[{"count":1,"href":"https:\/\/pequebierzo.es\/tienda\/wp-json\/wp\/v2\/product\/3678\/revisions"}],"predecessor-version":[{"id":4989,"href":"https:\/\/pequebierzo.es\/tienda\/wp-json\/wp\/v2\/product\/3678\/revisions\/4989"}],"wp:featuredmedia":[{"embeddable":true,"href":"https:\/\/pequebierzo.es\/tienda\/wp-json\/wp\/v2\/media\/3679"}],"wp:attachment":[{"href":"https:\/\/pequebierzo.es\/tienda\/wp-json\/wp\/v2\/media?parent=3678"}],"wp:term":[{"taxonomy":"product_brand","embeddable":true,"href":"https:\/\/pequebierzo.es\/tienda\/wp-json\/wp\/v2\/product_brand?post=3678"},{"taxonomy":"product_cat","embeddable":true,"href":"https:\/\/pequebierzo.es\/tienda\/wp-json\/wp\/v2\/product_cat?post=3678"},{"taxonomy":"product_tag","embeddable":true,"href":"https:\/\/pequebierzo.es\/tienda\/wp-json\/wp\/v2\/product_tag?post=3678"}],"curies":[{"name":"wp","href":"https:\/\/api.w.org\/{rel}","templated":true}]}}