{"id":4297,"date":"2022-10-29T17:03:44","date_gmt":"2022-10-29T15:03:44","guid":{"rendered":"https:\/\/pequebierzo.es\/tienda\/?post_type=product&#038;p=4297"},"modified":"2025-11-06T09:09:18","modified_gmt":"2025-11-06T08:09:18","slug":"101-casos-extraordinarios-para-resolver-en-5-minutos","status":"publish","type":"product","link":"https:\/\/pequebierzo.es\/tienda\/producto\/101-casos-extraordinarios-para-resolver-en-5-minutos\/","title":{"rendered":"101 casos extraordinarios para resolver en 5 minutos"},"content":{"rendered":"","protected":false},"excerpt":{"rendered":"<p>Este es uno de los pocos libros que <strong>lograr\u00e1 que deje de lado la tablet, la consola o la tele<\/strong> y se centre en resolver misterios que le mantengan la mente activa.<\/p>\n<p>Sin darse se cuenta desarrollar\u00e1n destrezas para encontrar la soluci\u00f3n a los problemas, estimular la creatividad y desarrollar razonamientos l\u00f3gicos, al tiempo que les atrapar\u00e1 la lectura.<\/p>\n<p>Es un libro recomendado especialmente <strong>para ni\u00f1os inquietos, curiosos y observadores<\/strong>.<\/p>\n<p>Adem\u00e1s, es una adquisici\u00f3n perfecta para pasar un rato en familia, compartir momentos divertidos y estrujarse el cerebro en busca de la soluci\u00f3n.<\/p>\n<p>ISBN 9788420488288<\/p>\n","protected":false},"featured_media":4298,"comment_status":"open","ping_status":"closed","template":"","meta":[],"product_brand":[],"product_cat":[41],"product_tag":[],"class_list":{"0":"post-4297","1":"product","2":"type-product","3":"status-publish","4":"has-post-thumbnail","6":"product_cat-libros-infantiles","8":"first","9":"outofstock","10":"sale","11":"taxable","12":"shipping-taxable","13":"purchasable","14":"product-type-simple"},"yoast_head":"<!-- This site is optimized with the Yoast SEO plugin v27.0 - https:\/\/yoast.com\/product\/yoast-seo-wordpress\/ -->\n<title>llll\u27a4 101 casos extraordinarios para resolver en 5 minutos<\/title>\n<meta name=\"description\" content=\"\u27a4 Este es de los pocos libros que \u3010 har\u00e1 que deje de lado las pantallas \u3011 Se centrar\u00e1 en resolver misterios que le mantendr\u00e1n la mente activa.\" \/>\n<meta name=\"robots\" content=\"index, follow, max-snippet:-1, max-image-preview:large, max-video-preview:-1\" \/>\n<link rel=\"canonical\" href=\"https:\/\/pequebierzo.es\/tienda\/producto\/101-casos-extraordinarios-para-resolver-en-5-minutos\/\" \/>\n<meta property=\"og:locale\" content=\"es_ES\" \/>\n<meta property=\"og:type\" content=\"article\" \/>\n<meta property=\"og:title\" content=\"llll\u27a4 101 casos extraordinarios para resolver en 5 minutos\" \/>\n<meta property=\"og:description\" content=\"\u27a4 Este es de los pocos libros que \u3010 har\u00e1 que deje de lado las pantallas \u3011 Se centrar\u00e1 en resolver misterios que le mantendr\u00e1n la mente activa.\" \/>\n<meta property=\"og:url\" content=\"https:\/\/pequebierzo.es\/tienda\/producto\/101-casos-extraordinarios-para-resolver-en-5-minutos\/\" \/>\n<meta property=\"og:site_name\" content=\"Peque Bierzo\" \/>\n<meta property=\"article:modified_time\" content=\"2025-11-06T08:09:18+00:00\" \/>\n<meta property=\"og:image\" content=\"https:\/\/pequebierzo.es\/tienda\/wp-content\/uploads\/2022\/10\/101-casos-extraordinarios-para-resolver-en-5-minutos.png\" \/>\n\t<meta property=\"og:image:width\" content=\"500\" \/>\n\t<meta property=\"og:image:height\" content=\"500\" \/>\n\t<meta property=\"og:image:type\" content=\"image\/png\" \/>\n<meta name=\"twitter:card\" content=\"summary_large_image\" \/>\n<!-- \/ Yoast SEO plugin. -->","yoast_head_json":{"title":"llll\u27a4 101 casos extraordinarios para resolver en 5 minutos","description":"\u27a4 Este es de los pocos libros que \u3010 har\u00e1 que deje de lado las pantallas \u3011 Se centrar\u00e1 en resolver misterios que le mantendr\u00e1n la mente activa.","robots":{"index":"index","follow":"follow","max-snippet":"max-snippet:-1","max-image-preview":"max-image-preview:large","max-video-preview":"max-video-preview:-1"},"canonical":"https:\/\/pequebierzo.es\/tienda\/producto\/101-casos-extraordinarios-para-resolver-en-5-minutos\/","og_locale":"es_ES","og_type":"article","og_title":"llll\u27a4 101 casos extraordinarios para resolver en 5 minutos","og_description":"\u27a4 Este es de los pocos libros que \u3010 har\u00e1 que deje de lado las pantallas \u3011 Se centrar\u00e1 en resolver misterios que le mantendr\u00e1n la mente activa.","og_url":"https:\/\/pequebierzo.es\/tienda\/producto\/101-casos-extraordinarios-para-resolver-en-5-minutos\/","og_site_name":"Peque Bierzo","article_modified_time":"2025-11-06T08:09:18+00:00","og_image":[{"width":500,"height":500,"url":"https:\/\/pequebierzo.es\/tienda\/wp-content\/uploads\/2022\/10\/101-casos-extraordinarios-para-resolver-en-5-minutos.png","type":"image\/png"}],"twitter_card":"summary_large_image","schema":{"@context":"https:\/\/schema.org","@graph":[{"@type":"WebPage","@id":"https:\/\/pequebierzo.es\/tienda\/producto\/101-casos-extraordinarios-para-resolver-en-5-minutos\/","url":"https:\/\/pequebierzo.es\/tienda\/producto\/101-casos-extraordinarios-para-resolver-en-5-minutos\/","name":"llll\u27a4 101 casos extraordinarios para resolver en 5 minutos","isPartOf":{"@id":"https:\/\/pequebierzo.es\/tienda\/#website"},"primaryImageOfPage":{"@id":"https:\/\/pequebierzo.es\/tienda\/producto\/101-casos-extraordinarios-para-resolver-en-5-minutos\/#primaryimage"},"image":{"@id":"https:\/\/pequebierzo.es\/tienda\/producto\/101-casos-extraordinarios-para-resolver-en-5-minutos\/#primaryimage"},"thumbnailUrl":"https:\/\/pequebierzo.es\/tienda\/wp-content\/uploads\/2022\/10\/101-casos-extraordinarios-para-resolver-en-5-minutos.png","datePublished":"2022-10-29T15:03:44+00:00","dateModified":"2025-11-06T08:09:18+00:00","description":"\u27a4 Este es de los pocos libros que \u3010 har\u00e1 que deje de lado las pantallas \u3011 Se centrar\u00e1 en resolver misterios que le mantendr\u00e1n la mente activa.","breadcrumb":{"@id":"https:\/\/pequebierzo.es\/tienda\/producto\/101-casos-extraordinarios-para-resolver-en-5-minutos\/#breadcrumb"},"inLanguage":"es","potentialAction":[{"@type":"ReadAction","target":["https:\/\/pequebierzo.es\/tienda\/producto\/101-casos-extraordinarios-para-resolver-en-5-minutos\/"]}]},{"@type":"ImageObject","inLanguage":"es","@id":"https:\/\/pequebierzo.es\/tienda\/producto\/101-casos-extraordinarios-para-resolver-en-5-minutos\/#primaryimage","url":"https:\/\/pequebierzo.es\/tienda\/wp-content\/uploads\/2022\/10\/101-casos-extraordinarios-para-resolver-en-5-minutos.png","contentUrl":"https:\/\/pequebierzo.es\/tienda\/wp-content\/uploads\/2022\/10\/101-casos-extraordinarios-para-resolver-en-5-minutos.png","width":500,"height":500,"caption":"101 casos extraordinarios para resolver en 5 minutos"},{"@type":"BreadcrumbList","@id":"https:\/\/pequebierzo.es\/tienda\/producto\/101-casos-extraordinarios-para-resolver-en-5-minutos\/#breadcrumb","itemListElement":[{"@type":"ListItem","position":1,"name":"Portada","item":"https:\/\/pequebierzo.es\/tienda\/"},{"@type":"ListItem","position":2,"name":"T2","item":"https:\/\/pequebierzo.es\/tienda\/t2\/"},{"@type":"ListItem","position":3,"name":"101 casos extraordinarios para resolver en 5 minutos"}]},{"@type":"WebSite","@id":"https:\/\/pequebierzo.es\/tienda\/#website","url":"https:\/\/pequebierzo.es\/tienda\/","name":"Peque Bierzo","description":"La agenda de ocio infantil del Bierzo","publisher":{"@id":"https:\/\/pequebierzo.es\/tienda\/#organization"},"potentialAction":[{"@type":"SearchAction","target":{"@type":"EntryPoint","urlTemplate":"https:\/\/pequebierzo.es\/tienda\/?s={search_term_string}"},"query-input":{"@type":"PropertyValueSpecification","valueRequired":true,"valueName":"search_term_string"}}],"inLanguage":"es"},{"@type":"Organization","@id":"https:\/\/pequebierzo.es\/tienda\/#organization","name":"Peque Bierzo","url":"https:\/\/pequebierzo.es\/tienda\/","logo":{"@type":"ImageObject","inLanguage":"es","@id":"https:\/\/pequebierzo.es\/tienda\/#\/schema\/logo\/image\/","url":"https:\/\/pequebierzo.es\/tienda\/wp-content\/uploads\/2021\/09\/logo-pequebierzo1.png","contentUrl":"https:\/\/pequebierzo.es\/tienda\/wp-content\/uploads\/2021\/09\/logo-pequebierzo1.png","width":200,"height":98,"caption":"Peque Bierzo"},"image":{"@id":"https:\/\/pequebierzo.es\/tienda\/#\/schema\/logo\/image\/"}}]}},"_links":{"self":[{"href":"https:\/\/pequebierzo.es\/tienda\/wp-json\/wp\/v2\/product\/4297","targetHints":{"allow":["GET"]}}],"collection":[{"href":"https:\/\/pequebierzo.es\/tienda\/wp-json\/wp\/v2\/product"}],"about":[{"href":"https:\/\/pequebierzo.es\/tienda\/wp-json\/wp\/v2\/types\/product"}],"replies":[{"embeddable":true,"href":"https:\/\/pequebierzo.es\/tienda\/wp-json\/wp\/v2\/comments?post=4297"}],"version-history":[{"count":1,"href":"https:\/\/pequebierzo.es\/tienda\/wp-json\/wp\/v2\/product\/4297\/revisions"}],"predecessor-version":[{"id":4851,"href":"https:\/\/pequebierzo.es\/tienda\/wp-json\/wp\/v2\/product\/4297\/revisions\/4851"}],"wp:featuredmedia":[{"embeddable":true,"href":"https:\/\/pequebierzo.es\/tienda\/wp-json\/wp\/v2\/media\/4298"}],"wp:attachment":[{"href":"https:\/\/pequebierzo.es\/tienda\/wp-json\/wp\/v2\/media?parent=4297"}],"wp:term":[{"taxonomy":"product_brand","embeddable":true,"href":"https:\/\/pequebierzo.es\/tienda\/wp-json\/wp\/v2\/product_brand?post=4297"},{"taxonomy":"product_cat","embeddable":true,"href":"https:\/\/pequebierzo.es\/tienda\/wp-json\/wp\/v2\/product_cat?post=4297"},{"taxonomy":"product_tag","embeddable":true,"href":"https:\/\/pequebierzo.es\/tienda\/wp-json\/wp\/v2\/product_tag?post=4297"}],"curies":[{"name":"wp","href":"https:\/\/api.w.org\/{rel}","templated":true}]}}