{"id":4485,"date":"2022-11-07T13:07:18","date_gmt":"2022-11-07T12:07:18","guid":{"rendered":"https:\/\/pequebierzo.es\/tienda\/?post_type=product&#038;p=4485"},"modified":"2024-12-30T17:35:33","modified_gmt":"2024-12-30T16:35:33","slug":"kit-manualidades-barbie","status":"publish","type":"product","link":"https:\/\/pequebierzo.es\/tienda\/producto\/kit-manualidades-barbie\/","title":{"rendered":"Kit de Manualidades de Barbie a partir de 8 a\u00f1os: Science4you Super Cient\u00edficas"},"content":{"rendered":"\t\t<div data-elementor-type=\"product-post\" data-elementor-id=\"4485\" class=\"elementor elementor-4485\" data-elementor-post-type=\"product\">\n\t\t\t\t\t\t<section class=\"elementor-section elementor-top-section elementor-element elementor-element-d8edf57 elementor-section-boxed elementor-section-height-default elementor-section-height-default\" data-id=\"d8edf57\" data-element_type=\"section\" data-e-type=\"section\">\n\t\t\t\t\t\t<div class=\"elementor-container elementor-column-gap-default\">\n\t\t\t\t\t<div class=\"elementor-column elementor-col-100 elementor-top-column elementor-element elementor-element-b011e94\" data-id=\"b011e94\" data-element_type=\"column\" data-e-type=\"column\">\n\t\t\t<div class=\"elementor-widget-wrap elementor-element-populated\">\n\t\t\t\t\t\t<div class=\"elementor-element elementor-element-cc93c74 elementor-widget elementor-widget-heading\" data-id=\"cc93c74\" data-element_type=\"widget\" data-e-type=\"widget\" data-widget_type=\"heading.default\">\n\t\t\t\t<div class=\"elementor-widget-container\">\n\t\t\t\t\t<h2 class=\"elementor-heading-title elementor-size-default\">Descubre mejor en este v\u00eddeo el kit de manualidades de Barbie<\/h2>\t\t\t\t<\/div>\n\t\t\t\t<\/div>\n\t\t\t\t<div class=\"elementor-element elementor-element-45cf5a1 elementor-widget elementor-widget-video\" data-id=\"45cf5a1\" data-element_type=\"widget\" data-e-type=\"widget\" data-settings=\"{&quot;youtube_url&quot;:&quot;https:\\\/\\\/www.youtube.com\\\/watch?v=pkxu7GGJ4Jg&quot;,&quot;video_type&quot;:&quot;youtube&quot;,&quot;controls&quot;:&quot;yes&quot;}\" data-widget_type=\"video.default\">\n\t\t\t\t<div class=\"elementor-widget-container\">\n\t\t\t\t\t\t\t<div class=\"elementor-wrapper elementor-open-inline\">\n\t\t\t<div class=\"elementor-video\"><\/div>\t\t<\/div>\n\t\t\t\t\t\t<\/div>\n\t\t\t\t<\/div>\n\t\t\t\t\t<\/div>\n\t\t<\/div>\n\t\t\t\t\t<\/div>\n\t\t<\/section>\n\t\t\t\t<section class=\"elementor-section elementor-top-section elementor-element elementor-element-b965278 elementor-section-boxed elementor-section-height-default elementor-section-height-default\" data-id=\"b965278\" data-element_type=\"section\" data-e-type=\"section\">\n\t\t\t\t\t\t<div class=\"elementor-container elementor-column-gap-default\">\n\t\t\t\t\t<div class=\"elementor-column elementor-col-100 elementor-top-column elementor-element elementor-element-e5b4bdc\" data-id=\"e5b4bdc\" data-element_type=\"column\" data-e-type=\"column\">\n\t\t\t<div class=\"elementor-widget-wrap elementor-element-populated\">\n\t\t\t\t\t\t<div class=\"elementor-element elementor-element-ca16b72 elementor-widget elementor-widget-heading\" data-id=\"ca16b72\" data-element_type=\"widget\" data-e-type=\"widget\" data-widget_type=\"heading.default\">\n\t\t\t\t<div class=\"elementor-widget-container\">\n\t\t\t\t\t<h2 class=\"elementor-heading-title elementor-size-default\">Manual del juego para regalar Barbie Super Cient\u00edficas<\/h2>\t\t\t\t<\/div>\n\t\t\t\t<\/div>\n\t\t\t\t<div class=\"elementor-element elementor-element-74a5c16 elementor-widget elementor-widget-text-editor\" data-id=\"74a5c16\" data-element_type=\"widget\" data-e-type=\"widget\" data-widget_type=\"text-editor.default\">\n\t\t\t\t<div class=\"elementor-widget-container\">\n\t\t\t\t\t\t\t\t\t<p>Descubre en <a href=\"https:\/\/pequebierzo.es\/tienda\/wp-content\/uploads\/2022\/11\/manual_online_super_cientificas_barbie_es_v05.pdf\" target=\"_blank\" rel=\"noopener\">este manual<\/a> todo lo que puedes hacer con el kit.<\/p>\t\t\t\t\t\t\t\t<\/div>\n\t\t\t\t<\/div>\n\t\t\t\t\t<\/div>\n\t\t<\/div>\n\t\t\t\t\t<\/div>\n\t\t<\/section>\n\t\t\t\t<section class=\"elementor-section elementor-top-section elementor-element elementor-element-5953ba7 elementor-section-boxed elementor-section-height-default elementor-section-height-default\" data-id=\"5953ba7\" data-element_type=\"section\" data-e-type=\"section\">\n\t\t\t\t\t\t\t<div class=\"elementor-background-overlay\"><\/div>\n\t\t\t\t\t\t\t<div class=\"elementor-container elementor-column-gap-default\">\n\t\t\t\t\t<div class=\"elementor-column elementor-col-25 elementor-top-column elementor-element elementor-element-8b519d7\" data-id=\"8b519d7\" data-element_type=\"column\" data-e-type=\"column\">\n\t\t\t<div class=\"elementor-widget-wrap\">\n\t\t\t\t\t\t\t<\/div>\n\t\t<\/div>\n\t\t\t\t<div class=\"elementor-column elementor-col-25 elementor-top-column elementor-element elementor-element-f182984\" data-id=\"f182984\" data-element_type=\"column\" data-e-type=\"column\">\n\t\t\t<div class=\"elementor-widget-wrap elementor-element-populated\">\n\t\t\t\t\t\t<div class=\"elementor-element elementor-element-a45c37b elementor-widget elementor-widget-image\" data-id=\"a45c37b\" data-element_type=\"widget\" data-e-type=\"widget\" data-widget_type=\"image.default\">\n\t\t\t\t<div class=\"elementor-widget-container\">\n\t\t\t\t\t\t\t\t\t\t\t\t\t\t\t<img fetchpriority=\"high\" decoding=\"async\" width=\"800\" height=\"800\" src=\"https:\/\/pequebierzo.es\/tienda\/wp-content\/uploads\/2022\/11\/caja-y-contenido.jpg\" class=\"attachment-large size-large wp-image-4488\" alt=\"Caja y contenido Barbie Super Cient\u00edficas\" srcset=\"https:\/\/pequebierzo.es\/tienda\/wp-content\/uploads\/2022\/11\/caja-y-contenido.jpg 1000w, https:\/\/pequebierzo.es\/tienda\/wp-content\/uploads\/2022\/11\/caja-y-contenido-300x300.jpg 300w, https:\/\/pequebierzo.es\/tienda\/wp-content\/uploads\/2022\/11\/caja-y-contenido-150x150.jpg 150w, https:\/\/pequebierzo.es\/tienda\/wp-content\/uploads\/2022\/11\/caja-y-contenido-768x768.jpg 768w, https:\/\/pequebierzo.es\/tienda\/wp-content\/uploads\/2022\/11\/caja-y-contenido-600x600.jpg 600w, https:\/\/pequebierzo.es\/tienda\/wp-content\/uploads\/2022\/11\/caja-y-contenido-100x100.jpg 100w\" sizes=\"(max-width: 800px) 100vw, 800px\" \/>\t\t\t\t\t\t\t\t\t\t\t\t\t\t\t<\/div>\n\t\t\t\t<\/div>\n\t\t\t\t\t<\/div>\n\t\t<\/div>\n\t\t\t\t<div class=\"elementor-column elementor-col-25 elementor-top-column elementor-element elementor-element-e28fd56\" data-id=\"e28fd56\" data-element_type=\"column\" data-e-type=\"column\">\n\t\t\t<div class=\"elementor-widget-wrap\">\n\t\t\t\t\t\t\t<\/div>\n\t\t<\/div>\n\t\t\t\t<div class=\"elementor-column elementor-col-25 elementor-top-column elementor-element elementor-element-4d48c41\" data-id=\"4d48c41\" data-element_type=\"column\" data-e-type=\"column\">\n\t\t\t<div class=\"elementor-widget-wrap elementor-element-populated\">\n\t\t\t\t\t\t<div class=\"elementor-element elementor-element-652da99 elementor-widget elementor-widget-heading\" data-id=\"652da99\" data-element_type=\"widget\" data-e-type=\"widget\" data-widget_type=\"heading.default\">\n\t\t\t\t<div class=\"elementor-widget-container\">\n\t\t\t\t\t<h2 class=\"elementor-heading-title elementor-size-default\">\u00a1Lo quiero YA para regalar!<\/h2>\t\t\t\t<\/div>\n\t\t\t\t<\/div>\n\t\t\t\t<div class=\"elementor-element elementor-element-03838c5 e-add-to-cart--show-quantity-yes elementor-widget elementor-widget-woocommerce-product-add-to-cart\" data-id=\"03838c5\" data-element_type=\"widget\" data-e-type=\"widget\" data-widget_type=\"woocommerce-product-add-to-cart.default\">\n\t\t\t\t<div class=\"elementor-widget-container\">\n\t\t\t\t\t\n\t\t<div class=\"elementor-add-to-cart elementor-product-simple\">\n\t\t\t<p class=\"stock in-stock\">Solo quedan 4 disponibles<\/p>\n\n\t\n\t<form class=\"cart\" action=\"https:\/\/pequebierzo.es\/tienda\/producto\/kit-manualidades-barbie\/\" method=\"post\" enctype='multipart\/form-data'>\n\t\t\n\t\t<div class=\"quantity\">\n\t\t<label class=\"screen-reader-text\" for=\"quantity_69f50569b9bd5\">Kit de Manualidades de Barbie a partir de 8 a\u00f1os: Science4you Super Cient\u00edficas cantidad<\/label>\n\t<input\n\t\ttype=\"number\"\n\t\t\t\tid=\"quantity_69f50569b9bd5\"\n\t\tclass=\"input-text qty text\"\n\t\tname=\"quantity\"\n\t\tvalue=\"1\"\n\t\taria-label=\"Cantidad de productos\"\n\t\t\t\tmin=\"1\"\n\t\t\t\t\tmax=\"4\"\n\t\t\t\t\t\t\tstep=\"1\"\n\t\t\tplaceholder=\"\"\n\t\t\tinputmode=\"numeric\"\n\t\t\tautocomplete=\"off\"\n\t\t\t\/>\n\t<\/div>\n\n\t\t<button type=\"submit\" name=\"add-to-cart\" value=\"4485\" class=\"single_add_to_cart_button button alt\">A\u00f1adir al carrito<\/button>\n\n\t\t<input type=\"hidden\" name=\"gtm4wp_product_data\" value=\"{&quot;internal_id&quot;:4485,&quot;item_id&quot;:&quot;5600983625327&quot;,&quot;item_name&quot;:&quot;Kit de Manualidades de Barbie a partir de 8 a\\u00f1os: Science4you Super Cient\\u00edficas&quot;,&quot;sku&quot;:&quot;5600983625327&quot;,&quot;price&quot;:19.99,&quot;stocklevel&quot;:4,&quot;stockstatus&quot;:&quot;instock&quot;,&quot;google_business_vertical&quot;:&quot;retail&quot;,&quot;item_category&quot;:&quot;M\\u00e1s vendidos&quot;,&quot;id&quot;:&quot;5600983625327&quot;,&quot;item_brand&quot;:&quot;M\\u00e1s vendidos&quot;}\" \/>\n\t<\/form>\n\n\t\n\t\t<\/div>\n\n\t\t\t\t\t\t<\/div>\n\t\t\t\t<\/div>\n\t\t\t\t<div class=\"elementor-element elementor-element-266c588 elementor-widget elementor-widget-text-editor\" data-id=\"266c588\" data-element_type=\"widget\" data-e-type=\"widget\" data-widget_type=\"text-editor.default\">\n\t\t\t\t<div class=\"elementor-widget-container\">\n\t\t\t\t\t\t\t\t\t<div id=\"nta-wabutton-770\" style=\"margin: 30px 0 30px;\"><a target=\"_blank\" href=\"https:\/\/web.whatsapp.com\/send?phone=34626593172&#038;text=Tengo una duda sobre este producto (https:\/\/pequebierzo.es\/tienda\/wp-json\/wp\/v2\/product\/4485)...\" class=\"wa__button wa__r_button wa__stt_online wa__btn_w_img \"><div class=\"wa__cs_img\"><div class=\"wa__cs_img_wrap\" style=\"background: url(https:\/\/pequebierzo.es\/tienda\/wp-content\/uploads\/2021\/11\/jana-79x79-1-788x788.png) center center no-repeat; background-size: cover;\"><\/div><\/div><div class=\"wa__btn_txt\"><div class=\"wa__cs_info\"><div class=\"wa__cs_name\">Jana Soto<\/div><div class=\"wa__cs_status\">Online<\/div><\/div><div class=\"wa__btn_title\">Enviar mensaje a Jana<\/div><\/div><\/a><\/div>\t\t\t\t\t\t\t\t<\/div>\n\t\t\t\t<\/div>\n\t\t\t\t\t<\/div>\n\t\t<\/div>\n\t\t\t\t\t<\/div>\n\t\t<\/section>\n\t\t\t\t<\/div>\n\t\t","protected":false},"excerpt":{"rendered":"<p>\u00bfSe te ocurre una forma mejor para <strong>aprender a ser una super cient\u00edfica<\/strong> que <strong>con Barbie<\/strong>?<\/p>\n<p>A m\u00ed no.<\/p>\n<p>Por eso me encanta este <strong>kit de manualidades para ni\u00f1os a partir de 8 a\u00f1os<\/strong>.<\/p>\n<p>\u00bfPor qu\u00e9 es un regalo tan especial?<\/p>\n<p>Porque podr\u00e1 explorar todo lo relacionado con la biolog\u00eda, la f\u00edsica, la astronom\u00eda, la programaci\u00f3n, la geolog\u00eda y la bot\u00e1nica a trav\u00e9s de <strong>experimentos de lo m\u00e1s curiosos y entretenidos<\/strong>.<\/p>\n<p>Pero no solo eso.<\/p>\n<p>Adem\u00e1s, <strong>se divertir\u00e1 haci\u00e9ndolo<\/strong>. Algo imprescindible para que el aprendizaje sea todo un \u00e9xito.<\/p>\n<p>Y es que, si le gusta Barbie, le encantar\u00e1 convertirse en una super cient\u00edfica al estilo de la famosa mu\u00f1eca.<\/p>\n<p>Y lo que es mejor: \u00a1todas estas actividades son lo suficientemente sencillas como para que las realicen ellos mismos, sin necesidad de la ayuda de un adulto!<\/p>\n<p>Si necesitas un regalo para una futura cient\u00edfica, no busques m\u00e1s.<\/p>\n<p><strong>\u00a1Compra AHORA este regalo perfecto para ni\u00f1as desde 8 a\u00f1os!<\/strong><\/p>\n","protected":false},"featured_media":4486,"comment_status":"open","ping_status":"closed","template":"","meta":[],"product_brand":[],"product_cat":[25],"product_tag":[],"class_list":{"0":"post-4485","1":"product","2":"type-product","3":"status-publish","4":"has-post-thumbnail","6":"product_cat-mas-vendidos","8":"first","9":"instock","10":"sale","11":"taxable","12":"shipping-taxable","13":"purchasable","14":"product-type-simple"},"yoast_head":"<!-- This site is optimized with the Yoast SEO plugin v27.0 - https:\/\/yoast.com\/product\/yoast-seo-wordpress\/ -->\n<title>\u3010 Kit Manualidades Barbie \u3011 Science4you Super Cient\u00edficas<\/title>\n<meta name=\"robots\" content=\"index, follow, max-snippet:-1, max-image-preview:large, max-video-preview:-1\" \/>\n<link rel=\"canonical\" href=\"https:\/\/pequebierzo.es\/tienda\/producto\/kit-manualidades-barbie\/\" \/>\n<meta property=\"og:locale\" content=\"es_ES\" \/>\n<meta property=\"og:type\" content=\"article\" \/>\n<meta property=\"og:title\" content=\"\u3010 Kit Manualidades Barbie \u3011 Science4you Super Cient\u00edficas\" \/>\n<meta property=\"og:description\" content=\"\u00bfSe te ocurre una forma mejor para aprender a ser una super cient\u00edfica que con Barbie?  A m\u00ed no.  Por eso me encanta este kit de manualidades para ni\u00f1os a partir de 8 a\u00f1os.  \u00bfPor qu\u00e9 es un regalo tan especial?  Porque podr\u00e1 explorar todo lo relacionado con la biolog\u00eda, la f\u00edsica, la astronom\u00eda, la programaci\u00f3n, la geolog\u00eda y la bot\u00e1nica a trav\u00e9s de experimentos de lo m\u00e1s curiosos y entretenidos.  Pero no solo eso.  Adem\u00e1s, se divertir\u00e1 haci\u00e9ndolo. Algo imprescindible para que el aprendizaje sea todo un \u00e9xito.  Y es que, si le gusta Barbie, le encantar\u00e1 convertirse en una super cient\u00edfica al estilo de la famosa mu\u00f1eca.  Y lo que es mejor: \u00a1todas estas actividades son lo suficientemente sencillas como para que las realicen ellos mismos, sin necesidad de la ayuda de un adulto!  Si necesitas un regalo para una futura cient\u00edfica, no busques m\u00e1s.  \u00a1Compra AHORA este regalo perfecto para ni\u00f1as desde 8 a\u00f1os!\" \/>\n<meta property=\"og:url\" content=\"https:\/\/pequebierzo.es\/tienda\/producto\/kit-manualidades-barbie\/\" \/>\n<meta property=\"og:site_name\" content=\"Peque Bierzo\" \/>\n<meta property=\"article:modified_time\" content=\"2024-12-30T16:35:33+00:00\" \/>\n<meta property=\"og:image\" content=\"https:\/\/pequebierzo.es\/tienda\/wp-content\/uploads\/2022\/11\/caja-barbie-super-cientificas.png\" \/>\n\t<meta property=\"og:image:width\" content=\"1000\" \/>\n\t<meta property=\"og:image:height\" content=\"1000\" \/>\n\t<meta property=\"og:image:type\" content=\"image\/png\" \/>\n<meta name=\"twitter:card\" content=\"summary_large_image\" \/>\n<!-- \/ Yoast SEO plugin. -->","yoast_head_json":{"title":"\u3010 Kit Manualidades Barbie \u3011 Science4you Super Cient\u00edficas","robots":{"index":"index","follow":"follow","max-snippet":"max-snippet:-1","max-image-preview":"max-image-preview:large","max-video-preview":"max-video-preview:-1"},"canonical":"https:\/\/pequebierzo.es\/tienda\/producto\/kit-manualidades-barbie\/","og_locale":"es_ES","og_type":"article","og_title":"\u3010 Kit Manualidades Barbie \u3011 Science4you Super Cient\u00edficas","og_description":"\u00bfSe te ocurre una forma mejor para aprender a ser una super cient\u00edfica que con Barbie?  A m\u00ed no.  Por eso me encanta este kit de manualidades para ni\u00f1os a partir de 8 a\u00f1os.  \u00bfPor qu\u00e9 es un regalo tan especial?  Porque podr\u00e1 explorar todo lo relacionado con la biolog\u00eda, la f\u00edsica, la astronom\u00eda, la programaci\u00f3n, la geolog\u00eda y la bot\u00e1nica a trav\u00e9s de experimentos de lo m\u00e1s curiosos y entretenidos.  Pero no solo eso.  Adem\u00e1s, se divertir\u00e1 haci\u00e9ndolo. Algo imprescindible para que el aprendizaje sea todo un \u00e9xito.  Y es que, si le gusta Barbie, le encantar\u00e1 convertirse en una super cient\u00edfica al estilo de la famosa mu\u00f1eca.  Y lo que es mejor: \u00a1todas estas actividades son lo suficientemente sencillas como para que las realicen ellos mismos, sin necesidad de la ayuda de un adulto!  Si necesitas un regalo para una futura cient\u00edfica, no busques m\u00e1s.  \u00a1Compra AHORA este regalo perfecto para ni\u00f1as desde 8 a\u00f1os!","og_url":"https:\/\/pequebierzo.es\/tienda\/producto\/kit-manualidades-barbie\/","og_site_name":"Peque Bierzo","article_modified_time":"2024-12-30T16:35:33+00:00","og_image":[{"width":1000,"height":1000,"url":"https:\/\/pequebierzo.es\/tienda\/wp-content\/uploads\/2022\/11\/caja-barbie-super-cientificas.png","type":"image\/png"}],"twitter_card":"summary_large_image","schema":{"@context":"https:\/\/schema.org","@graph":[{"@type":"WebPage","@id":"https:\/\/pequebierzo.es\/tienda\/producto\/kit-manualidades-barbie\/","url":"https:\/\/pequebierzo.es\/tienda\/producto\/kit-manualidades-barbie\/","name":"\u3010 Kit Manualidades Barbie \u3011 Science4you Super Cient\u00edficas","isPartOf":{"@id":"https:\/\/pequebierzo.es\/tienda\/#website"},"primaryImageOfPage":{"@id":"https:\/\/pequebierzo.es\/tienda\/producto\/kit-manualidades-barbie\/#primaryimage"},"image":{"@id":"https:\/\/pequebierzo.es\/tienda\/producto\/kit-manualidades-barbie\/#primaryimage"},"thumbnailUrl":"https:\/\/pequebierzo.es\/tienda\/wp-content\/uploads\/2022\/11\/caja-barbie-super-cientificas.png","datePublished":"2022-11-07T12:07:18+00:00","dateModified":"2024-12-30T16:35:33+00:00","breadcrumb":{"@id":"https:\/\/pequebierzo.es\/tienda\/producto\/kit-manualidades-barbie\/#breadcrumb"},"inLanguage":"es","potentialAction":[{"@type":"ReadAction","target":["https:\/\/pequebierzo.es\/tienda\/producto\/kit-manualidades-barbie\/"]}]},{"@type":"ImageObject","inLanguage":"es","@id":"https:\/\/pequebierzo.es\/tienda\/producto\/kit-manualidades-barbie\/#primaryimage","url":"https:\/\/pequebierzo.es\/tienda\/wp-content\/uploads\/2022\/11\/caja-barbie-super-cientificas.png","contentUrl":"https:\/\/pequebierzo.es\/tienda\/wp-content\/uploads\/2022\/11\/caja-barbie-super-cientificas.png","width":1000,"height":1000,"caption":"Caja Barbie Super Cient\u00edficas"},{"@type":"BreadcrumbList","@id":"https:\/\/pequebierzo.es\/tienda\/producto\/kit-manualidades-barbie\/#breadcrumb","itemListElement":[{"@type":"ListItem","position":1,"name":"Portada","item":"https:\/\/pequebierzo.es\/tienda\/"},{"@type":"ListItem","position":2,"name":"T2","item":"https:\/\/pequebierzo.es\/tienda\/t2\/"},{"@type":"ListItem","position":3,"name":"Kit de Manualidades de Barbie a partir de 8 a\u00f1os: Science4you Super Cient\u00edficas"}]},{"@type":"WebSite","@id":"https:\/\/pequebierzo.es\/tienda\/#website","url":"https:\/\/pequebierzo.es\/tienda\/","name":"Peque Bierzo","description":"La agenda de ocio infantil del Bierzo","publisher":{"@id":"https:\/\/pequebierzo.es\/tienda\/#organization"},"potentialAction":[{"@type":"SearchAction","target":{"@type":"EntryPoint","urlTemplate":"https:\/\/pequebierzo.es\/tienda\/?s={search_term_string}"},"query-input":{"@type":"PropertyValueSpecification","valueRequired":true,"valueName":"search_term_string"}}],"inLanguage":"es"},{"@type":"Organization","@id":"https:\/\/pequebierzo.es\/tienda\/#organization","name":"Peque Bierzo","url":"https:\/\/pequebierzo.es\/tienda\/","logo":{"@type":"ImageObject","inLanguage":"es","@id":"https:\/\/pequebierzo.es\/tienda\/#\/schema\/logo\/image\/","url":"https:\/\/pequebierzo.es\/tienda\/wp-content\/uploads\/2021\/09\/logo-pequebierzo1.png","contentUrl":"https:\/\/pequebierzo.es\/tienda\/wp-content\/uploads\/2021\/09\/logo-pequebierzo1.png","width":200,"height":98,"caption":"Peque Bierzo"},"image":{"@id":"https:\/\/pequebierzo.es\/tienda\/#\/schema\/logo\/image\/"}}]}},"_links":{"self":[{"href":"https:\/\/pequebierzo.es\/tienda\/wp-json\/wp\/v2\/product\/4485","targetHints":{"allow":["GET"]}}],"collection":[{"href":"https:\/\/pequebierzo.es\/tienda\/wp-json\/wp\/v2\/product"}],"about":[{"href":"https:\/\/pequebierzo.es\/tienda\/wp-json\/wp\/v2\/types\/product"}],"replies":[{"embeddable":true,"href":"https:\/\/pequebierzo.es\/tienda\/wp-json\/wp\/v2\/comments?post=4485"}],"version-history":[{"count":1,"href":"https:\/\/pequebierzo.es\/tienda\/wp-json\/wp\/v2\/product\/4485\/revisions"}],"predecessor-version":[{"id":4776,"href":"https:\/\/pequebierzo.es\/tienda\/wp-json\/wp\/v2\/product\/4485\/revisions\/4776"}],"wp:featuredmedia":[{"embeddable":true,"href":"https:\/\/pequebierzo.es\/tienda\/wp-json\/wp\/v2\/media\/4486"}],"wp:attachment":[{"href":"https:\/\/pequebierzo.es\/tienda\/wp-json\/wp\/v2\/media?parent=4485"}],"wp:term":[{"taxonomy":"product_brand","embeddable":true,"href":"https:\/\/pequebierzo.es\/tienda\/wp-json\/wp\/v2\/product_brand?post=4485"},{"taxonomy":"product_cat","embeddable":true,"href":"https:\/\/pequebierzo.es\/tienda\/wp-json\/wp\/v2\/product_cat?post=4485"},{"taxonomy":"product_tag","embeddable":true,"href":"https:\/\/pequebierzo.es\/tienda\/wp-json\/wp\/v2\/product_tag?post=4485"}],"curies":[{"name":"wp","href":"https:\/\/api.w.org\/{rel}","templated":true}]}}