{"id":4500,"date":"2022-11-07T18:13:55","date_gmt":"2022-11-07T17:13:55","guid":{"rendered":"https:\/\/pequebierzo.es\/tienda\/?post_type=product&#038;p=4500"},"modified":"2023-12-03T13:08:07","modified_gmt":"2023-12-03T12:08:07","slug":"set-de-unas-para-ninas","status":"publish","type":"product","link":"https:\/\/pequebierzo.es\/tienda\/producto\/set-de-unas-para-ninas\/","title":{"rendered":"Set de u\u00f1as para regalar a ni\u00f1as que disfrutan decorando sus u\u00f1as"},"content":{"rendered":"","protected":false},"excerpt":{"rendered":"<p>\u00bfBuscas un <strong>regalo ideal para una ni\u00f1a<\/strong> a la que le encanta <strong>pintarse y arreglarse las u\u00f1as<\/strong> y no encuentras nada?<\/p>\n<p>Le va a alucinar este set de u\u00f1as WOW Generation.<\/p>\n<p>Es el <strong>kit perfecto para peques creativas<\/strong> a las que les encanta expresarse a trav\u00e9s de sus u\u00f1as.<\/p>\n<p>La caja de este set tiene <strong>muy buena presencia como regalo<\/strong>.<\/p>\n<p>Es s\u00faper completa porque contiene:<\/p>\n<ul>\n<li>U\u00f1as postizas perfumadas para presumir de u\u00f1as desde el primer momento<\/li>\n<li>Pegatinas perfumadas con diferentes formas y colores para pegar en las u\u00f1as<\/li>\n<li>Adhesivos decorativos<\/li>\n<li>2 colores de esmalte de u\u00f1as: rosa y morado<\/li>\n<\/ul>\n<p><span style=\"color: #ffffff;\">.<\/span><\/p>\n<p>Sin duda, el kit de manicura DIY m\u00e1s completo del mercado actual.<\/p>\n<p>Si tu hija, sobrina o nieta quiere unirse al club WOW, \u00a1este regalo es para ella!<\/p>\n<p><em><strong>\u00a1A\u00f1\u00e1delo al carrito y p\u00eddelo hoy mismo!<\/strong><\/em><\/p>\n","protected":false},"featured_media":4502,"comment_status":"open","ping_status":"closed","template":"","meta":[],"product_brand":[],"product_cat":[145],"product_tag":[],"class_list":{"0":"post-4500","1":"product","2":"type-product","3":"status-publish","4":"has-post-thumbnail","6":"product_cat-ofertas","8":"first","9":"instock","10":"taxable","11":"shipping-taxable","12":"purchasable","13":"product-type-simple"},"yoast_head":"<!-- This site is optimized with the Yoast SEO plugin v27.0 - https:\/\/yoast.com\/product\/yoast-seo-wordpress\/ -->\n<title>\u27a4 Set de u\u00f1as para ni\u00f1as que disfrutan arregl\u00e1ndose las u\u00f1as<\/title>\n<meta name=\"description\" content=\"\u271a Buscas un \u3010 regalo ideal para una ni\u00f1a \u3011 a la que le encanta pintarse y arreglarse las u\u00f1as y no encuentras nada? Mira: este set le encantar\u00e1.\" \/>\n<meta name=\"robots\" content=\"index, follow, max-snippet:-1, max-image-preview:large, max-video-preview:-1\" \/>\n<link rel=\"canonical\" href=\"https:\/\/pequebierzo.es\/tienda\/producto\/set-de-unas-para-ninas\/\" \/>\n<meta property=\"og:locale\" content=\"es_ES\" \/>\n<meta property=\"og:type\" content=\"article\" \/>\n<meta property=\"og:title\" content=\"\u27a4 Set de u\u00f1as para ni\u00f1as que disfrutan arregl\u00e1ndose las u\u00f1as\" \/>\n<meta property=\"og:description\" content=\"\u271a Buscas un \u3010 regalo ideal para una ni\u00f1a \u3011 a la que le encanta pintarse y arreglarse las u\u00f1as y no encuentras nada? Mira: este set le encantar\u00e1.\" \/>\n<meta property=\"og:url\" content=\"https:\/\/pequebierzo.es\/tienda\/producto\/set-de-unas-para-ninas\/\" \/>\n<meta property=\"og:site_name\" content=\"Peque Bierzo\" \/>\n<meta property=\"article:modified_time\" content=\"2023-12-03T12:08:07+00:00\" \/>\n<meta property=\"og:image\" content=\"https:\/\/pequebierzo.es\/tienda\/wp-content\/uploads\/2022\/11\/caja-diy-nail-kit-wow.generation.png\" \/>\n\t<meta property=\"og:image:width\" content=\"500\" \/>\n\t<meta property=\"og:image:height\" content=\"500\" \/>\n\t<meta property=\"og:image:type\" content=\"image\/png\" \/>\n<meta name=\"twitter:card\" content=\"summary_large_image\" \/>\n<!-- \/ Yoast SEO plugin. -->","yoast_head_json":{"title":"\u27a4 Set de u\u00f1as para ni\u00f1as que disfrutan arregl\u00e1ndose las u\u00f1as","description":"\u271a Buscas un \u3010 regalo ideal para una ni\u00f1a \u3011 a la que le encanta pintarse y arreglarse las u\u00f1as y no encuentras nada? Mira: este set le encantar\u00e1.","robots":{"index":"index","follow":"follow","max-snippet":"max-snippet:-1","max-image-preview":"max-image-preview:large","max-video-preview":"max-video-preview:-1"},"canonical":"https:\/\/pequebierzo.es\/tienda\/producto\/set-de-unas-para-ninas\/","og_locale":"es_ES","og_type":"article","og_title":"\u27a4 Set de u\u00f1as para ni\u00f1as que disfrutan arregl\u00e1ndose las u\u00f1as","og_description":"\u271a Buscas un \u3010 regalo ideal para una ni\u00f1a \u3011 a la que le encanta pintarse y arreglarse las u\u00f1as y no encuentras nada? Mira: este set le encantar\u00e1.","og_url":"https:\/\/pequebierzo.es\/tienda\/producto\/set-de-unas-para-ninas\/","og_site_name":"Peque Bierzo","article_modified_time":"2023-12-03T12:08:07+00:00","og_image":[{"width":500,"height":500,"url":"https:\/\/pequebierzo.es\/tienda\/wp-content\/uploads\/2022\/11\/caja-diy-nail-kit-wow.generation.png","type":"image\/png"}],"twitter_card":"summary_large_image","schema":{"@context":"https:\/\/schema.org","@graph":[{"@type":"WebPage","@id":"https:\/\/pequebierzo.es\/tienda\/producto\/set-de-unas-para-ninas\/","url":"https:\/\/pequebierzo.es\/tienda\/producto\/set-de-unas-para-ninas\/","name":"\u27a4 Set de u\u00f1as para ni\u00f1as que disfrutan arregl\u00e1ndose las u\u00f1as","isPartOf":{"@id":"https:\/\/pequebierzo.es\/tienda\/#website"},"primaryImageOfPage":{"@id":"https:\/\/pequebierzo.es\/tienda\/producto\/set-de-unas-para-ninas\/#primaryimage"},"image":{"@id":"https:\/\/pequebierzo.es\/tienda\/producto\/set-de-unas-para-ninas\/#primaryimage"},"thumbnailUrl":"https:\/\/pequebierzo.es\/tienda\/wp-content\/uploads\/2022\/11\/caja-diy-nail-kit-wow.generation.png","datePublished":"2022-11-07T17:13:55+00:00","dateModified":"2023-12-03T12:08:07+00:00","description":"\u271a Buscas un \u3010 regalo ideal para una ni\u00f1a \u3011 a la que le encanta pintarse y arreglarse las u\u00f1as y no encuentras nada? Mira: este set le encantar\u00e1.","breadcrumb":{"@id":"https:\/\/pequebierzo.es\/tienda\/producto\/set-de-unas-para-ninas\/#breadcrumb"},"inLanguage":"es","potentialAction":[{"@type":"ReadAction","target":["https:\/\/pequebierzo.es\/tienda\/producto\/set-de-unas-para-ninas\/"]}]},{"@type":"ImageObject","inLanguage":"es","@id":"https:\/\/pequebierzo.es\/tienda\/producto\/set-de-unas-para-ninas\/#primaryimage","url":"https:\/\/pequebierzo.es\/tienda\/wp-content\/uploads\/2022\/11\/caja-diy-nail-kit-wow.generation.png","contentUrl":"https:\/\/pequebierzo.es\/tienda\/wp-content\/uploads\/2022\/11\/caja-diy-nail-kit-wow.generation.png","width":500,"height":500,"caption":"Set de u\u00f1as para regalar a una ni\u00f1a WOW Generation"},{"@type":"BreadcrumbList","@id":"https:\/\/pequebierzo.es\/tienda\/producto\/set-de-unas-para-ninas\/#breadcrumb","itemListElement":[{"@type":"ListItem","position":1,"name":"Portada","item":"https:\/\/pequebierzo.es\/tienda\/"},{"@type":"ListItem","position":2,"name":"T2","item":"https:\/\/pequebierzo.es\/tienda\/t2\/"},{"@type":"ListItem","position":3,"name":"Set de u\u00f1as para regalar a ni\u00f1as que disfrutan decorando sus u\u00f1as"}]},{"@type":"WebSite","@id":"https:\/\/pequebierzo.es\/tienda\/#website","url":"https:\/\/pequebierzo.es\/tienda\/","name":"Peque Bierzo","description":"La agenda de ocio infantil del Bierzo","publisher":{"@id":"https:\/\/pequebierzo.es\/tienda\/#organization"},"potentialAction":[{"@type":"SearchAction","target":{"@type":"EntryPoint","urlTemplate":"https:\/\/pequebierzo.es\/tienda\/?s={search_term_string}"},"query-input":{"@type":"PropertyValueSpecification","valueRequired":true,"valueName":"search_term_string"}}],"inLanguage":"es"},{"@type":"Organization","@id":"https:\/\/pequebierzo.es\/tienda\/#organization","name":"Peque Bierzo","url":"https:\/\/pequebierzo.es\/tienda\/","logo":{"@type":"ImageObject","inLanguage":"es","@id":"https:\/\/pequebierzo.es\/tienda\/#\/schema\/logo\/image\/","url":"https:\/\/pequebierzo.es\/tienda\/wp-content\/uploads\/2021\/09\/logo-pequebierzo1.png","contentUrl":"https:\/\/pequebierzo.es\/tienda\/wp-content\/uploads\/2021\/09\/logo-pequebierzo1.png","width":200,"height":98,"caption":"Peque Bierzo"},"image":{"@id":"https:\/\/pequebierzo.es\/tienda\/#\/schema\/logo\/image\/"}}]}},"_links":{"self":[{"href":"https:\/\/pequebierzo.es\/tienda\/wp-json\/wp\/v2\/product\/4500","targetHints":{"allow":["GET"]}}],"collection":[{"href":"https:\/\/pequebierzo.es\/tienda\/wp-json\/wp\/v2\/product"}],"about":[{"href":"https:\/\/pequebierzo.es\/tienda\/wp-json\/wp\/v2\/types\/product"}],"replies":[{"embeddable":true,"href":"https:\/\/pequebierzo.es\/tienda\/wp-json\/wp\/v2\/comments?post=4500"}],"version-history":[{"count":1,"href":"https:\/\/pequebierzo.es\/tienda\/wp-json\/wp\/v2\/product\/4500\/revisions"}],"predecessor-version":[{"id":4783,"href":"https:\/\/pequebierzo.es\/tienda\/wp-json\/wp\/v2\/product\/4500\/revisions\/4783"}],"wp:featuredmedia":[{"embeddable":true,"href":"https:\/\/pequebierzo.es\/tienda\/wp-json\/wp\/v2\/media\/4502"}],"wp:attachment":[{"href":"https:\/\/pequebierzo.es\/tienda\/wp-json\/wp\/v2\/media?parent=4500"}],"wp:term":[{"taxonomy":"product_brand","embeddable":true,"href":"https:\/\/pequebierzo.es\/tienda\/wp-json\/wp\/v2\/product_brand?post=4500"},{"taxonomy":"product_cat","embeddable":true,"href":"https:\/\/pequebierzo.es\/tienda\/wp-json\/wp\/v2\/product_cat?post=4500"},{"taxonomy":"product_tag","embeddable":true,"href":"https:\/\/pequebierzo.es\/tienda\/wp-json\/wp\/v2\/product_tag?post=4500"}],"curies":[{"name":"wp","href":"https:\/\/api.w.org\/{rel}","templated":true}]}}