{"id":4565,"date":"2022-11-15T17:13:00","date_gmt":"2022-11-15T16:13:00","guid":{"rendered":"https:\/\/pequebierzo.es\/tienda\/?post_type=product&#038;p=4565"},"modified":"2025-06-27T07:11:12","modified_gmt":"2025-06-27T05:11:12","slug":"piano-infantil-magic-touch-baby-einstein","status":"publish","type":"product","link":"https:\/\/pequebierzo.es\/tienda\/producto\/piano-infantil-magic-touch-baby-einstein\/","title":{"rendered":"Piano infantil Magic Touch Baby Einstein para beb\u00e9s desde 6 meses"},"content":{"rendered":"\t\t<div data-elementor-type=\"product-post\" data-elementor-id=\"4565\" class=\"elementor elementor-4565\" data-elementor-post-type=\"product\">\n\t\t\t\t\t\t<section class=\"elementor-section elementor-top-section elementor-element elementor-element-3ed8a63 elementor-section-boxed elementor-section-height-default elementor-section-height-default\" data-id=\"3ed8a63\" data-element_type=\"section\" data-e-type=\"section\">\n\t\t\t\t\t\t<div class=\"elementor-container elementor-column-gap-default\">\n\t\t\t\t\t<div class=\"elementor-column elementor-col-100 elementor-top-column elementor-element elementor-element-b384cfe\" data-id=\"b384cfe\" data-element_type=\"column\" data-e-type=\"column\">\n\t\t\t<div class=\"elementor-widget-wrap elementor-element-populated\">\n\t\t\t\t\t\t<div class=\"elementor-element elementor-element-0196531 elementor-widget elementor-widget-heading\" data-id=\"0196531\" data-element_type=\"widget\" data-e-type=\"widget\" data-widget_type=\"heading.default\">\n\t\t\t\t<div class=\"elementor-widget-container\">\n\t\t\t\t\t<h2 class=\"elementor-heading-title elementor-size-default\">[V\u00eddeo] Conoce mejor el piano para ni\u00f1as y ni\u00f1os con mucho ritmo<\/h2>\t\t\t\t<\/div>\n\t\t\t\t<\/div>\n\t\t\t\t<div class=\"elementor-element elementor-element-5960437 elementor-widget elementor-widget-video\" data-id=\"5960437\" data-element_type=\"widget\" data-e-type=\"widget\" data-settings=\"{&quot;youtube_url&quot;:&quot;https:\\\/\\\/www.youtube.com\\\/watch?v=PpK4gj_kwc4&quot;,&quot;video_type&quot;:&quot;youtube&quot;,&quot;controls&quot;:&quot;yes&quot;}\" data-widget_type=\"video.default\">\n\t\t\t\t<div class=\"elementor-widget-container\">\n\t\t\t\t\t\t\t<div class=\"elementor-wrapper elementor-open-inline\">\n\t\t\t<div class=\"elementor-video\"><\/div>\t\t<\/div>\n\t\t\t\t\t\t<\/div>\n\t\t\t\t<\/div>\n\t\t\t\t\t<\/div>\n\t\t<\/div>\n\t\t\t\t\t<\/div>\n\t\t<\/section>\n\t\t\t\t<section class=\"elementor-section elementor-top-section elementor-element elementor-element-1da8576 elementor-section-boxed elementor-section-height-default elementor-section-height-default\" data-id=\"1da8576\" data-element_type=\"section\" data-e-type=\"section\">\n\t\t\t\t\t\t\t<div class=\"elementor-background-overlay\"><\/div>\n\t\t\t\t\t\t\t<div class=\"elementor-container elementor-column-gap-default\">\n\t\t\t\t\t<div class=\"elementor-column elementor-col-25 elementor-top-column elementor-element elementor-element-d49ff28\" data-id=\"d49ff28\" data-element_type=\"column\" data-e-type=\"column\">\n\t\t\t<div class=\"elementor-widget-wrap\">\n\t\t\t\t\t\t\t<\/div>\n\t\t<\/div>\n\t\t\t\t<div class=\"elementor-column elementor-col-25 elementor-top-column elementor-element elementor-element-e61f965\" data-id=\"e61f965\" data-element_type=\"column\" data-e-type=\"column\">\n\t\t\t<div class=\"elementor-widget-wrap elementor-element-populated\">\n\t\t\t\t\t\t<div class=\"elementor-element elementor-element-9fcd275 elementor-widget elementor-widget-image\" data-id=\"9fcd275\" data-element_type=\"widget\" data-e-type=\"widget\" data-widget_type=\"image.default\">\n\t\t\t\t<div class=\"elementor-widget-container\">\n\t\t\t\t\t\t\t\t\t\t\t\t\t\t\t<img fetchpriority=\"high\" decoding=\"async\" width=\"800\" height=\"800\" src=\"https:\/\/pequebierzo.es\/tienda\/wp-content\/uploads\/2022\/11\/bebe-jugando-piano-1024x1024.jpg\" class=\"attachment-large size-large wp-image-4568\" alt=\"Beb\u00e9 jugando con piano\" srcset=\"https:\/\/pequebierzo.es\/tienda\/wp-content\/uploads\/2022\/11\/bebe-jugando-piano.jpg 1024w, https:\/\/pequebierzo.es\/tienda\/wp-content\/uploads\/2022\/11\/bebe-jugando-piano-300x300.jpg 300w, https:\/\/pequebierzo.es\/tienda\/wp-content\/uploads\/2022\/11\/bebe-jugando-piano-150x150.jpg 150w, https:\/\/pequebierzo.es\/tienda\/wp-content\/uploads\/2022\/11\/bebe-jugando-piano-768x768.jpg 768w, https:\/\/pequebierzo.es\/tienda\/wp-content\/uploads\/2022\/11\/bebe-jugando-piano-600x600.jpg 600w, https:\/\/pequebierzo.es\/tienda\/wp-content\/uploads\/2022\/11\/bebe-jugando-piano-100x100.jpg 100w\" sizes=\"(max-width: 800px) 100vw, 800px\" \/>\t\t\t\t\t\t\t\t\t\t\t\t\t\t\t<\/div>\n\t\t\t\t<\/div>\n\t\t\t\t\t<\/div>\n\t\t<\/div>\n\t\t\t\t<div class=\"elementor-column elementor-col-25 elementor-top-column elementor-element elementor-element-573a165\" data-id=\"573a165\" data-element_type=\"column\" data-e-type=\"column\">\n\t\t\t<div class=\"elementor-widget-wrap\">\n\t\t\t\t\t\t\t<\/div>\n\t\t<\/div>\n\t\t\t\t<div class=\"elementor-column elementor-col-25 elementor-top-column elementor-element elementor-element-8da18c8\" data-id=\"8da18c8\" data-element_type=\"column\" data-e-type=\"column\">\n\t\t\t<div class=\"elementor-widget-wrap elementor-element-populated\">\n\t\t\t\t\t\t<div class=\"elementor-element elementor-element-c937aa2 elementor-widget elementor-widget-heading\" data-id=\"c937aa2\" data-element_type=\"widget\" data-e-type=\"widget\" data-widget_type=\"heading.default\">\n\t\t\t\t<div class=\"elementor-widget-container\">\n\t\t\t\t\t<h2 class=\"elementor-heading-title elementor-size-default\">\u00a1Lo quiero YA para regalar!<\/h2>\t\t\t\t<\/div>\n\t\t\t\t<\/div>\n\t\t\t\t<div class=\"elementor-element elementor-element-257500c e-add-to-cart--show-quantity-yes elementor-widget elementor-widget-woocommerce-product-add-to-cart\" data-id=\"257500c\" data-element_type=\"widget\" data-e-type=\"widget\" data-widget_type=\"woocommerce-product-add-to-cart.default\">\n\t\t\t\t<div class=\"elementor-widget-container\">\n\t\t\t\t\t\n\t\t<div class=\"elementor-add-to-cart elementor-product-simple\">\n\t\t\t<p class=\"stock out-of-stock\">Sin existencias<\/p>\n\t\t<\/div>\n\n\t\t\t\t\t\t<\/div>\n\t\t\t\t<\/div>\n\t\t\t\t<div class=\"elementor-element elementor-element-d77f567 elementor-widget elementor-widget-text-editor\" data-id=\"d77f567\" data-element_type=\"widget\" data-e-type=\"widget\" data-widget_type=\"text-editor.default\">\n\t\t\t\t<div class=\"elementor-widget-container\">\n\t\t\t\t\t\t\t\t\t<div id=\"nta-wabutton-770\" style=\"margin: 30px 0 30px;\"><a target=\"_blank\" href=\"https:\/\/web.whatsapp.com\/send?phone=34626593172&#038;text=Tengo una duda sobre este producto (https:\/\/pequebierzo.es\/tienda\/wp-json\/wp\/v2\/product\/4565)...\" class=\"wa__button wa__r_button wa__stt_online wa__btn_w_img \"><div class=\"wa__cs_img\"><div class=\"wa__cs_img_wrap\" style=\"background: url(https:\/\/pequebierzo.es\/tienda\/wp-content\/uploads\/2021\/11\/jana-79x79-1-788x788.png) center center no-repeat; background-size: cover;\"><\/div><\/div><div class=\"wa__btn_txt\"><div class=\"wa__cs_info\"><div class=\"wa__cs_name\">Jana Soto<\/div><div class=\"wa__cs_status\">Online<\/div><\/div><div class=\"wa__btn_title\">Enviar mensaje a Jana<\/div><\/div><\/a><\/div>\t\t\t\t\t\t\t\t<\/div>\n\t\t\t\t<\/div>\n\t\t\t\t\t<\/div>\n\t\t<\/div>\n\t\t\t\t\t<\/div>\n\t\t<\/section>\n\t\t\t\t<\/div>\n\t\t","protected":false},"excerpt":{"rendered":"<p>\u00bfEst\u00e1s aqu\u00ed porque <strong>necesitas comprar un regalo a un beb\u00e9 peque\u00f1ito<\/strong> y no tienes ni idea qu\u00e9 le puede gustar?<\/p>\n<p>Te propongo un detallazo: este <strong>piano de madera m\u00e1gico<\/strong>.<\/p>\n<p>Con \u00e9l comenzar\u00e1 a aprender sobre la m\u00fasica y el ritmo a una edad temprana.<\/p>\n<p>Pero no solo eso.<\/p>\n<p>Adem\u00e1s, <strong>es un regalo excelente<\/strong> con el que va a disfrutar un mont\u00f3n porque:<\/p>\n<ul>\n<li>Combina la resistencia de un<strong> juguete de madera<\/strong>, con la tecnolog\u00eda de las <strong>teclas t\u00e1ctiles que parecen magia al tocarlas<\/strong>.<\/li>\n<li>Sorprende mucho la <strong>calidad del sonido<\/strong>: es claro y agradable (mucho mejor que otros pianos infantiles).<\/li>\n<li>Tiene muy <strong>buena presencia como regalo<\/strong> a un precio razonable.<\/li>\n<li>Podr\u00e1 <strong>crear canciones<\/strong> diferentes con un simple y delicado toque de dedos. <strong>O aporrearlo y divertirse<\/strong> mientras escucha los sonidos.<\/li>\n<li>Le servir\u00e1 para <strong>relacionar y asociar colores con notas<\/strong>, gracias a las tres hojas de m\u00fasica que incluye.<\/li>\n<li>No te molestar\u00e1 en absoluto porque <strong>se puede regular el sonido<\/strong>.<\/li>\n<li>Es de los pocos juguetes que <strong>va a utilizar varios a\u00f1os<\/strong>, no solo cuando sea beb\u00e9.<\/li>\n<\/ul>\n<p><span style=\"color: #ffffff;\">.<\/span><\/p>\n<p>No le des m\u00e1s vueltas.<\/p>\n<p>Con su dise\u00f1o sencillo y suave, \u00a1es el juguete perfecto para las manitas de ese beb\u00e9 que tanto adoras!<\/p>\n<p><strong>C\u00f3mpralo AHORA y hazle un regalo que va a utilizar muuuucho tiempo.<\/strong><\/p>\n","protected":false},"featured_media":4566,"comment_status":"open","ping_status":"closed","template":"","meta":[],"product_brand":[],"product_cat":[25],"product_tag":[],"class_list":{"0":"post-4565","1":"product","2":"type-product","3":"status-publish","4":"has-post-thumbnail","6":"product_cat-mas-vendidos","8":"first","9":"outofstock","10":"taxable","11":"shipping-taxable","12":"purchasable","13":"product-type-simple"},"yoast_head":"<!-- This site is optimized with the Yoast SEO plugin v27.0 - https:\/\/yoast.com\/product\/yoast-seo-wordpress\/ -->\n<title>\u3010 Piano infantil \u3011 Magic Touch Deluxe para beb\u00e9s desde 6 meses<\/title>\n<meta name=\"description\" content=\"llll\u27a4 Necesitas comprar un regalo a un beb\u00e9 pero nada te convence? Mira. Te propongo un detallazo: este piano de madera m\u00e1gico. Rec\u00edbelo en 24-48h.\" \/>\n<meta name=\"robots\" content=\"index, follow, max-snippet:-1, max-image-preview:large, max-video-preview:-1\" \/>\n<link rel=\"canonical\" href=\"https:\/\/pequebierzo.es\/tienda\/producto\/piano-infantil-magic-touch-baby-einstein\/\" \/>\n<meta property=\"og:locale\" content=\"es_ES\" \/>\n<meta property=\"og:type\" content=\"article\" \/>\n<meta property=\"og:title\" content=\"\u3010 Piano infantil \u3011 Magic Touch Deluxe para beb\u00e9s desde 6 meses\" \/>\n<meta property=\"og:description\" content=\"llll\u27a4 Necesitas comprar un regalo a un beb\u00e9 pero nada te convence? Mira. Te propongo un detallazo: este piano de madera m\u00e1gico. Rec\u00edbelo en 24-48h.\" \/>\n<meta property=\"og:url\" content=\"https:\/\/pequebierzo.es\/tienda\/producto\/piano-infantil-magic-touch-baby-einstein\/\" \/>\n<meta property=\"og:site_name\" content=\"Peque Bierzo\" \/>\n<meta property=\"article:modified_time\" content=\"2025-06-27T05:11:12+00:00\" \/>\n<meta property=\"og:image\" content=\"https:\/\/pequebierzo.es\/tienda\/wp-content\/uploads\/2022\/11\/piano-infantil.png\" \/>\n\t<meta property=\"og:image:width\" content=\"1000\" \/>\n\t<meta property=\"og:image:height\" content=\"1000\" \/>\n\t<meta property=\"og:image:type\" content=\"image\/png\" \/>\n<meta name=\"twitter:card\" content=\"summary_large_image\" \/>\n<!-- \/ Yoast SEO plugin. -->","yoast_head_json":{"title":"\u3010 Piano infantil \u3011 Magic Touch Deluxe para beb\u00e9s desde 6 meses","description":"llll\u27a4 Necesitas comprar un regalo a un beb\u00e9 pero nada te convence? Mira. Te propongo un detallazo: este piano de madera m\u00e1gico. Rec\u00edbelo en 24-48h.","robots":{"index":"index","follow":"follow","max-snippet":"max-snippet:-1","max-image-preview":"max-image-preview:large","max-video-preview":"max-video-preview:-1"},"canonical":"https:\/\/pequebierzo.es\/tienda\/producto\/piano-infantil-magic-touch-baby-einstein\/","og_locale":"es_ES","og_type":"article","og_title":"\u3010 Piano infantil \u3011 Magic Touch Deluxe para beb\u00e9s desde 6 meses","og_description":"llll\u27a4 Necesitas comprar un regalo a un beb\u00e9 pero nada te convence? Mira. Te propongo un detallazo: este piano de madera m\u00e1gico. Rec\u00edbelo en 24-48h.","og_url":"https:\/\/pequebierzo.es\/tienda\/producto\/piano-infantil-magic-touch-baby-einstein\/","og_site_name":"Peque Bierzo","article_modified_time":"2025-06-27T05:11:12+00:00","og_image":[{"width":1000,"height":1000,"url":"https:\/\/pequebierzo.es\/tienda\/wp-content\/uploads\/2022\/11\/piano-infantil.png","type":"image\/png"}],"twitter_card":"summary_large_image","schema":{"@context":"https:\/\/schema.org","@graph":[{"@type":"WebPage","@id":"https:\/\/pequebierzo.es\/tienda\/producto\/piano-infantil-magic-touch-baby-einstein\/","url":"https:\/\/pequebierzo.es\/tienda\/producto\/piano-infantil-magic-touch-baby-einstein\/","name":"\u3010 Piano infantil \u3011 Magic Touch Deluxe para beb\u00e9s desde 6 meses","isPartOf":{"@id":"https:\/\/pequebierzo.es\/tienda\/#website"},"primaryImageOfPage":{"@id":"https:\/\/pequebierzo.es\/tienda\/producto\/piano-infantil-magic-touch-baby-einstein\/#primaryimage"},"image":{"@id":"https:\/\/pequebierzo.es\/tienda\/producto\/piano-infantil-magic-touch-baby-einstein\/#primaryimage"},"thumbnailUrl":"https:\/\/pequebierzo.es\/tienda\/wp-content\/uploads\/2022\/11\/piano-infantil.png","datePublished":"2022-11-15T16:13:00+00:00","dateModified":"2025-06-27T05:11:12+00:00","description":"llll\u27a4 Necesitas comprar un regalo a un beb\u00e9 pero nada te convence? Mira. Te propongo un detallazo: este piano de madera m\u00e1gico. Rec\u00edbelo en 24-48h.","breadcrumb":{"@id":"https:\/\/pequebierzo.es\/tienda\/producto\/piano-infantil-magic-touch-baby-einstein\/#breadcrumb"},"inLanguage":"es","potentialAction":[{"@type":"ReadAction","target":["https:\/\/pequebierzo.es\/tienda\/producto\/piano-infantil-magic-touch-baby-einstein\/"]}]},{"@type":"ImageObject","inLanguage":"es","@id":"https:\/\/pequebierzo.es\/tienda\/producto\/piano-infantil-magic-touch-baby-einstein\/#primaryimage","url":"https:\/\/pequebierzo.es\/tienda\/wp-content\/uploads\/2022\/11\/piano-infantil.png","contentUrl":"https:\/\/pequebierzo.es\/tienda\/wp-content\/uploads\/2022\/11\/piano-infantil.png","width":1000,"height":1000,"caption":"Piano infantil"},{"@type":"BreadcrumbList","@id":"https:\/\/pequebierzo.es\/tienda\/producto\/piano-infantil-magic-touch-baby-einstein\/#breadcrumb","itemListElement":[{"@type":"ListItem","position":1,"name":"Portada","item":"https:\/\/pequebierzo.es\/tienda\/"},{"@type":"ListItem","position":2,"name":"T2","item":"https:\/\/pequebierzo.es\/tienda\/t2\/"},{"@type":"ListItem","position":3,"name":"Piano infantil Magic Touch Baby Einstein para beb\u00e9s desde 6 meses"}]},{"@type":"WebSite","@id":"https:\/\/pequebierzo.es\/tienda\/#website","url":"https:\/\/pequebierzo.es\/tienda\/","name":"Peque Bierzo","description":"La agenda de ocio infantil del Bierzo","publisher":{"@id":"https:\/\/pequebierzo.es\/tienda\/#organization"},"potentialAction":[{"@type":"SearchAction","target":{"@type":"EntryPoint","urlTemplate":"https:\/\/pequebierzo.es\/tienda\/?s={search_term_string}"},"query-input":{"@type":"PropertyValueSpecification","valueRequired":true,"valueName":"search_term_string"}}],"inLanguage":"es"},{"@type":"Organization","@id":"https:\/\/pequebierzo.es\/tienda\/#organization","name":"Peque Bierzo","url":"https:\/\/pequebierzo.es\/tienda\/","logo":{"@type":"ImageObject","inLanguage":"es","@id":"https:\/\/pequebierzo.es\/tienda\/#\/schema\/logo\/image\/","url":"https:\/\/pequebierzo.es\/tienda\/wp-content\/uploads\/2021\/09\/logo-pequebierzo1.png","contentUrl":"https:\/\/pequebierzo.es\/tienda\/wp-content\/uploads\/2021\/09\/logo-pequebierzo1.png","width":200,"height":98,"caption":"Peque Bierzo"},"image":{"@id":"https:\/\/pequebierzo.es\/tienda\/#\/schema\/logo\/image\/"}}]}},"_links":{"self":[{"href":"https:\/\/pequebierzo.es\/tienda\/wp-json\/wp\/v2\/product\/4565","targetHints":{"allow":["GET"]}}],"collection":[{"href":"https:\/\/pequebierzo.es\/tienda\/wp-json\/wp\/v2\/product"}],"about":[{"href":"https:\/\/pequebierzo.es\/tienda\/wp-json\/wp\/v2\/types\/product"}],"replies":[{"embeddable":true,"href":"https:\/\/pequebierzo.es\/tienda\/wp-json\/wp\/v2\/comments?post=4565"}],"version-history":[{"count":3,"href":"https:\/\/pequebierzo.es\/tienda\/wp-json\/wp\/v2\/product\/4565\/revisions"}],"predecessor-version":[{"id":4772,"href":"https:\/\/pequebierzo.es\/tienda\/wp-json\/wp\/v2\/product\/4565\/revisions\/4772"}],"wp:featuredmedia":[{"embeddable":true,"href":"https:\/\/pequebierzo.es\/tienda\/wp-json\/wp\/v2\/media\/4566"}],"wp:attachment":[{"href":"https:\/\/pequebierzo.es\/tienda\/wp-json\/wp\/v2\/media?parent=4565"}],"wp:term":[{"taxonomy":"product_brand","embeddable":true,"href":"https:\/\/pequebierzo.es\/tienda\/wp-json\/wp\/v2\/product_brand?post=4565"},{"taxonomy":"product_cat","embeddable":true,"href":"https:\/\/pequebierzo.es\/tienda\/wp-json\/wp\/v2\/product_cat?post=4565"},{"taxonomy":"product_tag","embeddable":true,"href":"https:\/\/pequebierzo.es\/tienda\/wp-json\/wp\/v2\/product_tag?post=4565"}],"curies":[{"name":"wp","href":"https:\/\/api.w.org\/{rel}","templated":true}]}}