{"id":4581,"date":"2022-11-15T18:08:50","date_gmt":"2022-11-15T17:08:50","guid":{"rendered":"https:\/\/pequebierzo.es\/tienda\/?post_type=product&#038;p=4581"},"modified":"2025-10-08T13:51:48","modified_gmt":"2025-10-08T11:51:48","slug":"guitarra-infantil-magic-touch","status":"publish","type":"product","link":"https:\/\/pequebierzo.es\/tienda\/producto\/guitarra-infantil-magic-touch\/","title":{"rendered":"Guitarra infantil Magic Touch para peques de 1 a 3 a\u00f1os"},"content":{"rendered":"\t\t<div data-elementor-type=\"product-post\" data-elementor-id=\"4581\" class=\"elementor elementor-4581\" data-elementor-post-type=\"product\">\n\t\t\t\t\t\t<section class=\"elementor-section elementor-top-section elementor-element elementor-element-f7a3e91 elementor-section-boxed elementor-section-height-default elementor-section-height-default\" data-id=\"f7a3e91\" data-element_type=\"section\" data-e-type=\"section\">\n\t\t\t\t\t\t<div class=\"elementor-container elementor-column-gap-default\">\n\t\t\t\t\t<div class=\"elementor-column elementor-col-100 elementor-top-column elementor-element elementor-element-5c5e540\" data-id=\"5c5e540\" data-element_type=\"column\" data-e-type=\"column\">\n\t\t\t<div class=\"elementor-widget-wrap elementor-element-populated\">\n\t\t\t\t\t\t<div class=\"elementor-element elementor-element-b4b9a23 elementor-widget elementor-widget-heading\" data-id=\"b4b9a23\" data-element_type=\"widget\" data-e-type=\"widget\" data-widget_type=\"heading.default\">\n\t\t\t\t<div class=\"elementor-widget-container\">\n\t\t\t\t\t<h2 class=\"elementor-heading-title elementor-size-default\">[V\u00eddeo] Conoce mejor esta guitarra infantil<\/h2>\t\t\t\t<\/div>\n\t\t\t\t<\/div>\n\t\t\t\t<div class=\"elementor-element elementor-element-f5f9a31 elementor-widget elementor-widget-video\" data-id=\"f5f9a31\" data-element_type=\"widget\" data-e-type=\"widget\" data-settings=\"{&quot;youtube_url&quot;:&quot;https:\\\/\\\/www.youtube.com\\\/watch?v=O6a7bM57l8Y&quot;,&quot;video_type&quot;:&quot;youtube&quot;,&quot;controls&quot;:&quot;yes&quot;}\" data-widget_type=\"video.default\">\n\t\t\t\t<div class=\"elementor-widget-container\">\n\t\t\t\t\t\t\t<div class=\"elementor-wrapper elementor-open-inline\">\n\t\t\t<div class=\"elementor-video\"><\/div>\t\t<\/div>\n\t\t\t\t\t\t<\/div>\n\t\t\t\t<\/div>\n\t\t\t\t\t<\/div>\n\t\t<\/div>\n\t\t\t\t\t<\/div>\n\t\t<\/section>\n\t\t\t\t<section class=\"elementor-section elementor-top-section elementor-element elementor-element-577c0f5 elementor-section-boxed elementor-section-height-default elementor-section-height-default\" data-id=\"577c0f5\" data-element_type=\"section\" data-e-type=\"section\">\n\t\t\t\t\t\t<div class=\"elementor-container elementor-column-gap-default\">\n\t\t\t\t\t<div class=\"elementor-column elementor-col-100 elementor-top-column elementor-element elementor-element-21d26f0\" data-id=\"21d26f0\" data-element_type=\"column\" data-e-type=\"column\">\n\t\t\t<div class=\"elementor-widget-wrap elementor-element-populated\">\n\t\t\t\t\t\t<div class=\"elementor-element elementor-element-9cb627d elementor-widget elementor-widget-heading\" data-id=\"9cb627d\" data-element_type=\"widget\" data-e-type=\"widget\" data-widget_type=\"heading.default\">\n\t\t\t\t<div class=\"elementor-widget-container\">\n\t\t\t\t\t<h2 class=\"elementor-heading-title elementor-size-default\">\u00bfQuiero saber m\u00e1s de la guitarra para ni\u00f1os para regalar?<\/h2>\t\t\t\t<\/div>\n\t\t\t\t<\/div>\n\t\t\t\t<div class=\"elementor-element elementor-element-a7750a3 elementor-widget elementor-widget-text-editor\" data-id=\"a7750a3\" data-element_type=\"widget\" data-e-type=\"widget\" data-widget_type=\"text-editor.default\">\n\t\t\t\t<div class=\"elementor-widget-container\">\n\t\t\t\t\t\t\t\t\t<p>Te cuento algunas cosas m\u00e1s.<\/p><p>Mira.<\/p><p>La zona del m\u00e1stil tiene una doble funci\u00f3n que se activa con un peque\u00f1o interruptor:<\/p><ol><li>Suena como lo har\u00eda una <strong>guitarra<\/strong>.<\/li><li>Imita <strong>sonidos de animales<\/strong> que corresponden a los dibujos impresos, con la gracia de que en cada pulsaci\u00f3n cambia el sonido de ese animal.<\/li><\/ol><p><span style=\"color: #ffffff;\">.<\/span><\/p><p><strong>\u00bfEs un juguete educativo?<\/strong><\/p><p>Para m\u00ed es un ejemplo perfecto de juguete educativo.<\/p><p>Pero a ver.<\/p><p>Y no me refiero a que el ni\u00f1o va a aprender a tocar la guitarra.<\/p><p>Me refiero a que le ayudar\u00e1 a <strong>descubrir la m\u00fasica desde peque\u00f1ito<\/strong>.<\/p><p>Y que adem\u00e1s se va a dar cuenta de que <strong>\u00e9l mismo puede llegar a tocar un instrumento<\/strong>\u00a0si se lo propone.<\/p>\t\t\t\t\t\t\t\t<\/div>\n\t\t\t\t<\/div>\n\t\t\t\t<div class=\"elementor-element elementor-element-49286d6 elementor-widget elementor-widget-heading\" data-id=\"49286d6\" data-element_type=\"widget\" data-e-type=\"widget\" data-widget_type=\"heading.default\">\n\t\t\t\t<div class=\"elementor-widget-container\">\n\t\t\t\t\t<h2 class=\"elementor-heading-title elementor-size-default\">\u00bfQu\u00e9 m\u00e1s tengo que saber de esta guitarra de juguete?<\/h2>\t\t\t\t<\/div>\n\t\t\t\t<\/div>\n\t\t\t\t<div class=\"elementor-element elementor-element-3f25e6c elementor-widget elementor-widget-text-editor\" data-id=\"3f25e6c\" data-element_type=\"widget\" data-e-type=\"widget\" data-widget_type=\"text-editor.default\">\n\t\t\t\t<div class=\"elementor-widget-container\">\n\t\t\t\t\t\t\t\t\t<ul><li>No lleva pilas incluidas.<\/li><li>Pesa muy poco y es f\u00e1cil de sujetar.<\/li><\/ul><p><span style=\"color: #ffffff;\">.<\/span><\/p><p>Ahora solo te queda comprarla y que el peque\u00f1\u00edn o peque\u00f1ina empiece a disfrutar desde ya mismo.<\/p>\t\t\t\t\t\t\t\t<\/div>\n\t\t\t\t<\/div>\n\t\t\t\t\t<\/div>\n\t\t<\/div>\n\t\t\t\t\t<\/div>\n\t\t<\/section>\n\t\t\t\t<section class=\"elementor-section elementor-top-section elementor-element elementor-element-ad9fd4c elementor-section-boxed elementor-section-height-default elementor-section-height-default\" data-id=\"ad9fd4c\" data-element_type=\"section\" data-e-type=\"section\">\n\t\t\t\t\t\t\t<div class=\"elementor-background-overlay\"><\/div>\n\t\t\t\t\t\t\t<div class=\"elementor-container elementor-column-gap-default\">\n\t\t\t\t\t<div class=\"elementor-column elementor-col-25 elementor-top-column elementor-element elementor-element-15f7309\" data-id=\"15f7309\" data-element_type=\"column\" data-e-type=\"column\">\n\t\t\t<div class=\"elementor-widget-wrap\">\n\t\t\t\t\t\t\t<\/div>\n\t\t<\/div>\n\t\t\t\t<div class=\"elementor-column elementor-col-25 elementor-top-column elementor-element elementor-element-9ed7984\" data-id=\"9ed7984\" data-element_type=\"column\" data-e-type=\"column\">\n\t\t\t<div class=\"elementor-widget-wrap elementor-element-populated\">\n\t\t\t\t\t\t<div class=\"elementor-element elementor-element-64378bd elementor-widget elementor-widget-image\" data-id=\"64378bd\" data-element_type=\"widget\" data-e-type=\"widget\" data-widget_type=\"image.default\">\n\t\t\t\t<div class=\"elementor-widget-container\">\n\t\t\t\t\t\t\t\t\t\t\t\t\t\t\t<img fetchpriority=\"high\" decoding=\"async\" width=\"800\" height=\"800\" src=\"https:\/\/pequebierzo.es\/tienda\/wp-content\/uploads\/2022\/11\/nino-5-tocando-guitarra.jpg\" class=\"attachment-large size-large wp-image-4594\" alt=\"Ni\u00f1o tocando la guitarra\" srcset=\"https:\/\/pequebierzo.es\/tienda\/wp-content\/uploads\/2022\/11\/nino-5-tocando-guitarra.jpg 1000w, https:\/\/pequebierzo.es\/tienda\/wp-content\/uploads\/2022\/11\/nino-5-tocando-guitarra-300x300.jpg 300w, https:\/\/pequebierzo.es\/tienda\/wp-content\/uploads\/2022\/11\/nino-5-tocando-guitarra-150x150.jpg 150w, https:\/\/pequebierzo.es\/tienda\/wp-content\/uploads\/2022\/11\/nino-5-tocando-guitarra-768x768.jpg 768w, https:\/\/pequebierzo.es\/tienda\/wp-content\/uploads\/2022\/11\/nino-5-tocando-guitarra-600x600.jpg 600w, https:\/\/pequebierzo.es\/tienda\/wp-content\/uploads\/2022\/11\/nino-5-tocando-guitarra-100x100.jpg 100w\" sizes=\"(max-width: 800px) 100vw, 800px\" \/>\t\t\t\t\t\t\t\t\t\t\t\t\t\t\t<\/div>\n\t\t\t\t<\/div>\n\t\t\t\t\t<\/div>\n\t\t<\/div>\n\t\t\t\t<div class=\"elementor-column elementor-col-25 elementor-top-column elementor-element elementor-element-3fa8278\" data-id=\"3fa8278\" data-element_type=\"column\" data-e-type=\"column\">\n\t\t\t<div class=\"elementor-widget-wrap\">\n\t\t\t\t\t\t\t<\/div>\n\t\t<\/div>\n\t\t\t\t<div class=\"elementor-column elementor-col-25 elementor-top-column elementor-element elementor-element-9fb28f8\" data-id=\"9fb28f8\" data-element_type=\"column\" data-e-type=\"column\">\n\t\t\t<div class=\"elementor-widget-wrap elementor-element-populated\">\n\t\t\t\t\t\t<div class=\"elementor-element elementor-element-f1ef64a elementor-widget elementor-widget-heading\" data-id=\"f1ef64a\" data-element_type=\"widget\" data-e-type=\"widget\" data-widget_type=\"heading.default\">\n\t\t\t\t<div class=\"elementor-widget-container\">\n\t\t\t\t\t<h2 class=\"elementor-heading-title elementor-size-default\">\u00a1Lo quiero YA para regalar!<\/h2>\t\t\t\t<\/div>\n\t\t\t\t<\/div>\n\t\t\t\t<div class=\"elementor-element elementor-element-57d2ec7 e-add-to-cart--show-quantity-yes elementor-widget elementor-widget-woocommerce-product-add-to-cart\" data-id=\"57d2ec7\" data-element_type=\"widget\" data-e-type=\"widget\" data-widget_type=\"woocommerce-product-add-to-cart.default\">\n\t\t\t\t<div class=\"elementor-widget-container\">\n\t\t\t\t\t\n\t\t<div class=\"elementor-add-to-cart elementor-product-simple\">\n\t\t\t<p class=\"stock in-stock\">Hay existencias<\/p>\n\n\t\n\t<form class=\"cart\" action=\"https:\/\/pequebierzo.es\/tienda\/producto\/guitarra-infantil-magic-touch\/\" method=\"post\" enctype='multipart\/form-data'>\n\t\t\n\t\t<div class=\"quantity\">\n\t\t<label class=\"screen-reader-text\" for=\"quantity_69f5e15e1de9d\">Guitarra infantil Magic Touch para peques de 1 a 3 a\u00f1os cantidad<\/label>\n\t<input\n\t\ttype=\"number\"\n\t\t\t\tid=\"quantity_69f5e15e1de9d\"\n\t\tclass=\"input-text qty text\"\n\t\tname=\"quantity\"\n\t\tvalue=\"1\"\n\t\taria-label=\"Cantidad de productos\"\n\t\t\t\tmin=\"1\"\n\t\t\t\t\tmax=\"4\"\n\t\t\t\t\t\t\tstep=\"1\"\n\t\t\tplaceholder=\"\"\n\t\t\tinputmode=\"numeric\"\n\t\t\tautocomplete=\"off\"\n\t\t\t\/>\n\t<\/div>\n\n\t\t<button type=\"submit\" name=\"add-to-cart\" value=\"4581\" class=\"single_add_to_cart_button button alt\">A\u00f1adir al carrito<\/button>\n\n\t\t<input type=\"hidden\" name=\"gtm4wp_product_data\" value=\"{&quot;internal_id&quot;:4581,&quot;item_id&quot;:&quot;E12396&quot;,&quot;item_name&quot;:&quot;Guitarra infantil Magic Touch para peques de 1 a 3 a\\u00f1os&quot;,&quot;sku&quot;:&quot;E12396&quot;,&quot;price&quot;:23.99,&quot;stocklevel&quot;:4,&quot;stockstatus&quot;:&quot;instock&quot;,&quot;google_business_vertical&quot;:&quot;retail&quot;,&quot;item_category&quot;:&quot;Ofertas&quot;,&quot;id&quot;:&quot;E12396&quot;,&quot;item_brand&quot;:&quot;Ofertas&quot;}\" \/>\n\t<\/form>\n\n\t\n\t\t<\/div>\n\n\t\t\t\t\t\t<\/div>\n\t\t\t\t<\/div>\n\t\t\t\t<div class=\"elementor-element elementor-element-91be1c6 elementor-widget elementor-widget-text-editor\" data-id=\"91be1c6\" data-element_type=\"widget\" data-e-type=\"widget\" data-widget_type=\"text-editor.default\">\n\t\t\t\t<div class=\"elementor-widget-container\">\n\t\t\t\t\t\t\t\t\t<div id=\"nta-wabutton-770\" style=\"margin: 30px 0 30px;\"><a target=\"_blank\" href=\"https:\/\/web.whatsapp.com\/send?phone=34626593172&#038;text=Tengo una duda sobre este producto (https:\/\/pequebierzo.es\/tienda\/wp-json\/wp\/v2\/product\/4581)...\" class=\"wa__button wa__r_button wa__stt_online wa__btn_w_img \"><div class=\"wa__cs_img\"><div class=\"wa__cs_img_wrap\" style=\"background: url(https:\/\/pequebierzo.es\/tienda\/wp-content\/uploads\/2021\/11\/jana-79x79-1-788x788.png) center center no-repeat; background-size: cover;\"><\/div><\/div><div class=\"wa__btn_txt\"><div class=\"wa__cs_info\"><div class=\"wa__cs_name\">Jana Soto<\/div><div class=\"wa__cs_status\">Online<\/div><\/div><div class=\"wa__btn_title\">Enviar mensaje a Jana<\/div><\/div><\/a><\/div>\t\t\t\t\t\t\t\t<\/div>\n\t\t\t\t<\/div>\n\t\t\t\t\t<\/div>\n\t\t<\/div>\n\t\t\t\t\t<\/div>\n\t\t<\/section>\n\t\t\t\t<\/div>\n\t\t","protected":false},"excerpt":{"rendered":"<p>\u00bfBuscas un <strong>regalo diferente para un peque\u00f1\u00edn<\/strong> y est\u00e1s pensando en un instrumento musical?<\/p>\n<p>Hay un mont\u00f3n de modelos en Internet pero <strong>no encuentras nada que te acabe de convencer<\/strong>.<\/p>\n<p>Y es que se venden much\u00edsimos <strong>juguetes musicales para beb\u00e9s de 1 a 3 a\u00f1os<\/strong> porque llaman la atenci\u00f3n.<\/p>\n<p>As\u00ed que es normal que quieras regalarle uno y que te est\u00e9 costando elegir.<\/p>\n<p>Por eso debes saber que <strong>no todos son tan bonitos, ni tienen un dise\u00f1o tan cuidado como esta guitarra de juguete<\/strong>.<\/p>\n<p>Ver\u00e1s.<\/p>\n<p>Es de una calidad excelente al ser de madera.<\/p>\n<p>Pero no solo eso.<\/p>\n<p>Los sonidos son de lo m\u00e1s realistas para ser un juguete.<\/p>\n<p>Tanto, que un adulto que toca la guitarra puede llegar a tocar hasta un tema de <em>Metallica<\/em> y no suena nada mal. \u00a1Pru\u00e9balo!<\/p>\n<p>Adem\u00e1s, al peque <strong>le alucinar\u00e1n sus cuerdas y acordes t\u00e1ctiles<\/strong> porque sentir\u00e1 que el sonido fluye como por arte de magia.<\/p>\n<p>Te va a gustar -y mucho- hacer este regalo a ese peque\u00f1\u00edn que tanto adoras porque:<\/p>\n<ul>\n<li>Es un <strong>instrumento colorido, con luces y divertido<\/strong> que le va a introducir en el mundo de la m\u00fasica de una forma divertida.<\/li>\n<li>Es un <strong>juguete educativo<\/strong> con el que descubrir\u00e1 que puede crear m\u00fasica por s\u00ed mismo.<\/li>\n<li>Tiene <strong>2 modos de sonido para no aburrirse<\/strong>: guitarra cl\u00e1sica e infantil con sonidos de animales.<\/li>\n<li><strong>Podr\u00e1s graduar el volumen<\/strong> (medio y alto) para no volver locos a los pap\u00e1s, t\u00edos y abuelos.<\/li>\n<\/ul>\n<p><span style=\"color: #ffffff;\">.<\/span><\/p>\n<p>En definitiva, es una guitarra de juguete muy completa, arm\u00f3nica, bonita, y f\u00e1cil de usar.<\/p>\n<p><strong>C\u00f3mprala AHORA si quieres sorprenderle de verdad.<\/strong><\/p>\n","protected":false},"featured_media":4583,"comment_status":"open","ping_status":"closed","template":"","meta":[],"product_brand":[],"product_cat":[145],"product_tag":[],"class_list":{"0":"post-4581","1":"product","2":"type-product","3":"status-publish","4":"has-post-thumbnail","6":"product_cat-ofertas","8":"first","9":"instock","10":"sale","11":"taxable","12":"shipping-taxable","13":"purchasable","14":"product-type-simple"},"yoast_head":"<!-- This site is optimized with the Yoast SEO plugin v27.0 - https:\/\/yoast.com\/product\/yoast-seo-wordpress\/ -->\n<title>\u3010 Guitarra infantil \u3011 Magic Touch para peques de 1 a 3 a\u00f1os<\/title>\n<meta name=\"description\" content=\"llll\u27a4 Buscas un regalo diferente para un peque y est\u00e1s pensando en un instrumento musical? \u00c9chale un ojo a esta guitarra \u3010 Es m\u00e1gica \u3011 Env\u00edo 24-48h\" \/>\n<meta name=\"robots\" content=\"index, follow, max-snippet:-1, max-image-preview:large, max-video-preview:-1\" \/>\n<link rel=\"canonical\" href=\"https:\/\/pequebierzo.es\/tienda\/producto\/guitarra-infantil-magic-touch\/\" \/>\n<meta property=\"og:locale\" content=\"es_ES\" \/>\n<meta property=\"og:type\" content=\"article\" \/>\n<meta property=\"og:title\" content=\"\u3010 Guitarra infantil \u3011 Magic Touch para peques de 1 a 3 a\u00f1os\" \/>\n<meta property=\"og:description\" content=\"llll\u27a4 Buscas un regalo diferente para un peque y est\u00e1s pensando en un instrumento musical? \u00c9chale un ojo a esta guitarra \u3010 Es m\u00e1gica \u3011 Env\u00edo 24-48h\" \/>\n<meta property=\"og:url\" content=\"https:\/\/pequebierzo.es\/tienda\/producto\/guitarra-infantil-magic-touch\/\" \/>\n<meta property=\"og:site_name\" content=\"Peque Bierzo\" \/>\n<meta property=\"article:modified_time\" content=\"2025-10-08T11:51:48+00:00\" \/>\n<meta property=\"og:image\" content=\"https:\/\/pequebierzo.es\/tienda\/wp-content\/uploads\/2022\/11\/guitarra-magic-touch.jpg\" \/>\n\t<meta property=\"og:image:width\" content=\"1000\" \/>\n\t<meta property=\"og:image:height\" content=\"1000\" \/>\n\t<meta property=\"og:image:type\" content=\"image\/jpeg\" \/>\n<meta name=\"twitter:card\" content=\"summary_large_image\" \/>\n<!-- \/ Yoast SEO plugin. -->","yoast_head_json":{"title":"\u3010 Guitarra infantil \u3011 Magic Touch para peques de 1 a 3 a\u00f1os","description":"llll\u27a4 Buscas un regalo diferente para un peque y est\u00e1s pensando en un instrumento musical? \u00c9chale un ojo a esta guitarra \u3010 Es m\u00e1gica \u3011 Env\u00edo 24-48h","robots":{"index":"index","follow":"follow","max-snippet":"max-snippet:-1","max-image-preview":"max-image-preview:large","max-video-preview":"max-video-preview:-1"},"canonical":"https:\/\/pequebierzo.es\/tienda\/producto\/guitarra-infantil-magic-touch\/","og_locale":"es_ES","og_type":"article","og_title":"\u3010 Guitarra infantil \u3011 Magic Touch para peques de 1 a 3 a\u00f1os","og_description":"llll\u27a4 Buscas un regalo diferente para un peque y est\u00e1s pensando en un instrumento musical? \u00c9chale un ojo a esta guitarra \u3010 Es m\u00e1gica \u3011 Env\u00edo 24-48h","og_url":"https:\/\/pequebierzo.es\/tienda\/producto\/guitarra-infantil-magic-touch\/","og_site_name":"Peque Bierzo","article_modified_time":"2025-10-08T11:51:48+00:00","og_image":[{"width":1000,"height":1000,"url":"https:\/\/pequebierzo.es\/tienda\/wp-content\/uploads\/2022\/11\/guitarra-magic-touch.jpg","type":"image\/jpeg"}],"twitter_card":"summary_large_image","schema":{"@context":"https:\/\/schema.org","@graph":[{"@type":"WebPage","@id":"https:\/\/pequebierzo.es\/tienda\/producto\/guitarra-infantil-magic-touch\/","url":"https:\/\/pequebierzo.es\/tienda\/producto\/guitarra-infantil-magic-touch\/","name":"\u3010 Guitarra infantil \u3011 Magic Touch para peques de 1 a 3 a\u00f1os","isPartOf":{"@id":"https:\/\/pequebierzo.es\/tienda\/#website"},"primaryImageOfPage":{"@id":"https:\/\/pequebierzo.es\/tienda\/producto\/guitarra-infantil-magic-touch\/#primaryimage"},"image":{"@id":"https:\/\/pequebierzo.es\/tienda\/producto\/guitarra-infantil-magic-touch\/#primaryimage"},"thumbnailUrl":"https:\/\/pequebierzo.es\/tienda\/wp-content\/uploads\/2022\/11\/guitarra-magic-touch.jpg","datePublished":"2022-11-15T17:08:50+00:00","dateModified":"2025-10-08T11:51:48+00:00","description":"llll\u27a4 Buscas un regalo diferente para un peque y est\u00e1s pensando en un instrumento musical? \u00c9chale un ojo a esta guitarra \u3010 Es m\u00e1gica \u3011 Env\u00edo 24-48h","breadcrumb":{"@id":"https:\/\/pequebierzo.es\/tienda\/producto\/guitarra-infantil-magic-touch\/#breadcrumb"},"inLanguage":"es","potentialAction":[{"@type":"ReadAction","target":["https:\/\/pequebierzo.es\/tienda\/producto\/guitarra-infantil-magic-touch\/"]}]},{"@type":"ImageObject","inLanguage":"es","@id":"https:\/\/pequebierzo.es\/tienda\/producto\/guitarra-infantil-magic-touch\/#primaryimage","url":"https:\/\/pequebierzo.es\/tienda\/wp-content\/uploads\/2022\/11\/guitarra-magic-touch.jpg","contentUrl":"https:\/\/pequebierzo.es\/tienda\/wp-content\/uploads\/2022\/11\/guitarra-magic-touch.jpg","width":1000,"height":1000,"caption":"Guitarra infantil Magic Touch para regalar"},{"@type":"BreadcrumbList","@id":"https:\/\/pequebierzo.es\/tienda\/producto\/guitarra-infantil-magic-touch\/#breadcrumb","itemListElement":[{"@type":"ListItem","position":1,"name":"Portada","item":"https:\/\/pequebierzo.es\/tienda\/"},{"@type":"ListItem","position":2,"name":"T2","item":"https:\/\/pequebierzo.es\/tienda\/t2\/"},{"@type":"ListItem","position":3,"name":"Guitarra infantil Magic Touch para peques de 1 a 3 a\u00f1os"}]},{"@type":"WebSite","@id":"https:\/\/pequebierzo.es\/tienda\/#website","url":"https:\/\/pequebierzo.es\/tienda\/","name":"Peque Bierzo","description":"La agenda de ocio infantil del Bierzo","publisher":{"@id":"https:\/\/pequebierzo.es\/tienda\/#organization"},"potentialAction":[{"@type":"SearchAction","target":{"@type":"EntryPoint","urlTemplate":"https:\/\/pequebierzo.es\/tienda\/?s={search_term_string}"},"query-input":{"@type":"PropertyValueSpecification","valueRequired":true,"valueName":"search_term_string"}}],"inLanguage":"es"},{"@type":"Organization","@id":"https:\/\/pequebierzo.es\/tienda\/#organization","name":"Peque Bierzo","url":"https:\/\/pequebierzo.es\/tienda\/","logo":{"@type":"ImageObject","inLanguage":"es","@id":"https:\/\/pequebierzo.es\/tienda\/#\/schema\/logo\/image\/","url":"https:\/\/pequebierzo.es\/tienda\/wp-content\/uploads\/2021\/09\/logo-pequebierzo1.png","contentUrl":"https:\/\/pequebierzo.es\/tienda\/wp-content\/uploads\/2021\/09\/logo-pequebierzo1.png","width":200,"height":98,"caption":"Peque Bierzo"},"image":{"@id":"https:\/\/pequebierzo.es\/tienda\/#\/schema\/logo\/image\/"}}]}},"_links":{"self":[{"href":"https:\/\/pequebierzo.es\/tienda\/wp-json\/wp\/v2\/product\/4581","targetHints":{"allow":["GET"]}}],"collection":[{"href":"https:\/\/pequebierzo.es\/tienda\/wp-json\/wp\/v2\/product"}],"about":[{"href":"https:\/\/pequebierzo.es\/tienda\/wp-json\/wp\/v2\/types\/product"}],"replies":[{"embeddable":true,"href":"https:\/\/pequebierzo.es\/tienda\/wp-json\/wp\/v2\/comments?post=4581"}],"version-history":[{"count":2,"href":"https:\/\/pequebierzo.es\/tienda\/wp-json\/wp\/v2\/product\/4581\/revisions"}],"predecessor-version":[{"id":8261,"href":"https:\/\/pequebierzo.es\/tienda\/wp-json\/wp\/v2\/product\/4581\/revisions\/8261"}],"wp:featuredmedia":[{"embeddable":true,"href":"https:\/\/pequebierzo.es\/tienda\/wp-json\/wp\/v2\/media\/4583"}],"wp:attachment":[{"href":"https:\/\/pequebierzo.es\/tienda\/wp-json\/wp\/v2\/media?parent=4581"}],"wp:term":[{"taxonomy":"product_brand","embeddable":true,"href":"https:\/\/pequebierzo.es\/tienda\/wp-json\/wp\/v2\/product_brand?post=4581"},{"taxonomy":"product_cat","embeddable":true,"href":"https:\/\/pequebierzo.es\/tienda\/wp-json\/wp\/v2\/product_cat?post=4581"},{"taxonomy":"product_tag","embeddable":true,"href":"https:\/\/pequebierzo.es\/tienda\/wp-json\/wp\/v2\/product_tag?post=4581"}],"curies":[{"name":"wp","href":"https:\/\/api.w.org\/{rel}","templated":true}]}}