{"id":4663,"date":"2022-11-16T17:55:04","date_gmt":"2022-11-16T16:55:04","guid":{"rendered":"https:\/\/pequebierzo.es\/tienda\/?post_type=product&#038;p=4663"},"modified":"2023-12-03T13:07:16","modified_gmt":"2023-12-03T12:07:16","slug":"espejo-maquillaje-madera","status":"publish","type":"product","link":"https:\/\/pequebierzo.es\/tienda\/producto\/espejo-maquillaje-madera\/","title":{"rendered":"Espejo maquillaje de madera: regalo para ni\u00f1as"},"content":{"rendered":"\t\t<div data-elementor-type=\"product-post\" data-elementor-id=\"4663\" class=\"elementor elementor-4663\" data-elementor-post-type=\"product\">\n\t\t\t\t\t\t<section class=\"elementor-section elementor-top-section elementor-element elementor-element-91dac72 elementor-section-boxed elementor-section-height-default elementor-section-height-default\" data-id=\"91dac72\" data-element_type=\"section\" data-e-type=\"section\">\n\t\t\t\t\t\t<div class=\"elementor-container elementor-column-gap-default\">\n\t\t\t\t\t<div class=\"elementor-column elementor-col-100 elementor-top-column elementor-element elementor-element-317874b\" data-id=\"317874b\" data-element_type=\"column\" data-e-type=\"column\">\n\t\t\t<div class=\"elementor-widget-wrap elementor-element-populated\">\n\t\t\t\t\t\t<div class=\"elementor-element elementor-element-02ff1f4 elementor-widget elementor-widget-heading\" data-id=\"02ff1f4\" data-element_type=\"widget\" data-e-type=\"widget\" data-widget_type=\"heading.default\">\n\t\t\t\t<div class=\"elementor-widget-container\">\n\t\t\t\t\t<h2 class=\"elementor-heading-title elementor-size-default\">As\u00ed es como vas a poder montar este espejo, f\u00e1cil y r\u00e1pido<\/h2>\t\t\t\t<\/div>\n\t\t\t\t<\/div>\n\t\t\t\t<div class=\"elementor-element elementor-element-53f0a45 elementor-widget elementor-widget-image\" data-id=\"53f0a45\" data-element_type=\"widget\" data-e-type=\"widget\" data-widget_type=\"image.default\">\n\t\t\t\t<div class=\"elementor-widget-container\">\n\t\t\t\t\t\t\t\t\t\t\t\t\t\t\t\t<a href=\"https:\/\/pequebierzo.es\/tienda\/wp-content\/uploads\/2022\/11\/instrucciones-montaje-espejo-tocador-madera.png\" data-elementor-open-lightbox=\"yes\" data-elementor-lightbox-title=\"Instrucciones montaje espejo tocador madera\" data-elementor-lightbox-description=\"Instrucciones montaje espejo tocador madera\" data-e-action-hash=\"#elementor-action%3Aaction%3Dlightbox%26settings%3DeyJpZCI6NDY2OSwidXJsIjoiaHR0cHM6XC9cL3BlcXVlYmllcnpvLmVzXC90aWVuZGFcL3dwLWNvbnRlbnRcL3VwbG9hZHNcLzIwMjJcLzExXC9pbnN0cnVjY2lvbmVzLW1vbnRhamUtZXNwZWpvLXRvY2Fkb3ItbWFkZXJhLnBuZyJ9\">\n\t\t\t\t\t\t\t<img fetchpriority=\"high\" decoding=\"async\" width=\"686\" height=\"1024\" src=\"https:\/\/pequebierzo.es\/tienda\/wp-content\/uploads\/2022\/11\/instrucciones-montaje-espejo-tocador-madera-686x1024.png\" class=\"attachment-large size-large wp-image-4669\" alt=\"Instrucciones montaje espejo tocador madera\" srcset=\"https:\/\/pequebierzo.es\/tienda\/wp-content\/uploads\/2022\/11\/instrucciones-montaje-espejo-tocador-madera-686x1024.png 686w, https:\/\/pequebierzo.es\/tienda\/wp-content\/uploads\/2022\/11\/instrucciones-montaje-espejo-tocador-madera-201x300.png 201w, https:\/\/pequebierzo.es\/tienda\/wp-content\/uploads\/2022\/11\/instrucciones-montaje-espejo-tocador-madera-768x1146.png 768w, https:\/\/pequebierzo.es\/tienda\/wp-content\/uploads\/2022\/11\/instrucciones-montaje-espejo-tocador-madera-1030x1536.png 1030w, https:\/\/pequebierzo.es\/tienda\/wp-content\/uploads\/2022\/11\/instrucciones-montaje-espejo-tocador-madera-600x895.png 600w, https:\/\/pequebierzo.es\/tienda\/wp-content\/uploads\/2022\/11\/instrucciones-montaje-espejo-tocador-madera.png 1200w\" sizes=\"(max-width: 686px) 100vw, 686px\" \/>\t\t\t\t\t\t\t\t<\/a>\n\t\t\t\t\t\t\t\t\t\t\t\t\t\t\t<\/div>\n\t\t\t\t<\/div>\n\t\t\t\t\t<\/div>\n\t\t<\/div>\n\t\t\t\t\t<\/div>\n\t\t<\/section>\n\t\t\t\t<section class=\"elementor-section elementor-top-section elementor-element elementor-element-aedee34 elementor-section-boxed elementor-section-height-default elementor-section-height-default\" data-id=\"aedee34\" data-element_type=\"section\" data-e-type=\"section\">\n\t\t\t\t\t\t\t<div class=\"elementor-background-overlay\"><\/div>\n\t\t\t\t\t\t\t<div class=\"elementor-container elementor-column-gap-default\">\n\t\t\t\t\t<div class=\"elementor-column elementor-col-25 elementor-top-column elementor-element elementor-element-eab4eaf\" data-id=\"eab4eaf\" data-element_type=\"column\" data-e-type=\"column\">\n\t\t\t<div class=\"elementor-widget-wrap\">\n\t\t\t\t\t\t\t<\/div>\n\t\t<\/div>\n\t\t\t\t<div class=\"elementor-column elementor-col-25 elementor-top-column elementor-element elementor-element-9f113db\" data-id=\"9f113db\" data-element_type=\"column\" data-e-type=\"column\">\n\t\t\t<div class=\"elementor-widget-wrap elementor-element-populated\">\n\t\t\t\t\t\t<div class=\"elementor-element elementor-element-40d7406 elementor-widget elementor-widget-image\" data-id=\"40d7406\" data-element_type=\"widget\" data-e-type=\"widget\" data-widget_type=\"image.default\">\n\t\t\t\t<div class=\"elementor-widget-container\">\n\t\t\t\t\t\t\t\t\t\t\t\t\t\t\t<img decoding=\"async\" width=\"800\" height=\"800\" src=\"https:\/\/pequebierzo.es\/tienda\/wp-content\/uploads\/2022\/11\/nina-posando-con-tocador-madera.jpg\" class=\"attachment-large size-large wp-image-4667\" alt=\"Ni\u00f1a posando con tocador de madera\" srcset=\"https:\/\/pequebierzo.es\/tienda\/wp-content\/uploads\/2022\/11\/nina-posando-con-tocador-madera.jpg 1000w, https:\/\/pequebierzo.es\/tienda\/wp-content\/uploads\/2022\/11\/nina-posando-con-tocador-madera-300x300.jpg 300w, https:\/\/pequebierzo.es\/tienda\/wp-content\/uploads\/2022\/11\/nina-posando-con-tocador-madera-150x150.jpg 150w, https:\/\/pequebierzo.es\/tienda\/wp-content\/uploads\/2022\/11\/nina-posando-con-tocador-madera-768x768.jpg 768w, https:\/\/pequebierzo.es\/tienda\/wp-content\/uploads\/2022\/11\/nina-posando-con-tocador-madera-600x600.jpg 600w, https:\/\/pequebierzo.es\/tienda\/wp-content\/uploads\/2022\/11\/nina-posando-con-tocador-madera-100x100.jpg 100w\" sizes=\"(max-width: 800px) 100vw, 800px\" \/>\t\t\t\t\t\t\t\t\t\t\t\t\t\t\t<\/div>\n\t\t\t\t<\/div>\n\t\t\t\t\t<\/div>\n\t\t<\/div>\n\t\t\t\t<div class=\"elementor-column elementor-col-25 elementor-top-column elementor-element elementor-element-c4af8a3\" data-id=\"c4af8a3\" data-element_type=\"column\" data-e-type=\"column\">\n\t\t\t<div class=\"elementor-widget-wrap\">\n\t\t\t\t\t\t\t<\/div>\n\t\t<\/div>\n\t\t\t\t<div class=\"elementor-column elementor-col-25 elementor-top-column elementor-element elementor-element-c5ec588\" data-id=\"c5ec588\" data-element_type=\"column\" data-e-type=\"column\">\n\t\t\t<div class=\"elementor-widget-wrap elementor-element-populated\">\n\t\t\t\t\t\t<div class=\"elementor-element elementor-element-5311d8a elementor-widget elementor-widget-heading\" data-id=\"5311d8a\" data-element_type=\"widget\" data-e-type=\"widget\" data-widget_type=\"heading.default\">\n\t\t\t\t<div class=\"elementor-widget-container\">\n\t\t\t\t\t<h2 class=\"elementor-heading-title elementor-size-default\">\u00a1Lo quiero YA para regalar!<\/h2>\t\t\t\t<\/div>\n\t\t\t\t<\/div>\n\t\t\t\t<div class=\"elementor-element elementor-element-2633796 e-add-to-cart--show-quantity-yes elementor-widget elementor-widget-woocommerce-product-add-to-cart\" data-id=\"2633796\" data-element_type=\"widget\" data-e-type=\"widget\" data-widget_type=\"woocommerce-product-add-to-cart.default\">\n\t\t\t\t<div class=\"elementor-widget-container\">\n\t\t\t\t\t\n\t\t<div class=\"elementor-add-to-cart elementor-product-simple\">\n\t\t\t<p class=\"stock in-stock\">Solo quedan 1 disponibles (puede reservarse)<\/p>\n\n\t\n\t<form class=\"cart\" action=\"https:\/\/pequebierzo.es\/tienda\/producto\/espejo-maquillaje-madera\/\" method=\"post\" enctype='multipart\/form-data'>\n\t\t\n\t\t<div class=\"quantity\">\n\t\t<label class=\"screen-reader-text\" for=\"quantity_6a08dcc620089\">Espejo maquillaje de madera: regalo para ni\u00f1as cantidad<\/label>\n\t<input\n\t\ttype=\"number\"\n\t\t\t\tid=\"quantity_6a08dcc620089\"\n\t\tclass=\"input-text qty text\"\n\t\tname=\"quantity\"\n\t\tvalue=\"1\"\n\t\taria-label=\"Cantidad de productos\"\n\t\t\t\tmin=\"1\"\n\t\t\t\t\t\t\tstep=\"1\"\n\t\t\tplaceholder=\"\"\n\t\t\tinputmode=\"numeric\"\n\t\t\tautocomplete=\"off\"\n\t\t\t\/>\n\t<\/div>\n\n\t\t<button type=\"submit\" name=\"add-to-cart\" value=\"4663\" class=\"single_add_to_cart_button button alt\">A\u00f1adir al carrito<\/button>\n\n\t\t<input type=\"hidden\" name=\"gtm4wp_product_data\" value=\"{&quot;internal_id&quot;:4663,&quot;item_id&quot;:4663,&quot;item_name&quot;:&quot;Espejo maquillaje de madera: regalo para ni\\u00f1as&quot;,&quot;sku&quot;:4663,&quot;price&quot;:44.99,&quot;stocklevel&quot;:1,&quot;stockstatus&quot;:&quot;instock&quot;,&quot;google_business_vertical&quot;:&quot;retail&quot;,&quot;item_category&quot;:&quot;Ofertas&quot;,&quot;id&quot;:4663,&quot;item_brand&quot;:&quot;Ofertas&quot;}\" \/>\n\t<\/form>\n\n\t\n\t\t<\/div>\n\n\t\t\t\t\t\t<\/div>\n\t\t\t\t<\/div>\n\t\t\t\t<div class=\"elementor-element elementor-element-a4399ba elementor-widget elementor-widget-text-editor\" data-id=\"a4399ba\" data-element_type=\"widget\" data-e-type=\"widget\" data-widget_type=\"text-editor.default\">\n\t\t\t\t<div class=\"elementor-widget-container\">\n\t\t\t\t\t\t\t\t\t<div id=\"nta-wabutton-770\" style=\"margin: 30px 0 30px;\"><a target=\"_blank\" href=\"https:\/\/web.whatsapp.com\/send?phone=34626593172&#038;text=Tengo una duda sobre este producto (https:\/\/pequebierzo.es\/tienda\/wp-json\/wp\/v2\/product\/4663)...\" class=\"wa__button wa__r_button wa__stt_online wa__btn_w_img \"><div class=\"wa__cs_img\"><div class=\"wa__cs_img_wrap\" style=\"background: url(https:\/\/pequebierzo.es\/tienda\/wp-content\/uploads\/2021\/11\/jana-79x79-1-788x788.png) center center no-repeat; background-size: cover;\"><\/div><\/div><div class=\"wa__btn_txt\"><div class=\"wa__cs_info\"><div class=\"wa__cs_name\">Jana Soto<\/div><div class=\"wa__cs_status\">Online<\/div><\/div><div class=\"wa__btn_title\">Enviar mensaje a Jana<\/div><\/div><\/a><\/div>\t\t\t\t\t\t\t\t<\/div>\n\t\t\t\t<\/div>\n\t\t\t\t\t<\/div>\n\t\t<\/div>\n\t\t\t\t\t<\/div>\n\t\t<\/section>\n\t\t\t\t<\/div>\n\t\t","protected":false},"excerpt":{"rendered":"<p>\u00bfEst\u00e1s buscando un <strong>regalo diferente para una ni\u00f1a<\/strong> que le gusta maquillarse y <strong>que tiene ya de todo<\/strong>?<\/p>\n<p>Con este espejo de maquillaje de madera podr\u00e1 crear un bonito espacio para arreglarse y guardar sus cosas.<\/p>\n<p>Le dar\u00e1 un toque decorativo precioso a su habitaci\u00f3n o a su cuarto de juegos.<\/p>\n<p>Pero no solo eso.<\/p>\n<p>La <strong>madera<\/strong> encajar\u00e1 de maravilla con su decoraci\u00f3n y <strong>el color rosa le alegrar\u00e1 su espacio favorito<\/strong>.<\/p>\n<p>Adem\u00e1s de bonito tambi\u00e9n es pr\u00e1ctico.<\/p>\n<p>Porque le encantar\u00e1 tener un <strong>lugar especial para guardar y organizar<\/strong> sus joyas, horquillas, lazos o gomas del pelo.<\/p>\n<p>&nbsp;<\/p>\n<p>A m\u00ed me encanta porque:<\/p>\n<ul>\n<li>Al estar hecho de madera es <strong>duradero, resistente<\/strong> y <strong>muy bonito para regalar<\/strong>.<\/li>\n<li>Cabe perfectamente en cualquier mesa o tocador.<\/li>\n<li>Tiene <strong>dos peque\u00f1os cajones<\/strong> que facilitan la organizaci\u00f3n de sus cosas peque\u00f1as para que nunca las pierda.<\/li>\n<li>Entre los cajones hay <strong>un peque\u00f1o compartimento<\/strong> donde podr\u00e1 poner otras cosas peque\u00f1as.<\/li>\n<li>A los lados del espejo tiene unas <strong>bolitas de madera donde colgar<\/strong> diademas o collares.<\/li>\n<li><strong>El espejo se inclina hacia delante y hacia atr\u00e1s<\/strong>, para que pueda verse desde todos los \u00e1ngulos.<\/li>\n<\/ul>\n<p><span style=\"color: #ffffff;\">.<\/span><\/p>\n<p>A las ni\u00f1as les encanta arreglarse, ponerse guapas o disfrazarse.<\/p>\n<p>Por eso, este espejo de mesa es un regalo perfecto para ni\u00f1as de casi cualquier edad.<\/p>\n<p>&nbsp;<\/p>\n<p><strong>\u00a1Compra hoy mismo este espejo de madera para tocador y reg\u00e1laselo a esa peque tan especial!<\/strong><\/p>\n","protected":false},"featured_media":4664,"comment_status":"open","ping_status":"closed","template":"","meta":[],"product_brand":[],"product_cat":[145],"product_tag":[],"class_list":{"0":"post-4663","1":"product","2":"type-product","3":"status-publish","4":"has-post-thumbnail","6":"product_cat-ofertas","8":"first","9":"instock","10":"taxable","11":"shipping-taxable","12":"purchasable","13":"product-type-simple"},"yoast_head":"<!-- This site is optimized with the Yoast SEO plugin v27.0 - https:\/\/yoast.com\/product\/yoast-seo-wordpress\/ -->\n<title>\u27a4 Espejo maquillaje de madera: regalo ni\u00f1as - Peque Bierzo<\/title>\n<meta name=\"description\" content=\"llll\u27a4 \u00bfBuscas un regalo diferente para una ni\u00f1a que le gusta maquillarse y tiene ya de todo? Mira este \u3010 espejo de madera \u3011 Env\u00edos 24-48h.\" \/>\n<meta name=\"robots\" content=\"index, follow, max-snippet:-1, max-image-preview:large, max-video-preview:-1\" \/>\n<link rel=\"canonical\" href=\"https:\/\/pequebierzo.es\/tienda\/producto\/espejo-maquillaje-madera\/\" \/>\n<meta property=\"og:locale\" content=\"es_ES\" \/>\n<meta property=\"og:type\" content=\"article\" \/>\n<meta property=\"og:title\" content=\"\u27a4 Espejo maquillaje de madera: regalo ni\u00f1as - Peque Bierzo\" \/>\n<meta property=\"og:description\" content=\"llll\u27a4 \u00bfBuscas un regalo diferente para una ni\u00f1a que le gusta maquillarse y tiene ya de todo? Mira este \u3010 espejo de madera \u3011 Env\u00edos 24-48h.\" \/>\n<meta property=\"og:url\" content=\"https:\/\/pequebierzo.es\/tienda\/producto\/espejo-maquillaje-madera\/\" \/>\n<meta property=\"og:site_name\" content=\"Peque Bierzo\" \/>\n<meta property=\"article:modified_time\" content=\"2023-12-03T12:07:16+00:00\" \/>\n<meta property=\"og:image\" content=\"https:\/\/pequebierzo.es\/tienda\/wp-content\/uploads\/2022\/11\/tocador-madera-rosa-regalo-para-ninas.jpg\" \/>\n\t<meta property=\"og:image:width\" content=\"1000\" \/>\n\t<meta property=\"og:image:height\" content=\"1000\" \/>\n\t<meta property=\"og:image:type\" content=\"image\/jpeg\" \/>\n<meta name=\"twitter:card\" content=\"summary_large_image\" \/>\n<!-- \/ Yoast SEO plugin. -->","yoast_head_json":{"title":"\u27a4 Espejo maquillaje de madera: regalo ni\u00f1as - Peque Bierzo","description":"llll\u27a4 \u00bfBuscas un regalo diferente para una ni\u00f1a que le gusta maquillarse y tiene ya de todo? Mira este \u3010 espejo de madera \u3011 Env\u00edos 24-48h.","robots":{"index":"index","follow":"follow","max-snippet":"max-snippet:-1","max-image-preview":"max-image-preview:large","max-video-preview":"max-video-preview:-1"},"canonical":"https:\/\/pequebierzo.es\/tienda\/producto\/espejo-maquillaje-madera\/","og_locale":"es_ES","og_type":"article","og_title":"\u27a4 Espejo maquillaje de madera: regalo ni\u00f1as - Peque Bierzo","og_description":"llll\u27a4 \u00bfBuscas un regalo diferente para una ni\u00f1a que le gusta maquillarse y tiene ya de todo? Mira este \u3010 espejo de madera \u3011 Env\u00edos 24-48h.","og_url":"https:\/\/pequebierzo.es\/tienda\/producto\/espejo-maquillaje-madera\/","og_site_name":"Peque Bierzo","article_modified_time":"2023-12-03T12:07:16+00:00","og_image":[{"width":1000,"height":1000,"url":"https:\/\/pequebierzo.es\/tienda\/wp-content\/uploads\/2022\/11\/tocador-madera-rosa-regalo-para-ninas.jpg","type":"image\/jpeg"}],"twitter_card":"summary_large_image","schema":{"@context":"https:\/\/schema.org","@graph":[{"@type":"WebPage","@id":"https:\/\/pequebierzo.es\/tienda\/producto\/espejo-maquillaje-madera\/","url":"https:\/\/pequebierzo.es\/tienda\/producto\/espejo-maquillaje-madera\/","name":"\u27a4 Espejo maquillaje de madera: regalo ni\u00f1as - Peque Bierzo","isPartOf":{"@id":"https:\/\/pequebierzo.es\/tienda\/#website"},"primaryImageOfPage":{"@id":"https:\/\/pequebierzo.es\/tienda\/producto\/espejo-maquillaje-madera\/#primaryimage"},"image":{"@id":"https:\/\/pequebierzo.es\/tienda\/producto\/espejo-maquillaje-madera\/#primaryimage"},"thumbnailUrl":"https:\/\/pequebierzo.es\/tienda\/wp-content\/uploads\/2022\/11\/tocador-madera-rosa-regalo-para-ninas.jpg","datePublished":"2022-11-16T16:55:04+00:00","dateModified":"2023-12-03T12:07:16+00:00","description":"llll\u27a4 \u00bfBuscas un regalo diferente para una ni\u00f1a que le gusta maquillarse y tiene ya de todo? Mira este \u3010 espejo de madera \u3011 Env\u00edos 24-48h.","breadcrumb":{"@id":"https:\/\/pequebierzo.es\/tienda\/producto\/espejo-maquillaje-madera\/#breadcrumb"},"inLanguage":"es","potentialAction":[{"@type":"ReadAction","target":["https:\/\/pequebierzo.es\/tienda\/producto\/espejo-maquillaje-madera\/"]}]},{"@type":"ImageObject","inLanguage":"es","@id":"https:\/\/pequebierzo.es\/tienda\/producto\/espejo-maquillaje-madera\/#primaryimage","url":"https:\/\/pequebierzo.es\/tienda\/wp-content\/uploads\/2022\/11\/tocador-madera-rosa-regalo-para-ninas.jpg","contentUrl":"https:\/\/pequebierzo.es\/tienda\/wp-content\/uploads\/2022\/11\/tocador-madera-rosa-regalo-para-ninas.jpg","width":1000,"height":1000,"caption":"Tocador de madera rosa: regalo para ni\u00f1as"},{"@type":"BreadcrumbList","@id":"https:\/\/pequebierzo.es\/tienda\/producto\/espejo-maquillaje-madera\/#breadcrumb","itemListElement":[{"@type":"ListItem","position":1,"name":"Portada","item":"https:\/\/pequebierzo.es\/tienda\/"},{"@type":"ListItem","position":2,"name":"T2","item":"https:\/\/pequebierzo.es\/tienda\/t2\/"},{"@type":"ListItem","position":3,"name":"Espejo maquillaje de madera: regalo para ni\u00f1as"}]},{"@type":"WebSite","@id":"https:\/\/pequebierzo.es\/tienda\/#website","url":"https:\/\/pequebierzo.es\/tienda\/","name":"Peque Bierzo","description":"La agenda de ocio infantil del Bierzo","publisher":{"@id":"https:\/\/pequebierzo.es\/tienda\/#organization"},"potentialAction":[{"@type":"SearchAction","target":{"@type":"EntryPoint","urlTemplate":"https:\/\/pequebierzo.es\/tienda\/?s={search_term_string}"},"query-input":{"@type":"PropertyValueSpecification","valueRequired":true,"valueName":"search_term_string"}}],"inLanguage":"es"},{"@type":"Organization","@id":"https:\/\/pequebierzo.es\/tienda\/#organization","name":"Peque Bierzo","url":"https:\/\/pequebierzo.es\/tienda\/","logo":{"@type":"ImageObject","inLanguage":"es","@id":"https:\/\/pequebierzo.es\/tienda\/#\/schema\/logo\/image\/","url":"https:\/\/pequebierzo.es\/tienda\/wp-content\/uploads\/2021\/09\/logo-pequebierzo1.png","contentUrl":"https:\/\/pequebierzo.es\/tienda\/wp-content\/uploads\/2021\/09\/logo-pequebierzo1.png","width":200,"height":98,"caption":"Peque Bierzo"},"image":{"@id":"https:\/\/pequebierzo.es\/tienda\/#\/schema\/logo\/image\/"}}]}},"_links":{"self":[{"href":"https:\/\/pequebierzo.es\/tienda\/wp-json\/wp\/v2\/product\/4663","targetHints":{"allow":["GET"]}}],"collection":[{"href":"https:\/\/pequebierzo.es\/tienda\/wp-json\/wp\/v2\/product"}],"about":[{"href":"https:\/\/pequebierzo.es\/tienda\/wp-json\/wp\/v2\/types\/product"}],"replies":[{"embeddable":true,"href":"https:\/\/pequebierzo.es\/tienda\/wp-json\/wp\/v2\/comments?post=4663"}],"version-history":[{"count":1,"href":"https:\/\/pequebierzo.es\/tienda\/wp-json\/wp\/v2\/product\/4663\/revisions"}],"predecessor-version":[{"id":4778,"href":"https:\/\/pequebierzo.es\/tienda\/wp-json\/wp\/v2\/product\/4663\/revisions\/4778"}],"wp:featuredmedia":[{"embeddable":true,"href":"https:\/\/pequebierzo.es\/tienda\/wp-json\/wp\/v2\/media\/4664"}],"wp:attachment":[{"href":"https:\/\/pequebierzo.es\/tienda\/wp-json\/wp\/v2\/media?parent=4663"}],"wp:term":[{"taxonomy":"product_brand","embeddable":true,"href":"https:\/\/pequebierzo.es\/tienda\/wp-json\/wp\/v2\/product_brand?post=4663"},{"taxonomy":"product_cat","embeddable":true,"href":"https:\/\/pequebierzo.es\/tienda\/wp-json\/wp\/v2\/product_cat?post=4663"},{"taxonomy":"product_tag","embeddable":true,"href":"https:\/\/pequebierzo.es\/tienda\/wp-json\/wp\/v2\/product_tag?post=4663"}],"curies":[{"name":"wp","href":"https:\/\/api.w.org\/{rel}","templated":true}]}}