{"id":4794,"date":"2022-11-23T14:08:07","date_gmt":"2022-11-23T13:08:07","guid":{"rendered":"https:\/\/pequebierzo.es\/tienda\/?post_type=product&#038;p=4794"},"modified":"2023-12-16T16:56:32","modified_gmt":"2023-12-16T15:56:32","slug":"maletin-magnetico-artista-hape","status":"publish","type":"product","link":"https:\/\/pequebierzo.es\/tienda\/producto\/maletin-magnetico-artista-hape\/","title":{"rendered":"Malet\u00edn magn\u00e9tico de artista Hape para peques desde 3 a\u00f1os"},"content":{"rendered":"\t\t<div data-elementor-type=\"product-post\" data-elementor-id=\"4794\" class=\"elementor elementor-4794\" data-elementor-post-type=\"product\">\n\t\t\t\t\t\t<section class=\"elementor-section elementor-top-section elementor-element elementor-element-74a5f58 elementor-section-boxed elementor-section-height-default elementor-section-height-default\" data-id=\"74a5f58\" data-element_type=\"section\" data-e-type=\"section\">\n\t\t\t\t\t\t<div class=\"elementor-container elementor-column-gap-default\">\n\t\t\t\t\t<div class=\"elementor-column elementor-col-100 elementor-top-column elementor-element elementor-element-82ecf73\" data-id=\"82ecf73\" data-element_type=\"column\" data-e-type=\"column\">\n\t\t\t<div class=\"elementor-widget-wrap elementor-element-populated\">\n\t\t\t\t\t\t<div class=\"elementor-element elementor-element-d09b6c4 elementor-widget elementor-widget-heading\" data-id=\"d09b6c4\" data-element_type=\"widget\" data-e-type=\"widget\" data-widget_type=\"heading.default\">\n\t\t\t\t<div class=\"elementor-widget-container\">\n\t\t\t\t\t<h2 class=\"elementor-heading-title elementor-size-default\">[V\u00eddeo] Conoce mejor el malet\u00edn magn\u00e9tico de artista Hape<\/h2>\t\t\t\t<\/div>\n\t\t\t\t<\/div>\n\t\t\t\t<div class=\"elementor-element elementor-element-5d9b281 elementor-widget elementor-widget-text-editor\" data-id=\"5d9b281\" data-element_type=\"widget\" data-e-type=\"widget\" data-widget_type=\"text-editor.default\">\n\t\t\t\t<div class=\"elementor-widget-container\">\n\t\t\t\t\t\t\t\t\t<p>En este v\u00eddeo vas a descubrir todo lo que podr\u00e1 hacer si le regalas este malet\u00edn tan chulo:<\/p>\t\t\t\t\t\t\t\t<\/div>\n\t\t\t\t<\/div>\n\t\t\t\t<div class=\"elementor-element elementor-element-0370591 elementor-widget elementor-widget-video\" data-id=\"0370591\" data-element_type=\"widget\" data-e-type=\"widget\" data-settings=\"{&quot;youtube_url&quot;:&quot;https:\\\/\\\/www.youtube.com\\\/watch?v=0ne3WVVZ5OI&amp;t=3s&quot;,&quot;video_type&quot;:&quot;youtube&quot;,&quot;controls&quot;:&quot;yes&quot;}\" data-widget_type=\"video.default\">\n\t\t\t\t<div class=\"elementor-widget-container\">\n\t\t\t\t\t\t\t<div class=\"elementor-wrapper elementor-open-inline\">\n\t\t\t<div class=\"elementor-video\"><\/div>\t\t<\/div>\n\t\t\t\t\t\t<\/div>\n\t\t\t\t<\/div>\n\t\t\t\t\t<\/div>\n\t\t<\/div>\n\t\t\t\t\t<\/div>\n\t\t<\/section>\n\t\t\t\t<section class=\"elementor-section elementor-top-section elementor-element elementor-element-c2ca724 elementor-section-boxed elementor-section-height-default elementor-section-height-default\" data-id=\"c2ca724\" data-element_type=\"section\" data-e-type=\"section\">\n\t\t\t\t\t\t\t<div class=\"elementor-background-overlay\"><\/div>\n\t\t\t\t\t\t\t<div class=\"elementor-container elementor-column-gap-default\">\n\t\t\t\t\t<div class=\"elementor-column elementor-col-25 elementor-top-column elementor-element elementor-element-3b09ac3\" data-id=\"3b09ac3\" data-element_type=\"column\" data-e-type=\"column\">\n\t\t\t<div class=\"elementor-widget-wrap\">\n\t\t\t\t\t\t\t<\/div>\n\t\t<\/div>\n\t\t\t\t<div class=\"elementor-column elementor-col-25 elementor-top-column elementor-element elementor-element-72c1a51\" data-id=\"72c1a51\" data-element_type=\"column\" data-e-type=\"column\">\n\t\t\t<div class=\"elementor-widget-wrap elementor-element-populated\">\n\t\t\t\t\t\t<div class=\"elementor-element elementor-element-ba39afe elementor-widget elementor-widget-image\" data-id=\"ba39afe\" data-element_type=\"widget\" data-e-type=\"widget\" data-widget_type=\"image.default\">\n\t\t\t\t<div class=\"elementor-widget-container\">\n\t\t\t\t\t\t\t\t\t\t\t\t\t\t\t<img fetchpriority=\"high\" decoding=\"async\" width=\"800\" height=\"800\" src=\"https:\/\/pequebierzo.es\/tienda\/wp-content\/uploads\/2022\/11\/padre-hija-jugando.jpg\" class=\"attachment-large size-large wp-image-4796\" alt=\"Padre de hija jugando con malet\u00edn magn\u00e9tico de Hape\" srcset=\"https:\/\/pequebierzo.es\/tienda\/wp-content\/uploads\/2022\/11\/padre-hija-jugando.jpg 1000w, https:\/\/pequebierzo.es\/tienda\/wp-content\/uploads\/2022\/11\/padre-hija-jugando-300x300.jpg 300w, https:\/\/pequebierzo.es\/tienda\/wp-content\/uploads\/2022\/11\/padre-hija-jugando-150x150.jpg 150w, https:\/\/pequebierzo.es\/tienda\/wp-content\/uploads\/2022\/11\/padre-hija-jugando-768x768.jpg 768w, https:\/\/pequebierzo.es\/tienda\/wp-content\/uploads\/2022\/11\/padre-hija-jugando-600x600.jpg 600w, https:\/\/pequebierzo.es\/tienda\/wp-content\/uploads\/2022\/11\/padre-hija-jugando-100x100.jpg 100w\" sizes=\"(max-width: 800px) 100vw, 800px\" \/>\t\t\t\t\t\t\t\t\t\t\t\t\t\t\t<\/div>\n\t\t\t\t<\/div>\n\t\t\t\t\t<\/div>\n\t\t<\/div>\n\t\t\t\t<div class=\"elementor-column elementor-col-25 elementor-top-column elementor-element elementor-element-d3cdf63\" data-id=\"d3cdf63\" data-element_type=\"column\" data-e-type=\"column\">\n\t\t\t<div class=\"elementor-widget-wrap\">\n\t\t\t\t\t\t\t<\/div>\n\t\t<\/div>\n\t\t\t\t<div class=\"elementor-column elementor-col-25 elementor-top-column elementor-element elementor-element-3dc6cea\" data-id=\"3dc6cea\" data-element_type=\"column\" data-e-type=\"column\">\n\t\t\t<div class=\"elementor-widget-wrap elementor-element-populated\">\n\t\t\t\t\t\t<div class=\"elementor-element elementor-element-c4ee085 elementor-widget elementor-widget-heading\" data-id=\"c4ee085\" data-element_type=\"widget\" data-e-type=\"widget\" data-widget_type=\"heading.default\">\n\t\t\t\t<div class=\"elementor-widget-container\">\n\t\t\t\t\t<h2 class=\"elementor-heading-title elementor-size-default\">\u00a1Lo quiero YA para regalar!<\/h2>\t\t\t\t<\/div>\n\t\t\t\t<\/div>\n\t\t\t\t<div class=\"elementor-element elementor-element-7221491 e-add-to-cart--show-quantity-yes elementor-widget elementor-widget-woocommerce-product-add-to-cart\" data-id=\"7221491\" data-element_type=\"widget\" data-e-type=\"widget\" data-widget_type=\"woocommerce-product-add-to-cart.default\">\n\t\t\t\t<div class=\"elementor-widget-container\">\n\t\t\t\t\t\n\t\t<div class=\"elementor-add-to-cart elementor-product-simple\">\n\t\t\t<p class=\"stock out-of-stock\">Sin existencias<\/p>\n\t\t<\/div>\n\n\t\t\t\t\t\t<\/div>\n\t\t\t\t<\/div>\n\t\t\t\t<div class=\"elementor-element elementor-element-67a0c9a elementor-widget elementor-widget-text-editor\" data-id=\"67a0c9a\" data-element_type=\"widget\" data-e-type=\"widget\" data-widget_type=\"text-editor.default\">\n\t\t\t\t<div class=\"elementor-widget-container\">\n\t\t\t\t\t\t\t\t\t<div id=\"nta-wabutton-770\" style=\"margin: 30px 0 30px;\"><a target=\"_blank\" href=\"https:\/\/web.whatsapp.com\/send?phone=34626593172&#038;text=Tengo una duda sobre este producto (https:\/\/pequebierzo.es\/tienda\/wp-json\/wp\/v2\/product\/4794)...\" class=\"wa__button wa__r_button wa__stt_online wa__btn_w_img \"><div class=\"wa__cs_img\"><div class=\"wa__cs_img_wrap\" style=\"background: url(https:\/\/pequebierzo.es\/tienda\/wp-content\/uploads\/2021\/11\/jana-79x79-1-788x788.png) center center no-repeat; background-size: cover;\"><\/div><\/div><div class=\"wa__btn_txt\"><div class=\"wa__cs_info\"><div class=\"wa__cs_name\">Jana Soto<\/div><div class=\"wa__cs_status\">Online<\/div><\/div><div class=\"wa__btn_title\">Enviar mensaje a Jana<\/div><\/div><\/a><\/div>\t\t\t\t\t\t\t\t<\/div>\n\t\t\t\t<\/div>\n\t\t\t\t\t<\/div>\n\t\t<\/div>\n\t\t\t\t\t<\/div>\n\t\t<\/section>\n\t\t\t\t<\/div>\n\t\t","protected":false},"excerpt":{"rendered":"<p>\u00bfEst\u00e1s aqu\u00ed porque necesitas encontrar un <strong>regalo original y diferente para un peque entre 3 y 5 a\u00f1os<\/strong>?<\/p>\n<p>Hoy d\u00eda tienen de todo y <strong>es muy dif\u00edcil acertar<\/strong> con un detalle que le guste de verdad.<\/p>\n<p>A m\u00ed antes me pasaba cada a\u00f1o con mis hijos. Y a muchas familias que conozco les pasa.<\/p>\n<p>Por eso aqu\u00ed te voy a ayudar con una propuesta de regalo de cumplea\u00f1os o Navidad que le va a encantar: el <strong>malet\u00edn magn\u00e9tico de artista de Hape<\/strong>.<\/p>\n<p>Con \u00e9l, los peques de la casa van a poder <strong>crear formas<\/strong> seg\u00fan las tarjetas incluidas o <strong>dejar volar su imaginaci\u00f3n<\/strong> para configurar las suyas.<\/p>\n<p>Adem\u00e1s, cuenta con una doble cara: se pueden divertir con la pizarra magn\u00e9tica negra o con un fondo para poder animarlo con originales figuras.<\/p>\n<p>Pero hay m\u00e1s.<\/p>\n<p>Es tan pr\u00e1ctica que con su asa los peques <strong>van a poder llevarse el malet\u00edn donde quieran<\/strong> para divertirse.<\/p>\n<p>Es un juguete perfecto para regalar desde 3 a\u00f1os porque:<\/p>\n<ul>\n<li>Estimula el <strong>pensamiento creativo<\/strong>, la <strong>coordinaci\u00f3n mano-ojo<\/strong> y la <strong>motricidad fina<\/strong>.<\/li>\n<li>Podr\u00e1 <strong>crear varios dise\u00f1os<\/strong> con las piezas magn\u00e9ticas, algo que le va a dar muchas horas de diversi\u00f3n.<\/li>\n<li><strong>La caja de madera es buena<\/strong>, los bordes son redondeados, las superficies lisas y los paneles laterales est\u00e1n impresos con motivos coloridos.<\/li>\n<\/ul>\n<p><span style=\"color: #ffffff;\">.<\/span><\/p>\n<p>Adem\u00e1s, este tipo de juego colabora con el desarrollo de su creatividad y su imaginaci\u00f3n as\u00ed como las habilidades STEM &#8211; Ciencia, Tecnolog\u00eda, Ingenier\u00eda y Matem\u00e1ticas (<em>Science, Technology, Engineering and Mathematics<\/em>).<\/p>\n<p>\u00bfTe gusta?<\/p>\n<p><strong>C\u00f3mpralo AHORA<\/strong> y reg\u00e1laselo a ese peque que tanto adoras.<\/p>\n<p>Mira el v\u00eddeo \ud83d\udc47<\/p>\n","protected":false},"featured_media":4795,"comment_status":"open","ping_status":"closed","template":"","meta":[],"product_brand":[],"product_cat":[25],"product_tag":[],"class_list":{"0":"post-4794","1":"product","2":"type-product","3":"status-publish","4":"has-post-thumbnail","6":"product_cat-mas-vendidos","8":"first","9":"outofstock","10":"taxable","11":"shipping-taxable","12":"purchasable","13":"product-type-simple"},"yoast_head":"<!-- This site is optimized with the Yoast SEO plugin v27.0 - https:\/\/yoast.com\/product\/yoast-seo-wordpress\/ -->\n<title>llll\u27a4 Malet\u00edn magn\u00e9tico de artista Hape para peques desde 3 a\u00f1os<\/title>\n<meta name=\"description\" content=\"\u27a4 Buscas un regalo original y diferente para un peque de 3 a\u00f1os? Te va a encantar el \u3010 malet\u00edn magn\u00e9tico de artista \u3011 de Hape. Env\u00edos 24-48 horas.\" \/>\n<meta name=\"robots\" content=\"index, follow, max-snippet:-1, max-image-preview:large, max-video-preview:-1\" \/>\n<link rel=\"canonical\" href=\"https:\/\/pequebierzo.es\/tienda\/producto\/maletin-magnetico-artista-hape\/\" \/>\n<meta property=\"og:locale\" content=\"es_ES\" \/>\n<meta property=\"og:type\" content=\"article\" \/>\n<meta property=\"og:title\" content=\"llll\u27a4 Malet\u00edn magn\u00e9tico de artista Hape para peques desde 3 a\u00f1os\" \/>\n<meta property=\"og:description\" content=\"\u27a4 Buscas un regalo original y diferente para un peque de 3 a\u00f1os? Te va a encantar el \u3010 malet\u00edn magn\u00e9tico de artista \u3011 de Hape. Env\u00edos 24-48 horas.\" \/>\n<meta property=\"og:url\" content=\"https:\/\/pequebierzo.es\/tienda\/producto\/maletin-magnetico-artista-hape\/\" \/>\n<meta property=\"og:site_name\" content=\"Peque Bierzo\" \/>\n<meta property=\"article:modified_time\" content=\"2023-12-16T15:56:32+00:00\" \/>\n<meta property=\"og:image\" content=\"https:\/\/pequebierzo.es\/tienda\/wp-content\/uploads\/2022\/11\/nino-jugando-maletin-artista-magnetico.jpg\" \/>\n\t<meta property=\"og:image:width\" content=\"1000\" \/>\n\t<meta property=\"og:image:height\" content=\"1000\" \/>\n\t<meta property=\"og:image:type\" content=\"image\/jpeg\" \/>\n<meta name=\"twitter:card\" content=\"summary_large_image\" \/>\n<!-- \/ Yoast SEO plugin. -->","yoast_head_json":{"title":"llll\u27a4 Malet\u00edn magn\u00e9tico de artista Hape para peques desde 3 a\u00f1os","description":"\u27a4 Buscas un regalo original y diferente para un peque de 3 a\u00f1os? Te va a encantar el \u3010 malet\u00edn magn\u00e9tico de artista \u3011 de Hape. Env\u00edos 24-48 horas.","robots":{"index":"index","follow":"follow","max-snippet":"max-snippet:-1","max-image-preview":"max-image-preview:large","max-video-preview":"max-video-preview:-1"},"canonical":"https:\/\/pequebierzo.es\/tienda\/producto\/maletin-magnetico-artista-hape\/","og_locale":"es_ES","og_type":"article","og_title":"llll\u27a4 Malet\u00edn magn\u00e9tico de artista Hape para peques desde 3 a\u00f1os","og_description":"\u27a4 Buscas un regalo original y diferente para un peque de 3 a\u00f1os? Te va a encantar el \u3010 malet\u00edn magn\u00e9tico de artista \u3011 de Hape. Env\u00edos 24-48 horas.","og_url":"https:\/\/pequebierzo.es\/tienda\/producto\/maletin-magnetico-artista-hape\/","og_site_name":"Peque Bierzo","article_modified_time":"2023-12-16T15:56:32+00:00","og_image":[{"width":1000,"height":1000,"url":"https:\/\/pequebierzo.es\/tienda\/wp-content\/uploads\/2022\/11\/nino-jugando-maletin-artista-magnetico.jpg","type":"image\/jpeg"}],"twitter_card":"summary_large_image","schema":{"@context":"https:\/\/schema.org","@graph":[{"@type":"WebPage","@id":"https:\/\/pequebierzo.es\/tienda\/producto\/maletin-magnetico-artista-hape\/","url":"https:\/\/pequebierzo.es\/tienda\/producto\/maletin-magnetico-artista-hape\/","name":"llll\u27a4 Malet\u00edn magn\u00e9tico de artista Hape para peques desde 3 a\u00f1os","isPartOf":{"@id":"https:\/\/pequebierzo.es\/tienda\/#website"},"primaryImageOfPage":{"@id":"https:\/\/pequebierzo.es\/tienda\/producto\/maletin-magnetico-artista-hape\/#primaryimage"},"image":{"@id":"https:\/\/pequebierzo.es\/tienda\/producto\/maletin-magnetico-artista-hape\/#primaryimage"},"thumbnailUrl":"https:\/\/pequebierzo.es\/tienda\/wp-content\/uploads\/2022\/11\/nino-jugando-maletin-artista-magnetico.jpg","datePublished":"2022-11-23T13:08:07+00:00","dateModified":"2023-12-16T15:56:32+00:00","description":"\u27a4 Buscas un regalo original y diferente para un peque de 3 a\u00f1os? Te va a encantar el \u3010 malet\u00edn magn\u00e9tico de artista \u3011 de Hape. Env\u00edos 24-48 horas.","breadcrumb":{"@id":"https:\/\/pequebierzo.es\/tienda\/producto\/maletin-magnetico-artista-hape\/#breadcrumb"},"inLanguage":"es","potentialAction":[{"@type":"ReadAction","target":["https:\/\/pequebierzo.es\/tienda\/producto\/maletin-magnetico-artista-hape\/"]}]},{"@type":"ImageObject","inLanguage":"es","@id":"https:\/\/pequebierzo.es\/tienda\/producto\/maletin-magnetico-artista-hape\/#primaryimage","url":"https:\/\/pequebierzo.es\/tienda\/wp-content\/uploads\/2022\/11\/nino-jugando-maletin-artista-magnetico.jpg","contentUrl":"https:\/\/pequebierzo.es\/tienda\/wp-content\/uploads\/2022\/11\/nino-jugando-maletin-artista-magnetico.jpg","width":1000,"height":1000,"caption":"Ni\u00f1o jugando con malet\u00edn de artista magn\u00e9tico"},{"@type":"BreadcrumbList","@id":"https:\/\/pequebierzo.es\/tienda\/producto\/maletin-magnetico-artista-hape\/#breadcrumb","itemListElement":[{"@type":"ListItem","position":1,"name":"Portada","item":"https:\/\/pequebierzo.es\/tienda\/"},{"@type":"ListItem","position":2,"name":"T2","item":"https:\/\/pequebierzo.es\/tienda\/t2\/"},{"@type":"ListItem","position":3,"name":"Malet\u00edn magn\u00e9tico de artista Hape para peques desde 3 a\u00f1os"}]},{"@type":"WebSite","@id":"https:\/\/pequebierzo.es\/tienda\/#website","url":"https:\/\/pequebierzo.es\/tienda\/","name":"Peque Bierzo","description":"La agenda de ocio infantil del Bierzo","publisher":{"@id":"https:\/\/pequebierzo.es\/tienda\/#organization"},"potentialAction":[{"@type":"SearchAction","target":{"@type":"EntryPoint","urlTemplate":"https:\/\/pequebierzo.es\/tienda\/?s={search_term_string}"},"query-input":{"@type":"PropertyValueSpecification","valueRequired":true,"valueName":"search_term_string"}}],"inLanguage":"es"},{"@type":"Organization","@id":"https:\/\/pequebierzo.es\/tienda\/#organization","name":"Peque Bierzo","url":"https:\/\/pequebierzo.es\/tienda\/","logo":{"@type":"ImageObject","inLanguage":"es","@id":"https:\/\/pequebierzo.es\/tienda\/#\/schema\/logo\/image\/","url":"https:\/\/pequebierzo.es\/tienda\/wp-content\/uploads\/2021\/09\/logo-pequebierzo1.png","contentUrl":"https:\/\/pequebierzo.es\/tienda\/wp-content\/uploads\/2021\/09\/logo-pequebierzo1.png","width":200,"height":98,"caption":"Peque Bierzo"},"image":{"@id":"https:\/\/pequebierzo.es\/tienda\/#\/schema\/logo\/image\/"}}]}},"_links":{"self":[{"href":"https:\/\/pequebierzo.es\/tienda\/wp-json\/wp\/v2\/product\/4794","targetHints":{"allow":["GET"]}}],"collection":[{"href":"https:\/\/pequebierzo.es\/tienda\/wp-json\/wp\/v2\/product"}],"about":[{"href":"https:\/\/pequebierzo.es\/tienda\/wp-json\/wp\/v2\/types\/product"}],"replies":[{"embeddable":true,"href":"https:\/\/pequebierzo.es\/tienda\/wp-json\/wp\/v2\/comments?post=4794"}],"version-history":[{"count":6,"href":"https:\/\/pequebierzo.es\/tienda\/wp-json\/wp\/v2\/product\/4794\/revisions"}],"predecessor-version":[{"id":6526,"href":"https:\/\/pequebierzo.es\/tienda\/wp-json\/wp\/v2\/product\/4794\/revisions\/6526"}],"wp:featuredmedia":[{"embeddable":true,"href":"https:\/\/pequebierzo.es\/tienda\/wp-json\/wp\/v2\/media\/4795"}],"wp:attachment":[{"href":"https:\/\/pequebierzo.es\/tienda\/wp-json\/wp\/v2\/media?parent=4794"}],"wp:term":[{"taxonomy":"product_brand","embeddable":true,"href":"https:\/\/pequebierzo.es\/tienda\/wp-json\/wp\/v2\/product_brand?post=4794"},{"taxonomy":"product_cat","embeddable":true,"href":"https:\/\/pequebierzo.es\/tienda\/wp-json\/wp\/v2\/product_cat?post=4794"},{"taxonomy":"product_tag","embeddable":true,"href":"https:\/\/pequebierzo.es\/tienda\/wp-json\/wp\/v2\/product_tag?post=4794"}],"curies":[{"name":"wp","href":"https:\/\/api.w.org\/{rel}","templated":true}]}}