{"id":4840,"date":"2022-11-24T19:38:22","date_gmt":"2022-11-24T18:38:22","guid":{"rendered":"https:\/\/pequebierzo.es\/tienda\/?post_type=product&#038;p=4840"},"modified":"2023-04-12T15:43:42","modified_gmt":"2023-04-12T13:43:42","slug":"kit-de-pulseras-para-ninas-deluxe-diy","status":"publish","type":"product","link":"https:\/\/pequebierzo.es\/tienda\/producto\/kit-de-pulseras-para-ninas-deluxe-diy\/","title":{"rendered":"Kit de pulseras para ni\u00f1as Deluxe DIY"},"content":{"rendered":"","protected":false},"excerpt":{"rendered":"<p><span style=\"font-weight: 400;\">\u00bfBuscas un <\/span><b>regalo creativo<\/b><span style=\"font-weight: 400;\"> para que esa peque que tanto adoras <\/span><b>haga sus propias joyas<\/b><span style=\"font-weight: 400;\">?<\/span><\/p>\n<p><span style=\"font-weight: 400;\">La verdad es que es una idea genial porque las ni\u00f1as son muy creativas por naturaleza.<\/span><\/p>\n<p><span style=\"font-weight: 400;\">Y les encanta expresarse a trav\u00e9s de su ropa y sus accesorios.<\/span><\/p>\n<p><span style=\"font-weight: 400;\">El problema es que les resulta muy dif\u00edcil fabricar sus propias joyas as\u00ed sin m\u00e1s.<\/span><\/p>\n<p><span style=\"font-weight: 400;\">Y a veces resulta complicado encontrar un buen kit que tenga un poco de todo.<\/span><\/p>\n<p><span style=\"font-weight: 400;\">Por eso con este Kit de pulseras DIY tu peque\u00f1a tendr\u00e1 <\/span><b>todo lo que necesita para crear sus propios dise\u00f1os<\/b><span style=\"font-weight: 400;\">: pulseras de colores, con su nombre, blancas y doradas y mucho m\u00e1s.<\/span><\/p>\n<p><span style=\"font-weight: 400;\">Adem\u00e1s, incluye <\/span><b>bastante hilo de 4 colores<\/b><span style=\"font-weight: 400;\"> para hacer un mont\u00f3n de pulseras para ella, sus amigas y familiares.<\/span><\/p>\n<p><span style=\"font-weight: 400;\">Se lo va a pasar en grande creando <\/span><b>dise\u00f1os personalizados que despu\u00e9s lucir\u00e1 en el colegio o en el parque<\/b><span style=\"font-weight: 400;\">.<\/span><\/p>\n<p><span style=\"font-weight: 400;\">Es un regalo genial por su cumplea\u00f1os o Navidad que no va a olvidar as\u00ed como as\u00ed.<\/span><\/p>\n<p><span style=\"font-weight: 400;\">El kit incluye:<\/span><\/p>\n<ul>\n<li style=\"font-weight: 400;\" aria-level=\"1\"><span style=\"font-weight: 400;\">Bolas con letras de colores para que pueda escribir sus palabras y mensajes.<\/span><\/li>\n<li style=\"font-weight: 400;\" aria-level=\"1\"><span style=\"font-weight: 400;\">Perlas blancas y perlas doradas.<\/span><\/li>\n<li style=\"font-weight: 400;\" aria-level=\"1\"><span style=\"font-weight: 400;\">Abalorios de colores para decorar las pulseras (rosas, lilas, naranjas y azules).<\/span><\/li>\n<li style=\"font-weight: 400;\" aria-level=\"1\"><span style=\"font-weight: 400;\">Hilos de 3 colores distintos: lila, rosa y naranja.<\/span><\/li>\n<li style=\"font-weight: 400;\" aria-level=\"1\"><span style=\"font-weight: 400;\">5 abalorios de metal para decorar las pulseras: micr\u00f3fono, auriculares, pintalabios, zapatilla y disco de vinilo.<\/span><\/li>\n<li style=\"font-weight: 400;\" aria-level=\"1\"><span style=\"font-weight: 400;\">Contiene cierre de mosquet\u00f3n.<\/span><\/li>\n<\/ul>\n<p><span style=\"color: #ffffff;\">.<\/span><\/p>\n<p><span style=\"font-weight: 400;\">\u00a1Te sorprender\u00e1 lo f\u00e1cil que es y c\u00f3mo se va a manejar ella sola!<\/span><\/p>\n<p><b>Compra YA este kit<\/b><span style=\"font-weight: 400;\"> tan chulo y reg\u00e1laselo porque le va a gustar -y mucho-.<\/span><\/p>\n","protected":false},"featured_media":4841,"comment_status":"open","ping_status":"closed","template":"","meta":[],"product_brand":[],"product_cat":[25],"product_tag":[],"class_list":{"0":"post-4840","1":"product","2":"type-product","3":"status-publish","4":"has-post-thumbnail","6":"product_cat-mas-vendidos","8":"first","9":"outofstock","10":"taxable","11":"shipping-taxable","12":"purchasable","13":"product-type-simple"},"yoast_head":"<!-- This site is optimized with the Yoast SEO plugin v27.0 - https:\/\/yoast.com\/product\/yoast-seo-wordpress\/ -->\n<title>llll\u27a4 Kit de pulseras para ni\u00f1as Deluxe DIY - Peque Bierzo<\/title>\n<meta name=\"description\" content=\"\u271a \u00bfBuscas un regalo creativo para el cumple de una peque que adoras? DESCUBRE Ahora este \u3010 Kit de pulseras DIY \u3011 Env\u00edos 24-48 horas.\" \/>\n<meta name=\"robots\" content=\"index, follow, max-snippet:-1, max-image-preview:large, max-video-preview:-1\" \/>\n<link rel=\"canonical\" href=\"https:\/\/pequebierzo.es\/tienda\/producto\/kit-de-pulseras-para-ninas-deluxe-diy\/\" \/>\n<meta property=\"og:locale\" content=\"es_ES\" \/>\n<meta property=\"og:type\" content=\"article\" \/>\n<meta property=\"og:title\" content=\"llll\u27a4 Kit de pulseras para ni\u00f1as Deluxe DIY - Peque Bierzo\" \/>\n<meta property=\"og:description\" content=\"\u271a \u00bfBuscas un regalo creativo para el cumple de una peque que adoras? DESCUBRE Ahora este \u3010 Kit de pulseras DIY \u3011 Env\u00edos 24-48 horas.\" \/>\n<meta property=\"og:url\" content=\"https:\/\/pequebierzo.es\/tienda\/producto\/kit-de-pulseras-para-ninas-deluxe-diy\/\" \/>\n<meta property=\"og:site_name\" content=\"Peque Bierzo\" \/>\n<meta property=\"article:modified_time\" content=\"2023-04-12T13:43:42+00:00\" \/>\n<meta property=\"og:image\" content=\"https:\/\/pequebierzo.es\/tienda\/wp-content\/uploads\/2022\/11\/contenido-kit-pulseras-deluxe-wow-generation.jpg\" \/>\n\t<meta property=\"og:image:width\" content=\"500\" \/>\n\t<meta property=\"og:image:height\" content=\"500\" \/>\n\t<meta property=\"og:image:type\" content=\"image\/jpeg\" \/>\n<meta name=\"twitter:card\" content=\"summary_large_image\" \/>\n<!-- \/ Yoast SEO plugin. -->","yoast_head_json":{"title":"llll\u27a4 Kit de pulseras para ni\u00f1as Deluxe DIY - Peque Bierzo","description":"\u271a \u00bfBuscas un regalo creativo para el cumple de una peque que adoras? DESCUBRE Ahora este \u3010 Kit de pulseras DIY \u3011 Env\u00edos 24-48 horas.","robots":{"index":"index","follow":"follow","max-snippet":"max-snippet:-1","max-image-preview":"max-image-preview:large","max-video-preview":"max-video-preview:-1"},"canonical":"https:\/\/pequebierzo.es\/tienda\/producto\/kit-de-pulseras-para-ninas-deluxe-diy\/","og_locale":"es_ES","og_type":"article","og_title":"llll\u27a4 Kit de pulseras para ni\u00f1as Deluxe DIY - Peque Bierzo","og_description":"\u271a \u00bfBuscas un regalo creativo para el cumple de una peque que adoras? DESCUBRE Ahora este \u3010 Kit de pulseras DIY \u3011 Env\u00edos 24-48 horas.","og_url":"https:\/\/pequebierzo.es\/tienda\/producto\/kit-de-pulseras-para-ninas-deluxe-diy\/","og_site_name":"Peque Bierzo","article_modified_time":"2023-04-12T13:43:42+00:00","og_image":[{"width":500,"height":500,"url":"https:\/\/pequebierzo.es\/tienda\/wp-content\/uploads\/2022\/11\/contenido-kit-pulseras-deluxe-wow-generation.jpg","type":"image\/jpeg"}],"twitter_card":"summary_large_image","schema":{"@context":"https:\/\/schema.org","@graph":[{"@type":"WebPage","@id":"https:\/\/pequebierzo.es\/tienda\/producto\/kit-de-pulseras-para-ninas-deluxe-diy\/","url":"https:\/\/pequebierzo.es\/tienda\/producto\/kit-de-pulseras-para-ninas-deluxe-diy\/","name":"llll\u27a4 Kit de pulseras para ni\u00f1as Deluxe DIY - Peque Bierzo","isPartOf":{"@id":"https:\/\/pequebierzo.es\/tienda\/#website"},"primaryImageOfPage":{"@id":"https:\/\/pequebierzo.es\/tienda\/producto\/kit-de-pulseras-para-ninas-deluxe-diy\/#primaryimage"},"image":{"@id":"https:\/\/pequebierzo.es\/tienda\/producto\/kit-de-pulseras-para-ninas-deluxe-diy\/#primaryimage"},"thumbnailUrl":"https:\/\/pequebierzo.es\/tienda\/wp-content\/uploads\/2022\/11\/contenido-kit-pulseras-deluxe-wow-generation.jpg","datePublished":"2022-11-24T18:38:22+00:00","dateModified":"2023-04-12T13:43:42+00:00","description":"\u271a \u00bfBuscas un regalo creativo para el cumple de una peque que adoras? DESCUBRE Ahora este \u3010 Kit de pulseras DIY \u3011 Env\u00edos 24-48 horas.","breadcrumb":{"@id":"https:\/\/pequebierzo.es\/tienda\/producto\/kit-de-pulseras-para-ninas-deluxe-diy\/#breadcrumb"},"inLanguage":"es","potentialAction":[{"@type":"ReadAction","target":["https:\/\/pequebierzo.es\/tienda\/producto\/kit-de-pulseras-para-ninas-deluxe-diy\/"]}]},{"@type":"ImageObject","inLanguage":"es","@id":"https:\/\/pequebierzo.es\/tienda\/producto\/kit-de-pulseras-para-ninas-deluxe-diy\/#primaryimage","url":"https:\/\/pequebierzo.es\/tienda\/wp-content\/uploads\/2022\/11\/contenido-kit-pulseras-deluxe-wow-generation.jpg","contentUrl":"https:\/\/pequebierzo.es\/tienda\/wp-content\/uploads\/2022\/11\/contenido-kit-pulseras-deluxe-wow-generation.jpg","width":500,"height":500,"caption":"Contenido kit de pulseras Deluxe Wow Generation"},{"@type":"BreadcrumbList","@id":"https:\/\/pequebierzo.es\/tienda\/producto\/kit-de-pulseras-para-ninas-deluxe-diy\/#breadcrumb","itemListElement":[{"@type":"ListItem","position":1,"name":"Portada","item":"https:\/\/pequebierzo.es\/tienda\/"},{"@type":"ListItem","position":2,"name":"T2","item":"https:\/\/pequebierzo.es\/tienda\/t2\/"},{"@type":"ListItem","position":3,"name":"Kit de pulseras para ni\u00f1as Deluxe DIY"}]},{"@type":"WebSite","@id":"https:\/\/pequebierzo.es\/tienda\/#website","url":"https:\/\/pequebierzo.es\/tienda\/","name":"Peque Bierzo","description":"La agenda de ocio infantil del Bierzo","publisher":{"@id":"https:\/\/pequebierzo.es\/tienda\/#organization"},"potentialAction":[{"@type":"SearchAction","target":{"@type":"EntryPoint","urlTemplate":"https:\/\/pequebierzo.es\/tienda\/?s={search_term_string}"},"query-input":{"@type":"PropertyValueSpecification","valueRequired":true,"valueName":"search_term_string"}}],"inLanguage":"es"},{"@type":"Organization","@id":"https:\/\/pequebierzo.es\/tienda\/#organization","name":"Peque Bierzo","url":"https:\/\/pequebierzo.es\/tienda\/","logo":{"@type":"ImageObject","inLanguage":"es","@id":"https:\/\/pequebierzo.es\/tienda\/#\/schema\/logo\/image\/","url":"https:\/\/pequebierzo.es\/tienda\/wp-content\/uploads\/2021\/09\/logo-pequebierzo1.png","contentUrl":"https:\/\/pequebierzo.es\/tienda\/wp-content\/uploads\/2021\/09\/logo-pequebierzo1.png","width":200,"height":98,"caption":"Peque Bierzo"},"image":{"@id":"https:\/\/pequebierzo.es\/tienda\/#\/schema\/logo\/image\/"}}]}},"_links":{"self":[{"href":"https:\/\/pequebierzo.es\/tienda\/wp-json\/wp\/v2\/product\/4840","targetHints":{"allow":["GET"]}}],"collection":[{"href":"https:\/\/pequebierzo.es\/tienda\/wp-json\/wp\/v2\/product"}],"about":[{"href":"https:\/\/pequebierzo.es\/tienda\/wp-json\/wp\/v2\/types\/product"}],"replies":[{"embeddable":true,"href":"https:\/\/pequebierzo.es\/tienda\/wp-json\/wp\/v2\/comments?post=4840"}],"version-history":[{"count":3,"href":"https:\/\/pequebierzo.es\/tienda\/wp-json\/wp\/v2\/product\/4840\/revisions"}],"predecessor-version":[{"id":7016,"href":"https:\/\/pequebierzo.es\/tienda\/wp-json\/wp\/v2\/product\/4840\/revisions\/7016"}],"wp:featuredmedia":[{"embeddable":true,"href":"https:\/\/pequebierzo.es\/tienda\/wp-json\/wp\/v2\/media\/4841"}],"wp:attachment":[{"href":"https:\/\/pequebierzo.es\/tienda\/wp-json\/wp\/v2\/media?parent=4840"}],"wp:term":[{"taxonomy":"product_brand","embeddable":true,"href":"https:\/\/pequebierzo.es\/tienda\/wp-json\/wp\/v2\/product_brand?post=4840"},{"taxonomy":"product_cat","embeddable":true,"href":"https:\/\/pequebierzo.es\/tienda\/wp-json\/wp\/v2\/product_cat?post=4840"},{"taxonomy":"product_tag","embeddable":true,"href":"https:\/\/pequebierzo.es\/tienda\/wp-json\/wp\/v2\/product_tag?post=4840"}],"curies":[{"name":"wp","href":"https:\/\/api.w.org\/{rel}","templated":true}]}}