{"id":4865,"date":"2022-11-25T19:00:52","date_gmt":"2022-11-25T18:00:52","guid":{"rendered":"https:\/\/pequebierzo.es\/tienda\/?post_type=product&#038;p=4865"},"modified":"2023-01-03T17:02:01","modified_gmt":"2023-01-03T16:02:01","slug":"joyero-musical-frozen-2","status":"publish","type":"product","link":"https:\/\/pequebierzo.es\/tienda\/producto\/joyero-musical-frozen-2\/","title":{"rendered":"Joyero musical de Frozen 2: regalo muy especial para ni\u00f1as desde 3 a\u00f1os"},"content":{"rendered":"","protected":false},"excerpt":{"rendered":"<p>\u00bfBuscas un <strong>regalo de cumplea\u00f1os o Navidad<\/strong> que emocione a tu peque\u00f1a y no encuentras nada?<\/p>\n<p>Te presento el <strong>joyero musical oficial de Frozen 2<\/strong>.<\/p>\n<p><strong>No es el t\u00edpico joyero<\/strong>, as\u00ed que es el regalo especial que est\u00e1s buscando.<\/p>\n<p>Es diferente porque:<\/p>\n<ul>\n<li>Est\u00e1 dise\u00f1ado con el aspecto de un armario de ropa <strong>\u00a1A original no lo gana ninguno!<\/strong><\/li>\n<li>Le encantar\u00e1 <strong>guardar y exhibir sus joyas en el interior<\/strong>, mientras <strong>disfruta de la canci\u00f3n<\/strong> y del corazoncito que da vueltas.<\/li>\n<li>Puede utilizarlo incluso para <strong>jugar con las mu\u00f1ecas<\/strong> a que es el armario donde guardan su ropa.<\/li>\n<li>Este joyero musical es <strong>resistente y muy robusto<\/strong>, por lo que te durar\u00e1 mucho tiempo.<\/li>\n<li><strong>Quedar\u00e1 precioso en su habitaci\u00f3n<\/strong>: tanto en una estanter\u00eda o en el escritorio.<\/li>\n<\/ul>\n<p><span style=\"color: #ffffff;\">.<\/span><\/p>\n<p>Al girar la manivela que hay en la parte trasera del armario, la figura de coraz\u00f3n del interior comienza a dar vueltas y a sonar una canci\u00f3n.<\/p>\n<p>Podr\u00e1 escucharla mientras coloca sus joyas o se arregla para salir.<\/p>\n<p>En su interior tiene bastante m\u00e1s espacio del que parece: 4 cajones y 2 colgadores para guardar lo que quiera.<\/p>\n<p>Adem\u00e1s, las puertas est\u00e1n imantadas, de modo que es m\u00e1s f\u00e1cil que queden cerradas.<\/p>\n<p><strong>La caja es muy bonita y tiene muy buena presencia como regalo<\/strong>.<\/p>\n<p>\u00bfSe lo quieres regalar en la pr\u00f3xima celebraci\u00f3n?<\/p>\n<p><strong>C\u00f3mpralo AHORA<\/strong> y lo recibir\u00e1s en 24-48 horas laborables.<\/p>\n","protected":false},"featured_media":4867,"comment_status":"open","ping_status":"closed","template":"","meta":[],"product_brand":[],"product_cat":[25],"product_tag":[],"class_list":{"0":"post-4865","1":"product","2":"type-product","3":"status-publish","4":"has-post-thumbnail","6":"product_cat-mas-vendidos","8":"first","9":"outofstock","10":"taxable","11":"shipping-taxable","12":"purchasable","13":"product-type-simple"},"yoast_head":"<!-- This site is optimized with the Yoast SEO plugin v27.0 - https:\/\/yoast.com\/product\/yoast-seo-wordpress\/ -->\n<title>llll\u27a4 Joyero musical FROZEN 2: regalo muy especial para ni\u00f1as<\/title>\n<meta name=\"description\" content=\"\u271a Buscas un \u3010 regalo de cumplea\u00f1os o Navidad \u3011 que emocione a tu peque y no encuentras nada? Mira este pedazo de Joyero musical de Frozen. Env\u00edos 48h\" \/>\n<meta name=\"robots\" content=\"index, follow, max-snippet:-1, max-image-preview:large, max-video-preview:-1\" \/>\n<link rel=\"canonical\" href=\"https:\/\/pequebierzo.es\/tienda\/producto\/joyero-musical-frozen-2\/\" \/>\n<meta property=\"og:locale\" content=\"es_ES\" \/>\n<meta property=\"og:type\" content=\"article\" \/>\n<meta property=\"og:title\" content=\"llll\u27a4 Joyero musical FROZEN 2: regalo muy especial para ni\u00f1as\" \/>\n<meta property=\"og:description\" content=\"\u271a Buscas un \u3010 regalo de cumplea\u00f1os o Navidad \u3011 que emocione a tu peque y no encuentras nada? Mira este pedazo de Joyero musical de Frozen. Env\u00edos 48h\" \/>\n<meta property=\"og:url\" content=\"https:\/\/pequebierzo.es\/tienda\/producto\/joyero-musical-frozen-2\/\" \/>\n<meta property=\"og:site_name\" content=\"Peque Bierzo\" \/>\n<meta property=\"article:modified_time\" content=\"2023-01-03T16:02:01+00:00\" \/>\n<meta property=\"og:image\" content=\"https:\/\/pequebierzo.es\/tienda\/wp-content\/uploads\/2022\/11\/joyero-musical-frozen.jpg\" \/>\n\t<meta property=\"og:image:width\" content=\"1000\" \/>\n\t<meta property=\"og:image:height\" content=\"1000\" \/>\n\t<meta property=\"og:image:type\" content=\"image\/jpeg\" \/>\n<meta name=\"twitter:card\" content=\"summary_large_image\" \/>\n<!-- \/ Yoast SEO plugin. -->","yoast_head_json":{"title":"llll\u27a4 Joyero musical FROZEN 2: regalo muy especial para ni\u00f1as","description":"\u271a Buscas un \u3010 regalo de cumplea\u00f1os o Navidad \u3011 que emocione a tu peque y no encuentras nada? Mira este pedazo de Joyero musical de Frozen. Env\u00edos 48h","robots":{"index":"index","follow":"follow","max-snippet":"max-snippet:-1","max-image-preview":"max-image-preview:large","max-video-preview":"max-video-preview:-1"},"canonical":"https:\/\/pequebierzo.es\/tienda\/producto\/joyero-musical-frozen-2\/","og_locale":"es_ES","og_type":"article","og_title":"llll\u27a4 Joyero musical FROZEN 2: regalo muy especial para ni\u00f1as","og_description":"\u271a Buscas un \u3010 regalo de cumplea\u00f1os o Navidad \u3011 que emocione a tu peque y no encuentras nada? Mira este pedazo de Joyero musical de Frozen. Env\u00edos 48h","og_url":"https:\/\/pequebierzo.es\/tienda\/producto\/joyero-musical-frozen-2\/","og_site_name":"Peque Bierzo","article_modified_time":"2023-01-03T16:02:01+00:00","og_image":[{"width":1000,"height":1000,"url":"https:\/\/pequebierzo.es\/tienda\/wp-content\/uploads\/2022\/11\/joyero-musical-frozen.jpg","type":"image\/jpeg"}],"twitter_card":"summary_large_image","schema":{"@context":"https:\/\/schema.org","@graph":[{"@type":"WebPage","@id":"https:\/\/pequebierzo.es\/tienda\/producto\/joyero-musical-frozen-2\/","url":"https:\/\/pequebierzo.es\/tienda\/producto\/joyero-musical-frozen-2\/","name":"llll\u27a4 Joyero musical FROZEN 2: regalo muy especial para ni\u00f1as","isPartOf":{"@id":"https:\/\/pequebierzo.es\/tienda\/#website"},"primaryImageOfPage":{"@id":"https:\/\/pequebierzo.es\/tienda\/producto\/joyero-musical-frozen-2\/#primaryimage"},"image":{"@id":"https:\/\/pequebierzo.es\/tienda\/producto\/joyero-musical-frozen-2\/#primaryimage"},"thumbnailUrl":"https:\/\/pequebierzo.es\/tienda\/wp-content\/uploads\/2022\/11\/joyero-musical-frozen.jpg","datePublished":"2022-11-25T18:00:52+00:00","dateModified":"2023-01-03T16:02:01+00:00","description":"\u271a Buscas un \u3010 regalo de cumplea\u00f1os o Navidad \u3011 que emocione a tu peque y no encuentras nada? Mira este pedazo de Joyero musical de Frozen. Env\u00edos 48h","breadcrumb":{"@id":"https:\/\/pequebierzo.es\/tienda\/producto\/joyero-musical-frozen-2\/#breadcrumb"},"inLanguage":"es","potentialAction":[{"@type":"ReadAction","target":["https:\/\/pequebierzo.es\/tienda\/producto\/joyero-musical-frozen-2\/"]}]},{"@type":"ImageObject","inLanguage":"es","@id":"https:\/\/pequebierzo.es\/tienda\/producto\/joyero-musical-frozen-2\/#primaryimage","url":"https:\/\/pequebierzo.es\/tienda\/wp-content\/uploads\/2022\/11\/joyero-musical-frozen.jpg","contentUrl":"https:\/\/pequebierzo.es\/tienda\/wp-content\/uploads\/2022\/11\/joyero-musical-frozen.jpg","width":1000,"height":1000,"caption":"Joyero musical Frozen"},{"@type":"BreadcrumbList","@id":"https:\/\/pequebierzo.es\/tienda\/producto\/joyero-musical-frozen-2\/#breadcrumb","itemListElement":[{"@type":"ListItem","position":1,"name":"Portada","item":"https:\/\/pequebierzo.es\/tienda\/"},{"@type":"ListItem","position":2,"name":"T2","item":"https:\/\/pequebierzo.es\/tienda\/t2\/"},{"@type":"ListItem","position":3,"name":"Joyero musical de Frozen 2: regalo muy especial para ni\u00f1as desde 3 a\u00f1os"}]},{"@type":"WebSite","@id":"https:\/\/pequebierzo.es\/tienda\/#website","url":"https:\/\/pequebierzo.es\/tienda\/","name":"Peque Bierzo","description":"La agenda de ocio infantil del Bierzo","publisher":{"@id":"https:\/\/pequebierzo.es\/tienda\/#organization"},"potentialAction":[{"@type":"SearchAction","target":{"@type":"EntryPoint","urlTemplate":"https:\/\/pequebierzo.es\/tienda\/?s={search_term_string}"},"query-input":{"@type":"PropertyValueSpecification","valueRequired":true,"valueName":"search_term_string"}}],"inLanguage":"es"},{"@type":"Organization","@id":"https:\/\/pequebierzo.es\/tienda\/#organization","name":"Peque Bierzo","url":"https:\/\/pequebierzo.es\/tienda\/","logo":{"@type":"ImageObject","inLanguage":"es","@id":"https:\/\/pequebierzo.es\/tienda\/#\/schema\/logo\/image\/","url":"https:\/\/pequebierzo.es\/tienda\/wp-content\/uploads\/2021\/09\/logo-pequebierzo1.png","contentUrl":"https:\/\/pequebierzo.es\/tienda\/wp-content\/uploads\/2021\/09\/logo-pequebierzo1.png","width":200,"height":98,"caption":"Peque Bierzo"},"image":{"@id":"https:\/\/pequebierzo.es\/tienda\/#\/schema\/logo\/image\/"}}]}},"_links":{"self":[{"href":"https:\/\/pequebierzo.es\/tienda\/wp-json\/wp\/v2\/product\/4865","targetHints":{"allow":["GET"]}}],"collection":[{"href":"https:\/\/pequebierzo.es\/tienda\/wp-json\/wp\/v2\/product"}],"about":[{"href":"https:\/\/pequebierzo.es\/tienda\/wp-json\/wp\/v2\/types\/product"}],"replies":[{"embeddable":true,"href":"https:\/\/pequebierzo.es\/tienda\/wp-json\/wp\/v2\/comments?post=4865"}],"version-history":[{"count":1,"href":"https:\/\/pequebierzo.es\/tienda\/wp-json\/wp\/v2\/product\/4865\/revisions"}],"predecessor-version":[{"id":4876,"href":"https:\/\/pequebierzo.es\/tienda\/wp-json\/wp\/v2\/product\/4865\/revisions\/4876"}],"wp:featuredmedia":[{"embeddable":true,"href":"https:\/\/pequebierzo.es\/tienda\/wp-json\/wp\/v2\/media\/4867"}],"wp:attachment":[{"href":"https:\/\/pequebierzo.es\/tienda\/wp-json\/wp\/v2\/media?parent=4865"}],"wp:term":[{"taxonomy":"product_brand","embeddable":true,"href":"https:\/\/pequebierzo.es\/tienda\/wp-json\/wp\/v2\/product_brand?post=4865"},{"taxonomy":"product_cat","embeddable":true,"href":"https:\/\/pequebierzo.es\/tienda\/wp-json\/wp\/v2\/product_cat?post=4865"},{"taxonomy":"product_tag","embeddable":true,"href":"https:\/\/pequebierzo.es\/tienda\/wp-json\/wp\/v2\/product_tag?post=4865"}],"curies":[{"name":"wp","href":"https:\/\/api.w.org\/{rel}","templated":true}]}}