{"id":4877,"date":"2022-11-25T19:31:24","date_gmt":"2022-11-25T18:31:24","guid":{"rendered":"https:\/\/pequebierzo.es\/tienda\/?post_type=product&#038;p=4877"},"modified":"2023-12-02T12:59:37","modified_gmt":"2023-12-02T11:59:37","slug":"accesorios-pelo-frozen","status":"publish","type":"product","link":"https:\/\/pequebierzo.es\/tienda\/producto\/accesorios-pelo-frozen\/","title":{"rendered":"34 Accesorios de pelo brillantes de Frozen para regalar a tu peque desde 3 a\u00f1os"},"content":{"rendered":"","protected":false},"excerpt":{"rendered":"<p>\u00bfTienes que hacer un <strong>regalo a una fan incondicional de Frozen<\/strong> y no sabes qu\u00e9 elegir?<\/p>\n<p><strong>Cuando vea este set<\/strong> de 34 accesorios de pelo <strong>va a alucinar<\/strong>.<\/p>\n<p>Tiene todo lo que necesita para peinarse, innovar y cambiar de peinado cada d\u00eda.<\/p>\n<p>\u00a1No le falta detalle!<\/p>\n<p>Adem\u00e1s -para completar los peinados- tambi\u00e9n <strong>podr\u00e1 ponerse joyas<\/strong>.<\/p>\n<p>Porque viene con un collar, una pulsera de perlas y unos pendientes perfectos como complemento.<\/p>\n<p><em>\u00bfTe la imaginas prepar\u00e1ndose para salir a casa de los abuelos o con sus amigas?<\/em><\/p>\n<p>Tambi\u00e9n podr\u00e1 usarlo <strong>para peinar a sus mu\u00f1ecas, amigas o incluso a su abuela, t\u00eda o mam\u00e1<\/strong>.<\/p>\n<p>Y luego os pod\u00e9is hacer <strong><em>selfies<\/em> que quedar\u00e1n para el recuerdo<\/strong>.<\/p>\n<p>La caja para regalar incluye:<\/p>\n<ul>\n<li>Pinzas para el pelo<\/li>\n<li>Bandas para el pelo<\/li>\n<li>Diademas de goma<\/li>\n<li>Lazos brillantes<\/li>\n<li>Anillos<\/li>\n<li>Collar de perlas con colgantes<\/li>\n<li>Pulsera de perlas con colgantes<\/li>\n<\/ul>\n<p><span style=\"color: #ffffff;\">.<\/span><\/p>\n<p>La verdad es que el pack tiene muy buena presencia como regalo.<\/p>\n<p><strong>P\u00eddelo hoy mismo y lo tendr\u00e1s en 24-48 horas laborables<\/strong>.<\/p>\n<p>\u00a1As\u00ed de f\u00e1cil es sorprender y emocionar a tu peque\u00f1a en su pr\u00f3ximo cumplea\u00f1os o Navidad!<\/p>\n","protected":false},"featured_media":4879,"comment_status":"open","ping_status":"closed","template":"","meta":[],"product_brand":[],"product_cat":[25],"product_tag":[],"class_list":{"0":"post-4877","1":"product","2":"type-product","3":"status-publish","4":"has-post-thumbnail","6":"product_cat-mas-vendidos","8":"first","9":"instock","10":"taxable","11":"shipping-taxable","12":"purchasable","13":"product-type-simple"},"yoast_head":"<!-- This site is optimized with the Yoast SEO plugin v27.0 - https:\/\/yoast.com\/product\/yoast-seo-wordpress\/ -->\n<title>\u3010 34 Accesorios de pelo brillantes \u3011 de FROZEN para regalar<\/title>\n<meta name=\"description\" content=\"\u27a4 Necesitas un regalo a una fan de \u3010 Frozen \u3011 y no sabes qu\u00e9 elegir? Cuando vea este set de 34 accesorios de pelo alucinar\u00e1. Env\u00edos 24-48h.\" \/>\n<meta name=\"robots\" content=\"index, follow, max-snippet:-1, max-image-preview:large, max-video-preview:-1\" \/>\n<link rel=\"canonical\" href=\"https:\/\/pequebierzo.es\/tienda\/producto\/accesorios-pelo-frozen\/\" \/>\n<meta property=\"og:locale\" content=\"es_ES\" \/>\n<meta property=\"og:type\" content=\"article\" \/>\n<meta property=\"og:title\" content=\"\u3010 34 Accesorios de pelo brillantes \u3011 de FROZEN para regalar\" \/>\n<meta property=\"og:description\" content=\"\u27a4 Necesitas un regalo a una fan de \u3010 Frozen \u3011 y no sabes qu\u00e9 elegir? Cuando vea este set de 34 accesorios de pelo alucinar\u00e1. Env\u00edos 24-48h.\" \/>\n<meta property=\"og:url\" content=\"https:\/\/pequebierzo.es\/tienda\/producto\/accesorios-pelo-frozen\/\" \/>\n<meta property=\"og:site_name\" content=\"Peque Bierzo\" \/>\n<meta property=\"article:modified_time\" content=\"2023-12-02T11:59:37+00:00\" \/>\n<meta property=\"og:image\" content=\"https:\/\/pequebierzo.es\/tienda\/wp-content\/uploads\/2022\/11\/complementos-pelo-frozen-2.jpg\" \/>\n\t<meta property=\"og:image:width\" content=\"1000\" \/>\n\t<meta property=\"og:image:height\" content=\"1000\" \/>\n\t<meta property=\"og:image:type\" content=\"image\/jpeg\" \/>\n<meta name=\"twitter:card\" content=\"summary_large_image\" \/>\n<!-- \/ Yoast SEO plugin. -->","yoast_head_json":{"title":"\u3010 34 Accesorios de pelo brillantes \u3011 de FROZEN para regalar","description":"\u27a4 Necesitas un regalo a una fan de \u3010 Frozen \u3011 y no sabes qu\u00e9 elegir? Cuando vea este set de 34 accesorios de pelo alucinar\u00e1. Env\u00edos 24-48h.","robots":{"index":"index","follow":"follow","max-snippet":"max-snippet:-1","max-image-preview":"max-image-preview:large","max-video-preview":"max-video-preview:-1"},"canonical":"https:\/\/pequebierzo.es\/tienda\/producto\/accesorios-pelo-frozen\/","og_locale":"es_ES","og_type":"article","og_title":"\u3010 34 Accesorios de pelo brillantes \u3011 de FROZEN para regalar","og_description":"\u27a4 Necesitas un regalo a una fan de \u3010 Frozen \u3011 y no sabes qu\u00e9 elegir? Cuando vea este set de 34 accesorios de pelo alucinar\u00e1. Env\u00edos 24-48h.","og_url":"https:\/\/pequebierzo.es\/tienda\/producto\/accesorios-pelo-frozen\/","og_site_name":"Peque Bierzo","article_modified_time":"2023-12-02T11:59:37+00:00","og_image":[{"width":1000,"height":1000,"url":"https:\/\/pequebierzo.es\/tienda\/wp-content\/uploads\/2022\/11\/complementos-pelo-frozen-2.jpg","type":"image\/jpeg"}],"twitter_card":"summary_large_image","schema":{"@context":"https:\/\/schema.org","@graph":[{"@type":"WebPage","@id":"https:\/\/pequebierzo.es\/tienda\/producto\/accesorios-pelo-frozen\/","url":"https:\/\/pequebierzo.es\/tienda\/producto\/accesorios-pelo-frozen\/","name":"\u3010 34 Accesorios de pelo brillantes \u3011 de FROZEN para regalar","isPartOf":{"@id":"https:\/\/pequebierzo.es\/tienda\/#website"},"primaryImageOfPage":{"@id":"https:\/\/pequebierzo.es\/tienda\/producto\/accesorios-pelo-frozen\/#primaryimage"},"image":{"@id":"https:\/\/pequebierzo.es\/tienda\/producto\/accesorios-pelo-frozen\/#primaryimage"},"thumbnailUrl":"https:\/\/pequebierzo.es\/tienda\/wp-content\/uploads\/2022\/11\/complementos-pelo-frozen-2.jpg","datePublished":"2022-11-25T18:31:24+00:00","dateModified":"2023-12-02T11:59:37+00:00","description":"\u27a4 Necesitas un regalo a una fan de \u3010 Frozen \u3011 y no sabes qu\u00e9 elegir? Cuando vea este set de 34 accesorios de pelo alucinar\u00e1. Env\u00edos 24-48h.","breadcrumb":{"@id":"https:\/\/pequebierzo.es\/tienda\/producto\/accesorios-pelo-frozen\/#breadcrumb"},"inLanguage":"es","potentialAction":[{"@type":"ReadAction","target":["https:\/\/pequebierzo.es\/tienda\/producto\/accesorios-pelo-frozen\/"]}]},{"@type":"ImageObject","inLanguage":"es","@id":"https:\/\/pequebierzo.es\/tienda\/producto\/accesorios-pelo-frozen\/#primaryimage","url":"https:\/\/pequebierzo.es\/tienda\/wp-content\/uploads\/2022\/11\/complementos-pelo-frozen-2.jpg","contentUrl":"https:\/\/pequebierzo.es\/tienda\/wp-content\/uploads\/2022\/11\/complementos-pelo-frozen-2.jpg","width":1000,"height":1000,"caption":"Complementos de pelo de Frozen"},{"@type":"BreadcrumbList","@id":"https:\/\/pequebierzo.es\/tienda\/producto\/accesorios-pelo-frozen\/#breadcrumb","itemListElement":[{"@type":"ListItem","position":1,"name":"Portada","item":"https:\/\/pequebierzo.es\/tienda\/"},{"@type":"ListItem","position":2,"name":"T2","item":"https:\/\/pequebierzo.es\/tienda\/t2\/"},{"@type":"ListItem","position":3,"name":"34 Accesorios de pelo brillantes de Frozen para regalar a tu peque desde 3 a\u00f1os"}]},{"@type":"WebSite","@id":"https:\/\/pequebierzo.es\/tienda\/#website","url":"https:\/\/pequebierzo.es\/tienda\/","name":"Peque Bierzo","description":"La agenda de ocio infantil del Bierzo","publisher":{"@id":"https:\/\/pequebierzo.es\/tienda\/#organization"},"potentialAction":[{"@type":"SearchAction","target":{"@type":"EntryPoint","urlTemplate":"https:\/\/pequebierzo.es\/tienda\/?s={search_term_string}"},"query-input":{"@type":"PropertyValueSpecification","valueRequired":true,"valueName":"search_term_string"}}],"inLanguage":"es"},{"@type":"Organization","@id":"https:\/\/pequebierzo.es\/tienda\/#organization","name":"Peque Bierzo","url":"https:\/\/pequebierzo.es\/tienda\/","logo":{"@type":"ImageObject","inLanguage":"es","@id":"https:\/\/pequebierzo.es\/tienda\/#\/schema\/logo\/image\/","url":"https:\/\/pequebierzo.es\/tienda\/wp-content\/uploads\/2021\/09\/logo-pequebierzo1.png","contentUrl":"https:\/\/pequebierzo.es\/tienda\/wp-content\/uploads\/2021\/09\/logo-pequebierzo1.png","width":200,"height":98,"caption":"Peque Bierzo"},"image":{"@id":"https:\/\/pequebierzo.es\/tienda\/#\/schema\/logo\/image\/"}}]}},"_links":{"self":[{"href":"https:\/\/pequebierzo.es\/tienda\/wp-json\/wp\/v2\/product\/4877","targetHints":{"allow":["GET"]}}],"collection":[{"href":"https:\/\/pequebierzo.es\/tienda\/wp-json\/wp\/v2\/product"}],"about":[{"href":"https:\/\/pequebierzo.es\/tienda\/wp-json\/wp\/v2\/types\/product"}],"replies":[{"embeddable":true,"href":"https:\/\/pequebierzo.es\/tienda\/wp-json\/wp\/v2\/comments?post=4877"}],"version-history":[{"count":2,"href":"https:\/\/pequebierzo.es\/tienda\/wp-json\/wp\/v2\/product\/4877\/revisions"}],"predecessor-version":[{"id":4881,"href":"https:\/\/pequebierzo.es\/tienda\/wp-json\/wp\/v2\/product\/4877\/revisions\/4881"}],"wp:featuredmedia":[{"embeddable":true,"href":"https:\/\/pequebierzo.es\/tienda\/wp-json\/wp\/v2\/media\/4879"}],"wp:attachment":[{"href":"https:\/\/pequebierzo.es\/tienda\/wp-json\/wp\/v2\/media?parent=4877"}],"wp:term":[{"taxonomy":"product_brand","embeddable":true,"href":"https:\/\/pequebierzo.es\/tienda\/wp-json\/wp\/v2\/product_brand?post=4877"},{"taxonomy":"product_cat","embeddable":true,"href":"https:\/\/pequebierzo.es\/tienda\/wp-json\/wp\/v2\/product_cat?post=4877"},{"taxonomy":"product_tag","embeddable":true,"href":"https:\/\/pequebierzo.es\/tienda\/wp-json\/wp\/v2\/product_tag?post=4877"}],"curies":[{"name":"wp","href":"https:\/\/api.w.org\/{rel}","templated":true}]}}