{"id":4890,"date":"2022-11-26T18:20:32","date_gmt":"2022-11-26T17:20:32","guid":{"rendered":"https:\/\/pequebierzo.es\/tienda\/?post_type=product&#038;p=4890"},"modified":"2024-12-30T17:46:53","modified_gmt":"2024-12-30T16:46:53","slug":"bateria-bebes","status":"publish","type":"product","link":"https:\/\/pequebierzo.es\/tienda\/producto\/bateria-bebes\/","title":{"rendered":"Bater\u00eda para beb\u00e9s Magic Touch Baby Einstein: un regalo incre\u00edble desde 6 meses a 3 a\u00f1os"},"content":{"rendered":"\t\t<div data-elementor-type=\"product-post\" data-elementor-id=\"4890\" class=\"elementor elementor-4890\" data-elementor-post-type=\"product\">\n\t\t\t\t\t\t<section class=\"elementor-section elementor-top-section elementor-element elementor-element-792a7e4 elementor-section-boxed elementor-section-height-default elementor-section-height-default\" data-id=\"792a7e4\" data-element_type=\"section\" data-e-type=\"section\">\n\t\t\t\t\t\t<div class=\"elementor-container elementor-column-gap-default\">\n\t\t\t\t\t<div class=\"elementor-column elementor-col-100 elementor-top-column elementor-element elementor-element-902b1d4\" data-id=\"902b1d4\" data-element_type=\"column\" data-e-type=\"column\">\n\t\t\t<div class=\"elementor-widget-wrap elementor-element-populated\">\n\t\t\t\t\t\t<div class=\"elementor-element elementor-element-fa8bd62 elementor-widget elementor-widget-heading\" data-id=\"fa8bd62\" data-element_type=\"widget\" data-e-type=\"widget\" data-widget_type=\"heading.default\">\n\t\t\t\t<div class=\"elementor-widget-container\">\n\t\t\t\t\t<h2 class=\"elementor-heading-title elementor-size-default\">[V\u00eddeo] Conoce mejor la bater\u00eda para bebe de 1 a\u00f1o o desde 6 meses:<\/h2>\t\t\t\t<\/div>\n\t\t\t\t<\/div>\n\t\t\t\t<div class=\"elementor-element elementor-element-c6d36d5 elementor-widget elementor-widget-text-editor\" data-id=\"c6d36d5\" data-element_type=\"widget\" data-e-type=\"widget\" data-widget_type=\"text-editor.default\">\n\t\t\t\t<div class=\"elementor-widget-container\">\n\t\t\t\t\t\t\t\t\t<p>Es super chulo por su dise\u00f1o, versatilidad y color. Por eso es un regalo que a las ni\u00f1as de cualquier edad las vuelve locas.<\/p><p>Aqu\u00ed te lo ense\u00f1o con un v\u00eddeo para que lo veas mejor:<\/p>\t\t\t\t\t\t\t\t<\/div>\n\t\t\t\t<\/div>\n\t\t\t\t<div class=\"elementor-element elementor-element-714c429 elementor-widget elementor-widget-video\" data-id=\"714c429\" data-element_type=\"widget\" data-e-type=\"widget\" data-settings=\"{&quot;youtube_url&quot;:&quot;https:\\\/\\\/www.youtube.com\\\/watch?v=0CkJDQrMsPk&quot;,&quot;video_type&quot;:&quot;youtube&quot;,&quot;controls&quot;:&quot;yes&quot;}\" data-widget_type=\"video.default\">\n\t\t\t\t<div class=\"elementor-widget-container\">\n\t\t\t\t\t\t\t<div class=\"elementor-wrapper elementor-open-inline\">\n\t\t\t<div class=\"elementor-video\"><\/div>\t\t<\/div>\n\t\t\t\t\t\t<\/div>\n\t\t\t\t<\/div>\n\t\t\t\t<div class=\"elementor-element elementor-element-67af0be elementor-widget elementor-widget-video\" data-id=\"67af0be\" data-element_type=\"widget\" data-e-type=\"widget\" data-settings=\"{&quot;youtube_url&quot;:&quot;https:\\\/\\\/www.youtube.com\\\/watch?v=me7ypmh0l94&quot;,&quot;video_type&quot;:&quot;youtube&quot;,&quot;controls&quot;:&quot;yes&quot;}\" data-widget_type=\"video.default\">\n\t\t\t\t<div class=\"elementor-widget-container\">\n\t\t\t\t\t\t\t<div class=\"elementor-wrapper elementor-open-inline\">\n\t\t\t<div class=\"elementor-video\"><\/div>\t\t<\/div>\n\t\t\t\t\t\t<\/div>\n\t\t\t\t<\/div>\n\t\t\t\t\t<\/div>\n\t\t<\/div>\n\t\t\t\t\t<\/div>\n\t\t<\/section>\n\t\t\t\t<section class=\"elementor-section elementor-top-section elementor-element elementor-element-ad71fa5 elementor-section-boxed elementor-section-height-default elementor-section-height-default\" data-id=\"ad71fa5\" data-element_type=\"section\" data-e-type=\"section\">\n\t\t\t\t\t\t<div class=\"elementor-container elementor-column-gap-default\">\n\t\t\t\t\t<div class=\"elementor-column elementor-col-100 elementor-top-column elementor-element elementor-element-51bba73\" data-id=\"51bba73\" data-element_type=\"column\" data-e-type=\"column\">\n\t\t\t<div class=\"elementor-widget-wrap elementor-element-populated\">\n\t\t\t\t\t\t<div class=\"elementor-element elementor-element-1d9b931 elementor-widget elementor-widget-heading\" data-id=\"1d9b931\" data-element_type=\"widget\" data-e-type=\"widget\" data-widget_type=\"heading.default\">\n\t\t\t\t<div class=\"elementor-widget-container\">\n\t\t\t\t\t<h2 class=\"elementor-heading-title elementor-size-default\">Especificaciones<\/h2>\t\t\t\t<\/div>\n\t\t\t\t<\/div>\n\t\t\t\t<div class=\"elementor-element elementor-element-cef03dd elementor-widget elementor-widget-text-editor\" data-id=\"cef03dd\" data-element_type=\"widget\" data-e-type=\"widget\" data-widget_type=\"text-editor.default\">\n\t\t\t\t<div class=\"elementor-widget-container\">\n\t\t\t\t\t\t\t\t\t<ul><li class=\"normal\"><span lang=\"es\">Dimensiones <em>packaging<\/em>: 4,5cm (Alto) x 38,1cm (Ancho) x 20,3cm (Largo)<\/span><\/li><li class=\"normal\"><span lang=\"es\">Pilas: requiere 3 pilas &#8220;AA&#8221; de 1.5V<\/span><\/li><li class=\"normal\"><span lang=\"es\">Edad recomendada: desde 6 meses a 3 a\u00f1os<\/span><\/li><li class=\"normal\"><span lang=\"es\">Montaje necesario: \u200eNo<\/span><\/li><li class=\"normal\"><span lang=\"es\">Tipo de material: \u200eMadera<\/span><\/li><li class=\"normal\"><span lang=\"es\">Peso del producto: \u200e599 g<\/span><\/li><\/ul>\t\t\t\t\t\t\t\t<\/div>\n\t\t\t\t<\/div>\n\t\t\t\t\t<\/div>\n\t\t<\/div>\n\t\t\t\t\t<\/div>\n\t\t<\/section>\n\t\t\t\t<section class=\"elementor-section elementor-top-section elementor-element elementor-element-a57b920 elementor-section-boxed elementor-section-height-default elementor-section-height-default\" data-id=\"a57b920\" data-element_type=\"section\" data-e-type=\"section\">\n\t\t\t\t\t\t\t<div class=\"elementor-background-overlay\"><\/div>\n\t\t\t\t\t\t\t<div class=\"elementor-container elementor-column-gap-default\">\n\t\t\t\t\t<div class=\"elementor-column elementor-col-25 elementor-top-column elementor-element elementor-element-32b589f\" data-id=\"32b589f\" data-element_type=\"column\" data-e-type=\"column\">\n\t\t\t<div class=\"elementor-widget-wrap\">\n\t\t\t\t\t\t\t<\/div>\n\t\t<\/div>\n\t\t\t\t<div class=\"elementor-column elementor-col-25 elementor-top-column elementor-element elementor-element-8d12243\" data-id=\"8d12243\" data-element_type=\"column\" data-e-type=\"column\">\n\t\t\t<div class=\"elementor-widget-wrap elementor-element-populated\">\n\t\t\t\t\t\t<div class=\"elementor-element elementor-element-8a55f86 elementor-widget elementor-widget-image\" data-id=\"8a55f86\" data-element_type=\"widget\" data-e-type=\"widget\" data-widget_type=\"image.default\">\n\t\t\t\t<div class=\"elementor-widget-container\">\n\t\t\t\t\t\t\t\t\t\t\t\t\t\t\t<img fetchpriority=\"high\" decoding=\"async\" width=\"800\" height=\"800\" src=\"https:\/\/pequebierzo.es\/tienda\/wp-content\/uploads\/2022\/11\/caja-magic-touch-drums.jpg\" class=\"attachment-large size-large wp-image-4895\" alt=\"Caja Magic Touch Drums\" srcset=\"https:\/\/pequebierzo.es\/tienda\/wp-content\/uploads\/2022\/11\/caja-magic-touch-drums.jpg 1000w, https:\/\/pequebierzo.es\/tienda\/wp-content\/uploads\/2022\/11\/caja-magic-touch-drums-300x300.jpg 300w, https:\/\/pequebierzo.es\/tienda\/wp-content\/uploads\/2022\/11\/caja-magic-touch-drums-150x150.jpg 150w, https:\/\/pequebierzo.es\/tienda\/wp-content\/uploads\/2022\/11\/caja-magic-touch-drums-768x768.jpg 768w, https:\/\/pequebierzo.es\/tienda\/wp-content\/uploads\/2022\/11\/caja-magic-touch-drums-600x600.jpg 600w, https:\/\/pequebierzo.es\/tienda\/wp-content\/uploads\/2022\/11\/caja-magic-touch-drums-100x100.jpg 100w\" sizes=\"(max-width: 800px) 100vw, 800px\" \/>\t\t\t\t\t\t\t\t\t\t\t\t\t\t\t<\/div>\n\t\t\t\t<\/div>\n\t\t\t\t\t<\/div>\n\t\t<\/div>\n\t\t\t\t<div class=\"elementor-column elementor-col-25 elementor-top-column elementor-element elementor-element-b0a8696\" data-id=\"b0a8696\" data-element_type=\"column\" data-e-type=\"column\">\n\t\t\t<div class=\"elementor-widget-wrap\">\n\t\t\t\t\t\t\t<\/div>\n\t\t<\/div>\n\t\t\t\t<div class=\"elementor-column elementor-col-25 elementor-top-column elementor-element elementor-element-2caa682\" data-id=\"2caa682\" data-element_type=\"column\" data-e-type=\"column\">\n\t\t\t<div class=\"elementor-widget-wrap elementor-element-populated\">\n\t\t\t\t\t\t<div class=\"elementor-element elementor-element-f085c2d elementor-widget elementor-widget-heading\" data-id=\"f085c2d\" data-element_type=\"widget\" data-e-type=\"widget\" data-widget_type=\"heading.default\">\n\t\t\t\t<div class=\"elementor-widget-container\">\n\t\t\t\t\t<h2 class=\"elementor-heading-title elementor-size-default\">\u00a1Lo quiero YA para regalar!<\/h2>\t\t\t\t<\/div>\n\t\t\t\t<\/div>\n\t\t\t\t<div class=\"elementor-element elementor-element-a7f262f e-add-to-cart--show-quantity-yes elementor-widget elementor-widget-woocommerce-product-add-to-cart\" data-id=\"a7f262f\" data-element_type=\"widget\" data-e-type=\"widget\" data-widget_type=\"woocommerce-product-add-to-cart.default\">\n\t\t\t\t<div class=\"elementor-widget-container\">\n\t\t\t\t\t\n\t\t<div class=\"elementor-add-to-cart elementor-product-simple\">\n\t\t\t<p class=\"stock in-stock\">Solo quedan 1 disponibles<\/p>\n\n\t\n\t<form class=\"cart\" action=\"https:\/\/pequebierzo.es\/tienda\/producto\/bateria-bebes\/\" method=\"post\" enctype='multipart\/form-data'>\n\t\t\n\t\t<div class=\"quantity\">\n\t\t<label class=\"screen-reader-text\" for=\"quantity_69f57eab9062c\">Bater\u00eda para beb\u00e9s Magic Touch Baby Einstein: un regalo incre\u00edble desde 6 meses a 3 a\u00f1os cantidad<\/label>\n\t<input\n\t\ttype=\"hidden\"\n\t\t\t\tid=\"quantity_69f57eab9062c\"\n\t\tclass=\"input-text qty text\"\n\t\tname=\"quantity\"\n\t\tvalue=\"1\"\n\t\taria-label=\"Cantidad de productos\"\n\t\t\t\tmin=\"1\"\n\t\t\t\t\tmax=\"1\"\n\t\t\t\t\t\t\tstep=\"1\"\n\t\t\tplaceholder=\"\"\n\t\t\tinputmode=\"numeric\"\n\t\t\tautocomplete=\"off\"\n\t\t\t\/>\n\t<\/div>\n\n\t\t<button type=\"submit\" name=\"add-to-cart\" value=\"4890\" class=\"single_add_to_cart_button button alt\">A\u00f1adir al carrito<\/button>\n\n\t\t<input type=\"hidden\" name=\"gtm4wp_product_data\" value=\"{&quot;internal_id&quot;:4890,&quot;item_id&quot;:&quot;E11650&quot;,&quot;item_name&quot;:&quot;Bater\\u00eda para beb\\u00e9s Magic Touch Baby Einstein: un regalo incre\\u00edble desde 6 meses a 3 a\\u00f1os&quot;,&quot;sku&quot;:&quot;E11650&quot;,&quot;price&quot;:27.99,&quot;stocklevel&quot;:1,&quot;stockstatus&quot;:&quot;instock&quot;,&quot;google_business_vertical&quot;:&quot;retail&quot;,&quot;item_category&quot;:&quot;M\\u00e1s vendidos&quot;,&quot;id&quot;:&quot;E11650&quot;,&quot;item_brand&quot;:&quot;M\\u00e1s vendidos&quot;}\" \/>\n\t<\/form>\n\n\t\n\t\t<\/div>\n\n\t\t\t\t\t\t<\/div>\n\t\t\t\t<\/div>\n\t\t\t\t<div class=\"elementor-element elementor-element-eb3d837 elementor-widget elementor-widget-text-editor\" data-id=\"eb3d837\" data-element_type=\"widget\" data-e-type=\"widget\" data-widget_type=\"text-editor.default\">\n\t\t\t\t<div class=\"elementor-widget-container\">\n\t\t\t\t\t\t\t\t\t<div id=\"nta-wabutton-770\" style=\"margin: 30px 0 30px;\"><a target=\"_blank\" href=\"https:\/\/web.whatsapp.com\/send?phone=34626593172&#038;text=Tengo una duda sobre este producto (https:\/\/pequebierzo.es\/tienda\/wp-json\/wp\/v2\/product\/4890)...\" class=\"wa__button wa__r_button wa__stt_online wa__btn_w_img \"><div class=\"wa__cs_img\"><div class=\"wa__cs_img_wrap\" style=\"background: url(https:\/\/pequebierzo.es\/tienda\/wp-content\/uploads\/2021\/11\/jana-79x79-1-788x788.png) center center no-repeat; background-size: cover;\"><\/div><\/div><div class=\"wa__btn_txt\"><div class=\"wa__cs_info\"><div class=\"wa__cs_name\">Jana Soto<\/div><div class=\"wa__cs_status\">Online<\/div><\/div><div class=\"wa__btn_title\">Enviar mensaje a Jana<\/div><\/div><\/a><\/div>\t\t\t\t\t\t\t\t<\/div>\n\t\t\t\t<\/div>\n\t\t\t\t\t<\/div>\n\t\t<\/div>\n\t\t\t\t\t<\/div>\n\t\t<\/section>\n\t\t\t\t<\/div>\n\t\t","protected":false},"excerpt":{"rendered":"<p>\u00bfEst\u00e1s buscando un <strong>regalo especial para un beb\u00e9<\/strong> y quieres echar un ojo a esta bater\u00eda musical?<\/p>\n<p>Si es as\u00ed \u00a1me encanta que est\u00e9s aqu\u00ed!<\/p>\n<p>Porque <strong>al fin has encontrado un detalle fant\u00e1stico<\/strong> para regalar a un beb\u00e9, desde los 6 meses a los 3 a\u00f1os.<\/p>\n<p>Esta bater\u00eda es genial, sobre todo si notas que al peque\u00f1\u00edn <strong>le llama la atenci\u00f3n la m\u00fasica<\/strong> o si <strong>empieza a dar golpes en la mesa<\/strong>.<\/p>\n<p>Y es que este modelo <em>Magic Touch<\/em> es una pasada porque:<\/p>\n<ul>\n<li>Gracias a la <strong>superficie t\u00e1ctil<\/strong> le ser\u00e1 muy <strong>f\u00e1cil de tocar<\/strong>, al no tener que hacer ning\u00fan esfuerzo para que suenen los tambores.<\/li>\n<li><strong>Suenan super bien<\/strong>: como unos tambores de verdad.<\/li>\n<li>Puedes <strong>regular el volumen<\/strong> para no volver locos a los pap\u00e1s y abuelos.<\/li>\n<li>Es robusto y resistente, as\u00ed que <strong>le durar\u00e1 mucho tiempo como nuevo<\/strong>.<\/li>\n<li>Podr\u00e1 aporrearlo y <strong>crear sus propias composiciones<\/strong>.<\/li>\n<li>Es perfecto para <strong>estimular los sentidos<\/strong> de tu peque\u00f1o mientras juega y aprende ritmos.<\/li>\n<li>Los <strong>dibujos de animales de los tambores<\/strong> hacen que sea mucho m\u00e1s atractivo para el beb\u00e9.<\/li>\n<li>Es un <strong>juguete de alta calidad<\/strong>: la madera, los acabados y el dise\u00f1o hacen que tenga muy <strong>buena presencia para regalar<\/strong>.<\/li>\n<\/ul>\n<p><span style=\"color: #ffffff;\">.<\/span><\/p>\n<p>\u00a1Le encantar\u00e1 descubrir todo tipo de ritmos musicales a trav\u00e9s de sus dedos!<\/p>\n<p>A t\u00ed tambi\u00e9n te encanta esta <strong>bater\u00eda para beb\u00e9 de 1 a\u00f1o<\/strong> (6 meses o hasta 3 a\u00f1os).<\/p>\n<p><strong>C\u00f3mprala AHORA y rec\u00edbela en 24-48 horas<\/strong> laborables, para que se la puedas regalar en su cumplea\u00f1os o Navidad.<\/p>\n","protected":false},"featured_media":4893,"comment_status":"open","ping_status":"closed","template":"","meta":[],"product_brand":[],"product_cat":[25],"product_tag":[],"class_list":{"0":"post-4890","1":"product","2":"type-product","3":"status-publish","4":"has-post-thumbnail","6":"product_cat-mas-vendidos","8":"first","9":"instock","10":"sale","11":"taxable","12":"shipping-taxable","13":"purchasable","14":"product-type-simple"},"yoast_head":"<!-- This site is optimized with the Yoast SEO plugin v27.0 - https:\/\/yoast.com\/product\/yoast-seo-wordpress\/ -->\n<title>\u3010 Bater\u00eda para beb\u00e9s \u3011 desde 6 meses, 1 a\u00f1o hasta los 3<\/title>\n<meta name=\"description\" content=\"\u27a4 Est\u00e1s buscando un \u3010 regalo especial para un beb\u00e9 \u3011 \u00c9chale un ojo a esta preciosa bater\u00eda musical para regalar. Env\u00edos 24-48 horas. MIRA \u271a\" \/>\n<meta name=\"robots\" content=\"index, follow, max-snippet:-1, max-image-preview:large, max-video-preview:-1\" \/>\n<link rel=\"canonical\" href=\"https:\/\/pequebierzo.es\/tienda\/producto\/bateria-bebes\/\" \/>\n<meta property=\"og:locale\" content=\"es_ES\" \/>\n<meta property=\"og:type\" content=\"article\" \/>\n<meta property=\"og:title\" content=\"\u3010 Bater\u00eda para beb\u00e9s \u3011 desde 6 meses, 1 a\u00f1o hasta los 3\" \/>\n<meta property=\"og:description\" content=\"\u27a4 Est\u00e1s buscando un \u3010 regalo especial para un beb\u00e9 \u3011 \u00c9chale un ojo a esta preciosa bater\u00eda musical para regalar. Env\u00edos 24-48 horas. MIRA \u271a\" \/>\n<meta property=\"og:url\" content=\"https:\/\/pequebierzo.es\/tienda\/producto\/bateria-bebes\/\" \/>\n<meta property=\"og:site_name\" content=\"Peque Bierzo\" \/>\n<meta property=\"article:modified_time\" content=\"2024-12-30T16:46:53+00:00\" \/>\n<meta property=\"og:image\" content=\"https:\/\/pequebierzo.es\/tienda\/wp-content\/uploads\/2022\/11\/bebe-jugando-bateria.jpg\" \/>\n\t<meta property=\"og:image:width\" content=\"1000\" \/>\n\t<meta property=\"og:image:height\" content=\"1000\" \/>\n\t<meta property=\"og:image:type\" content=\"image\/jpeg\" \/>\n<meta name=\"twitter:card\" content=\"summary_large_image\" \/>\n<!-- \/ Yoast SEO plugin. -->","yoast_head_json":{"title":"\u3010 Bater\u00eda para beb\u00e9s \u3011 desde 6 meses, 1 a\u00f1o hasta los 3","description":"\u27a4 Est\u00e1s buscando un \u3010 regalo especial para un beb\u00e9 \u3011 \u00c9chale un ojo a esta preciosa bater\u00eda musical para regalar. Env\u00edos 24-48 horas. MIRA \u271a","robots":{"index":"index","follow":"follow","max-snippet":"max-snippet:-1","max-image-preview":"max-image-preview:large","max-video-preview":"max-video-preview:-1"},"canonical":"https:\/\/pequebierzo.es\/tienda\/producto\/bateria-bebes\/","og_locale":"es_ES","og_type":"article","og_title":"\u3010 Bater\u00eda para beb\u00e9s \u3011 desde 6 meses, 1 a\u00f1o hasta los 3","og_description":"\u27a4 Est\u00e1s buscando un \u3010 regalo especial para un beb\u00e9 \u3011 \u00c9chale un ojo a esta preciosa bater\u00eda musical para regalar. Env\u00edos 24-48 horas. MIRA \u271a","og_url":"https:\/\/pequebierzo.es\/tienda\/producto\/bateria-bebes\/","og_site_name":"Peque Bierzo","article_modified_time":"2024-12-30T16:46:53+00:00","og_image":[{"width":1000,"height":1000,"url":"https:\/\/pequebierzo.es\/tienda\/wp-content\/uploads\/2022\/11\/bebe-jugando-bateria.jpg","type":"image\/jpeg"}],"twitter_card":"summary_large_image","schema":{"@context":"https:\/\/schema.org","@graph":[{"@type":"WebPage","@id":"https:\/\/pequebierzo.es\/tienda\/producto\/bateria-bebes\/","url":"https:\/\/pequebierzo.es\/tienda\/producto\/bateria-bebes\/","name":"\u3010 Bater\u00eda para beb\u00e9s \u3011 desde 6 meses, 1 a\u00f1o hasta los 3","isPartOf":{"@id":"https:\/\/pequebierzo.es\/tienda\/#website"},"primaryImageOfPage":{"@id":"https:\/\/pequebierzo.es\/tienda\/producto\/bateria-bebes\/#primaryimage"},"image":{"@id":"https:\/\/pequebierzo.es\/tienda\/producto\/bateria-bebes\/#primaryimage"},"thumbnailUrl":"https:\/\/pequebierzo.es\/tienda\/wp-content\/uploads\/2022\/11\/bebe-jugando-bateria.jpg","datePublished":"2022-11-26T17:20:32+00:00","dateModified":"2024-12-30T16:46:53+00:00","description":"\u27a4 Est\u00e1s buscando un \u3010 regalo especial para un beb\u00e9 \u3011 \u00c9chale un ojo a esta preciosa bater\u00eda musical para regalar. Env\u00edos 24-48 horas. MIRA \u271a","breadcrumb":{"@id":"https:\/\/pequebierzo.es\/tienda\/producto\/bateria-bebes\/#breadcrumb"},"inLanguage":"es","potentialAction":[{"@type":"ReadAction","target":["https:\/\/pequebierzo.es\/tienda\/producto\/bateria-bebes\/"]}]},{"@type":"ImageObject","inLanguage":"es","@id":"https:\/\/pequebierzo.es\/tienda\/producto\/bateria-bebes\/#primaryimage","url":"https:\/\/pequebierzo.es\/tienda\/wp-content\/uploads\/2022\/11\/bebe-jugando-bateria.jpg","contentUrl":"https:\/\/pequebierzo.es\/tienda\/wp-content\/uploads\/2022\/11\/bebe-jugando-bateria.jpg","width":1000,"height":1000,"caption":"Beb\u00e9 jugando con tambores"},{"@type":"BreadcrumbList","@id":"https:\/\/pequebierzo.es\/tienda\/producto\/bateria-bebes\/#breadcrumb","itemListElement":[{"@type":"ListItem","position":1,"name":"Portada","item":"https:\/\/pequebierzo.es\/tienda\/"},{"@type":"ListItem","position":2,"name":"T2","item":"https:\/\/pequebierzo.es\/tienda\/t2\/"},{"@type":"ListItem","position":3,"name":"Bater\u00eda para beb\u00e9s Magic Touch Baby Einstein: un regalo incre\u00edble desde 6 meses a 3 a\u00f1os"}]},{"@type":"WebSite","@id":"https:\/\/pequebierzo.es\/tienda\/#website","url":"https:\/\/pequebierzo.es\/tienda\/","name":"Peque Bierzo","description":"La agenda de ocio infantil del Bierzo","publisher":{"@id":"https:\/\/pequebierzo.es\/tienda\/#organization"},"potentialAction":[{"@type":"SearchAction","target":{"@type":"EntryPoint","urlTemplate":"https:\/\/pequebierzo.es\/tienda\/?s={search_term_string}"},"query-input":{"@type":"PropertyValueSpecification","valueRequired":true,"valueName":"search_term_string"}}],"inLanguage":"es"},{"@type":"Organization","@id":"https:\/\/pequebierzo.es\/tienda\/#organization","name":"Peque Bierzo","url":"https:\/\/pequebierzo.es\/tienda\/","logo":{"@type":"ImageObject","inLanguage":"es","@id":"https:\/\/pequebierzo.es\/tienda\/#\/schema\/logo\/image\/","url":"https:\/\/pequebierzo.es\/tienda\/wp-content\/uploads\/2021\/09\/logo-pequebierzo1.png","contentUrl":"https:\/\/pequebierzo.es\/tienda\/wp-content\/uploads\/2021\/09\/logo-pequebierzo1.png","width":200,"height":98,"caption":"Peque Bierzo"},"image":{"@id":"https:\/\/pequebierzo.es\/tienda\/#\/schema\/logo\/image\/"}}]}},"_links":{"self":[{"href":"https:\/\/pequebierzo.es\/tienda\/wp-json\/wp\/v2\/product\/4890","targetHints":{"allow":["GET"]}}],"collection":[{"href":"https:\/\/pequebierzo.es\/tienda\/wp-json\/wp\/v2\/product"}],"about":[{"href":"https:\/\/pequebierzo.es\/tienda\/wp-json\/wp\/v2\/types\/product"}],"replies":[{"embeddable":true,"href":"https:\/\/pequebierzo.es\/tienda\/wp-json\/wp\/v2\/comments?post=4890"}],"version-history":[{"count":11,"href":"https:\/\/pequebierzo.es\/tienda\/wp-json\/wp\/v2\/product\/4890\/revisions"}],"predecessor-version":[{"id":7621,"href":"https:\/\/pequebierzo.es\/tienda\/wp-json\/wp\/v2\/product\/4890\/revisions\/7621"}],"wp:featuredmedia":[{"embeddable":true,"href":"https:\/\/pequebierzo.es\/tienda\/wp-json\/wp\/v2\/media\/4893"}],"wp:attachment":[{"href":"https:\/\/pequebierzo.es\/tienda\/wp-json\/wp\/v2\/media?parent=4890"}],"wp:term":[{"taxonomy":"product_brand","embeddable":true,"href":"https:\/\/pequebierzo.es\/tienda\/wp-json\/wp\/v2\/product_brand?post=4890"},{"taxonomy":"product_cat","embeddable":true,"href":"https:\/\/pequebierzo.es\/tienda\/wp-json\/wp\/v2\/product_cat?post=4890"},{"taxonomy":"product_tag","embeddable":true,"href":"https:\/\/pequebierzo.es\/tienda\/wp-json\/wp\/v2\/product_tag?post=4890"}],"curies":[{"name":"wp","href":"https:\/\/api.w.org\/{rel}","templated":true}]}}