{"id":4913,"date":"2022-11-28T13:39:39","date_gmt":"2022-11-28T12:39:39","guid":{"rendered":"https:\/\/pequebierzo.es\/tienda\/?post_type=product&#038;p=4913"},"modified":"2023-12-03T13:09:27","modified_gmt":"2023-12-03T12:09:27","slug":"lampara-unicornio-led","status":"publish","type":"product","link":"https:\/\/pequebierzo.es\/tienda\/producto\/lampara-unicornio-led\/","title":{"rendered":"L\u00e1mpara de unicornio: un regalo precioso para decorar su habitaci\u00f3n"},"content":{"rendered":"\t\t<div data-elementor-type=\"product-post\" data-elementor-id=\"4913\" class=\"elementor elementor-4913\" data-elementor-post-type=\"product\">\n\t\t\t\t\t\t<section class=\"elementor-section elementor-top-section elementor-element elementor-element-7877fe9 elementor-section-boxed elementor-section-height-default elementor-section-height-default\" data-id=\"7877fe9\" data-element_type=\"section\" data-e-type=\"section\">\n\t\t\t\t\t\t<div class=\"elementor-container elementor-column-gap-default\">\n\t\t\t\t\t<div class=\"elementor-column elementor-col-100 elementor-top-column elementor-element elementor-element-f337341\" data-id=\"f337341\" data-element_type=\"column\" data-e-type=\"column\">\n\t\t\t<div class=\"elementor-widget-wrap elementor-element-populated\">\n\t\t\t\t\t\t<div class=\"elementor-element elementor-element-14403b3 elementor-widget elementor-widget-heading\" data-id=\"14403b3\" data-element_type=\"widget\" data-e-type=\"widget\" data-widget_type=\"heading.default\">\n\t\t\t\t<div class=\"elementor-widget-container\">\n\t\t\t\t\t<h2 class=\"elementor-heading-title elementor-size-default\">[V\u00eddeo] Conoce mejor la l\u00e1mpara de unicornio<\/h2>\t\t\t\t<\/div>\n\t\t\t\t<\/div>\n\t\t\t\t<div class=\"elementor-element elementor-element-542ccd1 elementor-widget elementor-widget-video\" data-id=\"542ccd1\" data-element_type=\"widget\" data-e-type=\"widget\" data-settings=\"{&quot;youtube_url&quot;:&quot;https:\\\/\\\/youtu.be\\\/8Wg-n2me7qk&quot;,&quot;video_type&quot;:&quot;youtube&quot;,&quot;controls&quot;:&quot;yes&quot;}\" data-widget_type=\"video.default\">\n\t\t\t\t<div class=\"elementor-widget-container\">\n\t\t\t\t\t\t\t<div class=\"elementor-wrapper elementor-open-inline\">\n\t\t\t<div class=\"elementor-video\"><\/div>\t\t<\/div>\n\t\t\t\t\t\t<\/div>\n\t\t\t\t<\/div>\n\t\t\t\t<div class=\"elementor-element elementor-element-22347ed elementor-widget elementor-widget-heading\" data-id=\"22347ed\" data-element_type=\"widget\" data-e-type=\"widget\" data-widget_type=\"heading.default\">\n\t\t\t\t<div class=\"elementor-widget-container\">\n\t\t\t\t\t<h2 class=\"elementor-heading-title elementor-size-default\">C\u00f3mo funciona la l\u00e1mpara de unicornio con luces LED<\/h2>\t\t\t\t<\/div>\n\t\t\t\t<\/div>\n\t\t\t\t<div class=\"elementor-element elementor-element-6dde313 elementor-widget elementor-widget-text-editor\" data-id=\"6dde313\" data-element_type=\"widget\" data-e-type=\"widget\" data-widget_type=\"text-editor.default\">\n\t\t\t\t<div class=\"elementor-widget-container\">\n\t\t\t\t\t\t\t\t\t<p>Para poner en funcionamiento la l\u00e1mpara, solo tienes que conectarla con un cable micro USB o introducir 3 pilas AAA.<\/p>\t\t\t\t\t\t\t\t<\/div>\n\t\t\t\t<\/div>\n\t\t\t\t<div class=\"elementor-element elementor-element-3c6de01 elementor-widget elementor-widget-heading\" data-id=\"3c6de01\" data-element_type=\"widget\" data-e-type=\"widget\" data-widget_type=\"heading.default\">\n\t\t\t\t<div class=\"elementor-widget-container\">\n\t\t\t\t\t<h2 class=\"elementor-heading-title elementor-size-default\">Especificaciones<\/h2>\t\t\t\t<\/div>\n\t\t\t\t<\/div>\n\t\t\t\t<div class=\"elementor-element elementor-element-c5903fc elementor-widget elementor-widget-text-editor\" data-id=\"c5903fc\" data-element_type=\"widget\" data-e-type=\"widget\" data-widget_type=\"text-editor.default\">\n\t\t\t\t<div class=\"elementor-widget-container\">\n\t\t\t\t\t\t\t\t\t<ul><li>Conexi\u00f3n\/desconexi\u00f3n mediante funci\u00f3n t\u00e1ctil.<\/li><li>Configuraci\u00f3n de la luz: blanco c\u00e1lido o multicolor.<\/li><li>Con temporizador de 30 minutos.<\/li><li>Funcionamiento mediante USB o pilas.<\/li><li>No incluye cable ni pilas.<\/li><\/ul>\t\t\t\t\t\t\t\t<\/div>\n\t\t\t\t<\/div>\n\t\t\t\t\t<\/div>\n\t\t<\/div>\n\t\t\t\t\t<\/div>\n\t\t<\/section>\n\t\t\t\t<section class=\"elementor-section elementor-top-section elementor-element elementor-element-053468d elementor-section-boxed elementor-section-height-default elementor-section-height-default\" data-id=\"053468d\" data-element_type=\"section\" data-e-type=\"section\">\n\t\t\t\t\t\t\t<div class=\"elementor-background-overlay\"><\/div>\n\t\t\t\t\t\t\t<div class=\"elementor-container elementor-column-gap-default\">\n\t\t\t\t\t<div class=\"elementor-column elementor-col-25 elementor-top-column elementor-element elementor-element-96229a7\" data-id=\"96229a7\" data-element_type=\"column\" data-e-type=\"column\">\n\t\t\t<div class=\"elementor-widget-wrap\">\n\t\t\t\t\t\t\t<\/div>\n\t\t<\/div>\n\t\t\t\t<div class=\"elementor-column elementor-col-25 elementor-top-column elementor-element elementor-element-6658efe\" data-id=\"6658efe\" data-element_type=\"column\" data-e-type=\"column\">\n\t\t\t<div class=\"elementor-widget-wrap elementor-element-populated\">\n\t\t\t\t\t\t<div class=\"elementor-element elementor-element-cd92bc7 elementor-widget elementor-widget-image\" data-id=\"cd92bc7\" data-element_type=\"widget\" data-e-type=\"widget\" data-widget_type=\"image.default\">\n\t\t\t\t<div class=\"elementor-widget-container\">\n\t\t\t\t\t\t\t\t\t\t\t\t\t\t\t<img fetchpriority=\"high\" decoding=\"async\" width=\"800\" height=\"800\" src=\"https:\/\/pequebierzo.es\/tienda\/wp-content\/uploads\/2022\/11\/lampara-unicorno-colores.png\" class=\"attachment-large size-large wp-image-4916\" alt=\"L\u00e1mpara unicornio de colores\" srcset=\"https:\/\/pequebierzo.es\/tienda\/wp-content\/uploads\/2022\/11\/lampara-unicorno-colores.png 810w, https:\/\/pequebierzo.es\/tienda\/wp-content\/uploads\/2022\/11\/lampara-unicorno-colores-300x300.png 300w, https:\/\/pequebierzo.es\/tienda\/wp-content\/uploads\/2022\/11\/lampara-unicorno-colores-150x150.png 150w, https:\/\/pequebierzo.es\/tienda\/wp-content\/uploads\/2022\/11\/lampara-unicorno-colores-768x768.png 768w, https:\/\/pequebierzo.es\/tienda\/wp-content\/uploads\/2022\/11\/lampara-unicorno-colores-600x600.png 600w, https:\/\/pequebierzo.es\/tienda\/wp-content\/uploads\/2022\/11\/lampara-unicorno-colores-100x100.png 100w\" sizes=\"(max-width: 800px) 100vw, 800px\" \/>\t\t\t\t\t\t\t\t\t\t\t\t\t\t\t<\/div>\n\t\t\t\t<\/div>\n\t\t\t\t\t<\/div>\n\t\t<\/div>\n\t\t\t\t<div class=\"elementor-column elementor-col-25 elementor-top-column elementor-element elementor-element-3d09652\" data-id=\"3d09652\" data-element_type=\"column\" data-e-type=\"column\">\n\t\t\t<div class=\"elementor-widget-wrap\">\n\t\t\t\t\t\t\t<\/div>\n\t\t<\/div>\n\t\t\t\t<div class=\"elementor-column elementor-col-25 elementor-top-column elementor-element elementor-element-e3ec5a2\" data-id=\"e3ec5a2\" data-element_type=\"column\" data-e-type=\"column\">\n\t\t\t<div class=\"elementor-widget-wrap elementor-element-populated\">\n\t\t\t\t\t\t<div class=\"elementor-element elementor-element-5715531 elementor-widget elementor-widget-heading\" data-id=\"5715531\" data-element_type=\"widget\" data-e-type=\"widget\" data-widget_type=\"heading.default\">\n\t\t\t\t<div class=\"elementor-widget-container\">\n\t\t\t\t\t<h2 class=\"elementor-heading-title elementor-size-default\">\u00a1Lo quiero YA para regalar!<\/h2>\t\t\t\t<\/div>\n\t\t\t\t<\/div>\n\t\t\t\t<div class=\"elementor-element elementor-element-97efd64 e-add-to-cart--show-quantity-yes elementor-widget elementor-widget-woocommerce-product-add-to-cart\" data-id=\"97efd64\" data-element_type=\"widget\" data-e-type=\"widget\" data-widget_type=\"woocommerce-product-add-to-cart.default\">\n\t\t\t\t<div class=\"elementor-widget-container\">\n\t\t\t\t\t\n\t\t<div class=\"elementor-add-to-cart elementor-product-simple\">\n\t\t\t<p class=\"stock in-stock\">Solo quedan 3 disponibles<\/p>\n\n\t\n\t<form class=\"cart\" action=\"https:\/\/pequebierzo.es\/tienda\/producto\/lampara-unicornio-led\/\" method=\"post\" enctype='multipart\/form-data'>\n\t\t\n\t\t<div class=\"quantity\">\n\t\t<label class=\"screen-reader-text\" for=\"quantity_69f210d4a7a34\">L\u00e1mpara de unicornio: un regalo precioso para decorar su habitaci\u00f3n cantidad<\/label>\n\t<input\n\t\ttype=\"number\"\n\t\t\t\tid=\"quantity_69f210d4a7a34\"\n\t\tclass=\"input-text qty text\"\n\t\tname=\"quantity\"\n\t\tvalue=\"1\"\n\t\taria-label=\"Cantidad de productos\"\n\t\t\t\tmin=\"1\"\n\t\t\t\t\tmax=\"3\"\n\t\t\t\t\t\t\tstep=\"1\"\n\t\t\tplaceholder=\"\"\n\t\t\tinputmode=\"numeric\"\n\t\t\tautocomplete=\"off\"\n\t\t\t\/>\n\t<\/div>\n\n\t\t<button type=\"submit\" name=\"add-to-cart\" value=\"4913\" class=\"single_add_to_cart_button button alt\">A\u00f1adir al carrito<\/button>\n\n\t\t<input type=\"hidden\" name=\"gtm4wp_product_data\" value=\"{&quot;internal_id&quot;:4913,&quot;item_id&quot;:4913,&quot;item_name&quot;:&quot;L\\u00e1mpara de unicornio: un regalo precioso para decorar su habitaci\\u00f3n&quot;,&quot;sku&quot;:4913,&quot;price&quot;:16.99,&quot;stocklevel&quot;:3,&quot;stockstatus&quot;:&quot;instock&quot;,&quot;google_business_vertical&quot;:&quot;retail&quot;,&quot;item_category&quot;:&quot;Ofertas&quot;,&quot;id&quot;:4913,&quot;item_brand&quot;:&quot;Ofertas&quot;}\" \/>\n\t<\/form>\n\n\t\n\t\t<\/div>\n\n\t\t\t\t\t\t<\/div>\n\t\t\t\t<\/div>\n\t\t\t\t<div class=\"elementor-element elementor-element-aeffdad elementor-widget elementor-widget-text-editor\" data-id=\"aeffdad\" data-element_type=\"widget\" data-e-type=\"widget\" data-widget_type=\"text-editor.default\">\n\t\t\t\t<div class=\"elementor-widget-container\">\n\t\t\t\t\t\t\t\t\t<div id=\"nta-wabutton-770\" style=\"margin: 30px 0 30px;\"><a target=\"_blank\" href=\"https:\/\/web.whatsapp.com\/send?phone=34626593172&#038;text=Tengo una duda sobre este producto (https:\/\/pequebierzo.es\/tienda\/wp-json\/wp\/v2\/product\/4913)...\" class=\"wa__button wa__r_button wa__stt_online wa__btn_w_img \"><div class=\"wa__cs_img\"><div class=\"wa__cs_img_wrap\" style=\"background: url(https:\/\/pequebierzo.es\/tienda\/wp-content\/uploads\/2021\/11\/jana-79x79-1-788x788.png) center center no-repeat; background-size: cover;\"><\/div><\/div><div class=\"wa__btn_txt\"><div class=\"wa__cs_info\"><div class=\"wa__cs_name\">Jana Soto<\/div><div class=\"wa__cs_status\">Online<\/div><\/div><div class=\"wa__btn_title\">Enviar mensaje a Jana<\/div><\/div><\/a><\/div>\t\t\t\t\t\t\t\t<\/div>\n\t\t\t\t<\/div>\n\t\t\t\t\t<\/div>\n\t\t<\/div>\n\t\t\t\t\t<\/div>\n\t\t<\/section>\n\t\t\t\t<\/div>\n\t\t","protected":false},"excerpt":{"rendered":"<p>\u00bfBuscas un <strong>regalo especial<\/strong> para que esa peque que tanto adoras <strong>se acuerde de ti cada vez que entre en su habitaci\u00f3n<\/strong>?<\/p>\n<p>Esta l\u00e1mpara de unicornio es perfecta porque:<\/p>\n<ul>\n<li>Quedar\u00e1 <strong>preciosa en su habitaci\u00f3n<\/strong> con un dise\u00f1o muy cuidado con la <strong>base imitaci\u00f3n madera<\/strong>.<\/li>\n<li><strong>Le ayudar\u00e1 a dormir<\/strong> por las noches: se quedar\u00e1 relajada mirando c\u00f3mo cambian las luces mientras se duerme poco a poco.<\/li>\n<li>Se mantendr\u00e1 <strong>encendida 30 minutos<\/strong>, el tiempo que necesita para entrar en el mundo de los sue\u00f1os.<\/li>\n<li>Vale para <strong>muchas edades<\/strong>: desde reci\u00e9n nacida hasta los 7-8 a\u00f1os.<\/li>\n<li>Tiene un <strong>bot\u00f3n t\u00e1ctil<\/strong> que funciona muy bien para que la peque pueda encenderla y apagarla por s\u00ed misma.<\/li>\n<\/ul>\n<p>&nbsp;<\/p>\n<p><strong>C\u00f3mprala AHORA<\/strong> y hazle un regalo diferente y especial a tu ni\u00f1a.<\/p>\n","protected":false},"featured_media":4914,"comment_status":"open","ping_status":"closed","template":"","meta":[],"product_brand":[],"product_cat":[145],"product_tag":[],"class_list":{"0":"post-4913","1":"product","2":"type-product","3":"status-publish","4":"has-post-thumbnail","6":"product_cat-ofertas","8":"first","9":"instock","10":"taxable","11":"shipping-taxable","12":"purchasable","13":"product-type-simple"},"yoast_head":"<!-- This site is optimized with the Yoast SEO plugin v27.0 - https:\/\/yoast.com\/product\/yoast-seo-wordpress\/ -->\n<title>\u27a4 L\u00e1mpara de unicornio \u3010 regalo precioso para su habitaci\u00f3n \u3011<\/title>\n<meta name=\"description\" content=\"llll\u27a4 Buscas un regalo especial para que esa peque que tanto adoras se acuerde de ti cada vez que entre en su habitaci\u00f3n? MIRA esto &gt; Env\u00edos 48h\" \/>\n<meta name=\"robots\" content=\"index, follow, max-snippet:-1, max-image-preview:large, max-video-preview:-1\" \/>\n<link rel=\"canonical\" href=\"https:\/\/pequebierzo.es\/tienda\/producto\/lampara-unicornio-led\/\" \/>\n<meta property=\"og:locale\" content=\"es_ES\" \/>\n<meta property=\"og:type\" content=\"article\" \/>\n<meta property=\"og:title\" content=\"\u27a4 L\u00e1mpara de unicornio \u3010 regalo precioso para su habitaci\u00f3n \u3011\" \/>\n<meta property=\"og:description\" content=\"llll\u27a4 Buscas un regalo especial para que esa peque que tanto adoras se acuerde de ti cada vez que entre en su habitaci\u00f3n? MIRA esto &gt; Env\u00edos 48h\" \/>\n<meta property=\"og:url\" content=\"https:\/\/pequebierzo.es\/tienda\/producto\/lampara-unicornio-led\/\" \/>\n<meta property=\"og:site_name\" content=\"Peque Bierzo\" \/>\n<meta property=\"article:modified_time\" content=\"2023-12-03T12:09:27+00:00\" \/>\n<meta property=\"og:image\" content=\"https:\/\/pequebierzo.es\/tienda\/wp-content\/uploads\/2022\/11\/lampara-unicornio.png\" \/>\n\t<meta property=\"og:image:width\" content=\"810\" \/>\n\t<meta property=\"og:image:height\" content=\"810\" \/>\n\t<meta property=\"og:image:type\" content=\"image\/png\" \/>\n<meta name=\"twitter:card\" content=\"summary_large_image\" \/>\n<!-- \/ Yoast SEO plugin. -->","yoast_head_json":{"title":"\u27a4 L\u00e1mpara de unicornio \u3010 regalo precioso para su habitaci\u00f3n \u3011","description":"llll\u27a4 Buscas un regalo especial para que esa peque que tanto adoras se acuerde de ti cada vez que entre en su habitaci\u00f3n? MIRA esto > Env\u00edos 48h","robots":{"index":"index","follow":"follow","max-snippet":"max-snippet:-1","max-image-preview":"max-image-preview:large","max-video-preview":"max-video-preview:-1"},"canonical":"https:\/\/pequebierzo.es\/tienda\/producto\/lampara-unicornio-led\/","og_locale":"es_ES","og_type":"article","og_title":"\u27a4 L\u00e1mpara de unicornio \u3010 regalo precioso para su habitaci\u00f3n \u3011","og_description":"llll\u27a4 Buscas un regalo especial para que esa peque que tanto adoras se acuerde de ti cada vez que entre en su habitaci\u00f3n? MIRA esto > Env\u00edos 48h","og_url":"https:\/\/pequebierzo.es\/tienda\/producto\/lampara-unicornio-led\/","og_site_name":"Peque Bierzo","article_modified_time":"2023-12-03T12:09:27+00:00","og_image":[{"width":810,"height":810,"url":"https:\/\/pequebierzo.es\/tienda\/wp-content\/uploads\/2022\/11\/lampara-unicornio.png","type":"image\/png"}],"twitter_card":"summary_large_image","schema":{"@context":"https:\/\/schema.org","@graph":[{"@type":"WebPage","@id":"https:\/\/pequebierzo.es\/tienda\/producto\/lampara-unicornio-led\/","url":"https:\/\/pequebierzo.es\/tienda\/producto\/lampara-unicornio-led\/","name":"\u27a4 L\u00e1mpara de unicornio \u3010 regalo precioso para su habitaci\u00f3n \u3011","isPartOf":{"@id":"https:\/\/pequebierzo.es\/tienda\/#website"},"primaryImageOfPage":{"@id":"https:\/\/pequebierzo.es\/tienda\/producto\/lampara-unicornio-led\/#primaryimage"},"image":{"@id":"https:\/\/pequebierzo.es\/tienda\/producto\/lampara-unicornio-led\/#primaryimage"},"thumbnailUrl":"https:\/\/pequebierzo.es\/tienda\/wp-content\/uploads\/2022\/11\/lampara-unicornio.png","datePublished":"2022-11-28T12:39:39+00:00","dateModified":"2023-12-03T12:09:27+00:00","description":"llll\u27a4 Buscas un regalo especial para que esa peque que tanto adoras se acuerde de ti cada vez que entre en su habitaci\u00f3n? MIRA esto > Env\u00edos 48h","breadcrumb":{"@id":"https:\/\/pequebierzo.es\/tienda\/producto\/lampara-unicornio-led\/#breadcrumb"},"inLanguage":"es","potentialAction":[{"@type":"ReadAction","target":["https:\/\/pequebierzo.es\/tienda\/producto\/lampara-unicornio-led\/"]}]},{"@type":"ImageObject","inLanguage":"es","@id":"https:\/\/pequebierzo.es\/tienda\/producto\/lampara-unicornio-led\/#primaryimage","url":"https:\/\/pequebierzo.es\/tienda\/wp-content\/uploads\/2022\/11\/lampara-unicornio.png","contentUrl":"https:\/\/pequebierzo.es\/tienda\/wp-content\/uploads\/2022\/11\/lampara-unicornio.png","width":810,"height":810,"caption":"L\u00e1mpara de unicornio"},{"@type":"BreadcrumbList","@id":"https:\/\/pequebierzo.es\/tienda\/producto\/lampara-unicornio-led\/#breadcrumb","itemListElement":[{"@type":"ListItem","position":1,"name":"Portada","item":"https:\/\/pequebierzo.es\/tienda\/"},{"@type":"ListItem","position":2,"name":"T2","item":"https:\/\/pequebierzo.es\/tienda\/t2\/"},{"@type":"ListItem","position":3,"name":"L\u00e1mpara de unicornio: un regalo precioso para decorar su habitaci\u00f3n"}]},{"@type":"WebSite","@id":"https:\/\/pequebierzo.es\/tienda\/#website","url":"https:\/\/pequebierzo.es\/tienda\/","name":"Peque Bierzo","description":"La agenda de ocio infantil del Bierzo","publisher":{"@id":"https:\/\/pequebierzo.es\/tienda\/#organization"},"potentialAction":[{"@type":"SearchAction","target":{"@type":"EntryPoint","urlTemplate":"https:\/\/pequebierzo.es\/tienda\/?s={search_term_string}"},"query-input":{"@type":"PropertyValueSpecification","valueRequired":true,"valueName":"search_term_string"}}],"inLanguage":"es"},{"@type":"Organization","@id":"https:\/\/pequebierzo.es\/tienda\/#organization","name":"Peque Bierzo","url":"https:\/\/pequebierzo.es\/tienda\/","logo":{"@type":"ImageObject","inLanguage":"es","@id":"https:\/\/pequebierzo.es\/tienda\/#\/schema\/logo\/image\/","url":"https:\/\/pequebierzo.es\/tienda\/wp-content\/uploads\/2021\/09\/logo-pequebierzo1.png","contentUrl":"https:\/\/pequebierzo.es\/tienda\/wp-content\/uploads\/2021\/09\/logo-pequebierzo1.png","width":200,"height":98,"caption":"Peque Bierzo"},"image":{"@id":"https:\/\/pequebierzo.es\/tienda\/#\/schema\/logo\/image\/"}}]}},"_links":{"self":[{"href":"https:\/\/pequebierzo.es\/tienda\/wp-json\/wp\/v2\/product\/4913","targetHints":{"allow":["GET"]}}],"collection":[{"href":"https:\/\/pequebierzo.es\/tienda\/wp-json\/wp\/v2\/product"}],"about":[{"href":"https:\/\/pequebierzo.es\/tienda\/wp-json\/wp\/v2\/types\/product"}],"replies":[{"embeddable":true,"href":"https:\/\/pequebierzo.es\/tienda\/wp-json\/wp\/v2\/comments?post=4913"}],"version-history":[{"count":6,"href":"https:\/\/pequebierzo.es\/tienda\/wp-json\/wp\/v2\/product\/4913\/revisions"}],"predecessor-version":[{"id":5795,"href":"https:\/\/pequebierzo.es\/tienda\/wp-json\/wp\/v2\/product\/4913\/revisions\/5795"}],"wp:featuredmedia":[{"embeddable":true,"href":"https:\/\/pequebierzo.es\/tienda\/wp-json\/wp\/v2\/media\/4914"}],"wp:attachment":[{"href":"https:\/\/pequebierzo.es\/tienda\/wp-json\/wp\/v2\/media?parent=4913"}],"wp:term":[{"taxonomy":"product_brand","embeddable":true,"href":"https:\/\/pequebierzo.es\/tienda\/wp-json\/wp\/v2\/product_brand?post=4913"},{"taxonomy":"product_cat","embeddable":true,"href":"https:\/\/pequebierzo.es\/tienda\/wp-json\/wp\/v2\/product_cat?post=4913"},{"taxonomy":"product_tag","embeddable":true,"href":"https:\/\/pequebierzo.es\/tienda\/wp-json\/wp\/v2\/product_tag?post=4913"}],"curies":[{"name":"wp","href":"https:\/\/api.w.org\/{rel}","templated":true}]}}