{"id":4995,"date":"2023-03-23T07:00:00","date_gmt":"2023-03-23T06:00:00","guid":{"rendered":"https:\/\/pequebierzo.es\/tienda\/?post_type=product&#038;p=4995"},"modified":"2025-01-06T20:15:06","modified_gmt":"2025-01-06T19:15:06","slug":"reloj-pokemon","status":"publish","type":"product","link":"https:\/\/pequebierzo.es\/tienda\/producto\/reloj-pokemon\/","title":{"rendered":"Smart Watch de Pok\u00e9mon: regalo ideal de 5 a 10 a\u00f1os para fans de Pok\u00e9mon"},"content":{"rendered":"\t\t<div data-elementor-type=\"product-post\" data-elementor-id=\"4995\" class=\"elementor elementor-4995\" data-elementor-post-type=\"product\">\n\t\t\t\t\t\t<section class=\"elementor-section elementor-top-section elementor-element elementor-element-cf6bee0 elementor-section-boxed elementor-section-height-default elementor-section-height-default\" data-id=\"cf6bee0\" data-element_type=\"section\" data-e-type=\"section\">\n\t\t\t\t\t\t<div class=\"elementor-container elementor-column-gap-default\">\n\t\t\t\t\t<div class=\"elementor-column elementor-col-100 elementor-top-column elementor-element elementor-element-ff5978b\" data-id=\"ff5978b\" data-element_type=\"column\" data-e-type=\"column\">\n\t\t\t<div class=\"elementor-widget-wrap elementor-element-populated\">\n\t\t\t\t\t\t<div class=\"elementor-element elementor-element-889497a elementor-widget elementor-widget-heading\" data-id=\"889497a\" data-element_type=\"widget\" data-e-type=\"widget\" data-widget_type=\"heading.default\">\n\t\t\t\t<div class=\"elementor-widget-container\">\n\t\t\t\t\t<h2 class=\"elementor-heading-title elementor-size-default\">Especificaciones<\/h2>\t\t\t\t<\/div>\n\t\t\t\t<\/div>\n\t\t\t\t<div class=\"elementor-element elementor-element-f7cb2e1 elementor-widget elementor-widget-text-editor\" data-id=\"f7cb2e1\" data-element_type=\"widget\" data-e-type=\"widget\" data-widget_type=\"text-editor.default\">\n\t\t\t\t<div class=\"elementor-widget-container\">\n\t\t\t\t\t\t\t\t\t<ul><li>Marca: \u200ePok\u00e9mon<\/li><li>Dimensiones del producto: \u200e21.6 x 4 x 1.2 cm; 39.69 gramos<\/li><li>Pilas: \u200e1 Litio Ion necesaria(s), incluida(s)<\/li><li>Tama\u00f1o de la pantalla: \u200e40 mil\u00edmetros<\/li><li>Pilas \/ bater\u00edas incluidas: \u200eS\u00ed<\/li><li>Pilas \/ bater\u00edas necesarias: S\u00ed<\/li><li>Incluye bater\u00eda recargable: \u200eS\u00ed<\/li><li>Incluye: Cable USB (cargar 1 hora antes de usar)<\/li><li>Peso del producto: \u200e39.6 g<\/li><\/ul>\t\t\t\t\t\t\t\t<\/div>\n\t\t\t\t<\/div>\n\t\t\t\t\t<\/div>\n\t\t<\/div>\n\t\t\t\t\t<\/div>\n\t\t<\/section>\n\t\t\t\t<section class=\"elementor-section elementor-top-section elementor-element elementor-element-b916866 elementor-section-boxed elementor-section-height-default elementor-section-height-default\" data-id=\"b916866\" data-element_type=\"section\" data-e-type=\"section\">\n\t\t\t\t\t\t\t<div class=\"elementor-background-overlay\"><\/div>\n\t\t\t\t\t\t\t<div class=\"elementor-container elementor-column-gap-default\">\n\t\t\t\t\t<div class=\"elementor-column elementor-col-25 elementor-top-column elementor-element elementor-element-05071f8\" data-id=\"05071f8\" data-element_type=\"column\" data-e-type=\"column\">\n\t\t\t<div class=\"elementor-widget-wrap\">\n\t\t\t\t\t\t\t<\/div>\n\t\t<\/div>\n\t\t\t\t<div class=\"elementor-column elementor-col-25 elementor-top-column elementor-element elementor-element-5606c9d\" data-id=\"5606c9d\" data-element_type=\"column\" data-e-type=\"column\">\n\t\t\t<div class=\"elementor-widget-wrap elementor-element-populated\">\n\t\t\t\t\t\t<div class=\"elementor-element elementor-element-45d0e62 elementor-widget elementor-widget-image\" data-id=\"45d0e62\" data-element_type=\"widget\" data-e-type=\"widget\" data-widget_type=\"image.default\">\n\t\t\t\t<div class=\"elementor-widget-container\">\n\t\t\t\t\t\t\t\t\t\t\t\t\t\t\t<img fetchpriority=\"high\" decoding=\"async\" width=\"500\" height=\"500\" src=\"https:\/\/pequebierzo.es\/tienda\/wp-content\/uploads\/2022\/11\/pokemon-smart-watch-ninos.jpg\" class=\"attachment-large size-large wp-image-4997\" alt=\"Smart Watch Pok\u00e9mon para ni\u00f1os\" srcset=\"https:\/\/pequebierzo.es\/tienda\/wp-content\/uploads\/2022\/11\/pokemon-smart-watch-ninos.jpg 500w, https:\/\/pequebierzo.es\/tienda\/wp-content\/uploads\/2022\/11\/pokemon-smart-watch-ninos-300x300.jpg 300w, https:\/\/pequebierzo.es\/tienda\/wp-content\/uploads\/2022\/11\/pokemon-smart-watch-ninos-150x150.jpg 150w, https:\/\/pequebierzo.es\/tienda\/wp-content\/uploads\/2022\/11\/pokemon-smart-watch-ninos-100x100.jpg 100w\" sizes=\"(max-width: 500px) 100vw, 500px\" \/>\t\t\t\t\t\t\t\t\t\t\t\t\t\t\t<\/div>\n\t\t\t\t<\/div>\n\t\t\t\t\t<\/div>\n\t\t<\/div>\n\t\t\t\t<div class=\"elementor-column elementor-col-25 elementor-top-column elementor-element elementor-element-e6f6ade\" data-id=\"e6f6ade\" data-element_type=\"column\" data-e-type=\"column\">\n\t\t\t<div class=\"elementor-widget-wrap\">\n\t\t\t\t\t\t\t<\/div>\n\t\t<\/div>\n\t\t\t\t<div class=\"elementor-column elementor-col-25 elementor-top-column elementor-element elementor-element-e2ee068\" data-id=\"e2ee068\" data-element_type=\"column\" data-e-type=\"column\">\n\t\t\t<div class=\"elementor-widget-wrap elementor-element-populated\">\n\t\t\t\t\t\t<div class=\"elementor-element elementor-element-e6ca69c elementor-widget elementor-widget-heading\" data-id=\"e6ca69c\" data-element_type=\"widget\" data-e-type=\"widget\" data-widget_type=\"heading.default\">\n\t\t\t\t<div class=\"elementor-widget-container\">\n\t\t\t\t\t<h2 class=\"elementor-heading-title elementor-size-default\">\u00a1Lo quiero YA para regalar!<\/h2>\t\t\t\t<\/div>\n\t\t\t\t<\/div>\n\t\t\t\t<div class=\"elementor-element elementor-element-a3b8674 e-add-to-cart--show-quantity-yes elementor-widget elementor-widget-woocommerce-product-add-to-cart\" data-id=\"a3b8674\" data-element_type=\"widget\" data-e-type=\"widget\" data-widget_type=\"woocommerce-product-add-to-cart.default\">\n\t\t\t\t<div class=\"elementor-widget-container\">\n\t\t\t\t\t\n\t\t<div class=\"elementor-add-to-cart elementor-product-simple\">\n\t\t\t<p class=\"stock in-stock\">Hay existencias<\/p>\n\n\t\n\t<form class=\"cart\" action=\"https:\/\/pequebierzo.es\/tienda\/producto\/reloj-pokemon\/\" method=\"post\" enctype='multipart\/form-data'>\n\t\t\n\t\t<div class=\"quantity\">\n\t\t<label class=\"screen-reader-text\" for=\"quantity_69f43c2309128\">Smart Watch de Pok\u00e9mon: regalo ideal de 5 a 10 a\u00f1os para fans de Pok\u00e9mon cantidad<\/label>\n\t<input\n\t\ttype=\"number\"\n\t\t\t\tid=\"quantity_69f43c2309128\"\n\t\tclass=\"input-text qty text\"\n\t\tname=\"quantity\"\n\t\tvalue=\"1\"\n\t\taria-label=\"Cantidad de productos\"\n\t\t\t\tmin=\"1\"\n\t\t\t\t\tmax=\"10\"\n\t\t\t\t\t\t\tstep=\"1\"\n\t\t\tplaceholder=\"\"\n\t\t\tinputmode=\"numeric\"\n\t\t\tautocomplete=\"off\"\n\t\t\t\/>\n\t<\/div>\n\n\t\t<button type=\"submit\" name=\"add-to-cart\" value=\"4995\" class=\"single_add_to_cart_button button alt\">A\u00f1adir al carrito<\/button>\n\n\t\t<input type=\"hidden\" name=\"gtm4wp_product_data\" value=\"{&quot;internal_id&quot;:4995,&quot;item_id&quot;:4995,&quot;item_name&quot;:&quot;Smart Watch de Pok\\u00e9mon: regalo ideal de 5 a 10 a\\u00f1os para fans de Pok\\u00e9mon&quot;,&quot;sku&quot;:4995,&quot;price&quot;:39.99,&quot;stocklevel&quot;:10,&quot;stockstatus&quot;:&quot;instock&quot;,&quot;google_business_vertical&quot;:&quot;retail&quot;,&quot;item_category&quot;:&quot;M\\u00e1s vendidos&quot;,&quot;id&quot;:4995,&quot;item_brand&quot;:&quot;M\\u00e1s vendidos&quot;}\" \/>\n\t<\/form>\n\n\t\n\t\t<\/div>\n\n\t\t\t\t\t\t<\/div>\n\t\t\t\t<\/div>\n\t\t\t\t<div class=\"elementor-element elementor-element-0d8a6c9 elementor-widget elementor-widget-text-editor\" data-id=\"0d8a6c9\" data-element_type=\"widget\" data-e-type=\"widget\" data-widget_type=\"text-editor.default\">\n\t\t\t\t<div class=\"elementor-widget-container\">\n\t\t\t\t\t\t\t\t\t<div id=\"nta-wabutton-770\" style=\"margin: 30px 0 30px;\"><a target=\"_blank\" href=\"https:\/\/web.whatsapp.com\/send?phone=34626593172&#038;text=Tengo una duda sobre este producto (https:\/\/pequebierzo.es\/tienda\/wp-json\/wp\/v2\/product\/4995)...\" class=\"wa__button wa__r_button wa__stt_online wa__btn_w_img \"><div class=\"wa__cs_img\"><div class=\"wa__cs_img_wrap\" style=\"background: url(https:\/\/pequebierzo.es\/tienda\/wp-content\/uploads\/2021\/11\/jana-79x79-1-788x788.png) center center no-repeat; background-size: cover;\"><\/div><\/div><div class=\"wa__btn_txt\"><div class=\"wa__cs_info\"><div class=\"wa__cs_name\">Jana Soto<\/div><div class=\"wa__cs_status\">Online<\/div><\/div><div class=\"wa__btn_title\">Enviar mensaje a Jana<\/div><\/div><\/a><\/div>\t\t\t\t\t\t\t\t<\/div>\n\t\t\t\t<\/div>\n\t\t\t\t\t<\/div>\n\t\t<\/div>\n\t\t\t\t\t<\/div>\n\t\t<\/section>\n\t\t\t\t<\/div>\n\t\t","protected":false},"excerpt":{"rendered":"<p>\u00bfEst\u00e1s buscando un <strong>regalo para un fan de Pok\u00e9mon<\/strong> y te est\u00e1 costando elegir?<\/p>\n<p>Este <em>Smart Watch<\/em> le va a encantar porque:<\/p>\n<ul>\n<li>Querr\u00e1 <strong>levantarse cada ma\u00f1ana para ir al cole<\/strong> con la alarma del reloj.<\/li>\n<li><strong>Le encantar\u00e1 hacer fotos y v\u00eddeos<\/strong> como hacen los mayores para inmortalizar sus momentos especiales.<\/li>\n<li>Tambi\u00e9n podr\u00e1 <strong>compartir esos momentos<\/strong> con amigos y familiares.<\/li>\n<li>Se lo pasar\u00e1 en grande <strong>grab\u00e1ndose la voz hablando o cantando<\/strong> con sus amigos, abuelos o hermanos.<\/li>\n<li>Querr\u00e1 <strong>correr a la velocidad del viento<\/strong> y cronometrarse con su reloj, o controlar el tiempo que se frota los dientes \ud83d\ude09<\/li>\n<li>Aprender\u00e1 a hacer <strong>c\u00e1lculos r\u00e1pidos con la calculadora<\/strong> que llevar\u00e1 en su mu\u00f1eca.<\/li>\n<li>Tendr\u00e1 <strong>diversi\u00f3n ininterrumpida<\/strong> durante todo el d\u00eda gracias a la bater\u00eda de larga duraci\u00f3n.<\/li>\n<li>La pantalla se ve <strong>muy clara y n\u00edtida<\/strong> para ser un reloj infantil.<\/li>\n<li>Tiene <strong>un mont\u00f3n de funciones<\/strong> y posibilidades.<\/li>\n<\/ul>\n<p><span style=\"color: #ffffff;\">.<\/span><\/p>\n<p>La verdad es que, si le gustan los Pok\u00e9mon, es <strong>perfecto para regalar<\/strong>.<\/p>\n<p>Viene en una caja con el <strong>logotipo oficial<\/strong> y tiene muy <strong>buena calidad<\/strong>.<\/p>\n<p><strong>No tiene juegos<\/strong>, algo que &#8211;<em>en mi opini\u00f3n<\/em>&#8211; es bastante bueno.<\/p>\n<p>Porque podr\u00e1s dej\u00e1rselo sin miedo a que est\u00e9 ratos largos enganchado a la pantallita.<\/p>\n<p>Y es que adem\u00e1s las funciones que tiene son s\u00faper \u00fatiles, divertidas y seguras para \u00e9l.<\/p>\n<p>Si es fan de Pok\u00e9mon va a alucinar.<\/p>\n<p>Querr\u00e1 pon\u00e9rselo cada d\u00eda.<\/p>\n<p>&nbsp;<\/p>\n<p><strong>C\u00f3mpralo AHORA<\/strong> y reg\u00e1laselo en la pr\u00f3xima ocasi\u00f3n.<\/p>\n<p>Se convertir\u00e1 en su regalo favorito.<\/p>\n","protected":false},"featured_media":4996,"comment_status":"open","ping_status":"closed","template":"","meta":[],"product_brand":[],"product_cat":[25],"product_tag":[],"class_list":{"0":"post-4995","1":"product","2":"type-product","3":"status-publish","4":"has-post-thumbnail","6":"product_cat-mas-vendidos","8":"first","9":"instock","10":"sale","11":"taxable","12":"shipping-taxable","13":"purchasable","14":"product-type-simple"},"yoast_head":"<!-- This site is optimized with the Yoast SEO plugin v27.0 - https:\/\/yoast.com\/product\/yoast-seo-wordpress\/ -->\n<title>\u27a4 Reloj Smart Watch de Pok\u00e9mon: regalo ideal de 5 a 10 a\u00f1os<\/title>\n<meta name=\"description\" content=\"\u271a \u00bfEst\u00e1s buscando un regalo para un fan de Pok\u00e9mon y te est\u00e1 costando elegir? Va a alucinar con este \u3010 Reloj Pok\u00e9mon \u3011 Mira. Env\u00edos 48h.\" \/>\n<meta name=\"robots\" content=\"index, follow, max-snippet:-1, max-image-preview:large, max-video-preview:-1\" \/>\n<link rel=\"canonical\" href=\"https:\/\/pequebierzo.es\/tienda\/producto\/reloj-pokemon\/\" \/>\n<meta property=\"og:locale\" content=\"es_ES\" \/>\n<meta property=\"og:type\" content=\"article\" \/>\n<meta property=\"og:title\" content=\"\u27a4 Reloj Smart Watch de Pok\u00e9mon: regalo ideal de 5 a 10 a\u00f1os\" \/>\n<meta property=\"og:description\" content=\"\u271a \u00bfEst\u00e1s buscando un regalo para un fan de Pok\u00e9mon y te est\u00e1 costando elegir? Va a alucinar con este \u3010 Reloj Pok\u00e9mon \u3011 Mira. Env\u00edos 48h.\" \/>\n<meta property=\"og:url\" content=\"https:\/\/pequebierzo.es\/tienda\/producto\/reloj-pokemon\/\" \/>\n<meta property=\"og:site_name\" content=\"Peque Bierzo\" \/>\n<meta property=\"article:modified_time\" content=\"2025-01-06T19:15:06+00:00\" \/>\n<meta property=\"og:image\" content=\"https:\/\/pequebierzo.es\/tienda\/wp-content\/uploads\/2022\/11\/reloj-pokemon.jpg\" \/>\n\t<meta property=\"og:image:width\" content=\"500\" \/>\n\t<meta property=\"og:image:height\" content=\"500\" \/>\n\t<meta property=\"og:image:type\" content=\"image\/jpeg\" \/>\n<meta name=\"twitter:card\" content=\"summary_large_image\" \/>\n<!-- \/ Yoast SEO plugin. -->","yoast_head_json":{"title":"\u27a4 Reloj Smart Watch de Pok\u00e9mon: regalo ideal de 5 a 10 a\u00f1os","description":"\u271a \u00bfEst\u00e1s buscando un regalo para un fan de Pok\u00e9mon y te est\u00e1 costando elegir? Va a alucinar con este \u3010 Reloj Pok\u00e9mon \u3011 Mira. Env\u00edos 48h.","robots":{"index":"index","follow":"follow","max-snippet":"max-snippet:-1","max-image-preview":"max-image-preview:large","max-video-preview":"max-video-preview:-1"},"canonical":"https:\/\/pequebierzo.es\/tienda\/producto\/reloj-pokemon\/","og_locale":"es_ES","og_type":"article","og_title":"\u27a4 Reloj Smart Watch de Pok\u00e9mon: regalo ideal de 5 a 10 a\u00f1os","og_description":"\u271a \u00bfEst\u00e1s buscando un regalo para un fan de Pok\u00e9mon y te est\u00e1 costando elegir? Va a alucinar con este \u3010 Reloj Pok\u00e9mon \u3011 Mira. Env\u00edos 48h.","og_url":"https:\/\/pequebierzo.es\/tienda\/producto\/reloj-pokemon\/","og_site_name":"Peque Bierzo","article_modified_time":"2025-01-06T19:15:06+00:00","og_image":[{"width":500,"height":500,"url":"https:\/\/pequebierzo.es\/tienda\/wp-content\/uploads\/2022\/11\/reloj-pokemon.jpg","type":"image\/jpeg"}],"twitter_card":"summary_large_image","schema":{"@context":"https:\/\/schema.org","@graph":[{"@type":"WebPage","@id":"https:\/\/pequebierzo.es\/tienda\/producto\/reloj-pokemon\/","url":"https:\/\/pequebierzo.es\/tienda\/producto\/reloj-pokemon\/","name":"\u27a4 Reloj Smart Watch de Pok\u00e9mon: regalo ideal de 5 a 10 a\u00f1os","isPartOf":{"@id":"https:\/\/pequebierzo.es\/tienda\/#website"},"primaryImageOfPage":{"@id":"https:\/\/pequebierzo.es\/tienda\/producto\/reloj-pokemon\/#primaryimage"},"image":{"@id":"https:\/\/pequebierzo.es\/tienda\/producto\/reloj-pokemon\/#primaryimage"},"thumbnailUrl":"https:\/\/pequebierzo.es\/tienda\/wp-content\/uploads\/2022\/11\/reloj-pokemon.jpg","datePublished":"2023-03-23T06:00:00+00:00","dateModified":"2025-01-06T19:15:06+00:00","description":"\u271a \u00bfEst\u00e1s buscando un regalo para un fan de Pok\u00e9mon y te est\u00e1 costando elegir? Va a alucinar con este \u3010 Reloj Pok\u00e9mon \u3011 Mira. Env\u00edos 48h.","breadcrumb":{"@id":"https:\/\/pequebierzo.es\/tienda\/producto\/reloj-pokemon\/#breadcrumb"},"inLanguage":"es","potentialAction":[{"@type":"ReadAction","target":["https:\/\/pequebierzo.es\/tienda\/producto\/reloj-pokemon\/"]}]},{"@type":"ImageObject","inLanguage":"es","@id":"https:\/\/pequebierzo.es\/tienda\/producto\/reloj-pokemon\/#primaryimage","url":"https:\/\/pequebierzo.es\/tienda\/wp-content\/uploads\/2022\/11\/reloj-pokemon.jpg","contentUrl":"https:\/\/pequebierzo.es\/tienda\/wp-content\/uploads\/2022\/11\/reloj-pokemon.jpg","width":500,"height":500,"caption":"Reloj Pok\u00e9mon"},{"@type":"BreadcrumbList","@id":"https:\/\/pequebierzo.es\/tienda\/producto\/reloj-pokemon\/#breadcrumb","itemListElement":[{"@type":"ListItem","position":1,"name":"Portada","item":"https:\/\/pequebierzo.es\/tienda\/"},{"@type":"ListItem","position":2,"name":"T2","item":"https:\/\/pequebierzo.es\/tienda\/t2\/"},{"@type":"ListItem","position":3,"name":"Smart Watch de Pok\u00e9mon: regalo ideal de 5 a 10 a\u00f1os para fans de Pok\u00e9mon"}]},{"@type":"WebSite","@id":"https:\/\/pequebierzo.es\/tienda\/#website","url":"https:\/\/pequebierzo.es\/tienda\/","name":"Peque Bierzo","description":"La agenda de ocio infantil del Bierzo","publisher":{"@id":"https:\/\/pequebierzo.es\/tienda\/#organization"},"potentialAction":[{"@type":"SearchAction","target":{"@type":"EntryPoint","urlTemplate":"https:\/\/pequebierzo.es\/tienda\/?s={search_term_string}"},"query-input":{"@type":"PropertyValueSpecification","valueRequired":true,"valueName":"search_term_string"}}],"inLanguage":"es"},{"@type":"Organization","@id":"https:\/\/pequebierzo.es\/tienda\/#organization","name":"Peque Bierzo","url":"https:\/\/pequebierzo.es\/tienda\/","logo":{"@type":"ImageObject","inLanguage":"es","@id":"https:\/\/pequebierzo.es\/tienda\/#\/schema\/logo\/image\/","url":"https:\/\/pequebierzo.es\/tienda\/wp-content\/uploads\/2021\/09\/logo-pequebierzo1.png","contentUrl":"https:\/\/pequebierzo.es\/tienda\/wp-content\/uploads\/2021\/09\/logo-pequebierzo1.png","width":200,"height":98,"caption":"Peque Bierzo"},"image":{"@id":"https:\/\/pequebierzo.es\/tienda\/#\/schema\/logo\/image\/"}}]}},"_links":{"self":[{"href":"https:\/\/pequebierzo.es\/tienda\/wp-json\/wp\/v2\/product\/4995","targetHints":{"allow":["GET"]}}],"collection":[{"href":"https:\/\/pequebierzo.es\/tienda\/wp-json\/wp\/v2\/product"}],"about":[{"href":"https:\/\/pequebierzo.es\/tienda\/wp-json\/wp\/v2\/types\/product"}],"replies":[{"embeddable":true,"href":"https:\/\/pequebierzo.es\/tienda\/wp-json\/wp\/v2\/comments?post=4995"}],"version-history":[{"count":12,"href":"https:\/\/pequebierzo.es\/tienda\/wp-json\/wp\/v2\/product\/4995\/revisions"}],"predecessor-version":[{"id":8260,"href":"https:\/\/pequebierzo.es\/tienda\/wp-json\/wp\/v2\/product\/4995\/revisions\/8260"}],"wp:featuredmedia":[{"embeddable":true,"href":"https:\/\/pequebierzo.es\/tienda\/wp-json\/wp\/v2\/media\/4996"}],"wp:attachment":[{"href":"https:\/\/pequebierzo.es\/tienda\/wp-json\/wp\/v2\/media?parent=4995"}],"wp:term":[{"taxonomy":"product_brand","embeddable":true,"href":"https:\/\/pequebierzo.es\/tienda\/wp-json\/wp\/v2\/product_brand?post=4995"},{"taxonomy":"product_cat","embeddable":true,"href":"https:\/\/pequebierzo.es\/tienda\/wp-json\/wp\/v2\/product_cat?post=4995"},{"taxonomy":"product_tag","embeddable":true,"href":"https:\/\/pequebierzo.es\/tienda\/wp-json\/wp\/v2\/product_tag?post=4995"}],"curies":[{"name":"wp","href":"https:\/\/api.w.org\/{rel}","templated":true}]}}