{"id":5007,"date":"2022-11-30T17:50:58","date_gmt":"2022-11-30T16:50:58","guid":{"rendered":"https:\/\/pequebierzo.es\/tienda\/?post_type=product&#038;p=5007"},"modified":"2024-12-16T19:32:49","modified_gmt":"2024-12-16T18:32:49","slug":"juego-hacer-bombas-de-bano","status":"publish","type":"product","link":"https:\/\/pequebierzo.es\/tienda\/producto\/juego-hacer-bombas-de-bano\/","title":{"rendered":"Juego para hacer bombas de ba\u00f1o: para peques de 8 a 12 a\u00f1os"},"content":{"rendered":"\t\t<div data-elementor-type=\"product-post\" data-elementor-id=\"5007\" class=\"elementor elementor-5007\" data-elementor-post-type=\"product\">\n\t\t\t\t\t\t<section class=\"elementor-section elementor-top-section elementor-element elementor-element-5fee294 elementor-section-boxed elementor-section-height-default elementor-section-height-default\" data-id=\"5fee294\" data-element_type=\"section\" data-e-type=\"section\">\n\t\t\t\t\t\t<div class=\"elementor-container elementor-column-gap-default\">\n\t\t\t\t\t<div class=\"elementor-column elementor-col-100 elementor-top-column elementor-element elementor-element-9861476\" data-id=\"9861476\" data-element_type=\"column\" data-e-type=\"column\">\n\t\t\t<div class=\"elementor-widget-wrap elementor-element-populated\">\n\t\t\t\t\t\t<div class=\"elementor-element elementor-element-aeb654d elementor-widget elementor-widget-heading\" data-id=\"aeb654d\" data-element_type=\"widget\" data-e-type=\"widget\" data-widget_type=\"heading.default\">\n\t\t\t\t<div class=\"elementor-widget-container\">\n\t\t\t\t\t<h2 class=\"elementor-heading-title elementor-size-default\">[V\u00eddeo] Conoce mejor el laboratorio de bombas de ba\u00f1o<\/h2>\t\t\t\t<\/div>\n\t\t\t\t<\/div>\n\t\t\t\t<div class=\"elementor-element elementor-element-93b8205 elementor-widget elementor-widget-video\" data-id=\"93b8205\" data-element_type=\"widget\" data-e-type=\"widget\" data-settings=\"{&quot;youtube_url&quot;:&quot;https:\\\/\\\/www.youtube.com\\\/watch?v=4ooi6kGYK3w&quot;,&quot;video_type&quot;:&quot;youtube&quot;,&quot;controls&quot;:&quot;yes&quot;}\" data-widget_type=\"video.default\">\n\t\t\t\t<div class=\"elementor-widget-container\">\n\t\t\t\t\t\t\t<div class=\"elementor-wrapper elementor-open-inline\">\n\t\t\t<div class=\"elementor-video\"><\/div>\t\t<\/div>\n\t\t\t\t\t\t<\/div>\n\t\t\t\t<\/div>\n\t\t\t\t<div class=\"elementor-element elementor-element-ca378c5 elementor-widget elementor-widget-heading\" data-id=\"ca378c5\" data-element_type=\"widget\" data-e-type=\"widget\" data-widget_type=\"heading.default\">\n\t\t\t\t<div class=\"elementor-widget-container\">\n\t\t\t\t\t<h2 class=\"elementor-heading-title elementor-size-default\">Contenido de la caja<\/h2>\t\t\t\t<\/div>\n\t\t\t\t<\/div>\n\t\t\t\t<div class=\"elementor-element elementor-element-8f34bf5 elementor-widget elementor-widget-text-editor\" data-id=\"8f34bf5\" data-element_type=\"widget\" data-e-type=\"widget\" data-widget_type=\"text-editor.default\">\n\t\t\t\t<div class=\"elementor-widget-container\">\n\t\t\t\t\t\t\t\t\t<ul><li>6 bolsas de base \u00e1cida<\/li><li>210 g de bicarbonato de sodio<\/li><li>1 cucharada dosificadora<\/li><li>3 colorantes<\/li><li>2 perfumes<\/li><li>5 pipetas<\/li><li>1 molde con 5 modelos<\/li><li>1 molde bola<\/li><li>2 estuches para regalar las bombas de ba\u00f1o<\/li><li>Instrucciones<\/li><\/ul>\t\t\t\t\t\t\t\t<\/div>\n\t\t\t\t<\/div>\n\t\t\t\t<div class=\"elementor-element elementor-element-4dc2ca2 elementor-widget elementor-widget-heading\" data-id=\"4dc2ca2\" data-element_type=\"widget\" data-e-type=\"widget\" data-widget_type=\"heading.default\">\n\t\t\t\t<div class=\"elementor-widget-container\">\n\t\t\t\t\t<h2 class=\"elementor-heading-title elementor-size-default\">Informaci\u00f3n pr\u00e1ctica<\/h2>\t\t\t\t<\/div>\n\t\t\t\t<\/div>\n\t\t\t\t<div class=\"elementor-element elementor-element-4582d5c elementor-widget elementor-widget-text-editor\" data-id=\"4582d5c\" data-element_type=\"widget\" data-e-type=\"widget\" data-widget_type=\"text-editor.default\">\n\t\t\t\t<div class=\"elementor-widget-container\">\n\t\t\t\t\t\t\t\t\t<ul><li>Podr\u00e1s fabricar de 7 a 10 bombas de ba\u00f1o.<\/li><li>Para ni\u00f1os m\u00e1s peque\u00f1os de 8 a\u00f1os tambi\u00e9n vale, pero necesitar\u00e1n supervisi\u00f3n.<\/li><li>Las pipetas requieren atenci\u00f3n y concentraci\u00f3n, ya que unas gotas de m\u00e1s pueden dar al traste con el resultado.<\/li><li>Cuando se gasten el bicarbonato y el \u00e1cido c\u00edtrico, puedes comprar m\u00e1s para seguir creando bombas con el laboratorio.<\/li><\/ul>\t\t\t\t\t\t\t\t<\/div>\n\t\t\t\t<\/div>\n\t\t\t\t\t<\/div>\n\t\t<\/div>\n\t\t\t\t\t<\/div>\n\t\t<\/section>\n\t\t\t\t<section class=\"elementor-section elementor-top-section elementor-element elementor-element-0fd6451 elementor-section-boxed elementor-section-height-default elementor-section-height-default\" data-id=\"0fd6451\" data-element_type=\"section\" data-e-type=\"section\">\n\t\t\t\t\t\t\t<div class=\"elementor-background-overlay\"><\/div>\n\t\t\t\t\t\t\t<div class=\"elementor-container elementor-column-gap-default\">\n\t\t\t\t\t<div class=\"elementor-column elementor-col-25 elementor-top-column elementor-element elementor-element-d31a043\" data-id=\"d31a043\" data-element_type=\"column\" data-e-type=\"column\">\n\t\t\t<div class=\"elementor-widget-wrap\">\n\t\t\t\t\t\t\t<\/div>\n\t\t<\/div>\n\t\t\t\t<div class=\"elementor-column elementor-col-25 elementor-top-column elementor-element elementor-element-ab72c4e\" data-id=\"ab72c4e\" data-element_type=\"column\" data-e-type=\"column\">\n\t\t\t<div class=\"elementor-widget-wrap elementor-element-populated\">\n\t\t\t\t\t\t<div class=\"elementor-element elementor-element-1f880ec elementor-widget elementor-widget-image\" data-id=\"1f880ec\" data-element_type=\"widget\" data-e-type=\"widget\" data-widget_type=\"image.default\">\n\t\t\t\t<div class=\"elementor-widget-container\">\n\t\t\t\t\t\t\t\t\t\t\t\t\t\t\t<img fetchpriority=\"high\" decoding=\"async\" width=\"800\" height=\"800\" src=\"https:\/\/pequebierzo.es\/tienda\/wp-content\/uploads\/2022\/11\/juego-para-hacer-bombas-de-bano.jpg\" class=\"attachment-large size-large wp-image-5012\" alt=\"Juego para hacer bombas de ba\u00f1o\" srcset=\"https:\/\/pequebierzo.es\/tienda\/wp-content\/uploads\/2022\/11\/juego-para-hacer-bombas-de-bano.jpg 800w, https:\/\/pequebierzo.es\/tienda\/wp-content\/uploads\/2022\/11\/juego-para-hacer-bombas-de-bano-300x300.jpg 300w, https:\/\/pequebierzo.es\/tienda\/wp-content\/uploads\/2022\/11\/juego-para-hacer-bombas-de-bano-150x150.jpg 150w, https:\/\/pequebierzo.es\/tienda\/wp-content\/uploads\/2022\/11\/juego-para-hacer-bombas-de-bano-768x768.jpg 768w, https:\/\/pequebierzo.es\/tienda\/wp-content\/uploads\/2022\/11\/juego-para-hacer-bombas-de-bano-600x600.jpg 600w, https:\/\/pequebierzo.es\/tienda\/wp-content\/uploads\/2022\/11\/juego-para-hacer-bombas-de-bano-100x100.jpg 100w\" sizes=\"(max-width: 800px) 100vw, 800px\" \/>\t\t\t\t\t\t\t\t\t\t\t\t\t\t\t<\/div>\n\t\t\t\t<\/div>\n\t\t\t\t\t<\/div>\n\t\t<\/div>\n\t\t\t\t<div class=\"elementor-column elementor-col-25 elementor-top-column elementor-element elementor-element-fa89de9\" data-id=\"fa89de9\" data-element_type=\"column\" data-e-type=\"column\">\n\t\t\t<div class=\"elementor-widget-wrap\">\n\t\t\t\t\t\t\t<\/div>\n\t\t<\/div>\n\t\t\t\t<div class=\"elementor-column elementor-col-25 elementor-top-column elementor-element elementor-element-b69bdea\" data-id=\"b69bdea\" data-element_type=\"column\" data-e-type=\"column\">\n\t\t\t<div class=\"elementor-widget-wrap elementor-element-populated\">\n\t\t\t\t\t\t<div class=\"elementor-element elementor-element-0369289 elementor-widget elementor-widget-heading\" data-id=\"0369289\" data-element_type=\"widget\" data-e-type=\"widget\" data-widget_type=\"heading.default\">\n\t\t\t\t<div class=\"elementor-widget-container\">\n\t\t\t\t\t<h2 class=\"elementor-heading-title elementor-size-default\">\u00a1Lo quiero YA para regalar!<\/h2>\t\t\t\t<\/div>\n\t\t\t\t<\/div>\n\t\t\t\t<div class=\"elementor-element elementor-element-301bcb0 e-add-to-cart--show-quantity-yes elementor-widget elementor-widget-woocommerce-product-add-to-cart\" data-id=\"301bcb0\" data-element_type=\"widget\" data-e-type=\"widget\" data-widget_type=\"woocommerce-product-add-to-cart.default\">\n\t\t\t\t<div class=\"elementor-widget-container\">\n\t\t\t\t\t\n\t\t<div class=\"elementor-add-to-cart elementor-product-simple\">\n\t\t\t<p class=\"stock out-of-stock\">Sin existencias<\/p>\n\t\t<\/div>\n\n\t\t\t\t\t\t<\/div>\n\t\t\t\t<\/div>\n\t\t\t\t<div class=\"elementor-element elementor-element-3d00a21 elementor-widget elementor-widget-text-editor\" data-id=\"3d00a21\" data-element_type=\"widget\" data-e-type=\"widget\" data-widget_type=\"text-editor.default\">\n\t\t\t\t<div class=\"elementor-widget-container\">\n\t\t\t\t\t\t\t\t\t<div id=\"nta-wabutton-770\" style=\"margin: 30px 0 30px;\"><a target=\"_blank\" href=\"https:\/\/web.whatsapp.com\/send?phone=34626593172&#038;text=Tengo una duda sobre este producto (https:\/\/pequebierzo.es\/tienda\/wp-json\/wp\/v2\/product\/5007)...\" class=\"wa__button wa__r_button wa__stt_online wa__btn_w_img \"><div class=\"wa__cs_img\"><div class=\"wa__cs_img_wrap\" style=\"background: url(https:\/\/pequebierzo.es\/tienda\/wp-content\/uploads\/2021\/11\/jana-79x79-1-788x788.png) center center no-repeat; background-size: cover;\"><\/div><\/div><div class=\"wa__btn_txt\"><div class=\"wa__cs_info\"><div class=\"wa__cs_name\">Jana Soto<\/div><div class=\"wa__cs_status\">Online<\/div><\/div><div class=\"wa__btn_title\">Enviar mensaje a Jana<\/div><\/div><\/a><\/div>\t\t\t\t\t\t\t\t<\/div>\n\t\t\t\t<\/div>\n\t\t\t\t\t<\/div>\n\t\t<\/div>\n\t\t\t\t\t<\/div>\n\t\t<\/section>\n\t\t\t\t<\/div>\n\t\t","protected":false},"excerpt":{"rendered":"<p>\u00bfAs\u00ed que est\u00e1s buscando un <strong>regalo especial para una ni\u00f1a de 8 a 12 a\u00f1os<\/strong> y no encuentras nada?<\/p>\n<p>Mira.<\/p>\n<p>Este <strong>juego para hacer bombas de ba\u00f1o<\/strong> de <em>SentoSph\u00e8re<\/em> es una pasada.<\/p>\n<p>A m\u00ed me encanta por varios motivos:<\/p>\n<ul>\n<li>Podr\u00e1 <strong>crear bombas de ba\u00f1o<\/strong> por s\u00ed misma, as\u00ed que va a disfrutar un mont\u00f3n.<\/li>\n<li><strong>Va a desear ba\u00f1arse<\/strong> luego para estrenar la primera bola.<\/li>\n<li>Tiene unos <strong>colores pastel preciosos<\/strong> y unos aromas s\u00faper agradables.<\/li>\n<li>Trae varios moldes para hacer <strong>bombas de diferentes formas<\/strong> de flores y conchas.<\/li>\n<li>Las instrucciones est\u00e1n muy bien redactadas y la caja trae <strong>todo lo necesario<\/strong>.<\/li>\n<li>Incluye <strong>2 cajitas<\/strong> muy chulas para que la peque pueda <strong>regalar bombas a sus amigas, a su abuelita o a su t\u00eda favorita<\/strong>. As\u00ed que las adultas tambi\u00e9n disfrutar\u00e1n de un buen ba\u00f1o relajante.<\/li>\n<\/ul>\n<p><span style=\"color: #ffffff;\">.<\/span><\/p>\n<p><strong>Compra AHORA este laboratorio de bombas de ba\u00f1o <\/strong>efervescentes y perfumadas para su pr\u00f3ximo cumplea\u00f1os o Navidad.<\/p>\n<p>\u00a1Y sorpr\u00e9ndela con un regalo diferente que no se espera!<\/p>\n<p>Disfrutar\u00e1s un mont\u00f3n con la cara que va a poner cuando lo vea.<\/p>\n","protected":false},"featured_media":5008,"comment_status":"open","ping_status":"closed","template":"","meta":[],"product_brand":[],"product_cat":[25],"product_tag":[],"class_list":{"0":"post-5007","1":"product","2":"type-product","3":"status-publish","4":"has-post-thumbnail","6":"product_cat-mas-vendidos","8":"first","9":"outofstock","10":"taxable","11":"shipping-taxable","12":"purchasable","13":"product-type-simple"},"yoast_head":"<!-- This site is optimized with the Yoast SEO plugin v27.0 - https:\/\/yoast.com\/product\/yoast-seo-wordpress\/ -->\n<title>\u3010 Juego para hacer bombas de ba\u00f1o \u3011 De 8 a 12 a\u00f1os<\/title>\n<meta name=\"description\" content=\"\u27a4 Buscas un \u3010 regalo especial para una ni\u00f1a \u3011 y no encuentras nada? Este juego para hacer bombas de ba\u00f1o es una pasada. MIRA. Env\u00edos 24-48h.\" \/>\n<meta name=\"robots\" content=\"index, follow, max-snippet:-1, max-image-preview:large, max-video-preview:-1\" \/>\n<link rel=\"canonical\" href=\"https:\/\/pequebierzo.es\/tienda\/producto\/juego-hacer-bombas-de-bano\/\" \/>\n<meta property=\"og:locale\" content=\"es_ES\" \/>\n<meta property=\"og:type\" content=\"article\" \/>\n<meta property=\"og:title\" content=\"\u3010 Juego para hacer bombas de ba\u00f1o \u3011 De 8 a 12 a\u00f1os\" \/>\n<meta property=\"og:description\" content=\"\u27a4 Buscas un \u3010 regalo especial para una ni\u00f1a \u3011 y no encuentras nada? Este juego para hacer bombas de ba\u00f1o es una pasada. MIRA. Env\u00edos 24-48h.\" \/>\n<meta property=\"og:url\" content=\"https:\/\/pequebierzo.es\/tienda\/producto\/juego-hacer-bombas-de-bano\/\" \/>\n<meta property=\"og:site_name\" content=\"Peque Bierzo\" \/>\n<meta property=\"article:modified_time\" content=\"2024-12-16T18:32:49+00:00\" \/>\n<meta property=\"og:image\" content=\"https:\/\/pequebierzo.es\/tienda\/wp-content\/uploads\/2022\/11\/juego-hacer-bombas-de-bano.jpg\" \/>\n\t<meta property=\"og:image:width\" content=\"800\" \/>\n\t<meta property=\"og:image:height\" content=\"800\" \/>\n\t<meta property=\"og:image:type\" content=\"image\/jpeg\" \/>\n<meta name=\"twitter:card\" content=\"summary_large_image\" \/>\n<!-- \/ Yoast SEO plugin. -->","yoast_head_json":{"title":"\u3010 Juego para hacer bombas de ba\u00f1o \u3011 De 8 a 12 a\u00f1os","description":"\u27a4 Buscas un \u3010 regalo especial para una ni\u00f1a \u3011 y no encuentras nada? Este juego para hacer bombas de ba\u00f1o es una pasada. MIRA. Env\u00edos 24-48h.","robots":{"index":"index","follow":"follow","max-snippet":"max-snippet:-1","max-image-preview":"max-image-preview:large","max-video-preview":"max-video-preview:-1"},"canonical":"https:\/\/pequebierzo.es\/tienda\/producto\/juego-hacer-bombas-de-bano\/","og_locale":"es_ES","og_type":"article","og_title":"\u3010 Juego para hacer bombas de ba\u00f1o \u3011 De 8 a 12 a\u00f1os","og_description":"\u27a4 Buscas un \u3010 regalo especial para una ni\u00f1a \u3011 y no encuentras nada? Este juego para hacer bombas de ba\u00f1o es una pasada. MIRA. Env\u00edos 24-48h.","og_url":"https:\/\/pequebierzo.es\/tienda\/producto\/juego-hacer-bombas-de-bano\/","og_site_name":"Peque Bierzo","article_modified_time":"2024-12-16T18:32:49+00:00","og_image":[{"width":800,"height":800,"url":"https:\/\/pequebierzo.es\/tienda\/wp-content\/uploads\/2022\/11\/juego-hacer-bombas-de-bano.jpg","type":"image\/jpeg"}],"twitter_card":"summary_large_image","schema":{"@context":"https:\/\/schema.org","@graph":[{"@type":"WebPage","@id":"https:\/\/pequebierzo.es\/tienda\/producto\/juego-hacer-bombas-de-bano\/","url":"https:\/\/pequebierzo.es\/tienda\/producto\/juego-hacer-bombas-de-bano\/","name":"\u3010 Juego para hacer bombas de ba\u00f1o \u3011 De 8 a 12 a\u00f1os","isPartOf":{"@id":"https:\/\/pequebierzo.es\/tienda\/#website"},"primaryImageOfPage":{"@id":"https:\/\/pequebierzo.es\/tienda\/producto\/juego-hacer-bombas-de-bano\/#primaryimage"},"image":{"@id":"https:\/\/pequebierzo.es\/tienda\/producto\/juego-hacer-bombas-de-bano\/#primaryimage"},"thumbnailUrl":"https:\/\/pequebierzo.es\/tienda\/wp-content\/uploads\/2022\/11\/juego-hacer-bombas-de-bano.jpg","datePublished":"2022-11-30T16:50:58+00:00","dateModified":"2024-12-16T18:32:49+00:00","description":"\u27a4 Buscas un \u3010 regalo especial para una ni\u00f1a \u3011 y no encuentras nada? Este juego para hacer bombas de ba\u00f1o es una pasada. MIRA. Env\u00edos 24-48h.","breadcrumb":{"@id":"https:\/\/pequebierzo.es\/tienda\/producto\/juego-hacer-bombas-de-bano\/#breadcrumb"},"inLanguage":"es","potentialAction":[{"@type":"ReadAction","target":["https:\/\/pequebierzo.es\/tienda\/producto\/juego-hacer-bombas-de-bano\/"]}]},{"@type":"ImageObject","inLanguage":"es","@id":"https:\/\/pequebierzo.es\/tienda\/producto\/juego-hacer-bombas-de-bano\/#primaryimage","url":"https:\/\/pequebierzo.es\/tienda\/wp-content\/uploads\/2022\/11\/juego-hacer-bombas-de-bano.jpg","contentUrl":"https:\/\/pequebierzo.es\/tienda\/wp-content\/uploads\/2022\/11\/juego-hacer-bombas-de-bano.jpg","width":800,"height":800,"caption":"Juego hacer bombas de ba\u00f1o"},{"@type":"BreadcrumbList","@id":"https:\/\/pequebierzo.es\/tienda\/producto\/juego-hacer-bombas-de-bano\/#breadcrumb","itemListElement":[{"@type":"ListItem","position":1,"name":"Portada","item":"https:\/\/pequebierzo.es\/tienda\/"},{"@type":"ListItem","position":2,"name":"T2","item":"https:\/\/pequebierzo.es\/tienda\/t2\/"},{"@type":"ListItem","position":3,"name":"Juego para hacer bombas de ba\u00f1o: para peques de 8 a 12 a\u00f1os"}]},{"@type":"WebSite","@id":"https:\/\/pequebierzo.es\/tienda\/#website","url":"https:\/\/pequebierzo.es\/tienda\/","name":"Peque Bierzo","description":"La agenda de ocio infantil del Bierzo","publisher":{"@id":"https:\/\/pequebierzo.es\/tienda\/#organization"},"potentialAction":[{"@type":"SearchAction","target":{"@type":"EntryPoint","urlTemplate":"https:\/\/pequebierzo.es\/tienda\/?s={search_term_string}"},"query-input":{"@type":"PropertyValueSpecification","valueRequired":true,"valueName":"search_term_string"}}],"inLanguage":"es"},{"@type":"Organization","@id":"https:\/\/pequebierzo.es\/tienda\/#organization","name":"Peque Bierzo","url":"https:\/\/pequebierzo.es\/tienda\/","logo":{"@type":"ImageObject","inLanguage":"es","@id":"https:\/\/pequebierzo.es\/tienda\/#\/schema\/logo\/image\/","url":"https:\/\/pequebierzo.es\/tienda\/wp-content\/uploads\/2021\/09\/logo-pequebierzo1.png","contentUrl":"https:\/\/pequebierzo.es\/tienda\/wp-content\/uploads\/2021\/09\/logo-pequebierzo1.png","width":200,"height":98,"caption":"Peque Bierzo"},"image":{"@id":"https:\/\/pequebierzo.es\/tienda\/#\/schema\/logo\/image\/"}}]}},"_links":{"self":[{"href":"https:\/\/pequebierzo.es\/tienda\/wp-json\/wp\/v2\/product\/5007","targetHints":{"allow":["GET"]}}],"collection":[{"href":"https:\/\/pequebierzo.es\/tienda\/wp-json\/wp\/v2\/product"}],"about":[{"href":"https:\/\/pequebierzo.es\/tienda\/wp-json\/wp\/v2\/types\/product"}],"replies":[{"embeddable":true,"href":"https:\/\/pequebierzo.es\/tienda\/wp-json\/wp\/v2\/comments?post=5007"}],"version-history":[{"count":6,"href":"https:\/\/pequebierzo.es\/tienda\/wp-json\/wp\/v2\/product\/5007\/revisions"}],"predecessor-version":[{"id":6448,"href":"https:\/\/pequebierzo.es\/tienda\/wp-json\/wp\/v2\/product\/5007\/revisions\/6448"}],"wp:featuredmedia":[{"embeddable":true,"href":"https:\/\/pequebierzo.es\/tienda\/wp-json\/wp\/v2\/media\/5008"}],"wp:attachment":[{"href":"https:\/\/pequebierzo.es\/tienda\/wp-json\/wp\/v2\/media?parent=5007"}],"wp:term":[{"taxonomy":"product_brand","embeddable":true,"href":"https:\/\/pequebierzo.es\/tienda\/wp-json\/wp\/v2\/product_brand?post=5007"},{"taxonomy":"product_cat","embeddable":true,"href":"https:\/\/pequebierzo.es\/tienda\/wp-json\/wp\/v2\/product_cat?post=5007"},{"taxonomy":"product_tag","embeddable":true,"href":"https:\/\/pequebierzo.es\/tienda\/wp-json\/wp\/v2\/product_tag?post=5007"}],"curies":[{"name":"wp","href":"https:\/\/api.w.org\/{rel}","templated":true}]}}