{"id":5167,"date":"2022-12-05T19:47:19","date_gmt":"2022-12-05T18:47:19","guid":{"rendered":"https:\/\/pequebierzo.es\/tienda\/?post_type=product&#038;p=5167"},"modified":"2022-12-23T08:34:07","modified_gmt":"2022-12-23T07:34:07","slug":"manta-que-brilla-en-la-oscuridad","status":"publish","type":"product","link":"https:\/\/pequebierzo.es\/tienda\/producto\/manta-que-brilla-en-la-oscuridad\/","title":{"rendered":"Manta que brilla en la oscuridad"},"content":{"rendered":"","protected":false},"excerpt":{"rendered":"<p>No hay muchos regalos para hacer a un ni\u00f1o o ni\u00f1a que pueda disfrutar en la oscuridad.<\/p>\n<p>Por eso me encanta esta manta luminosa.<\/p>\n<p>Es una pasada porque tiene <strong>dibujos de estrellas y lunas que brillan al apagar las luces<\/strong>.<\/p>\n<p>Adem\u00e1s, la luz dura lo suficiente para que el peque\u00f1o se quede dormido.<\/p>\n<p>Basta con exponer la manta a la luz brillante de una l\u00e1mpara o a la luz natural del sol y oscurecer la habitaci\u00f3n para disfrutar de la magia.<\/p>\n<p>El brillo durar\u00e1 hasta que el peque se duerma.<\/p>\n<p>Tiene un <strong>tacto muy suave, es ligera y fina<\/strong>. Por eso es genial tambi\u00e9n para llevarla de viaje y taparse en el coche.<\/p>\n<p>Le acompa\u00f1ar\u00e1 all\u00e1 donde vaya en invierno, porque ocupa muy poco.<\/p>\n<p>Es perfecta como regalo para ni\u00f1os y adolescentes que podr\u00e1n utilizarla en las fiestas de pijama en casa o llevarla a casa de sus amigos.<\/p>\n<p>Tendr\u00e1n su propia mantita para taparse en el sof\u00e1 en invierno.<\/p>\n<p>Est\u00e1 hecha de poli\u00e9ster y mide 150&#215;125 cm.<\/p>\n<p>Sin duda, esta colcha que brilla en la oscuridad es un regalo que merece la pena, si buscas algo especial y diferente.<\/p>\n<p>&nbsp;<\/p>\n<p><em><strong>C\u00f3mprala AHORA y sorpr\u00e9ndele para Navidad o cumplea\u00f1os.<\/strong><\/em><\/p>\n","protected":false},"featured_media":5168,"comment_status":"open","ping_status":"closed","template":"","meta":[],"product_brand":[],"product_cat":[25],"product_tag":[],"class_list":{"0":"post-5167","1":"product","2":"type-product","3":"status-publish","4":"has-post-thumbnail","6":"product_cat-mas-vendidos","8":"first","9":"outofstock","10":"taxable","11":"shipping-taxable","12":"purchasable","13":"product-type-variable"},"yoast_head":"<!-- This site is optimized with the Yoast SEO plugin v27.0 - https:\/\/yoast.com\/product\/yoast-seo-wordpress\/ -->\n<title>\u3010 Manta que brilla en la oscuridad \u3011 - Peque Bierzo<\/title>\n<meta name=\"description\" content=\"\u27a4 No hay muchos regalos para hacer a un ni\u00f1o que pueda disfrutar en la oscuridad. Descubre esta manta luminosa m\u00e1gica. Env\u00edos 48h.\" \/>\n<meta name=\"robots\" content=\"index, follow, max-snippet:-1, max-image-preview:large, max-video-preview:-1\" \/>\n<link rel=\"canonical\" href=\"https:\/\/pequebierzo.es\/tienda\/producto\/manta-que-brilla-en-la-oscuridad\/\" \/>\n<meta property=\"og:locale\" content=\"es_ES\" \/>\n<meta property=\"og:type\" content=\"article\" \/>\n<meta property=\"og:title\" content=\"\u3010 Manta que brilla en la oscuridad \u3011 - Peque Bierzo\" \/>\n<meta property=\"og:description\" content=\"\u27a4 No hay muchos regalos para hacer a un ni\u00f1o que pueda disfrutar en la oscuridad. Descubre esta manta luminosa m\u00e1gica. Env\u00edos 48h.\" \/>\n<meta property=\"og:url\" content=\"https:\/\/pequebierzo.es\/tienda\/producto\/manta-que-brilla-en-la-oscuridad\/\" \/>\n<meta property=\"og:site_name\" content=\"Peque Bierzo\" \/>\n<meta property=\"article:modified_time\" content=\"2022-12-23T07:34:07+00:00\" \/>\n<meta property=\"og:image\" content=\"https:\/\/pequebierzo.es\/tienda\/wp-content\/uploads\/2022\/12\/manta-que-brilla-en-la-oscuridad.png\" \/>\n\t<meta property=\"og:image:width\" content=\"1000\" \/>\n\t<meta property=\"og:image:height\" content=\"1000\" \/>\n\t<meta property=\"og:image:type\" content=\"image\/png\" \/>\n<meta name=\"twitter:card\" content=\"summary_large_image\" \/>\n<!-- \/ Yoast SEO plugin. -->","yoast_head_json":{"title":"\u3010 Manta que brilla en la oscuridad \u3011 - Peque Bierzo","description":"\u27a4 No hay muchos regalos para hacer a un ni\u00f1o que pueda disfrutar en la oscuridad. Descubre esta manta luminosa m\u00e1gica. Env\u00edos 48h.","robots":{"index":"index","follow":"follow","max-snippet":"max-snippet:-1","max-image-preview":"max-image-preview:large","max-video-preview":"max-video-preview:-1"},"canonical":"https:\/\/pequebierzo.es\/tienda\/producto\/manta-que-brilla-en-la-oscuridad\/","og_locale":"es_ES","og_type":"article","og_title":"\u3010 Manta que brilla en la oscuridad \u3011 - Peque Bierzo","og_description":"\u27a4 No hay muchos regalos para hacer a un ni\u00f1o que pueda disfrutar en la oscuridad. Descubre esta manta luminosa m\u00e1gica. Env\u00edos 48h.","og_url":"https:\/\/pequebierzo.es\/tienda\/producto\/manta-que-brilla-en-la-oscuridad\/","og_site_name":"Peque Bierzo","article_modified_time":"2022-12-23T07:34:07+00:00","og_image":[{"width":1000,"height":1000,"url":"https:\/\/pequebierzo.es\/tienda\/wp-content\/uploads\/2022\/12\/manta-que-brilla-en-la-oscuridad.png","type":"image\/png"}],"twitter_card":"summary_large_image","schema":{"@context":"https:\/\/schema.org","@graph":[{"@type":"WebPage","@id":"https:\/\/pequebierzo.es\/tienda\/producto\/manta-que-brilla-en-la-oscuridad\/","url":"https:\/\/pequebierzo.es\/tienda\/producto\/manta-que-brilla-en-la-oscuridad\/","name":"\u3010 Manta que brilla en la oscuridad \u3011 - Peque Bierzo","isPartOf":{"@id":"https:\/\/pequebierzo.es\/tienda\/#website"},"primaryImageOfPage":{"@id":"https:\/\/pequebierzo.es\/tienda\/producto\/manta-que-brilla-en-la-oscuridad\/#primaryimage"},"image":{"@id":"https:\/\/pequebierzo.es\/tienda\/producto\/manta-que-brilla-en-la-oscuridad\/#primaryimage"},"thumbnailUrl":"https:\/\/pequebierzo.es\/tienda\/wp-content\/uploads\/2022\/12\/manta-que-brilla-en-la-oscuridad.png","datePublished":"2022-12-05T18:47:19+00:00","dateModified":"2022-12-23T07:34:07+00:00","description":"\u27a4 No hay muchos regalos para hacer a un ni\u00f1o que pueda disfrutar en la oscuridad. Descubre esta manta luminosa m\u00e1gica. Env\u00edos 48h.","breadcrumb":{"@id":"https:\/\/pequebierzo.es\/tienda\/producto\/manta-que-brilla-en-la-oscuridad\/#breadcrumb"},"inLanguage":"es","potentialAction":[{"@type":"ReadAction","target":["https:\/\/pequebierzo.es\/tienda\/producto\/manta-que-brilla-en-la-oscuridad\/"]}]},{"@type":"ImageObject","inLanguage":"es","@id":"https:\/\/pequebierzo.es\/tienda\/producto\/manta-que-brilla-en-la-oscuridad\/#primaryimage","url":"https:\/\/pequebierzo.es\/tienda\/wp-content\/uploads\/2022\/12\/manta-que-brilla-en-la-oscuridad.png","contentUrl":"https:\/\/pequebierzo.es\/tienda\/wp-content\/uploads\/2022\/12\/manta-que-brilla-en-la-oscuridad.png","width":1000,"height":1000,"caption":"Manta que brilla en la oscuridad"},{"@type":"BreadcrumbList","@id":"https:\/\/pequebierzo.es\/tienda\/producto\/manta-que-brilla-en-la-oscuridad\/#breadcrumb","itemListElement":[{"@type":"ListItem","position":1,"name":"Portada","item":"https:\/\/pequebierzo.es\/tienda\/"},{"@type":"ListItem","position":2,"name":"T2","item":"https:\/\/pequebierzo.es\/tienda\/t2\/"},{"@type":"ListItem","position":3,"name":"Manta que brilla en la oscuridad"}]},{"@type":"WebSite","@id":"https:\/\/pequebierzo.es\/tienda\/#website","url":"https:\/\/pequebierzo.es\/tienda\/","name":"Peque Bierzo","description":"La agenda de ocio infantil del Bierzo","publisher":{"@id":"https:\/\/pequebierzo.es\/tienda\/#organization"},"potentialAction":[{"@type":"SearchAction","target":{"@type":"EntryPoint","urlTemplate":"https:\/\/pequebierzo.es\/tienda\/?s={search_term_string}"},"query-input":{"@type":"PropertyValueSpecification","valueRequired":true,"valueName":"search_term_string"}}],"inLanguage":"es"},{"@type":"Organization","@id":"https:\/\/pequebierzo.es\/tienda\/#organization","name":"Peque Bierzo","url":"https:\/\/pequebierzo.es\/tienda\/","logo":{"@type":"ImageObject","inLanguage":"es","@id":"https:\/\/pequebierzo.es\/tienda\/#\/schema\/logo\/image\/","url":"https:\/\/pequebierzo.es\/tienda\/wp-content\/uploads\/2021\/09\/logo-pequebierzo1.png","contentUrl":"https:\/\/pequebierzo.es\/tienda\/wp-content\/uploads\/2021\/09\/logo-pequebierzo1.png","width":200,"height":98,"caption":"Peque Bierzo"},"image":{"@id":"https:\/\/pequebierzo.es\/tienda\/#\/schema\/logo\/image\/"}}]}},"_links":{"self":[{"href":"https:\/\/pequebierzo.es\/tienda\/wp-json\/wp\/v2\/product\/5167","targetHints":{"allow":["GET"]}}],"collection":[{"href":"https:\/\/pequebierzo.es\/tienda\/wp-json\/wp\/v2\/product"}],"about":[{"href":"https:\/\/pequebierzo.es\/tienda\/wp-json\/wp\/v2\/types\/product"}],"replies":[{"embeddable":true,"href":"https:\/\/pequebierzo.es\/tienda\/wp-json\/wp\/v2\/comments?post=5167"}],"version-history":[{"count":3,"href":"https:\/\/pequebierzo.es\/tienda\/wp-json\/wp\/v2\/product\/5167\/revisions"}],"predecessor-version":[{"id":5179,"href":"https:\/\/pequebierzo.es\/tienda\/wp-json\/wp\/v2\/product\/5167\/revisions\/5179"}],"wp:featuredmedia":[{"embeddable":true,"href":"https:\/\/pequebierzo.es\/tienda\/wp-json\/wp\/v2\/media\/5168"}],"wp:attachment":[{"href":"https:\/\/pequebierzo.es\/tienda\/wp-json\/wp\/v2\/media?parent=5167"}],"wp:term":[{"taxonomy":"product_brand","embeddable":true,"href":"https:\/\/pequebierzo.es\/tienda\/wp-json\/wp\/v2\/product_brand?post=5167"},{"taxonomy":"product_cat","embeddable":true,"href":"https:\/\/pequebierzo.es\/tienda\/wp-json\/wp\/v2\/product_cat?post=5167"},{"taxonomy":"product_tag","embeddable":true,"href":"https:\/\/pequebierzo.es\/tienda\/wp-json\/wp\/v2\/product_tag?post=5167"}],"curies":[{"name":"wp","href":"https:\/\/api.w.org\/{rel}","templated":true}]}}