{"id":5585,"date":"2022-12-15T19:05:40","date_gmt":"2022-12-15T18:05:40","guid":{"rendered":"https:\/\/pequebierzo.es\/tienda\/?post_type=product&#038;p=5585"},"modified":"2025-03-10T11:06:41","modified_gmt":"2025-03-10T10:06:41","slug":"walkie-talkie-reloj-patrulla-canina","status":"publish","type":"product","link":"https:\/\/pequebierzo.es\/tienda\/producto\/walkie-talkie-reloj-patrulla-canina\/","title":{"rendered":"Walkie Talkie relojes Patrulla Canina: sorpr\u00e9ndele con este original regalo a partir de 5 a\u00f1os"},"content":{"rendered":"\t\t<div data-elementor-type=\"product-post\" data-elementor-id=\"5585\" class=\"elementor elementor-5585\" data-elementor-post-type=\"product\">\n\t\t\t\t\t\t<section class=\"elementor-section elementor-top-section elementor-element elementor-element-ad5de98 elementor-section-boxed elementor-section-height-default elementor-section-height-default\" data-id=\"ad5de98\" data-element_type=\"section\" data-e-type=\"section\">\n\t\t\t\t\t\t<div class=\"elementor-container elementor-column-gap-default\">\n\t\t\t\t\t<div class=\"elementor-column elementor-col-100 elementor-top-column elementor-element elementor-element-93036fd\" data-id=\"93036fd\" data-element_type=\"column\" data-e-type=\"column\">\n\t\t\t<div class=\"elementor-widget-wrap elementor-element-populated\">\n\t\t\t\t\t\t<div class=\"elementor-element elementor-element-e78ab5b elementor-widget elementor-widget-heading\" data-id=\"e78ab5b\" data-element_type=\"widget\" data-e-type=\"widget\" id=\"relojespatrullacanina\" data-widget_type=\"heading.default\">\n\t\t\t\t<div class=\"elementor-widget-container\">\n\t\t\t\t\t<h2 class=\"elementor-heading-title elementor-size-default\">[V\u00eddeo] Conoce mejor los relojes de la Patrulla Canina con Walkie Talkie<\/h2>\t\t\t\t<\/div>\n\t\t\t\t<\/div>\n\t\t\t\t<div class=\"elementor-element elementor-element-f8c7140 elementor-widget elementor-widget-video\" data-id=\"f8c7140\" data-element_type=\"widget\" data-e-type=\"widget\" data-settings=\"{&quot;youtube_url&quot;:&quot;https:\\\/\\\/youtu.be\\\/VtxNlZgbAks&quot;,&quot;video_type&quot;:&quot;youtube&quot;,&quot;controls&quot;:&quot;yes&quot;}\" data-widget_type=\"video.default\">\n\t\t\t\t<div class=\"elementor-widget-container\">\n\t\t\t\t\t\t\t<div class=\"elementor-wrapper elementor-open-inline\">\n\t\t\t<div class=\"elementor-video\"><\/div>\t\t<\/div>\n\t\t\t\t\t\t<\/div>\n\t\t\t\t<\/div>\n\t\t\t\t\t<\/div>\n\t\t<\/div>\n\t\t\t\t\t<\/div>\n\t\t<\/section>\n\t\t\t\t<section class=\"elementor-section elementor-top-section elementor-element elementor-element-112bd66 elementor-section-boxed elementor-section-height-default elementor-section-height-default\" data-id=\"112bd66\" data-element_type=\"section\" data-e-type=\"section\">\n\t\t\t\t\t\t\t<div class=\"elementor-background-overlay\"><\/div>\n\t\t\t\t\t\t\t<div class=\"elementor-container elementor-column-gap-default\">\n\t\t\t\t\t<div class=\"elementor-column elementor-col-25 elementor-top-column elementor-element elementor-element-30ad39f\" data-id=\"30ad39f\" data-element_type=\"column\" data-e-type=\"column\">\n\t\t\t<div class=\"elementor-widget-wrap\">\n\t\t\t\t\t\t\t<\/div>\n\t\t<\/div>\n\t\t\t\t<div class=\"elementor-column elementor-col-25 elementor-top-column elementor-element elementor-element-7a54d6b\" data-id=\"7a54d6b\" data-element_type=\"column\" data-e-type=\"column\">\n\t\t\t<div class=\"elementor-widget-wrap elementor-element-populated\">\n\t\t\t\t\t\t<div class=\"elementor-element elementor-element-a2b141d elementor-widget elementor-widget-image\" data-id=\"a2b141d\" data-element_type=\"widget\" data-e-type=\"widget\" data-widget_type=\"image.default\">\n\t\t\t\t<div class=\"elementor-widget-container\">\n\t\t\t\t\t\t\t\t\t\t\t\t\t\t\t<img fetchpriority=\"high\" decoding=\"async\" width=\"800\" height=\"800\" src=\"https:\/\/pequebierzo.es\/tienda\/wp-content\/uploads\/2022\/12\/caja-reloj-patrulla-canina-walkie-talkie.jpg\" class=\"attachment-large size-large wp-image-5592\" alt=\"Caja Reloj Walkie Talkie Patrulla Canina\" srcset=\"https:\/\/pequebierzo.es\/tienda\/wp-content\/uploads\/2022\/12\/caja-reloj-patrulla-canina-walkie-talkie.jpg 1000w, https:\/\/pequebierzo.es\/tienda\/wp-content\/uploads\/2022\/12\/caja-reloj-patrulla-canina-walkie-talkie-300x300.jpg 300w, https:\/\/pequebierzo.es\/tienda\/wp-content\/uploads\/2022\/12\/caja-reloj-patrulla-canina-walkie-talkie-150x150.jpg 150w, https:\/\/pequebierzo.es\/tienda\/wp-content\/uploads\/2022\/12\/caja-reloj-patrulla-canina-walkie-talkie-768x768.jpg 768w, https:\/\/pequebierzo.es\/tienda\/wp-content\/uploads\/2022\/12\/caja-reloj-patrulla-canina-walkie-talkie-600x600.jpg 600w, https:\/\/pequebierzo.es\/tienda\/wp-content\/uploads\/2022\/12\/caja-reloj-patrulla-canina-walkie-talkie-100x100.jpg 100w\" sizes=\"(max-width: 800px) 100vw, 800px\" \/>\t\t\t\t\t\t\t\t\t\t\t\t\t\t\t<\/div>\n\t\t\t\t<\/div>\n\t\t\t\t\t<\/div>\n\t\t<\/div>\n\t\t\t\t<div class=\"elementor-column elementor-col-25 elementor-top-column elementor-element elementor-element-f8163e4\" data-id=\"f8163e4\" data-element_type=\"column\" data-e-type=\"column\">\n\t\t\t<div class=\"elementor-widget-wrap\">\n\t\t\t\t\t\t\t<\/div>\n\t\t<\/div>\n\t\t\t\t<div class=\"elementor-column elementor-col-25 elementor-top-column elementor-element elementor-element-1e13e48\" data-id=\"1e13e48\" data-element_type=\"column\" data-e-type=\"column\">\n\t\t\t<div class=\"elementor-widget-wrap elementor-element-populated\">\n\t\t\t\t\t\t<div class=\"elementor-element elementor-element-773b552 elementor-widget elementor-widget-heading\" data-id=\"773b552\" data-element_type=\"widget\" data-e-type=\"widget\" data-widget_type=\"heading.default\">\n\t\t\t\t<div class=\"elementor-widget-container\">\n\t\t\t\t\t<h2 class=\"elementor-heading-title elementor-size-default\">\u00a1Lo quiero YA para regalar!<\/h2>\t\t\t\t<\/div>\n\t\t\t\t<\/div>\n\t\t\t\t<div class=\"elementor-element elementor-element-b4512db e-add-to-cart--show-quantity-yes elementor-widget elementor-widget-woocommerce-product-add-to-cart\" data-id=\"b4512db\" data-element_type=\"widget\" data-e-type=\"widget\" data-widget_type=\"woocommerce-product-add-to-cart.default\">\n\t\t\t\t<div class=\"elementor-widget-container\">\n\t\t\t\t\t\n\t\t<div class=\"elementor-add-to-cart elementor-product-external\">\n\t\t\t    <p class=\"cart\">\n        <a href=\"https:\/\/amzn.to\/4iBihPR\" target=\"_blank\" rel=\"nofollow\" class=\"single_add_to_cart_button button alt\">Comprar el producto<\/a>\n    <\/p>\n    <input type=\"hidden\" name=\"gtm4wp_product_data\" value=\"{&quot;internal_id&quot;:5585,&quot;item_id&quot;:&quot;B0B5S251FG&quot;,&quot;item_name&quot;:&quot;Walkie Talkie relojes Patrulla Canina: sorpr\\u00e9ndele con este original regalo a partir de 5 a\\u00f1os&quot;,&quot;sku&quot;:&quot;B0B5S251FG&quot;,&quot;price&quot;:0,&quot;stocklevel&quot;:null,&quot;stockstatus&quot;:&quot;instock&quot;,&quot;google_business_vertical&quot;:&quot;retail&quot;,&quot;item_category&quot;:&quot;Ofertas&quot;,&quot;id&quot;:&quot;B0B5S251FG&quot;,&quot;item_brand&quot;:&quot;Ofertas&quot;}\" \/>\n\t\t<\/div>\n\n\t\t\t\t\t\t<\/div>\n\t\t\t\t<\/div>\n\t\t\t\t<div class=\"elementor-element elementor-element-b1a628e elementor-widget elementor-widget-text-editor\" data-id=\"b1a628e\" data-element_type=\"widget\" data-e-type=\"widget\" data-widget_type=\"text-editor.default\">\n\t\t\t\t<div class=\"elementor-widget-container\">\n\t\t\t\t\t\t\t\t\t<div id=\"nta-wabutton-770\" style=\"margin: 30px 0 30px;\"><a target=\"_blank\" href=\"https:\/\/web.whatsapp.com\/send?phone=34626593172&#038;text=Tengo una duda sobre este producto (https:\/\/pequebierzo.es\/tienda\/wp-json\/wp\/v2\/product\/5585)...\" class=\"wa__button wa__r_button wa__stt_online wa__btn_w_img \"><div class=\"wa__cs_img\"><div class=\"wa__cs_img_wrap\" style=\"background: url(https:\/\/pequebierzo.es\/tienda\/wp-content\/uploads\/2021\/11\/jana-79x79-1-788x788.png) center center no-repeat; background-size: cover;\"><\/div><\/div><div class=\"wa__btn_txt\"><div class=\"wa__cs_info\"><div class=\"wa__cs_name\">Jana Soto<\/div><div class=\"wa__cs_status\">Online<\/div><\/div><div class=\"wa__btn_title\">Enviar mensaje a Jana<\/div><\/div><\/a><\/div>\t\t\t\t\t\t\t\t<\/div>\n\t\t\t\t<\/div>\n\t\t\t\t\t<\/div>\n\t\t<\/div>\n\t\t\t\t\t<\/div>\n\t\t<\/section>\n\t\t\t\t<\/div>\n\t\t","protected":false},"excerpt":{"rendered":"<p>\u00bfBuscas un regalo diferente para un fan de la Patrulla Canina?<\/p>\n<p>Esta pareja de relojes Walkie Talkie le va a alucinar.<\/p>\n<p>A m\u00ed me encantan porque:<\/p>\n<ul>\n<li>Adem\u00e1s de dar la hora podr\u00e1 utilizarlos como Walkie Talkies.<\/li>\n<li>Podr\u00e1 llev\u00e1rselos al parque o a la calle para hablar en la distancia con sus amigos, con un alcance de unos 200 metros.<\/li>\n<li>Incluyen tambi\u00e9n varias funciones para que sus misiones sean todo un \u00e9xito: micr\u00f3fono, br\u00fajula, linterna y reloj digital.<\/li>\n<li>No te arruinar\u00e1s comprando pilas porque cuentan con bater\u00eda recargable por USB.<\/li>\n<li>Tienen reductor de sonido ambiente inteligente.<\/li>\n<\/ul>\n<p><span style=\"color: #ffffff;\">.<\/span><\/p>\n<p><strong>C\u00f3mpralos AHORA<\/strong> y reg\u00e1laselos en su cumple o Navidad.<\/p>\n<p>\u00bfQuieres ver mejor c\u00f3mo es? Mira el v\u00eddeo \ud83d\udc47<\/p>\n<p>&nbsp;<\/p>\n<p>&nbsp;<\/p>\n","protected":false},"featured_media":5587,"comment_status":"open","ping_status":"closed","template":"","meta":[],"product_brand":[],"product_cat":[145],"product_tag":[],"class_list":{"0":"post-5585","1":"product","2":"type-product","3":"status-publish","4":"has-post-thumbnail","6":"product_cat-ofertas","8":"first","9":"instock","10":"taxable","11":"shipping-taxable","12":"product-type-external"},"yoast_head":"<!-- This site is optimized with the Yoast SEO plugin v27.0 - https:\/\/yoast.com\/product\/yoast-seo-wordpress\/ -->\n<title>Walkie Talkie reloj Patrulla Canina: regalo original desde 5 a\u00f1os<\/title>\n<meta name=\"description\" content=\"\u00bfBuscas un regalo diferente para un fan de la Patrulla Canina? Esta pareja de relojes Walkie Talkie le va a alucinar. Env\u00edos 48 horas.\" \/>\n<meta name=\"robots\" content=\"index, follow, max-snippet:-1, max-image-preview:large, max-video-preview:-1\" \/>\n<link rel=\"canonical\" href=\"https:\/\/pequebierzo.es\/tienda\/producto\/walkie-talkie-reloj-patrulla-canina\/\" \/>\n<meta property=\"og:locale\" content=\"es_ES\" \/>\n<meta property=\"og:type\" content=\"article\" \/>\n<meta property=\"og:title\" content=\"Walkie Talkie reloj Patrulla Canina: regalo original desde 5 a\u00f1os\" \/>\n<meta property=\"og:description\" content=\"\u00bfBuscas un regalo diferente para un fan de la Patrulla Canina? Esta pareja de relojes Walkie Talkie le va a alucinar. Env\u00edos 48 horas.\" \/>\n<meta property=\"og:url\" content=\"https:\/\/pequebierzo.es\/tienda\/producto\/walkie-talkie-reloj-patrulla-canina\/\" \/>\n<meta property=\"og:site_name\" content=\"Peque Bierzo\" \/>\n<meta property=\"article:modified_time\" content=\"2025-03-10T10:06:41+00:00\" \/>\n<meta property=\"og:image\" content=\"https:\/\/pequebierzo.es\/tienda\/wp-content\/uploads\/2022\/12\/reloj-patrulla-canina-walkie-talkie.jpg\" \/>\n\t<meta property=\"og:image:width\" content=\"1000\" \/>\n\t<meta property=\"og:image:height\" content=\"1000\" \/>\n\t<meta property=\"og:image:type\" content=\"image\/jpeg\" \/>\n<meta name=\"twitter:card\" content=\"summary_large_image\" \/>\n<!-- \/ Yoast SEO plugin. -->","yoast_head_json":{"title":"Walkie Talkie reloj Patrulla Canina: regalo original desde 5 a\u00f1os","description":"\u00bfBuscas un regalo diferente para un fan de la Patrulla Canina? Esta pareja de relojes Walkie Talkie le va a alucinar. Env\u00edos 48 horas.","robots":{"index":"index","follow":"follow","max-snippet":"max-snippet:-1","max-image-preview":"max-image-preview:large","max-video-preview":"max-video-preview:-1"},"canonical":"https:\/\/pequebierzo.es\/tienda\/producto\/walkie-talkie-reloj-patrulla-canina\/","og_locale":"es_ES","og_type":"article","og_title":"Walkie Talkie reloj Patrulla Canina: regalo original desde 5 a\u00f1os","og_description":"\u00bfBuscas un regalo diferente para un fan de la Patrulla Canina? Esta pareja de relojes Walkie Talkie le va a alucinar. Env\u00edos 48 horas.","og_url":"https:\/\/pequebierzo.es\/tienda\/producto\/walkie-talkie-reloj-patrulla-canina\/","og_site_name":"Peque Bierzo","article_modified_time":"2025-03-10T10:06:41+00:00","og_image":[{"width":1000,"height":1000,"url":"https:\/\/pequebierzo.es\/tienda\/wp-content\/uploads\/2022\/12\/reloj-patrulla-canina-walkie-talkie.jpg","type":"image\/jpeg"}],"twitter_card":"summary_large_image","schema":{"@context":"https:\/\/schema.org","@graph":[{"@type":"WebPage","@id":"https:\/\/pequebierzo.es\/tienda\/producto\/walkie-talkie-reloj-patrulla-canina\/","url":"https:\/\/pequebierzo.es\/tienda\/producto\/walkie-talkie-reloj-patrulla-canina\/","name":"Walkie Talkie reloj Patrulla Canina: regalo original desde 5 a\u00f1os","isPartOf":{"@id":"https:\/\/pequebierzo.es\/tienda\/#website"},"primaryImageOfPage":{"@id":"https:\/\/pequebierzo.es\/tienda\/producto\/walkie-talkie-reloj-patrulla-canina\/#primaryimage"},"image":{"@id":"https:\/\/pequebierzo.es\/tienda\/producto\/walkie-talkie-reloj-patrulla-canina\/#primaryimage"},"thumbnailUrl":"https:\/\/pequebierzo.es\/tienda\/wp-content\/uploads\/2022\/12\/reloj-patrulla-canina-walkie-talkie.jpg","datePublished":"2022-12-15T18:05:40+00:00","dateModified":"2025-03-10T10:06:41+00:00","description":"\u00bfBuscas un regalo diferente para un fan de la Patrulla Canina? Esta pareja de relojes Walkie Talkie le va a alucinar. Env\u00edos 48 horas.","breadcrumb":{"@id":"https:\/\/pequebierzo.es\/tienda\/producto\/walkie-talkie-reloj-patrulla-canina\/#breadcrumb"},"inLanguage":"es","potentialAction":[{"@type":"ReadAction","target":["https:\/\/pequebierzo.es\/tienda\/producto\/walkie-talkie-reloj-patrulla-canina\/"]}]},{"@type":"ImageObject","inLanguage":"es","@id":"https:\/\/pequebierzo.es\/tienda\/producto\/walkie-talkie-reloj-patrulla-canina\/#primaryimage","url":"https:\/\/pequebierzo.es\/tienda\/wp-content\/uploads\/2022\/12\/reloj-patrulla-canina-walkie-talkie.jpg","contentUrl":"https:\/\/pequebierzo.es\/tienda\/wp-content\/uploads\/2022\/12\/reloj-patrulla-canina-walkie-talkie.jpg","width":1000,"height":1000,"caption":"Reloj Patrulla Canina Walkie Talkie"},{"@type":"BreadcrumbList","@id":"https:\/\/pequebierzo.es\/tienda\/producto\/walkie-talkie-reloj-patrulla-canina\/#breadcrumb","itemListElement":[{"@type":"ListItem","position":1,"name":"Portada","item":"https:\/\/pequebierzo.es\/tienda\/"},{"@type":"ListItem","position":2,"name":"T2","item":"https:\/\/pequebierzo.es\/tienda\/t2\/"},{"@type":"ListItem","position":3,"name":"Walkie Talkie relojes Patrulla Canina: sorpr\u00e9ndele con este original regalo a partir de 5 a\u00f1os"}]},{"@type":"WebSite","@id":"https:\/\/pequebierzo.es\/tienda\/#website","url":"https:\/\/pequebierzo.es\/tienda\/","name":"Peque Bierzo","description":"La agenda de ocio infantil del Bierzo","publisher":{"@id":"https:\/\/pequebierzo.es\/tienda\/#organization"},"potentialAction":[{"@type":"SearchAction","target":{"@type":"EntryPoint","urlTemplate":"https:\/\/pequebierzo.es\/tienda\/?s={search_term_string}"},"query-input":{"@type":"PropertyValueSpecification","valueRequired":true,"valueName":"search_term_string"}}],"inLanguage":"es"},{"@type":"Organization","@id":"https:\/\/pequebierzo.es\/tienda\/#organization","name":"Peque Bierzo","url":"https:\/\/pequebierzo.es\/tienda\/","logo":{"@type":"ImageObject","inLanguage":"es","@id":"https:\/\/pequebierzo.es\/tienda\/#\/schema\/logo\/image\/","url":"https:\/\/pequebierzo.es\/tienda\/wp-content\/uploads\/2021\/09\/logo-pequebierzo1.png","contentUrl":"https:\/\/pequebierzo.es\/tienda\/wp-content\/uploads\/2021\/09\/logo-pequebierzo1.png","width":200,"height":98,"caption":"Peque Bierzo"},"image":{"@id":"https:\/\/pequebierzo.es\/tienda\/#\/schema\/logo\/image\/"}}]}},"_links":{"self":[{"href":"https:\/\/pequebierzo.es\/tienda\/wp-json\/wp\/v2\/product\/5585","targetHints":{"allow":["GET"]}}],"collection":[{"href":"https:\/\/pequebierzo.es\/tienda\/wp-json\/wp\/v2\/product"}],"about":[{"href":"https:\/\/pequebierzo.es\/tienda\/wp-json\/wp\/v2\/types\/product"}],"replies":[{"embeddable":true,"href":"https:\/\/pequebierzo.es\/tienda\/wp-json\/wp\/v2\/comments?post=5585"}],"version-history":[{"count":8,"href":"https:\/\/pequebierzo.es\/tienda\/wp-json\/wp\/v2\/product\/5585\/revisions"}],"predecessor-version":[{"id":6548,"href":"https:\/\/pequebierzo.es\/tienda\/wp-json\/wp\/v2\/product\/5585\/revisions\/6548"}],"wp:featuredmedia":[{"embeddable":true,"href":"https:\/\/pequebierzo.es\/tienda\/wp-json\/wp\/v2\/media\/5587"}],"wp:attachment":[{"href":"https:\/\/pequebierzo.es\/tienda\/wp-json\/wp\/v2\/media?parent=5585"}],"wp:term":[{"taxonomy":"product_brand","embeddable":true,"href":"https:\/\/pequebierzo.es\/tienda\/wp-json\/wp\/v2\/product_brand?post=5585"},{"taxonomy":"product_cat","embeddable":true,"href":"https:\/\/pequebierzo.es\/tienda\/wp-json\/wp\/v2\/product_cat?post=5585"},{"taxonomy":"product_tag","embeddable":true,"href":"https:\/\/pequebierzo.es\/tienda\/wp-json\/wp\/v2\/product_tag?post=5585"}],"curies":[{"name":"wp","href":"https:\/\/api.w.org\/{rel}","templated":true}]}}