{"id":5673,"date":"2022-12-16T18:22:32","date_gmt":"2022-12-16T17:22:32","guid":{"rendered":"https:\/\/pequebierzo.es\/tienda\/?post_type=product&#038;p=5673"},"modified":"2024-12-30T17:41:53","modified_gmt":"2024-12-30T16:41:53","slug":"camara-interactiva-pokemon","status":"publish","type":"product","link":"https:\/\/pequebierzo.es\/tienda\/producto\/camara-interactiva-pokemon\/","title":{"rendered":"C\u00e1mara interactiva Pok\u00e9mon: regalo ideal para fans a partir de 5 a\u00f1os"},"content":{"rendered":"","protected":false},"excerpt":{"rendered":"<p>\u00bfLe gustan los Pok\u00e9mon, tiene cientos de cartas y ve las series una y otra vez?<\/p>\n<p>Este es tu regalo.<\/p>\n<p>Esta <strong>c\u00e1mara digital interactiva<\/strong> es la revoluci\u00f3n de este a\u00f1o para que tu peque\u00f1o inmortalice momentos de su vida.<\/p>\n<p>Ser\u00e1 lo \u00fanico que querr\u00e1 llevar consigo a todas partes y se lo pasar\u00e1 en genial.<\/p>\n<p>A m\u00ed me encanta porque:<\/p>\n<ul>\n<li>Con esta c\u00e1mara de 5 Mega Pixeles tendr\u00e1 todo lo necesario para <strong>hacer fotos y divertirse con sus amigos, hermanos y primos<\/strong>.<\/li>\n<li><strong>Podr\u00e1 gravar v\u00eddeos s\u00faper divertidos<\/strong> con la c\u00e1mara de 1080px y reproducirlos para recordar c\u00f3mo ha sido su d\u00eda.<\/li>\n<li><strong>Escuchar\u00e1 con claridad el sonido<\/strong> de los v\u00eddeos con el reproductor mp3 con altavoz que incorpora.<\/li>\n<li>Si est\u00e1 demasiado lejos de su objetivo, con el zoom digital de x4 <strong>podr\u00e1 acercar la imagen verlo todo mucho mejor<\/strong>.<\/li>\n<li>Los pap\u00e1s no tendr\u00e1n que preocuparte por comprar pilas porque <strong>tiene bater\u00eda recargable<\/strong>.<\/li>\n<li>Se lo pasar\u00e1 genial con los <strong>divertid\u00edsimos filtros y efectos especiales<\/strong>.<\/li>\n<li><strong>Guardar\u00e1 un mont\u00f3n de fotos y v\u00eddeos<\/strong> con la tarjeta Micro SD que incluye.<\/li>\n<li>Podr\u00e1 <strong>enmarcar sus fotos con los personajes de Pok\u00e9mon<\/strong> (Pikachu, Squirtle, Charmander) y sentirse m\u00e1s cerca de ellos.<\/li>\n<\/ul>\n<p><span style=\"color: #ffffff;\">.<\/span><\/p>\n<p>Otra cosa que me gusta mucho de esta c\u00e1mara es que <strong>no tiene juegos<\/strong>.<\/p>\n<p>Esto es genial porque <strong>no se enganchar\u00e1 mucho rato a la pantalla<\/strong>.<\/p>\n<p>Solo utilizar\u00e1 la pantalla para ver las incre\u00edbles fotos y v\u00eddeos que ha hecho.<\/p>\n<p>&nbsp;<\/p>\n<p><strong>C\u00f3mprala AHORA<\/strong> y reg\u00e1lasela en su cumple o Navidad<\/p>\n","protected":false},"featured_media":5674,"comment_status":"open","ping_status":"closed","template":"","meta":[],"product_brand":[],"product_cat":[25],"product_tag":[],"class_list":{"0":"post-5673","1":"product","2":"type-product","3":"status-publish","4":"has-post-thumbnail","6":"product_cat-mas-vendidos","8":"first","9":"instock","10":"sale","11":"taxable","12":"shipping-taxable","13":"purchasable","14":"product-type-simple"},"yoast_head":"<!-- This site is optimized with the Yoast SEO plugin v27.0 - https:\/\/yoast.com\/product\/yoast-seo-wordpress\/ -->\n<title>C\u00e1mara interactiva Pok\u00e9mon: regalo ideal para fans desde 5 a\u00f1os<\/title>\n<meta name=\"description\" content=\"\u00bfLe gustan los Pok\u00e9mon, tiene cientos de cartas y ve las series una y otra vez? Este es tu regalo. Descubre la c\u00e1mara oficial de Pok\u00e9mon. Env\u00edos 48h\" \/>\n<meta name=\"robots\" content=\"index, follow, max-snippet:-1, max-image-preview:large, max-video-preview:-1\" \/>\n<link rel=\"canonical\" href=\"https:\/\/pequebierzo.es\/tienda\/producto\/camara-interactiva-pokemon\/\" \/>\n<meta property=\"og:locale\" content=\"es_ES\" \/>\n<meta property=\"og:type\" content=\"article\" \/>\n<meta property=\"og:title\" content=\"C\u00e1mara interactiva Pok\u00e9mon: regalo ideal para fans desde 5 a\u00f1os\" \/>\n<meta property=\"og:description\" content=\"\u00bfLe gustan los Pok\u00e9mon, tiene cientos de cartas y ve las series una y otra vez? Este es tu regalo. Descubre la c\u00e1mara oficial de Pok\u00e9mon. Env\u00edos 48h\" \/>\n<meta property=\"og:url\" content=\"https:\/\/pequebierzo.es\/tienda\/producto\/camara-interactiva-pokemon\/\" \/>\n<meta property=\"og:site_name\" content=\"Peque Bierzo\" \/>\n<meta property=\"article:modified_time\" content=\"2024-12-30T16:41:53+00:00\" \/>\n<meta property=\"og:image\" content=\"https:\/\/pequebierzo.es\/tienda\/wp-content\/uploads\/2022\/12\/camara-interactiva-pokemon.png\" \/>\n\t<meta property=\"og:image:width\" content=\"500\" \/>\n\t<meta property=\"og:image:height\" content=\"500\" \/>\n\t<meta property=\"og:image:type\" content=\"image\/png\" \/>\n<meta name=\"twitter:card\" content=\"summary_large_image\" \/>\n<!-- \/ Yoast SEO plugin. -->","yoast_head_json":{"title":"C\u00e1mara interactiva Pok\u00e9mon: regalo ideal para fans desde 5 a\u00f1os","description":"\u00bfLe gustan los Pok\u00e9mon, tiene cientos de cartas y ve las series una y otra vez? Este es tu regalo. Descubre la c\u00e1mara oficial de Pok\u00e9mon. Env\u00edos 48h","robots":{"index":"index","follow":"follow","max-snippet":"max-snippet:-1","max-image-preview":"max-image-preview:large","max-video-preview":"max-video-preview:-1"},"canonical":"https:\/\/pequebierzo.es\/tienda\/producto\/camara-interactiva-pokemon\/","og_locale":"es_ES","og_type":"article","og_title":"C\u00e1mara interactiva Pok\u00e9mon: regalo ideal para fans desde 5 a\u00f1os","og_description":"\u00bfLe gustan los Pok\u00e9mon, tiene cientos de cartas y ve las series una y otra vez? Este es tu regalo. Descubre la c\u00e1mara oficial de Pok\u00e9mon. Env\u00edos 48h","og_url":"https:\/\/pequebierzo.es\/tienda\/producto\/camara-interactiva-pokemon\/","og_site_name":"Peque Bierzo","article_modified_time":"2024-12-30T16:41:53+00:00","og_image":[{"width":500,"height":500,"url":"https:\/\/pequebierzo.es\/tienda\/wp-content\/uploads\/2022\/12\/camara-interactiva-pokemon.png","type":"image\/png"}],"twitter_card":"summary_large_image","schema":{"@context":"https:\/\/schema.org","@graph":[{"@type":"WebPage","@id":"https:\/\/pequebierzo.es\/tienda\/producto\/camara-interactiva-pokemon\/","url":"https:\/\/pequebierzo.es\/tienda\/producto\/camara-interactiva-pokemon\/","name":"C\u00e1mara interactiva Pok\u00e9mon: regalo ideal para fans desde 5 a\u00f1os","isPartOf":{"@id":"https:\/\/pequebierzo.es\/tienda\/#website"},"primaryImageOfPage":{"@id":"https:\/\/pequebierzo.es\/tienda\/producto\/camara-interactiva-pokemon\/#primaryimage"},"image":{"@id":"https:\/\/pequebierzo.es\/tienda\/producto\/camara-interactiva-pokemon\/#primaryimage"},"thumbnailUrl":"https:\/\/pequebierzo.es\/tienda\/wp-content\/uploads\/2022\/12\/camara-interactiva-pokemon.png","datePublished":"2022-12-16T17:22:32+00:00","dateModified":"2024-12-30T16:41:53+00:00","description":"\u00bfLe gustan los Pok\u00e9mon, tiene cientos de cartas y ve las series una y otra vez? Este es tu regalo. Descubre la c\u00e1mara oficial de Pok\u00e9mon. Env\u00edos 48h","breadcrumb":{"@id":"https:\/\/pequebierzo.es\/tienda\/producto\/camara-interactiva-pokemon\/#breadcrumb"},"inLanguage":"es","potentialAction":[{"@type":"ReadAction","target":["https:\/\/pequebierzo.es\/tienda\/producto\/camara-interactiva-pokemon\/"]}]},{"@type":"ImageObject","inLanguage":"es","@id":"https:\/\/pequebierzo.es\/tienda\/producto\/camara-interactiva-pokemon\/#primaryimage","url":"https:\/\/pequebierzo.es\/tienda\/wp-content\/uploads\/2022\/12\/camara-interactiva-pokemon.png","contentUrl":"https:\/\/pequebierzo.es\/tienda\/wp-content\/uploads\/2022\/12\/camara-interactiva-pokemon.png","width":500,"height":500,"caption":"C\u00e1mara interactiva Pok\u00e9mon"},{"@type":"BreadcrumbList","@id":"https:\/\/pequebierzo.es\/tienda\/producto\/camara-interactiva-pokemon\/#breadcrumb","itemListElement":[{"@type":"ListItem","position":1,"name":"Portada","item":"https:\/\/pequebierzo.es\/tienda\/"},{"@type":"ListItem","position":2,"name":"T2","item":"https:\/\/pequebierzo.es\/tienda\/t2\/"},{"@type":"ListItem","position":3,"name":"C\u00e1mara interactiva Pok\u00e9mon: regalo ideal para fans a partir de 5 a\u00f1os"}]},{"@type":"WebSite","@id":"https:\/\/pequebierzo.es\/tienda\/#website","url":"https:\/\/pequebierzo.es\/tienda\/","name":"Peque Bierzo","description":"La agenda de ocio infantil del Bierzo","publisher":{"@id":"https:\/\/pequebierzo.es\/tienda\/#organization"},"potentialAction":[{"@type":"SearchAction","target":{"@type":"EntryPoint","urlTemplate":"https:\/\/pequebierzo.es\/tienda\/?s={search_term_string}"},"query-input":{"@type":"PropertyValueSpecification","valueRequired":true,"valueName":"search_term_string"}}],"inLanguage":"es"},{"@type":"Organization","@id":"https:\/\/pequebierzo.es\/tienda\/#organization","name":"Peque Bierzo","url":"https:\/\/pequebierzo.es\/tienda\/","logo":{"@type":"ImageObject","inLanguage":"es","@id":"https:\/\/pequebierzo.es\/tienda\/#\/schema\/logo\/image\/","url":"https:\/\/pequebierzo.es\/tienda\/wp-content\/uploads\/2021\/09\/logo-pequebierzo1.png","contentUrl":"https:\/\/pequebierzo.es\/tienda\/wp-content\/uploads\/2021\/09\/logo-pequebierzo1.png","width":200,"height":98,"caption":"Peque Bierzo"},"image":{"@id":"https:\/\/pequebierzo.es\/tienda\/#\/schema\/logo\/image\/"}}]}},"_links":{"self":[{"href":"https:\/\/pequebierzo.es\/tienda\/wp-json\/wp\/v2\/product\/5673","targetHints":{"allow":["GET"]}}],"collection":[{"href":"https:\/\/pequebierzo.es\/tienda\/wp-json\/wp\/v2\/product"}],"about":[{"href":"https:\/\/pequebierzo.es\/tienda\/wp-json\/wp\/v2\/types\/product"}],"replies":[{"embeddable":true,"href":"https:\/\/pequebierzo.es\/tienda\/wp-json\/wp\/v2\/comments?post=5673"}],"version-history":[{"count":1,"href":"https:\/\/pequebierzo.es\/tienda\/wp-json\/wp\/v2\/product\/5673\/revisions"}],"predecessor-version":[{"id":5677,"href":"https:\/\/pequebierzo.es\/tienda\/wp-json\/wp\/v2\/product\/5673\/revisions\/5677"}],"wp:featuredmedia":[{"embeddable":true,"href":"https:\/\/pequebierzo.es\/tienda\/wp-json\/wp\/v2\/media\/5674"}],"wp:attachment":[{"href":"https:\/\/pequebierzo.es\/tienda\/wp-json\/wp\/v2\/media?parent=5673"}],"wp:term":[{"taxonomy":"product_brand","embeddable":true,"href":"https:\/\/pequebierzo.es\/tienda\/wp-json\/wp\/v2\/product_brand?post=5673"},{"taxonomy":"product_cat","embeddable":true,"href":"https:\/\/pequebierzo.es\/tienda\/wp-json\/wp\/v2\/product_cat?post=5673"},{"taxonomy":"product_tag","embeddable":true,"href":"https:\/\/pequebierzo.es\/tienda\/wp-json\/wp\/v2\/product_tag?post=5673"}],"curies":[{"name":"wp","href":"https:\/\/api.w.org\/{rel}","templated":true}]}}