{"id":5680,"date":"2022-12-16T19:41:11","date_gmt":"2022-12-16T18:41:11","guid":{"rendered":"https:\/\/pequebierzo.es\/tienda\/?post_type=product&#038;p=5680"},"modified":"2024-12-30T17:18:01","modified_gmt":"2024-12-30T16:18:01","slug":"super-kit-ciencias-hormiguero","status":"publish","type":"product","link":"https:\/\/pequebierzo.es\/tienda\/producto\/super-kit-ciencias-hormiguero\/","title":{"rendered":"Super Kit de Ciencias de El Hormiguero: un regalo genial para divertirse y aprender desde 8 a\u00f1os"},"content":{"rendered":"\t\t<div data-elementor-type=\"product-post\" data-elementor-id=\"5680\" class=\"elementor elementor-5680\" data-elementor-post-type=\"product\">\n\t\t\t\t\t\t<section class=\"elementor-section elementor-top-section elementor-element elementor-element-d683a88 elementor-section-boxed elementor-section-height-default elementor-section-height-default\" data-id=\"d683a88\" data-element_type=\"section\" data-e-type=\"section\">\n\t\t\t\t\t\t<div class=\"elementor-container elementor-column-gap-default\">\n\t\t\t\t\t<div class=\"elementor-column elementor-col-100 elementor-top-column elementor-element elementor-element-21d875f\" data-id=\"21d875f\" data-element_type=\"column\" data-e-type=\"column\">\n\t\t\t<div class=\"elementor-widget-wrap elementor-element-populated\">\n\t\t\t\t\t\t<div class=\"elementor-element elementor-element-a94270b elementor-widget elementor-widget-heading\" data-id=\"a94270b\" data-element_type=\"widget\" data-e-type=\"widget\" data-widget_type=\"heading.default\">\n\t\t\t\t<div class=\"elementor-widget-container\">\n\t\t\t\t\t<h2 class=\"elementor-heading-title elementor-size-default\">El Super Kit de Ciencias de El Hormiguero incluye:<\/h2>\t\t\t\t<\/div>\n\t\t\t\t<\/div>\n\t\t\t\t<div class=\"elementor-element elementor-element-ac27f19 elementor-widget elementor-widget-text-editor\" data-id=\"ac27f19\" data-element_type=\"widget\" data-e-type=\"widget\" data-widget_type=\"text-editor.default\">\n\t\t\t\t<div class=\"elementor-widget-container\">\n\t\t\t\t\t\t\t\t\t<p>El kit es s\u00faper completo y tiene todo lo necesario para empezar a experimentar:<\/p><ul><li>2 Libros educativos de 36 p\u00e1ginas<\/li><li>Cartulina con elementos gr\u00e1ficos<\/li><li>Soporte para tubos de ensayo<\/li><li>Pegatinas decorativas<\/li><li>Almid\u00f3n de ma\u00edz<\/li><li>Esp\u00e1tula de pl\u00e1stico<\/li><li>Alambres moldeables<\/li><li>Bola<\/li><li>Hojas de origami<\/li><li>Gomas el\u00e1sticas<\/li><li>Globos<\/li><li>Clips<\/li><li>Embudo<\/li><li>Varillas de madera<\/li><li>Jeringa<\/li><li>Tubo de pl\u00e1stico<\/li><li>Guantes<\/li><li>Gafas de protecci\u00f3n<\/li><li>Pipeta de Pasteur<\/li><li>Esp\u00e1tulas de madera<\/li><li>Pajitas<\/li><li>Tubos de ensayo con tapa<\/li><li>Vasos de medici\u00f3n peque\u00f1os<\/li><li>Tapa para vasos de medici\u00f3n peque\u00f1os<\/li><li>Maceta<\/li><li>Placa de Petri<\/li><li>Colorante amarillo<\/li><li>Filtros de papel<\/li><li>Vaso de precipitados<\/li><li>Volc\u00e1n<\/li><li>Bolas de algod\u00f3n<\/li><li>Hilo de lana<\/li><li>Colorante rojo<\/li><\/ul>\t\t\t\t\t\t\t\t<\/div>\n\t\t\t\t<\/div>\n\t\t\t\t\t<\/div>\n\t\t<\/div>\n\t\t\t\t\t<\/div>\n\t\t<\/section>\n\t\t\t\t<section class=\"elementor-section elementor-top-section elementor-element elementor-element-621a429 elementor-section-boxed elementor-section-height-default elementor-section-height-default\" data-id=\"621a429\" data-element_type=\"section\" data-e-type=\"section\">\n\t\t\t\t\t\t\t<div class=\"elementor-background-overlay\"><\/div>\n\t\t\t\t\t\t\t<div class=\"elementor-container elementor-column-gap-default\">\n\t\t\t\t\t<div class=\"elementor-column elementor-col-25 elementor-top-column elementor-element elementor-element-6ab9691\" data-id=\"6ab9691\" data-element_type=\"column\" data-e-type=\"column\">\n\t\t\t<div class=\"elementor-widget-wrap\">\n\t\t\t\t\t\t\t<\/div>\n\t\t<\/div>\n\t\t\t\t<div class=\"elementor-column elementor-col-25 elementor-top-column elementor-element elementor-element-a859574\" data-id=\"a859574\" data-element_type=\"column\" data-e-type=\"column\">\n\t\t\t<div class=\"elementor-widget-wrap elementor-element-populated\">\n\t\t\t\t\t\t<div class=\"elementor-element elementor-element-95ae24a elementor-widget elementor-widget-image\" data-id=\"95ae24a\" data-element_type=\"widget\" data-e-type=\"widget\" data-widget_type=\"image.default\">\n\t\t\t\t<div class=\"elementor-widget-container\">\n\t\t\t\t\t\t\t\t\t\t\t\t\t\t\t<img fetchpriority=\"high\" decoding=\"async\" width=\"500\" height=\"500\" src=\"https:\/\/pequebierzo.es\/tienda\/wp-content\/uploads\/2022\/12\/varios-experimentos-kit-ciencias-el-hormiguero.png\" class=\"attachment-large size-large wp-image-5686\" alt=\"Varios experimentos Super kit de ciencias de El Hormiguero\" srcset=\"https:\/\/pequebierzo.es\/tienda\/wp-content\/uploads\/2022\/12\/varios-experimentos-kit-ciencias-el-hormiguero.png 500w, https:\/\/pequebierzo.es\/tienda\/wp-content\/uploads\/2022\/12\/varios-experimentos-kit-ciencias-el-hormiguero-300x300.png 300w, https:\/\/pequebierzo.es\/tienda\/wp-content\/uploads\/2022\/12\/varios-experimentos-kit-ciencias-el-hormiguero-150x150.png 150w, https:\/\/pequebierzo.es\/tienda\/wp-content\/uploads\/2022\/12\/varios-experimentos-kit-ciencias-el-hormiguero-100x100.png 100w\" sizes=\"(max-width: 500px) 100vw, 500px\" \/>\t\t\t\t\t\t\t\t\t\t\t\t\t\t\t<\/div>\n\t\t\t\t<\/div>\n\t\t\t\t\t<\/div>\n\t\t<\/div>\n\t\t\t\t<div class=\"elementor-column elementor-col-25 elementor-top-column elementor-element elementor-element-4d9f66e\" data-id=\"4d9f66e\" data-element_type=\"column\" data-e-type=\"column\">\n\t\t\t<div class=\"elementor-widget-wrap\">\n\t\t\t\t\t\t\t<\/div>\n\t\t<\/div>\n\t\t\t\t<div class=\"elementor-column elementor-col-25 elementor-top-column elementor-element elementor-element-1c86a38\" data-id=\"1c86a38\" data-element_type=\"column\" data-e-type=\"column\">\n\t\t\t<div class=\"elementor-widget-wrap elementor-element-populated\">\n\t\t\t\t\t\t<div class=\"elementor-element elementor-element-db6a871 elementor-widget elementor-widget-heading\" data-id=\"db6a871\" data-element_type=\"widget\" data-e-type=\"widget\" data-widget_type=\"heading.default\">\n\t\t\t\t<div class=\"elementor-widget-container\">\n\t\t\t\t\t<h2 class=\"elementor-heading-title elementor-size-default\">\u00a1Lo quiero YA para regalar!<\/h2>\t\t\t\t<\/div>\n\t\t\t\t<\/div>\n\t\t\t\t<div class=\"elementor-element elementor-element-2b2ca7d e-add-to-cart--show-quantity-yes elementor-widget elementor-widget-woocommerce-product-add-to-cart\" data-id=\"2b2ca7d\" data-element_type=\"widget\" data-e-type=\"widget\" data-widget_type=\"woocommerce-product-add-to-cart.default\">\n\t\t\t\t<div class=\"elementor-widget-container\">\n\t\t\t\t\t\n\t\t<div class=\"elementor-add-to-cart elementor-product-external\">\n\t\t\t    <p class=\"cart\">\n        <a href=\"https:\/\/amzn.to\/3ZTrYBD\" target=\"_blank\" rel=\"nofollow\" class=\"single_add_to_cart_button button alt\">Comprar el producto<\/a>\n    <\/p>\n    <input type=\"hidden\" name=\"gtm4wp_product_data\" value=\"{&quot;internal_id&quot;:5680,&quot;item_id&quot;:5680,&quot;item_name&quot;:&quot;Super Kit de Ciencias de El Hormiguero: un regalo genial para divertirse y aprender desde 8 a\\u00f1os&quot;,&quot;sku&quot;:5680,&quot;price&quot;:0,&quot;stocklevel&quot;:null,&quot;stockstatus&quot;:&quot;instock&quot;,&quot;google_business_vertical&quot;:&quot;retail&quot;,&quot;item_category&quot;:&quot;M\\u00e1s vendidos&quot;,&quot;id&quot;:5680,&quot;item_brand&quot;:&quot;M\\u00e1s vendidos&quot;}\" \/>\n\t\t<\/div>\n\n\t\t\t\t\t\t<\/div>\n\t\t\t\t<\/div>\n\t\t\t\t<div class=\"elementor-element elementor-element-56a87f4 elementor-widget elementor-widget-text-editor\" data-id=\"56a87f4\" data-element_type=\"widget\" data-e-type=\"widget\" data-widget_type=\"text-editor.default\">\n\t\t\t\t<div class=\"elementor-widget-container\">\n\t\t\t\t\t\t\t\t\t<div id=\"nta-wabutton-770\" style=\"margin: 30px 0 30px;\"><a target=\"_blank\" href=\"https:\/\/web.whatsapp.com\/send?phone=34626593172&#038;text=Tengo una duda sobre este producto (https:\/\/pequebierzo.es\/tienda\/wp-json\/wp\/v2\/product\/5680)...\" class=\"wa__button wa__r_button wa__stt_online wa__btn_w_img \"><div class=\"wa__cs_img\"><div class=\"wa__cs_img_wrap\" style=\"background: url(https:\/\/pequebierzo.es\/tienda\/wp-content\/uploads\/2021\/11\/jana-79x79-1-788x788.png) center center no-repeat; background-size: cover;\"><\/div><\/div><div class=\"wa__btn_txt\"><div class=\"wa__cs_info\"><div class=\"wa__cs_name\">Jana Soto<\/div><div class=\"wa__cs_status\">Online<\/div><\/div><div class=\"wa__btn_title\">Enviar mensaje a Jana<\/div><\/div><\/a><\/div>\t\t\t\t\t\t\t\t<\/div>\n\t\t\t\t<\/div>\n\t\t\t\t\t<\/div>\n\t\t<\/div>\n\t\t\t\t\t<\/div>\n\t\t<\/section>\n\t\t\t\t<\/div>\n\t\t","protected":false},"excerpt":{"rendered":"<p>\u00bfBuscas un regalo para un ni\u00f1o o ni\u00f1a con mucha curiosidad y ganas de divertirse?<\/p>\n<p>Este <em>Super Kit de Ciencias de El Hormiguero<\/em> le va a encantar.<\/p>\n<p>Le dar\u00e1 horas y horas de diversi\u00f3n porque podr\u00e1 hacer 60 experimentos diferentes y entretenidos.<\/p>\n<p>Adem\u00e1s, <strong>sin darse cuenta aprender\u00e1 a<\/strong>:<\/p>\n<ul>\n<li>Recoger huellas dactilares<\/li>\n<li>Hacer espectaculares explosiones qu\u00edmicas<\/li>\n<li>Simular erupciones volc\u00e1nicas y la formaci\u00f3n de la atm\u00f3sfera terrestre<\/li>\n<li>Hacer brillantes cristales<\/li>\n<li>Crear un disco de Newton y simular dibujos animados<\/li>\n<li>Hacer un divertido tornado<\/li>\n<li>Crear slime loco<\/li>\n<li>Realizar el lanzamiento de un cohete qu\u00edmico<\/li>\n<li>Construir una galaxia y entrar en un divertido viaje espacial<\/li>\n<\/ul>\n<p><span style=\"color: #ffffff;\">.<\/span><\/p>\n<p>Y muchas cosas m\u00e1s.<\/p>\n<p>Los experimentos se explican de una forma muy clara en los libros educativos que incluye.<\/p>\n<p>As\u00ed los peques pueden hacerlos por s\u00ed mismos y <strong>sentirse s\u00faper orgullosos de su trabajo<\/strong>.<\/p>\n<p>Se convertir\u00e1 en un el cient\u00edfico que siempre ha querido.<\/p>\n<p>&nbsp;<\/p>\n<p><strong>C\u00f3mpralo AHORA<\/strong> y reg\u00e1laselo en su cumple o Navidad.<\/p>\n<p>Porque pocos regalos te van a dar tanto por tan poco.<\/p>\n","protected":false},"featured_media":5681,"comment_status":"open","ping_status":"closed","template":"","meta":[],"product_brand":[],"product_cat":[25],"product_tag":[],"class_list":{"0":"post-5680","1":"product","2":"type-product","3":"status-publish","4":"has-post-thumbnail","6":"product_cat-mas-vendidos","8":"first","9":"instock","10":"taxable","11":"shipping-taxable","12":"product-type-external"},"yoast_head":"<!-- This site is optimized with the Yoast SEO plugin v27.0 - https:\/\/yoast.com\/product\/yoast-seo-wordpress\/ -->\n<title>Super Kit de Ciencias de El Hormiguero: regalo desde 8 a\u00f1os<\/title>\n<meta name=\"description\" content=\"\u00bfBuscas un regalo para un ni\u00f1o o ni\u00f1a con mucha curiosidad y ganas de divertirse? Este Super Kit de Ciencias de El Hormiguero le va a encantar.\" \/>\n<meta name=\"robots\" content=\"index, follow, max-snippet:-1, max-image-preview:large, max-video-preview:-1\" \/>\n<link rel=\"canonical\" href=\"https:\/\/pequebierzo.es\/tienda\/producto\/super-kit-ciencias-hormiguero\/\" \/>\n<meta property=\"og:locale\" content=\"es_ES\" \/>\n<meta property=\"og:type\" content=\"article\" \/>\n<meta property=\"og:title\" content=\"Super Kit de Ciencias de El Hormiguero: regalo desde 8 a\u00f1os\" \/>\n<meta property=\"og:description\" content=\"\u00bfBuscas un regalo para un ni\u00f1o o ni\u00f1a con mucha curiosidad y ganas de divertirse? Este Super Kit de Ciencias de El Hormiguero le va a encantar.\" \/>\n<meta property=\"og:url\" content=\"https:\/\/pequebierzo.es\/tienda\/producto\/super-kit-ciencias-hormiguero\/\" \/>\n<meta property=\"og:site_name\" content=\"Peque Bierzo\" \/>\n<meta property=\"article:modified_time\" content=\"2024-12-30T16:18:01+00:00\" \/>\n<meta property=\"og:image\" content=\"https:\/\/pequebierzo.es\/tienda\/wp-content\/uploads\/2022\/12\/super-kit-ciencias-el-hormiguero.png\" \/>\n\t<meta property=\"og:image:width\" content=\"500\" \/>\n\t<meta property=\"og:image:height\" content=\"500\" \/>\n\t<meta property=\"og:image:type\" content=\"image\/png\" \/>\n<meta name=\"twitter:card\" content=\"summary_large_image\" \/>\n<!-- \/ Yoast SEO plugin. -->","yoast_head_json":{"title":"Super Kit de Ciencias de El Hormiguero: regalo desde 8 a\u00f1os","description":"\u00bfBuscas un regalo para un ni\u00f1o o ni\u00f1a con mucha curiosidad y ganas de divertirse? Este Super Kit de Ciencias de El Hormiguero le va a encantar.","robots":{"index":"index","follow":"follow","max-snippet":"max-snippet:-1","max-image-preview":"max-image-preview:large","max-video-preview":"max-video-preview:-1"},"canonical":"https:\/\/pequebierzo.es\/tienda\/producto\/super-kit-ciencias-hormiguero\/","og_locale":"es_ES","og_type":"article","og_title":"Super Kit de Ciencias de El Hormiguero: regalo desde 8 a\u00f1os","og_description":"\u00bfBuscas un regalo para un ni\u00f1o o ni\u00f1a con mucha curiosidad y ganas de divertirse? Este Super Kit de Ciencias de El Hormiguero le va a encantar.","og_url":"https:\/\/pequebierzo.es\/tienda\/producto\/super-kit-ciencias-hormiguero\/","og_site_name":"Peque Bierzo","article_modified_time":"2024-12-30T16:18:01+00:00","og_image":[{"width":500,"height":500,"url":"https:\/\/pequebierzo.es\/tienda\/wp-content\/uploads\/2022\/12\/super-kit-ciencias-el-hormiguero.png","type":"image\/png"}],"twitter_card":"summary_large_image","schema":{"@context":"https:\/\/schema.org","@graph":[{"@type":"WebPage","@id":"https:\/\/pequebierzo.es\/tienda\/producto\/super-kit-ciencias-hormiguero\/","url":"https:\/\/pequebierzo.es\/tienda\/producto\/super-kit-ciencias-hormiguero\/","name":"Super Kit de Ciencias de El Hormiguero: regalo desde 8 a\u00f1os","isPartOf":{"@id":"https:\/\/pequebierzo.es\/tienda\/#website"},"primaryImageOfPage":{"@id":"https:\/\/pequebierzo.es\/tienda\/producto\/super-kit-ciencias-hormiguero\/#primaryimage"},"image":{"@id":"https:\/\/pequebierzo.es\/tienda\/producto\/super-kit-ciencias-hormiguero\/#primaryimage"},"thumbnailUrl":"https:\/\/pequebierzo.es\/tienda\/wp-content\/uploads\/2022\/12\/super-kit-ciencias-el-hormiguero.png","datePublished":"2022-12-16T18:41:11+00:00","dateModified":"2024-12-30T16:18:01+00:00","description":"\u00bfBuscas un regalo para un ni\u00f1o o ni\u00f1a con mucha curiosidad y ganas de divertirse? Este Super Kit de Ciencias de El Hormiguero le va a encantar.","breadcrumb":{"@id":"https:\/\/pequebierzo.es\/tienda\/producto\/super-kit-ciencias-hormiguero\/#breadcrumb"},"inLanguage":"es","potentialAction":[{"@type":"ReadAction","target":["https:\/\/pequebierzo.es\/tienda\/producto\/super-kit-ciencias-hormiguero\/"]}]},{"@type":"ImageObject","inLanguage":"es","@id":"https:\/\/pequebierzo.es\/tienda\/producto\/super-kit-ciencias-hormiguero\/#primaryimage","url":"https:\/\/pequebierzo.es\/tienda\/wp-content\/uploads\/2022\/12\/super-kit-ciencias-el-hormiguero.png","contentUrl":"https:\/\/pequebierzo.es\/tienda\/wp-content\/uploads\/2022\/12\/super-kit-ciencias-el-hormiguero.png","width":500,"height":500,"caption":"Super Kit de Ciencias de El Hormiguero"},{"@type":"BreadcrumbList","@id":"https:\/\/pequebierzo.es\/tienda\/producto\/super-kit-ciencias-hormiguero\/#breadcrumb","itemListElement":[{"@type":"ListItem","position":1,"name":"Portada","item":"https:\/\/pequebierzo.es\/tienda\/"},{"@type":"ListItem","position":2,"name":"T2","item":"https:\/\/pequebierzo.es\/tienda\/t2\/"},{"@type":"ListItem","position":3,"name":"Super Kit de Ciencias de El Hormiguero: un regalo genial para divertirse y aprender desde 8 a\u00f1os"}]},{"@type":"WebSite","@id":"https:\/\/pequebierzo.es\/tienda\/#website","url":"https:\/\/pequebierzo.es\/tienda\/","name":"Peque Bierzo","description":"La agenda de ocio infantil del Bierzo","publisher":{"@id":"https:\/\/pequebierzo.es\/tienda\/#organization"},"potentialAction":[{"@type":"SearchAction","target":{"@type":"EntryPoint","urlTemplate":"https:\/\/pequebierzo.es\/tienda\/?s={search_term_string}"},"query-input":{"@type":"PropertyValueSpecification","valueRequired":true,"valueName":"search_term_string"}}],"inLanguage":"es"},{"@type":"Organization","@id":"https:\/\/pequebierzo.es\/tienda\/#organization","name":"Peque Bierzo","url":"https:\/\/pequebierzo.es\/tienda\/","logo":{"@type":"ImageObject","inLanguage":"es","@id":"https:\/\/pequebierzo.es\/tienda\/#\/schema\/logo\/image\/","url":"https:\/\/pequebierzo.es\/tienda\/wp-content\/uploads\/2021\/09\/logo-pequebierzo1.png","contentUrl":"https:\/\/pequebierzo.es\/tienda\/wp-content\/uploads\/2021\/09\/logo-pequebierzo1.png","width":200,"height":98,"caption":"Peque Bierzo"},"image":{"@id":"https:\/\/pequebierzo.es\/tienda\/#\/schema\/logo\/image\/"}}]}},"_links":{"self":[{"href":"https:\/\/pequebierzo.es\/tienda\/wp-json\/wp\/v2\/product\/5680","targetHints":{"allow":["GET"]}}],"collection":[{"href":"https:\/\/pequebierzo.es\/tienda\/wp-json\/wp\/v2\/product"}],"about":[{"href":"https:\/\/pequebierzo.es\/tienda\/wp-json\/wp\/v2\/types\/product"}],"replies":[{"embeddable":true,"href":"https:\/\/pequebierzo.es\/tienda\/wp-json\/wp\/v2\/comments?post=5680"}],"version-history":[{"count":8,"href":"https:\/\/pequebierzo.es\/tienda\/wp-json\/wp\/v2\/product\/5680\/revisions"}],"predecessor-version":[{"id":6446,"href":"https:\/\/pequebierzo.es\/tienda\/wp-json\/wp\/v2\/product\/5680\/revisions\/6446"}],"wp:featuredmedia":[{"embeddable":true,"href":"https:\/\/pequebierzo.es\/tienda\/wp-json\/wp\/v2\/media\/5681"}],"wp:attachment":[{"href":"https:\/\/pequebierzo.es\/tienda\/wp-json\/wp\/v2\/media?parent=5680"}],"wp:term":[{"taxonomy":"product_brand","embeddable":true,"href":"https:\/\/pequebierzo.es\/tienda\/wp-json\/wp\/v2\/product_brand?post=5680"},{"taxonomy":"product_cat","embeddable":true,"href":"https:\/\/pequebierzo.es\/tienda\/wp-json\/wp\/v2\/product_cat?post=5680"},{"taxonomy":"product_tag","embeddable":true,"href":"https:\/\/pequebierzo.es\/tienda\/wp-json\/wp\/v2\/product_tag?post=5680"}],"curies":[{"name":"wp","href":"https:\/\/api.w.org\/{rel}","templated":true}]}}