{"id":6059,"date":"2022-12-29T13:43:12","date_gmt":"2022-12-29T12:43:12","guid":{"rendered":"https:\/\/pequebierzo.es\/tienda\/?post_type=product&#038;p=6059"},"modified":"2024-12-30T17:51:44","modified_gmt":"2024-12-30T16:51:44","slug":"maletin-pinturas-crayola","status":"publish","type":"product","link":"https:\/\/pequebierzo.es\/tienda\/producto\/maletin-pinturas-crayola\/","title":{"rendered":"Espectacular malet\u00edn de pinturas: un regalo que va a utilizar seguro"},"content":{"rendered":"\t\t<div data-elementor-type=\"product-post\" data-elementor-id=\"6059\" class=\"elementor elementor-6059\" data-elementor-post-type=\"product\">\n\t\t\t\t\t\t<section class=\"elementor-section elementor-top-section elementor-element elementor-element-6a039c7 elementor-section-boxed elementor-section-height-default elementor-section-height-default\" data-id=\"6a039c7\" data-element_type=\"section\" data-e-type=\"section\">\n\t\t\t\t\t\t\t<div class=\"elementor-background-overlay\"><\/div>\n\t\t\t\t\t\t\t<div class=\"elementor-container elementor-column-gap-default\">\n\t\t\t\t\t<div class=\"elementor-column elementor-col-25 elementor-top-column elementor-element elementor-element-dc2bff8\" data-id=\"dc2bff8\" data-element_type=\"column\" data-e-type=\"column\">\n\t\t\t<div class=\"elementor-widget-wrap\">\n\t\t\t\t\t\t\t<\/div>\n\t\t<\/div>\n\t\t\t\t<div class=\"elementor-column elementor-col-25 elementor-top-column elementor-element elementor-element-e6433aa\" data-id=\"e6433aa\" data-element_type=\"column\" data-e-type=\"column\">\n\t\t\t<div class=\"elementor-widget-wrap elementor-element-populated\">\n\t\t\t\t\t\t<div class=\"elementor-element elementor-element-f15b459 elementor-widget elementor-widget-image\" data-id=\"f15b459\" data-element_type=\"widget\" data-e-type=\"widget\" data-widget_type=\"image.default\">\n\t\t\t\t<div class=\"elementor-widget-container\">\n\t\t\t\t\t\t\t\t\t\t\t\t\t\t\t<img fetchpriority=\"high\" decoding=\"async\" width=\"800\" height=\"800\" src=\"https:\/\/pequebierzo.es\/tienda\/wp-content\/uploads\/2022\/12\/maletin-pinturas-regalo-para-ninos.jpg\" class=\"attachment-large size-large wp-image-7814\" alt=\"Malet\u00edn de pinturas regalo para ni\u00f1os\" srcset=\"https:\/\/pequebierzo.es\/tienda\/wp-content\/uploads\/2022\/12\/maletin-pinturas-regalo-para-ninos.jpg 800w, https:\/\/pequebierzo.es\/tienda\/wp-content\/uploads\/2022\/12\/maletin-pinturas-regalo-para-ninos-300x300.jpg 300w, https:\/\/pequebierzo.es\/tienda\/wp-content\/uploads\/2022\/12\/maletin-pinturas-regalo-para-ninos-150x150.jpg 150w, https:\/\/pequebierzo.es\/tienda\/wp-content\/uploads\/2022\/12\/maletin-pinturas-regalo-para-ninos-768x768.jpg 768w, https:\/\/pequebierzo.es\/tienda\/wp-content\/uploads\/2022\/12\/maletin-pinturas-regalo-para-ninos-600x600.jpg 600w, https:\/\/pequebierzo.es\/tienda\/wp-content\/uploads\/2022\/12\/maletin-pinturas-regalo-para-ninos-100x100.jpg 100w\" sizes=\"(max-width: 800px) 100vw, 800px\" \/>\t\t\t\t\t\t\t\t\t\t\t\t\t\t\t<\/div>\n\t\t\t\t<\/div>\n\t\t\t\t\t<\/div>\n\t\t<\/div>\n\t\t\t\t<div class=\"elementor-column elementor-col-25 elementor-top-column elementor-element elementor-element-364a624\" data-id=\"364a624\" data-element_type=\"column\" data-e-type=\"column\">\n\t\t\t<div class=\"elementor-widget-wrap\">\n\t\t\t\t\t\t\t<\/div>\n\t\t<\/div>\n\t\t\t\t<div class=\"elementor-column elementor-col-25 elementor-top-column elementor-element elementor-element-4d4ad71\" data-id=\"4d4ad71\" data-element_type=\"column\" data-e-type=\"column\">\n\t\t\t<div class=\"elementor-widget-wrap elementor-element-populated\">\n\t\t\t\t\t\t<div class=\"elementor-element elementor-element-08ec26e elementor-widget elementor-widget-heading\" data-id=\"08ec26e\" data-element_type=\"widget\" data-e-type=\"widget\" data-widget_type=\"heading.default\">\n\t\t\t\t<div class=\"elementor-widget-container\">\n\t\t\t\t\t<h2 class=\"elementor-heading-title elementor-size-default\">\u00a1Lo quiero YA para regalar!<\/h2>\t\t\t\t<\/div>\n\t\t\t\t<\/div>\n\t\t\t\t<div class=\"elementor-element elementor-element-4e95621 e-add-to-cart--show-quantity-yes elementor-widget elementor-widget-woocommerce-product-add-to-cart\" data-id=\"4e95621\" data-element_type=\"widget\" data-e-type=\"widget\" data-widget_type=\"woocommerce-product-add-to-cart.default\">\n\t\t\t\t<div class=\"elementor-widget-container\">\n\t\t\t\t\t\n\t\t<div class=\"elementor-add-to-cart elementor-product-simple\">\n\t\t\t<p class=\"stock in-stock\">Hay existencias<\/p>\n\n\t\n\t<form class=\"cart\" action=\"https:\/\/pequebierzo.es\/tienda\/producto\/maletin-pinturas-crayola\/\" method=\"post\" enctype='multipart\/form-data'>\n\t\t\n\t\t<div class=\"quantity\">\n\t\t<label class=\"screen-reader-text\" for=\"quantity_69f4534bea3ee\">Espectacular malet\u00edn de pinturas: un regalo que va a utilizar seguro cantidad<\/label>\n\t<input\n\t\ttype=\"number\"\n\t\t\t\tid=\"quantity_69f4534bea3ee\"\n\t\tclass=\"input-text qty text\"\n\t\tname=\"quantity\"\n\t\tvalue=\"1\"\n\t\taria-label=\"Cantidad de productos\"\n\t\t\t\tmin=\"1\"\n\t\t\t\t\tmax=\"2\"\n\t\t\t\t\t\t\tstep=\"1\"\n\t\t\tplaceholder=\"\"\n\t\t\tinputmode=\"numeric\"\n\t\t\tautocomplete=\"off\"\n\t\t\t\/>\n\t<\/div>\n\n\t\t<button type=\"submit\" name=\"add-to-cart\" value=\"6059\" class=\"single_add_to_cart_button button alt\">A\u00f1adir al carrito<\/button>\n\n\t\t<input type=\"hidden\" name=\"gtm4wp_product_data\" value=\"{&quot;internal_id&quot;:6059,&quot;item_id&quot;:&quot;0716620453262&quot;,&quot;item_name&quot;:&quot;Espectacular malet\\u00edn de pinturas: un regalo que va a utilizar seguro&quot;,&quot;sku&quot;:&quot;0716620453262&quot;,&quot;price&quot;:24.99,&quot;stocklevel&quot;:2,&quot;stockstatus&quot;:&quot;instock&quot;,&quot;google_business_vertical&quot;:&quot;retail&quot;,&quot;item_category&quot;:&quot;M\\u00e1s vendidos&quot;,&quot;id&quot;:&quot;0716620453262&quot;,&quot;item_brand&quot;:&quot;M\\u00e1s vendidos&quot;}\" \/>\n\t<\/form>\n\n\t\n\t\t<\/div>\n\n\t\t\t\t\t\t<\/div>\n\t\t\t\t<\/div>\n\t\t\t\t<div class=\"elementor-element elementor-element-d619e32 elementor-widget elementor-widget-text-editor\" data-id=\"d619e32\" data-element_type=\"widget\" data-e-type=\"widget\" data-widget_type=\"text-editor.default\">\n\t\t\t\t<div class=\"elementor-widget-container\">\n\t\t\t\t\t\t\t\t\t<div id=\"nta-wabutton-770\" style=\"margin: 30px 0 30px;\"><a target=\"_blank\" href=\"https:\/\/web.whatsapp.com\/send?phone=34626593172&#038;text=Tengo una duda sobre este producto (https:\/\/pequebierzo.es\/tienda\/wp-json\/wp\/v2\/product\/6059)...\" class=\"wa__button wa__r_button wa__stt_online wa__btn_w_img \"><div class=\"wa__cs_img\"><div class=\"wa__cs_img_wrap\" style=\"background: url(https:\/\/pequebierzo.es\/tienda\/wp-content\/uploads\/2021\/11\/jana-79x79-1-788x788.png) center center no-repeat; background-size: cover;\"><\/div><\/div><div class=\"wa__btn_txt\"><div class=\"wa__cs_info\"><div class=\"wa__cs_name\">Jana Soto<\/div><div class=\"wa__cs_status\">Online<\/div><\/div><div class=\"wa__btn_title\">Enviar mensaje a Jana<\/div><\/div><\/a><\/div>\t\t\t\t\t\t\t\t<\/div>\n\t\t\t\t<\/div>\n\t\t\t\t\t<\/div>\n\t\t<\/div>\n\t\t\t\t\t<\/div>\n\t\t<\/section>\n\t\t\t\t<\/div>\n\t\t","protected":false},"excerpt":{"rendered":"<p>\u00bfQuieres hacer un regalo creativo a un peque, con una presencia incre\u00edble y que use durante mucho tiempo?<\/p>\n<p>Este malet\u00edn de pinturas es perfecto para ni\u00f1as y ni\u00f1os desde un a\u00f1o hasta incluso los 9 o 10 a\u00f1os.<\/p>\n<p>Le encantar\u00e1 tener su propio kit de pinturas con un mont\u00f3n de colores, que podr\u00e1 llevar a cualquier parte siempre ordenado.<\/p>\n<p>Sobre todo a los pap\u00e1s y mam\u00e1s nos encanta porque motiva al peque a colocar todos los colores en sus compartimentos.<\/p>\n<p>\u00a1Se acab\u00f3 tener las pinturas tiradas por ah\u00ed!<\/p>\n<p>Adem\u00e1s, la calidad de los colores es muy buena.<\/p>\n<p>Por eso es genial para regalar.<\/p>\n<p>El malet\u00edn tiene 53 piezas, asa y cierres.<\/p>\n<p>Es colorido y tiene una decoraci\u00f3n de lo m\u00e1s alegre.<\/p>\n<p>&nbsp;<\/p>\n<p><strong>C\u00f3mpralo hoy mismo y reg\u00e1laselo en la pr\u00f3xima ocasi\u00f3n.<\/strong><\/p>\n","protected":false},"featured_media":7808,"comment_status":"open","ping_status":"closed","template":"","meta":[],"product_brand":[],"product_cat":[25],"product_tag":[],"class_list":{"0":"post-6059","1":"product","2":"type-product","3":"status-publish","4":"has-post-thumbnail","6":"product_cat-mas-vendidos","8":"first","9":"instock","10":"sale","11":"taxable","12":"shipping-taxable","13":"purchasable","14":"product-type-simple"},"yoast_head":"<!-- This site is optimized with the Yoast SEO plugin v27.0 - https:\/\/yoast.com\/product\/yoast-seo-wordpress\/ -->\n<title>\u3010 Malet\u00edn de pinturas \u3011 Un regalo que va a utilizar seguro<\/title>\n<meta name=\"description\" content=\"\u27a4 Quieres hacer un regalo creativo a un peque, con una presencia incre\u00edble y que use durante mucho tiempo? DESCUBRE Ahora este malet\u00edn. Env\u00edos 48h\" \/>\n<meta name=\"robots\" content=\"index, follow, max-snippet:-1, max-image-preview:large, max-video-preview:-1\" \/>\n<link rel=\"canonical\" href=\"https:\/\/pequebierzo.es\/tienda\/producto\/maletin-pinturas-crayola\/\" \/>\n<meta property=\"og:locale\" content=\"es_ES\" \/>\n<meta property=\"og:type\" content=\"article\" \/>\n<meta property=\"og:title\" content=\"\u3010 Malet\u00edn de pinturas \u3011 Un regalo que va a utilizar seguro\" \/>\n<meta property=\"og:description\" content=\"\u27a4 Quieres hacer un regalo creativo a un peque, con una presencia incre\u00edble y que use durante mucho tiempo? DESCUBRE Ahora este malet\u00edn. Env\u00edos 48h\" \/>\n<meta property=\"og:url\" content=\"https:\/\/pequebierzo.es\/tienda\/producto\/maletin-pinturas-crayola\/\" \/>\n<meta property=\"og:site_name\" content=\"Peque Bierzo\" \/>\n<meta property=\"article:modified_time\" content=\"2024-12-30T16:51:44+00:00\" \/>\n<meta property=\"og:image\" content=\"https:\/\/pequebierzo.es\/tienda\/wp-content\/uploads\/2022\/12\/maletin-pinturas-ninos-ninas.jpg\" \/>\n\t<meta property=\"og:image:width\" content=\"800\" \/>\n\t<meta property=\"og:image:height\" content=\"800\" \/>\n\t<meta property=\"og:image:type\" content=\"image\/jpeg\" \/>\n<meta name=\"twitter:card\" content=\"summary_large_image\" \/>\n<!-- \/ Yoast SEO plugin. -->","yoast_head_json":{"title":"\u3010 Malet\u00edn de pinturas \u3011 Un regalo que va a utilizar seguro","description":"\u27a4 Quieres hacer un regalo creativo a un peque, con una presencia incre\u00edble y que use durante mucho tiempo? DESCUBRE Ahora este malet\u00edn. Env\u00edos 48h","robots":{"index":"index","follow":"follow","max-snippet":"max-snippet:-1","max-image-preview":"max-image-preview:large","max-video-preview":"max-video-preview:-1"},"canonical":"https:\/\/pequebierzo.es\/tienda\/producto\/maletin-pinturas-crayola\/","og_locale":"es_ES","og_type":"article","og_title":"\u3010 Malet\u00edn de pinturas \u3011 Un regalo que va a utilizar seguro","og_description":"\u27a4 Quieres hacer un regalo creativo a un peque, con una presencia incre\u00edble y que use durante mucho tiempo? DESCUBRE Ahora este malet\u00edn. Env\u00edos 48h","og_url":"https:\/\/pequebierzo.es\/tienda\/producto\/maletin-pinturas-crayola\/","og_site_name":"Peque Bierzo","article_modified_time":"2024-12-30T16:51:44+00:00","og_image":[{"width":800,"height":800,"url":"https:\/\/pequebierzo.es\/tienda\/wp-content\/uploads\/2022\/12\/maletin-pinturas-ninos-ninas.jpg","type":"image\/jpeg"}],"twitter_card":"summary_large_image","schema":{"@context":"https:\/\/schema.org","@graph":[{"@type":"WebPage","@id":"https:\/\/pequebierzo.es\/tienda\/producto\/maletin-pinturas-crayola\/","url":"https:\/\/pequebierzo.es\/tienda\/producto\/maletin-pinturas-crayola\/","name":"\u3010 Malet\u00edn de pinturas \u3011 Un regalo que va a utilizar seguro","isPartOf":{"@id":"https:\/\/pequebierzo.es\/tienda\/#website"},"primaryImageOfPage":{"@id":"https:\/\/pequebierzo.es\/tienda\/producto\/maletin-pinturas-crayola\/#primaryimage"},"image":{"@id":"https:\/\/pequebierzo.es\/tienda\/producto\/maletin-pinturas-crayola\/#primaryimage"},"thumbnailUrl":"https:\/\/pequebierzo.es\/tienda\/wp-content\/uploads\/2022\/12\/maletin-pinturas-ninos-ninas.jpg","datePublished":"2022-12-29T12:43:12+00:00","dateModified":"2024-12-30T16:51:44+00:00","description":"\u27a4 Quieres hacer un regalo creativo a un peque, con una presencia incre\u00edble y que use durante mucho tiempo? DESCUBRE Ahora este malet\u00edn. Env\u00edos 48h","breadcrumb":{"@id":"https:\/\/pequebierzo.es\/tienda\/producto\/maletin-pinturas-crayola\/#breadcrumb"},"inLanguage":"es","potentialAction":[{"@type":"ReadAction","target":["https:\/\/pequebierzo.es\/tienda\/producto\/maletin-pinturas-crayola\/"]}]},{"@type":"ImageObject","inLanguage":"es","@id":"https:\/\/pequebierzo.es\/tienda\/producto\/maletin-pinturas-crayola\/#primaryimage","url":"https:\/\/pequebierzo.es\/tienda\/wp-content\/uploads\/2022\/12\/maletin-pinturas-ninos-ninas.jpg","contentUrl":"https:\/\/pequebierzo.es\/tienda\/wp-content\/uploads\/2022\/12\/maletin-pinturas-ninos-ninas.jpg","width":800,"height":800,"caption":"Malet\u00edn de pinturas para ni\u00f1os y ni\u00f1as"},{"@type":"BreadcrumbList","@id":"https:\/\/pequebierzo.es\/tienda\/producto\/maletin-pinturas-crayola\/#breadcrumb","itemListElement":[{"@type":"ListItem","position":1,"name":"Portada","item":"https:\/\/pequebierzo.es\/tienda\/"},{"@type":"ListItem","position":2,"name":"T2","item":"https:\/\/pequebierzo.es\/tienda\/t2\/"},{"@type":"ListItem","position":3,"name":"Espectacular malet\u00edn de pinturas: un regalo que va a utilizar seguro"}]},{"@type":"WebSite","@id":"https:\/\/pequebierzo.es\/tienda\/#website","url":"https:\/\/pequebierzo.es\/tienda\/","name":"Peque Bierzo","description":"La agenda de ocio infantil del Bierzo","publisher":{"@id":"https:\/\/pequebierzo.es\/tienda\/#organization"},"potentialAction":[{"@type":"SearchAction","target":{"@type":"EntryPoint","urlTemplate":"https:\/\/pequebierzo.es\/tienda\/?s={search_term_string}"},"query-input":{"@type":"PropertyValueSpecification","valueRequired":true,"valueName":"search_term_string"}}],"inLanguage":"es"},{"@type":"Organization","@id":"https:\/\/pequebierzo.es\/tienda\/#organization","name":"Peque Bierzo","url":"https:\/\/pequebierzo.es\/tienda\/","logo":{"@type":"ImageObject","inLanguage":"es","@id":"https:\/\/pequebierzo.es\/tienda\/#\/schema\/logo\/image\/","url":"https:\/\/pequebierzo.es\/tienda\/wp-content\/uploads\/2021\/09\/logo-pequebierzo1.png","contentUrl":"https:\/\/pequebierzo.es\/tienda\/wp-content\/uploads\/2021\/09\/logo-pequebierzo1.png","width":200,"height":98,"caption":"Peque Bierzo"},"image":{"@id":"https:\/\/pequebierzo.es\/tienda\/#\/schema\/logo\/image\/"}}]}},"_links":{"self":[{"href":"https:\/\/pequebierzo.es\/tienda\/wp-json\/wp\/v2\/product\/6059","targetHints":{"allow":["GET"]}}],"collection":[{"href":"https:\/\/pequebierzo.es\/tienda\/wp-json\/wp\/v2\/product"}],"about":[{"href":"https:\/\/pequebierzo.es\/tienda\/wp-json\/wp\/v2\/types\/product"}],"replies":[{"embeddable":true,"href":"https:\/\/pequebierzo.es\/tienda\/wp-json\/wp\/v2\/comments?post=6059"}],"version-history":[{"count":14,"href":"https:\/\/pequebierzo.es\/tienda\/wp-json\/wp\/v2\/product\/6059\/revisions"}],"predecessor-version":[{"id":7835,"href":"https:\/\/pequebierzo.es\/tienda\/wp-json\/wp\/v2\/product\/6059\/revisions\/7835"}],"wp:featuredmedia":[{"embeddable":true,"href":"https:\/\/pequebierzo.es\/tienda\/wp-json\/wp\/v2\/media\/7808"}],"wp:attachment":[{"href":"https:\/\/pequebierzo.es\/tienda\/wp-json\/wp\/v2\/media?parent=6059"}],"wp:term":[{"taxonomy":"product_brand","embeddable":true,"href":"https:\/\/pequebierzo.es\/tienda\/wp-json\/wp\/v2\/product_brand?post=6059"},{"taxonomy":"product_cat","embeddable":true,"href":"https:\/\/pequebierzo.es\/tienda\/wp-json\/wp\/v2\/product_cat?post=6059"},{"taxonomy":"product_tag","embeddable":true,"href":"https:\/\/pequebierzo.es\/tienda\/wp-json\/wp\/v2\/product_tag?post=6059"}],"curies":[{"name":"wp","href":"https:\/\/api.w.org\/{rel}","templated":true}]}}