{"id":6626,"date":"2023-02-28T18:44:03","date_gmt":"2023-02-28T17:44:03","guid":{"rendered":"https:\/\/pequebierzo.es\/tienda\/?post_type=product&#038;p=6626"},"modified":"2024-12-30T17:19:11","modified_gmt":"2024-12-30T16:19:11","slug":"taller-pulseras-ninos","status":"publish","type":"product","link":"https:\/\/pequebierzo.es\/tienda\/producto\/taller-pulseras-ninos\/","title":{"rendered":"Taller de pulseras para ni\u00f1os: un regalo chul\u00edsimo desde 8 a\u00f1os"},"content":{"rendered":"\t\t<div data-elementor-type=\"product-post\" data-elementor-id=\"6626\" class=\"elementor elementor-6626\" data-elementor-post-type=\"product\">\n\t\t\t\t\t\t<section class=\"elementor-section elementor-top-section elementor-element elementor-element-6875c11 elementor-section-boxed elementor-section-height-default elementor-section-height-default\" data-id=\"6875c11\" data-element_type=\"section\" data-e-type=\"section\">\n\t\t\t\t\t\t<div class=\"elementor-container elementor-column-gap-default\">\n\t\t\t\t\t<div class=\"elementor-column elementor-col-100 elementor-top-column elementor-element elementor-element-1925bb1\" data-id=\"1925bb1\" data-element_type=\"column\" data-e-type=\"column\">\n\t\t\t<div class=\"elementor-widget-wrap elementor-element-populated\">\n\t\t\t\t\t\t<div class=\"elementor-element elementor-element-f970ab1 elementor-widget elementor-widget-heading\" data-id=\"f970ab1\" data-element_type=\"widget\" data-e-type=\"widget\" data-widget_type=\"heading.default\">\n\t\t\t\t<div class=\"elementor-widget-container\">\n\t\t\t\t\t<h2 class=\"elementor-heading-title elementor-size-default\">El taller de pulseras para ni\u00f1os de SentoSph\u00e8re INCLUYE<\/h2>\t\t\t\t<\/div>\n\t\t\t\t<\/div>\n\t\t\t\t<div class=\"elementor-element elementor-element-851d50c elementor-widget elementor-widget-text-editor\" data-id=\"851d50c\" data-element_type=\"widget\" data-e-type=\"widget\" data-widget_type=\"text-editor.default\">\n\t\t\t\t<div class=\"elementor-widget-container\">\n\t\t\t\t\t\t\t\t\t<ul><li>2 tiras de cuero de imitaci\u00f3n, que tienen un lado brillante y otro lado mate<\/li><li>4 cordones de colores de algod\u00f3n encerado<\/li><li>1 cadena de plata<\/li><li>6 botones de plata con broches met\u00e1licos<\/li><li>M\u00e1s de 40 granos de plata antiguos<\/li><li>1 tubo de pegamento<\/li><li>1 manual<\/li><\/ul>\t\t\t\t\t\t\t\t<\/div>\n\t\t\t\t<\/div>\n\t\t\t\t\t<\/div>\n\t\t<\/div>\n\t\t\t\t\t<\/div>\n\t\t<\/section>\n\t\t\t\t<section class=\"elementor-section elementor-top-section elementor-element elementor-element-0754f21 elementor-section-boxed elementor-section-height-default elementor-section-height-default\" data-id=\"0754f21\" data-element_type=\"section\" data-e-type=\"section\">\n\t\t\t\t\t\t\t<div class=\"elementor-background-overlay\"><\/div>\n\t\t\t\t\t\t\t<div class=\"elementor-container elementor-column-gap-default\">\n\t\t\t\t\t<div class=\"elementor-column elementor-col-25 elementor-top-column elementor-element elementor-element-8eb0700\" data-id=\"8eb0700\" data-element_type=\"column\" data-e-type=\"column\">\n\t\t\t<div class=\"elementor-widget-wrap\">\n\t\t\t\t\t\t\t<\/div>\n\t\t<\/div>\n\t\t\t\t<div class=\"elementor-column elementor-col-25 elementor-top-column elementor-element elementor-element-dc4958a\" data-id=\"dc4958a\" data-element_type=\"column\" data-e-type=\"column\">\n\t\t\t<div class=\"elementor-widget-wrap elementor-element-populated\">\n\t\t\t\t\t\t<div class=\"elementor-element elementor-element-552ecc0 elementor-widget elementor-widget-image\" data-id=\"552ecc0\" data-element_type=\"widget\" data-e-type=\"widget\" data-widget_type=\"image.default\">\n\t\t\t\t<div class=\"elementor-widget-container\">\n\t\t\t\t\t\t\t\t\t\t\t\t\t\t\t<img fetchpriority=\"high\" decoding=\"async\" width=\"800\" height=\"800\" src=\"https:\/\/pequebierzo.es\/tienda\/wp-content\/uploads\/2023\/02\/taller-pulseras-regalo-ninos.jpg\" class=\"attachment-large size-large wp-image-6628\" alt=\"Taller de pulseras regalo para ni\u00f1os\" srcset=\"https:\/\/pequebierzo.es\/tienda\/wp-content\/uploads\/2023\/02\/taller-pulseras-regalo-ninos.jpg 1000w, https:\/\/pequebierzo.es\/tienda\/wp-content\/uploads\/2023\/02\/taller-pulseras-regalo-ninos-300x300.jpg 300w, https:\/\/pequebierzo.es\/tienda\/wp-content\/uploads\/2023\/02\/taller-pulseras-regalo-ninos-150x150.jpg 150w, https:\/\/pequebierzo.es\/tienda\/wp-content\/uploads\/2023\/02\/taller-pulseras-regalo-ninos-768x768.jpg 768w, https:\/\/pequebierzo.es\/tienda\/wp-content\/uploads\/2023\/02\/taller-pulseras-regalo-ninos-600x600.jpg 600w, https:\/\/pequebierzo.es\/tienda\/wp-content\/uploads\/2023\/02\/taller-pulseras-regalo-ninos-100x100.jpg 100w\" sizes=\"(max-width: 800px) 100vw, 800px\" \/>\t\t\t\t\t\t\t\t\t\t\t\t\t\t\t<\/div>\n\t\t\t\t<\/div>\n\t\t\t\t\t<\/div>\n\t\t<\/div>\n\t\t\t\t<div class=\"elementor-column elementor-col-25 elementor-top-column elementor-element elementor-element-c1b65a9\" data-id=\"c1b65a9\" data-element_type=\"column\" data-e-type=\"column\">\n\t\t\t<div class=\"elementor-widget-wrap\">\n\t\t\t\t\t\t\t<\/div>\n\t\t<\/div>\n\t\t\t\t<div class=\"elementor-column elementor-col-25 elementor-top-column elementor-element elementor-element-b197684\" data-id=\"b197684\" data-element_type=\"column\" data-e-type=\"column\">\n\t\t\t<div class=\"elementor-widget-wrap elementor-element-populated\">\n\t\t\t\t\t\t<div class=\"elementor-element elementor-element-7146200 elementor-widget elementor-widget-heading\" data-id=\"7146200\" data-element_type=\"widget\" data-e-type=\"widget\" data-widget_type=\"heading.default\">\n\t\t\t\t<div class=\"elementor-widget-container\">\n\t\t\t\t\t<h2 class=\"elementor-heading-title elementor-size-default\">\u00a1Lo quiero YA para regalar!<\/h2>\t\t\t\t<\/div>\n\t\t\t\t<\/div>\n\t\t\t\t<div class=\"elementor-element elementor-element-7aa3bd7 e-add-to-cart--show-quantity-yes elementor-widget elementor-widget-woocommerce-product-add-to-cart\" data-id=\"7aa3bd7\" data-element_type=\"widget\" data-e-type=\"widget\" data-widget_type=\"woocommerce-product-add-to-cart.default\">\n\t\t\t\t<div class=\"elementor-widget-container\">\n\t\t\t\t\t\n\t\t<div class=\"elementor-add-to-cart elementor-product-external\">\n\t\t\t    <p class=\"cart\">\n        <a href=\"https:\/\/amzn.to\/4iTFLkj\" target=\"_blank\" rel=\"nofollow\" class=\"single_add_to_cart_button button alt\">Comprar el producto<\/a>\n    <\/p>\n    <input type=\"hidden\" name=\"gtm4wp_product_data\" value=\"{&quot;internal_id&quot;:6626,&quot;item_id&quot;:6626,&quot;item_name&quot;:&quot;Taller de pulseras para ni\\u00f1os: un regalo chul\\u00edsimo desde 8 a\\u00f1os&quot;,&quot;sku&quot;:6626,&quot;price&quot;:0,&quot;stocklevel&quot;:null,&quot;stockstatus&quot;:&quot;instock&quot;,&quot;google_business_vertical&quot;:&quot;retail&quot;,&quot;item_category&quot;:&quot;M\\u00e1s vendidos&quot;,&quot;id&quot;:6626,&quot;item_brand&quot;:&quot;M\\u00e1s vendidos&quot;}\" \/>\n\t\t<\/div>\n\n\t\t\t\t\t\t<\/div>\n\t\t\t\t<\/div>\n\t\t\t\t<div class=\"elementor-element elementor-element-0ec6360 elementor-widget elementor-widget-text-editor\" data-id=\"0ec6360\" data-element_type=\"widget\" data-e-type=\"widget\" data-widget_type=\"text-editor.default\">\n\t\t\t\t<div class=\"elementor-widget-container\">\n\t\t\t\t\t\t\t\t\t<div id=\"nta-wabutton-770\" style=\"margin: 30px 0 30px;\"><a target=\"_blank\" href=\"https:\/\/web.whatsapp.com\/send?phone=34626593172&#038;text=Tengo una duda sobre este producto (https:\/\/pequebierzo.es\/tienda\/wp-json\/wp\/v2\/product\/6626)...\" class=\"wa__button wa__r_button wa__stt_online wa__btn_w_img \"><div class=\"wa__cs_img\"><div class=\"wa__cs_img_wrap\" style=\"background: url(https:\/\/pequebierzo.es\/tienda\/wp-content\/uploads\/2021\/11\/jana-79x79-1-788x788.png) center center no-repeat; background-size: cover;\"><\/div><\/div><div class=\"wa__btn_txt\"><div class=\"wa__cs_info\"><div class=\"wa__cs_name\">Jana Soto<\/div><div class=\"wa__cs_status\">Online<\/div><\/div><div class=\"wa__btn_title\">Enviar mensaje a Jana<\/div><\/div><\/a><\/div>\t\t\t\t\t\t\t\t<\/div>\n\t\t\t\t<\/div>\n\t\t\t\t\t<\/div>\n\t\t<\/div>\n\t\t\t\t\t<\/div>\n\t\t<\/section>\n\t\t\t\t<\/div>\n\t\t","protected":false},"excerpt":{"rendered":"<p>\u00bfTienes que hacer un regalo a un ni\u00f1o creativo pero est\u00e1s perdida y no sabes qu\u00e9 le puede gustar?<\/p>\n<p>Mira.<\/p>\n<p>Los ni\u00f1os tienen un mont\u00f3n de cosas y la mayor\u00eda de veces no saben ni qu\u00e9 pedir.<\/p>\n<p>Pero hay regalos que nunca han visto, no se les ha ocurrido pedir por su cumplea\u00f1os o Navidad.<\/p>\n<p>Este <strong>taller para hacer pulseras para ni\u00f1os<\/strong> es un buen ejemplo de regalo original y diferente porque:<\/p>\n<ul>\n<li>A los ni\u00f1os tambi\u00e9n <strong>les encanta llevar pulseras<\/strong>.<\/li>\n<li><strong>Se las puede dise\u00f1ar \u00e9l mismo<\/strong> a su gusto y eso le va a alucinar.<\/li>\n<li>Podr\u00e1 hacer <strong>8 pulseras diferentes<\/strong> con aspecto de cuero que le van a quedar genial en su mu\u00f1eca.<\/li>\n<li>Es un <strong>juego de manualidades<\/strong> con el que va a disfrutar y que despu\u00e9s podr\u00e1 lucir.<\/li>\n<li>No es f\u00e1cil encontrar juegos de artesan\u00eda para ni\u00f1os.<\/li>\n<li>Puede incluso <strong>regalar alguna pulsera<\/strong> a un amigo o primo para que tambi\u00e9n la disfrute.<\/li>\n<li>Le mantendr\u00e1 entretenido y <strong>alejado de las pantallas<\/strong> un buen rato.<\/li>\n<\/ul>\n<p><span style=\"color: #ffffff;\">.<\/span><\/p>\n<p>Pero no solo esto.<\/p>\n<p>Adem\u00e1s, trae complementos como una cadena de metal y diferentes perlas de plata envejecida.<\/p>\n<p>Podr\u00e1 combinar todo esto con facilidad siguiendo la gu\u00eda de creaci\u00f3n que incluye el juego o cre\u00e1ndolo como \u00e9l quiera.<\/p>\n<p>Es recomendable a partir de los 8 a\u00f1os, pero incluso con esa edad pueden llegar a necesitar ayuda de un adulto para hacer el trenzado.<\/p>\n<p>&nbsp;<\/p>\n<p><strong>C\u00f3mpralo AHORA<\/strong> y reg\u00e1laselo en su cumplea\u00f1os, Comuni\u00f3n o Navidad.<\/p>\n<p>Tiene una excelente calidad-precio y es un regalo diferente.<\/p>\n","protected":false},"featured_media":6627,"comment_status":"open","ping_status":"closed","template":"","meta":[],"product_brand":[],"product_cat":[25],"product_tag":[],"class_list":{"0":"post-6626","1":"product","2":"type-product","3":"status-publish","4":"has-post-thumbnail","6":"product_cat-mas-vendidos","8":"first","9":"instock","10":"taxable","11":"shipping-taxable","12":"product-type-external"},"yoast_head":"<!-- This site is optimized with the Yoast SEO plugin v27.0 - https:\/\/yoast.com\/product\/yoast-seo-wordpress\/ -->\n<title>\u27a4 Taller de pulseras para ni\u00f1os: regalo chul\u00edsimo desde 8 a\u00f1os<\/title>\n<meta name=\"description\" content=\"\u271a \u00bfBuscas un regalo para un ni\u00f1o creativo pero est\u00e1s perdida y no sabes qu\u00e9 le puede gustar? Mira este \u3010 taller de pulseras para NI\u00d1O \u3011\" \/>\n<meta name=\"robots\" content=\"index, follow, max-snippet:-1, max-image-preview:large, max-video-preview:-1\" \/>\n<link rel=\"canonical\" href=\"https:\/\/pequebierzo.es\/tienda\/producto\/taller-pulseras-ninos\/\" \/>\n<meta property=\"og:locale\" content=\"es_ES\" \/>\n<meta property=\"og:type\" content=\"article\" \/>\n<meta property=\"og:title\" content=\"\u27a4 Taller de pulseras para ni\u00f1os: regalo chul\u00edsimo desde 8 a\u00f1os\" \/>\n<meta property=\"og:description\" content=\"\u271a \u00bfBuscas un regalo para un ni\u00f1o creativo pero est\u00e1s perdida y no sabes qu\u00e9 le puede gustar? Mira este \u3010 taller de pulseras para NI\u00d1O \u3011\" \/>\n<meta property=\"og:url\" content=\"https:\/\/pequebierzo.es\/tienda\/producto\/taller-pulseras-ninos\/\" \/>\n<meta property=\"og:site_name\" content=\"Peque Bierzo\" \/>\n<meta property=\"article:modified_time\" content=\"2024-12-30T16:19:11+00:00\" \/>\n<meta property=\"og:image\" content=\"https:\/\/pequebierzo.es\/tienda\/wp-content\/uploads\/2023\/02\/taller-pulseras-ninos.jpg\" \/>\n\t<meta property=\"og:image:width\" content=\"1000\" \/>\n\t<meta property=\"og:image:height\" content=\"1000\" \/>\n\t<meta property=\"og:image:type\" content=\"image\/jpeg\" \/>\n<meta name=\"twitter:card\" content=\"summary_large_image\" \/>\n<!-- \/ Yoast SEO plugin. -->","yoast_head_json":{"title":"\u27a4 Taller de pulseras para ni\u00f1os: regalo chul\u00edsimo desde 8 a\u00f1os","description":"\u271a \u00bfBuscas un regalo para un ni\u00f1o creativo pero est\u00e1s perdida y no sabes qu\u00e9 le puede gustar? Mira este \u3010 taller de pulseras para NI\u00d1O \u3011","robots":{"index":"index","follow":"follow","max-snippet":"max-snippet:-1","max-image-preview":"max-image-preview:large","max-video-preview":"max-video-preview:-1"},"canonical":"https:\/\/pequebierzo.es\/tienda\/producto\/taller-pulseras-ninos\/","og_locale":"es_ES","og_type":"article","og_title":"\u27a4 Taller de pulseras para ni\u00f1os: regalo chul\u00edsimo desde 8 a\u00f1os","og_description":"\u271a \u00bfBuscas un regalo para un ni\u00f1o creativo pero est\u00e1s perdida y no sabes qu\u00e9 le puede gustar? Mira este \u3010 taller de pulseras para NI\u00d1O \u3011","og_url":"https:\/\/pequebierzo.es\/tienda\/producto\/taller-pulseras-ninos\/","og_site_name":"Peque Bierzo","article_modified_time":"2024-12-30T16:19:11+00:00","og_image":[{"width":1000,"height":1000,"url":"https:\/\/pequebierzo.es\/tienda\/wp-content\/uploads\/2023\/02\/taller-pulseras-ninos.jpg","type":"image\/jpeg"}],"twitter_card":"summary_large_image","schema":{"@context":"https:\/\/schema.org","@graph":[{"@type":"WebPage","@id":"https:\/\/pequebierzo.es\/tienda\/producto\/taller-pulseras-ninos\/","url":"https:\/\/pequebierzo.es\/tienda\/producto\/taller-pulseras-ninos\/","name":"\u27a4 Taller de pulseras para ni\u00f1os: regalo chul\u00edsimo desde 8 a\u00f1os","isPartOf":{"@id":"https:\/\/pequebierzo.es\/tienda\/#website"},"primaryImageOfPage":{"@id":"https:\/\/pequebierzo.es\/tienda\/producto\/taller-pulseras-ninos\/#primaryimage"},"image":{"@id":"https:\/\/pequebierzo.es\/tienda\/producto\/taller-pulseras-ninos\/#primaryimage"},"thumbnailUrl":"https:\/\/pequebierzo.es\/tienda\/wp-content\/uploads\/2023\/02\/taller-pulseras-ninos.jpg","datePublished":"2023-02-28T17:44:03+00:00","dateModified":"2024-12-30T16:19:11+00:00","description":"\u271a \u00bfBuscas un regalo para un ni\u00f1o creativo pero est\u00e1s perdida y no sabes qu\u00e9 le puede gustar? Mira este \u3010 taller de pulseras para NI\u00d1O \u3011","breadcrumb":{"@id":"https:\/\/pequebierzo.es\/tienda\/producto\/taller-pulseras-ninos\/#breadcrumb"},"inLanguage":"es","potentialAction":[{"@type":"ReadAction","target":["https:\/\/pequebierzo.es\/tienda\/producto\/taller-pulseras-ninos\/"]}]},{"@type":"ImageObject","inLanguage":"es","@id":"https:\/\/pequebierzo.es\/tienda\/producto\/taller-pulseras-ninos\/#primaryimage","url":"https:\/\/pequebierzo.es\/tienda\/wp-content\/uploads\/2023\/02\/taller-pulseras-ninos.jpg","contentUrl":"https:\/\/pequebierzo.es\/tienda\/wp-content\/uploads\/2023\/02\/taller-pulseras-ninos.jpg","width":1000,"height":1000,"caption":"Taller de pulseras para ni\u00f1os"},{"@type":"BreadcrumbList","@id":"https:\/\/pequebierzo.es\/tienda\/producto\/taller-pulseras-ninos\/#breadcrumb","itemListElement":[{"@type":"ListItem","position":1,"name":"Portada","item":"https:\/\/pequebierzo.es\/tienda\/"},{"@type":"ListItem","position":2,"name":"T2","item":"https:\/\/pequebierzo.es\/tienda\/t2\/"},{"@type":"ListItem","position":3,"name":"Taller de pulseras para ni\u00f1os: un regalo chul\u00edsimo desde 8 a\u00f1os"}]},{"@type":"WebSite","@id":"https:\/\/pequebierzo.es\/tienda\/#website","url":"https:\/\/pequebierzo.es\/tienda\/","name":"Peque Bierzo","description":"La agenda de ocio infantil del Bierzo","publisher":{"@id":"https:\/\/pequebierzo.es\/tienda\/#organization"},"potentialAction":[{"@type":"SearchAction","target":{"@type":"EntryPoint","urlTemplate":"https:\/\/pequebierzo.es\/tienda\/?s={search_term_string}"},"query-input":{"@type":"PropertyValueSpecification","valueRequired":true,"valueName":"search_term_string"}}],"inLanguage":"es"},{"@type":"Organization","@id":"https:\/\/pequebierzo.es\/tienda\/#organization","name":"Peque Bierzo","url":"https:\/\/pequebierzo.es\/tienda\/","logo":{"@type":"ImageObject","inLanguage":"es","@id":"https:\/\/pequebierzo.es\/tienda\/#\/schema\/logo\/image\/","url":"https:\/\/pequebierzo.es\/tienda\/wp-content\/uploads\/2021\/09\/logo-pequebierzo1.png","contentUrl":"https:\/\/pequebierzo.es\/tienda\/wp-content\/uploads\/2021\/09\/logo-pequebierzo1.png","width":200,"height":98,"caption":"Peque Bierzo"},"image":{"@id":"https:\/\/pequebierzo.es\/tienda\/#\/schema\/logo\/image\/"}}]}},"_links":{"self":[{"href":"https:\/\/pequebierzo.es\/tienda\/wp-json\/wp\/v2\/product\/6626","targetHints":{"allow":["GET"]}}],"collection":[{"href":"https:\/\/pequebierzo.es\/tienda\/wp-json\/wp\/v2\/product"}],"about":[{"href":"https:\/\/pequebierzo.es\/tienda\/wp-json\/wp\/v2\/types\/product"}],"replies":[{"embeddable":true,"href":"https:\/\/pequebierzo.es\/tienda\/wp-json\/wp\/v2\/comments?post=6626"}],"version-history":[{"count":7,"href":"https:\/\/pequebierzo.es\/tienda\/wp-json\/wp\/v2\/product\/6626\/revisions"}],"predecessor-version":[{"id":6958,"href":"https:\/\/pequebierzo.es\/tienda\/wp-json\/wp\/v2\/product\/6626\/revisions\/6958"}],"wp:featuredmedia":[{"embeddable":true,"href":"https:\/\/pequebierzo.es\/tienda\/wp-json\/wp\/v2\/media\/6627"}],"wp:attachment":[{"href":"https:\/\/pequebierzo.es\/tienda\/wp-json\/wp\/v2\/media?parent=6626"}],"wp:term":[{"taxonomy":"product_brand","embeddable":true,"href":"https:\/\/pequebierzo.es\/tienda\/wp-json\/wp\/v2\/product_brand?post=6626"},{"taxonomy":"product_cat","embeddable":true,"href":"https:\/\/pequebierzo.es\/tienda\/wp-json\/wp\/v2\/product_cat?post=6626"},{"taxonomy":"product_tag","embeddable":true,"href":"https:\/\/pequebierzo.es\/tienda\/wp-json\/wp\/v2\/product_tag?post=6626"}],"curies":[{"name":"wp","href":"https:\/\/api.w.org\/{rel}","templated":true}]}}