{"id":7456,"date":"2023-05-31T13:18:19","date_gmt":"2023-05-31T11:18:19","guid":{"rendered":"https:\/\/pequebierzo.es\/tienda\/?post_type=product&#038;p=7456"},"modified":"2024-12-30T17:45:10","modified_gmt":"2024-12-30T16:45:10","slug":"xilofono-infantil","status":"publish","type":"product","link":"https:\/\/pequebierzo.es\/tienda\/producto\/xilofono-infantil\/","title":{"rendered":"Xil\u00f3fono infantil para beb\u00e9s a partir de un a\u00f1o: Hape Pound &#038; Tap Bench"},"content":{"rendered":"","protected":false},"excerpt":{"rendered":"<p>Tienes que hacer un regalo a un beb\u00e9 desde un a\u00f1o (o incluso m\u00e1s peque\u00f1o) y no sabes qu\u00e9 elegir.<\/p>\n<p>Quiz\u00e1s ya tienes en mente regalarle un instrumento musical, pero a\u00fan no sabes cu\u00e1l.<\/p>\n<p>Mira.<\/p>\n<p>Este xil\u00f3fono es una idea chul\u00edsima de regalo.<\/p>\n<p>A m\u00ed me encanta porque:<\/p>\n<ul>\n<li>Es un instrumento de madera que tiene un <strong>acabado de muy buena calidad<\/strong>.<\/li>\n<li>La caja tiene muy buena <strong>presencia de regalo<\/strong>.<\/li>\n<li><strong>Se va a entretener un mont\u00f3n<\/strong> dando golpecitos a las bolas para que caigan por el xil\u00f3fono tocando las notas.<\/li>\n<li><strong>Cuando es m\u00e1s mayor tambi\u00e9n le servir\u00e1<\/strong> porque podr\u00e1 aprender canciones para tocarlas ella o \u00e9l mismo.<\/li>\n<li><strong>Es muy vers\u00e1til<\/strong> porque puedes sacar el xil\u00f3fono y tocar canciones con la baqueta que viene incluida.<\/li>\n<\/ul>\n<p><span style=\"color: #ffffff;\">.<\/span><\/p>\n<p>Vale tanto si es peque\u00f1ito como si es m\u00e1s mayor.<\/p>\n<p>Porque es uno de esos juguetes que le van a acompa\u00f1ar una buena temporada.<\/p>\n<p>La verdad es que cualquier juguete de la marca Hape no defrauda nunca.<\/p>\n<p>Y este xil\u00f3fono infantil es una garant\u00eda de \u00e9xito si quieres hacer un buen regalo a un beb\u00e9 de 1 a\u00f1o o m\u00e1s.<\/p>\n<p>Lo \u00fanico malo que le veo yo es que el peque va a hacer bastante ruido cuando empiece a tirar las bolas por el xil\u00f3fono una y otra vez.<\/p>\n<p><strong>C\u00f3mpralo AHORA<\/strong> y reg\u00e1laselo por su cumplea\u00f1os o Navidad.<\/p>\n<p>Lo recibir\u00e1s en tan solo 48 horas laborables.<\/p>\n","protected":false},"featured_media":7457,"comment_status":"open","ping_status":"closed","template":"","meta":[],"product_brand":[],"product_cat":[145],"product_tag":[],"class_list":{"0":"post-7456","1":"product","2":"type-product","3":"status-publish","4":"has-post-thumbnail","6":"product_cat-ofertas","8":"first","9":"instock","10":"sale","11":"taxable","12":"shipping-taxable","13":"purchasable","14":"product-type-simple"},"yoast_head":"<!-- This site is optimized with the Yoast SEO plugin v27.0 - https:\/\/yoast.com\/product\/yoast-seo-wordpress\/ -->\n<title>\u3010 Xil\u00f3fono infantil \u3011 para beb\u00e9s a partir de un a\u00f1o - Peque Bierzo<\/title>\n<meta name=\"description\" content=\"llll\u27a4 Tienes que hacer un regalo a un beb\u00e9 de un a\u00f1o o m\u00e1s y no sabes qu\u00e9 elegir. Mira. Este xil\u00f3fono es una idea chul\u00edsima de regalo. Env\u00edos 48h\" \/>\n<meta name=\"robots\" content=\"index, follow, max-snippet:-1, max-image-preview:large, max-video-preview:-1\" \/>\n<link rel=\"canonical\" href=\"https:\/\/pequebierzo.es\/tienda\/producto\/xilofono-infantil\/\" \/>\n<meta property=\"og:locale\" content=\"es_ES\" \/>\n<meta property=\"og:type\" content=\"article\" \/>\n<meta property=\"og:title\" content=\"\u3010 Xil\u00f3fono infantil \u3011 para beb\u00e9s a partir de un a\u00f1o - Peque Bierzo\" \/>\n<meta property=\"og:description\" content=\"llll\u27a4 Tienes que hacer un regalo a un beb\u00e9 de un a\u00f1o o m\u00e1s y no sabes qu\u00e9 elegir. Mira. Este xil\u00f3fono es una idea chul\u00edsima de regalo. Env\u00edos 48h\" \/>\n<meta property=\"og:url\" content=\"https:\/\/pequebierzo.es\/tienda\/producto\/xilofono-infantil\/\" \/>\n<meta property=\"og:site_name\" content=\"Peque Bierzo\" \/>\n<meta property=\"article:modified_time\" content=\"2024-12-30T16:45:10+00:00\" \/>\n<meta property=\"og:image\" content=\"https:\/\/pequebierzo.es\/tienda\/wp-content\/uploads\/2023\/05\/xilofono-infantil.png\" \/>\n\t<meta property=\"og:image:width\" content=\"1000\" \/>\n\t<meta property=\"og:image:height\" content=\"1000\" \/>\n\t<meta property=\"og:image:type\" content=\"image\/png\" \/>\n<meta name=\"twitter:card\" content=\"summary_large_image\" \/>\n<!-- \/ Yoast SEO plugin. -->","yoast_head_json":{"title":"\u3010 Xil\u00f3fono infantil \u3011 para beb\u00e9s a partir de un a\u00f1o - Peque Bierzo","description":"llll\u27a4 Tienes que hacer un regalo a un beb\u00e9 de un a\u00f1o o m\u00e1s y no sabes qu\u00e9 elegir. Mira. Este xil\u00f3fono es una idea chul\u00edsima de regalo. Env\u00edos 48h","robots":{"index":"index","follow":"follow","max-snippet":"max-snippet:-1","max-image-preview":"max-image-preview:large","max-video-preview":"max-video-preview:-1"},"canonical":"https:\/\/pequebierzo.es\/tienda\/producto\/xilofono-infantil\/","og_locale":"es_ES","og_type":"article","og_title":"\u3010 Xil\u00f3fono infantil \u3011 para beb\u00e9s a partir de un a\u00f1o - Peque Bierzo","og_description":"llll\u27a4 Tienes que hacer un regalo a un beb\u00e9 de un a\u00f1o o m\u00e1s y no sabes qu\u00e9 elegir. Mira. Este xil\u00f3fono es una idea chul\u00edsima de regalo. Env\u00edos 48h","og_url":"https:\/\/pequebierzo.es\/tienda\/producto\/xilofono-infantil\/","og_site_name":"Peque Bierzo","article_modified_time":"2024-12-30T16:45:10+00:00","og_image":[{"width":1000,"height":1000,"url":"https:\/\/pequebierzo.es\/tienda\/wp-content\/uploads\/2023\/05\/xilofono-infantil.png","type":"image\/png"}],"twitter_card":"summary_large_image","schema":{"@context":"https:\/\/schema.org","@graph":[{"@type":"WebPage","@id":"https:\/\/pequebierzo.es\/tienda\/producto\/xilofono-infantil\/","url":"https:\/\/pequebierzo.es\/tienda\/producto\/xilofono-infantil\/","name":"\u3010 Xil\u00f3fono infantil \u3011 para beb\u00e9s a partir de un a\u00f1o - Peque Bierzo","isPartOf":{"@id":"https:\/\/pequebierzo.es\/tienda\/#website"},"primaryImageOfPage":{"@id":"https:\/\/pequebierzo.es\/tienda\/producto\/xilofono-infantil\/#primaryimage"},"image":{"@id":"https:\/\/pequebierzo.es\/tienda\/producto\/xilofono-infantil\/#primaryimage"},"thumbnailUrl":"https:\/\/pequebierzo.es\/tienda\/wp-content\/uploads\/2023\/05\/xilofono-infantil.png","datePublished":"2023-05-31T11:18:19+00:00","dateModified":"2024-12-30T16:45:10+00:00","description":"llll\u27a4 Tienes que hacer un regalo a un beb\u00e9 de un a\u00f1o o m\u00e1s y no sabes qu\u00e9 elegir. Mira. Este xil\u00f3fono es una idea chul\u00edsima de regalo. Env\u00edos 48h","breadcrumb":{"@id":"https:\/\/pequebierzo.es\/tienda\/producto\/xilofono-infantil\/#breadcrumb"},"inLanguage":"es","potentialAction":[{"@type":"ReadAction","target":["https:\/\/pequebierzo.es\/tienda\/producto\/xilofono-infantil\/"]}]},{"@type":"ImageObject","inLanguage":"es","@id":"https:\/\/pequebierzo.es\/tienda\/producto\/xilofono-infantil\/#primaryimage","url":"https:\/\/pequebierzo.es\/tienda\/wp-content\/uploads\/2023\/05\/xilofono-infantil.png","contentUrl":"https:\/\/pequebierzo.es\/tienda\/wp-content\/uploads\/2023\/05\/xilofono-infantil.png","width":1000,"height":1000,"caption":"Xil\u00f3fono infantil"},{"@type":"BreadcrumbList","@id":"https:\/\/pequebierzo.es\/tienda\/producto\/xilofono-infantil\/#breadcrumb","itemListElement":[{"@type":"ListItem","position":1,"name":"Portada","item":"https:\/\/pequebierzo.es\/tienda\/"},{"@type":"ListItem","position":2,"name":"T2","item":"https:\/\/pequebierzo.es\/tienda\/t2\/"},{"@type":"ListItem","position":3,"name":"Xil\u00f3fono infantil para beb\u00e9s a partir de un a\u00f1o: Hape Pound &#038; Tap Bench"}]},{"@type":"WebSite","@id":"https:\/\/pequebierzo.es\/tienda\/#website","url":"https:\/\/pequebierzo.es\/tienda\/","name":"Peque Bierzo","description":"La agenda de ocio infantil del Bierzo","publisher":{"@id":"https:\/\/pequebierzo.es\/tienda\/#organization"},"potentialAction":[{"@type":"SearchAction","target":{"@type":"EntryPoint","urlTemplate":"https:\/\/pequebierzo.es\/tienda\/?s={search_term_string}"},"query-input":{"@type":"PropertyValueSpecification","valueRequired":true,"valueName":"search_term_string"}}],"inLanguage":"es"},{"@type":"Organization","@id":"https:\/\/pequebierzo.es\/tienda\/#organization","name":"Peque Bierzo","url":"https:\/\/pequebierzo.es\/tienda\/","logo":{"@type":"ImageObject","inLanguage":"es","@id":"https:\/\/pequebierzo.es\/tienda\/#\/schema\/logo\/image\/","url":"https:\/\/pequebierzo.es\/tienda\/wp-content\/uploads\/2021\/09\/logo-pequebierzo1.png","contentUrl":"https:\/\/pequebierzo.es\/tienda\/wp-content\/uploads\/2021\/09\/logo-pequebierzo1.png","width":200,"height":98,"caption":"Peque Bierzo"},"image":{"@id":"https:\/\/pequebierzo.es\/tienda\/#\/schema\/logo\/image\/"}}]}},"_links":{"self":[{"href":"https:\/\/pequebierzo.es\/tienda\/wp-json\/wp\/v2\/product\/7456","targetHints":{"allow":["GET"]}}],"collection":[{"href":"https:\/\/pequebierzo.es\/tienda\/wp-json\/wp\/v2\/product"}],"about":[{"href":"https:\/\/pequebierzo.es\/tienda\/wp-json\/wp\/v2\/types\/product"}],"replies":[{"embeddable":true,"href":"https:\/\/pequebierzo.es\/tienda\/wp-json\/wp\/v2\/comments?post=7456"}],"version-history":[{"count":1,"href":"https:\/\/pequebierzo.es\/tienda\/wp-json\/wp\/v2\/product\/7456\/revisions"}],"predecessor-version":[{"id":7462,"href":"https:\/\/pequebierzo.es\/tienda\/wp-json\/wp\/v2\/product\/7456\/revisions\/7462"}],"wp:featuredmedia":[{"embeddable":true,"href":"https:\/\/pequebierzo.es\/tienda\/wp-json\/wp\/v2\/media\/7457"}],"wp:attachment":[{"href":"https:\/\/pequebierzo.es\/tienda\/wp-json\/wp\/v2\/media?parent=7456"}],"wp:term":[{"taxonomy":"product_brand","embeddable":true,"href":"https:\/\/pequebierzo.es\/tienda\/wp-json\/wp\/v2\/product_brand?post=7456"},{"taxonomy":"product_cat","embeddable":true,"href":"https:\/\/pequebierzo.es\/tienda\/wp-json\/wp\/v2\/product_cat?post=7456"},{"taxonomy":"product_tag","embeddable":true,"href":"https:\/\/pequebierzo.es\/tienda\/wp-json\/wp\/v2\/product_tag?post=7456"}],"curies":[{"name":"wp","href":"https:\/\/api.w.org\/{rel}","templated":true}]}}