{"id":7780,"date":"2023-08-28T16:28:58","date_gmt":"2023-08-28T14:28:58","guid":{"rendered":"https:\/\/pequebierzo.es\/tienda\/?post_type=product&#038;p=7780"},"modified":"2024-02-06T12:46:53","modified_gmt":"2024-02-06T11:46:53","slug":"hucha-con-contrasena-huella-dactilar","status":"publish","type":"product","link":"https:\/\/pequebierzo.es\/tienda\/producto\/hucha-con-contrasena-huella-dactilar\/","title":{"rendered":"Hucha con contrase\u00f1a, huella dactilar y canciones para aprender ingl\u00e9s"},"content":{"rendered":"\t\t<div data-elementor-type=\"product-post\" data-elementor-id=\"7780\" class=\"elementor elementor-7780\" data-elementor-post-type=\"product\">\n\t\t\t\t\t\t<section class=\"elementor-section elementor-top-section elementor-element elementor-element-e950684 elementor-section-boxed elementor-section-height-default elementor-section-height-default\" data-id=\"e950684\" data-element_type=\"section\" data-e-type=\"section\">\n\t\t\t\t\t\t<div class=\"elementor-container elementor-column-gap-default\">\n\t\t\t\t\t<div class=\"elementor-column elementor-col-100 elementor-top-column elementor-element elementor-element-b2fea54\" data-id=\"b2fea54\" data-element_type=\"column\" data-e-type=\"column\">\n\t\t\t<div class=\"elementor-widget-wrap elementor-element-populated\">\n\t\t\t\t\t\t<div class=\"elementor-element elementor-element-fdca374 elementor-widget elementor-widget-heading\" data-id=\"fdca374\" data-element_type=\"widget\" data-e-type=\"widget\" data-widget_type=\"heading.default\">\n\t\t\t\t<div class=\"elementor-widget-container\">\n\t\t\t\t\t<h2 class=\"elementor-heading-title elementor-size-default\">[V\u00eddeo] Mira c\u00f3mo funciona la hucha cohete con contrase\u00f1a<\/h2>\t\t\t\t<\/div>\n\t\t\t\t<\/div>\n\t\t\t\t<div class=\"elementor-element elementor-element-5b11cd1 elementor-widget elementor-widget-video\" data-id=\"5b11cd1\" data-element_type=\"widget\" data-e-type=\"widget\" data-settings=\"{&quot;youtube_url&quot;:&quot;https:\\\/\\\/youtu.be\\\/wEjYAqB49Cs&quot;,&quot;video_type&quot;:&quot;youtube&quot;,&quot;controls&quot;:&quot;yes&quot;}\" data-widget_type=\"video.default\">\n\t\t\t\t<div class=\"elementor-widget-container\">\n\t\t\t\t\t\t\t<div class=\"elementor-wrapper elementor-open-inline\">\n\t\t\t<div class=\"elementor-video\"><\/div>\t\t<\/div>\n\t\t\t\t\t\t<\/div>\n\t\t\t\t<\/div>\n\t\t\t\t\t<\/div>\n\t\t<\/div>\n\t\t\t\t\t<\/div>\n\t\t<\/section>\n\t\t\t\t<section class=\"elementor-section elementor-top-section elementor-element elementor-element-1136145 elementor-section-boxed elementor-section-height-default elementor-section-height-default\" data-id=\"1136145\" data-element_type=\"section\" data-e-type=\"section\">\n\t\t\t\t\t\t\t<div class=\"elementor-background-overlay\"><\/div>\n\t\t\t\t\t\t\t<div class=\"elementor-container elementor-column-gap-default\">\n\t\t\t\t\t<div class=\"elementor-column elementor-col-25 elementor-top-column elementor-element elementor-element-cc70472\" data-id=\"cc70472\" data-element_type=\"column\" data-e-type=\"column\">\n\t\t\t<div class=\"elementor-widget-wrap\">\n\t\t\t\t\t\t\t<\/div>\n\t\t<\/div>\n\t\t\t\t<div class=\"elementor-column elementor-col-25 elementor-top-column elementor-element elementor-element-c6f9003\" data-id=\"c6f9003\" data-element_type=\"column\" data-e-type=\"column\">\n\t\t\t<div class=\"elementor-widget-wrap elementor-element-populated\">\n\t\t\t\t\t\t<div class=\"elementor-element elementor-element-c86d3f8 elementor-widget elementor-widget-image\" data-id=\"c86d3f8\" data-element_type=\"widget\" data-e-type=\"widget\" data-widget_type=\"image.default\">\n\t\t\t\t<div class=\"elementor-widget-container\">\n\t\t\t\t\t\t\t\t\t\t\t\t\t\t\t<img fetchpriority=\"high\" decoding=\"async\" width=\"800\" height=\"800\" src=\"https:\/\/pequebierzo.es\/tienda\/wp-content\/uploads\/2023\/08\/hucha-contrasena-huella-dactilar-cohete.jpg\" class=\"attachment-large size-large wp-image-7782\" alt=\"hucha con contrase\u00f1a y huella dactilar cohete\" srcset=\"https:\/\/pequebierzo.es\/tienda\/wp-content\/uploads\/2023\/08\/hucha-contrasena-huella-dactilar-cohete.jpg 1000w, https:\/\/pequebierzo.es\/tienda\/wp-content\/uploads\/2023\/08\/hucha-contrasena-huella-dactilar-cohete-300x300.jpg 300w, https:\/\/pequebierzo.es\/tienda\/wp-content\/uploads\/2023\/08\/hucha-contrasena-huella-dactilar-cohete-150x150.jpg 150w, https:\/\/pequebierzo.es\/tienda\/wp-content\/uploads\/2023\/08\/hucha-contrasena-huella-dactilar-cohete-768x768.jpg 768w, https:\/\/pequebierzo.es\/tienda\/wp-content\/uploads\/2023\/08\/hucha-contrasena-huella-dactilar-cohete-600x600.jpg 600w, https:\/\/pequebierzo.es\/tienda\/wp-content\/uploads\/2023\/08\/hucha-contrasena-huella-dactilar-cohete-100x100.jpg 100w\" sizes=\"(max-width: 800px) 100vw, 800px\" \/>\t\t\t\t\t\t\t\t\t\t\t\t\t\t\t<\/div>\n\t\t\t\t<\/div>\n\t\t\t\t\t<\/div>\n\t\t<\/div>\n\t\t\t\t<div class=\"elementor-column elementor-col-25 elementor-top-column elementor-element elementor-element-dfce6da\" data-id=\"dfce6da\" data-element_type=\"column\" data-e-type=\"column\">\n\t\t\t<div class=\"elementor-widget-wrap\">\n\t\t\t\t\t\t\t<\/div>\n\t\t<\/div>\n\t\t\t\t<div class=\"elementor-column elementor-col-25 elementor-top-column elementor-element elementor-element-497f4cb\" data-id=\"497f4cb\" data-element_type=\"column\" data-e-type=\"column\">\n\t\t\t<div class=\"elementor-widget-wrap elementor-element-populated\">\n\t\t\t\t\t\t<div class=\"elementor-element elementor-element-c119d6a elementor-widget elementor-widget-heading\" data-id=\"c119d6a\" data-element_type=\"widget\" data-e-type=\"widget\" data-widget_type=\"heading.default\">\n\t\t\t\t<div class=\"elementor-widget-container\">\n\t\t\t\t\t<h2 class=\"elementor-heading-title elementor-size-default\">\u00a1Lo quiero YA para regalar!<\/h2>\t\t\t\t<\/div>\n\t\t\t\t<\/div>\n\t\t\t\t<div class=\"elementor-element elementor-element-1160093 e-add-to-cart--show-quantity-yes elementor-widget elementor-widget-woocommerce-product-add-to-cart\" data-id=\"1160093\" data-element_type=\"widget\" data-e-type=\"widget\" data-widget_type=\"woocommerce-product-add-to-cart.default\">\n\t\t\t\t<div class=\"elementor-widget-container\">\n\t\t\t\t\t\n\t\t<div class=\"elementor-add-to-cart elementor-product-simple\">\n\t\t\t<p class=\"stock in-stock\">Solo quedan 1 disponibles<\/p>\n\n\t\n\t<form class=\"cart\" action=\"https:\/\/pequebierzo.es\/tienda\/producto\/hucha-con-contrasena-huella-dactilar\/\" method=\"post\" enctype='multipart\/form-data'>\n\t\t\n\t\t<div class=\"quantity\">\n\t\t<label class=\"screen-reader-text\" for=\"quantity_69f4532d60799\">Hucha con contrase\u00f1a, huella dactilar y canciones para aprender ingl\u00e9s cantidad<\/label>\n\t<input\n\t\ttype=\"hidden\"\n\t\t\t\tid=\"quantity_69f4532d60799\"\n\t\tclass=\"input-text qty text\"\n\t\tname=\"quantity\"\n\t\tvalue=\"1\"\n\t\taria-label=\"Cantidad de productos\"\n\t\t\t\tmin=\"1\"\n\t\t\t\t\tmax=\"1\"\n\t\t\t\t\t\t\tstep=\"1\"\n\t\t\tplaceholder=\"\"\n\t\t\tinputmode=\"numeric\"\n\t\t\tautocomplete=\"off\"\n\t\t\t\/>\n\t<\/div>\n\n\t\t<button type=\"submit\" name=\"add-to-cart\" value=\"7780\" class=\"single_add_to_cart_button button alt\">A\u00f1adir al carrito<\/button>\n\n\t\t<input type=\"hidden\" name=\"gtm4wp_product_data\" value=\"{&quot;internal_id&quot;:7780,&quot;item_id&quot;:7780,&quot;item_name&quot;:&quot;Hucha con contrase\\u00f1a, huella dactilar y canciones para aprender ingl\\u00e9s&quot;,&quot;sku&quot;:7780,&quot;price&quot;:39.99,&quot;stocklevel&quot;:1,&quot;stockstatus&quot;:&quot;instock&quot;,&quot;google_business_vertical&quot;:&quot;retail&quot;,&quot;item_category&quot;:&quot;M\\u00e1s vendidos&quot;,&quot;id&quot;:7780,&quot;item_brand&quot;:&quot;M\\u00e1s vendidos&quot;}\" \/>\n\t<\/form>\n\n\t\n\t\t<\/div>\n\n\t\t\t\t\t\t<\/div>\n\t\t\t\t<\/div>\n\t\t\t\t<div class=\"elementor-element elementor-element-c6eb742 elementor-widget elementor-widget-text-editor\" data-id=\"c6eb742\" data-element_type=\"widget\" data-e-type=\"widget\" data-widget_type=\"text-editor.default\">\n\t\t\t\t<div class=\"elementor-widget-container\">\n\t\t\t\t\t\t\t\t\t<div id=\"nta-wabutton-770\" style=\"margin: 30px 0 30px;\"><a target=\"_blank\" href=\"https:\/\/web.whatsapp.com\/send?phone=34626593172&#038;text=Tengo una duda sobre este producto (https:\/\/pequebierzo.es\/tienda\/wp-json\/wp\/v2\/product\/7780)...\" class=\"wa__button wa__r_button wa__stt_online wa__btn_w_img \"><div class=\"wa__cs_img\"><div class=\"wa__cs_img_wrap\" style=\"background: url(https:\/\/pequebierzo.es\/tienda\/wp-content\/uploads\/2021\/11\/jana-79x79-1-788x788.png) center center no-repeat; background-size: cover;\"><\/div><\/div><div class=\"wa__btn_txt\"><div class=\"wa__cs_info\"><div class=\"wa__cs_name\">Jana Soto<\/div><div class=\"wa__cs_status\">Online<\/div><\/div><div class=\"wa__btn_title\">Enviar mensaje a Jana<\/div><\/div><\/a><\/div>\t\t\t\t\t\t\t\t<\/div>\n\t\t\t\t<\/div>\n\t\t\t\t\t<\/div>\n\t\t<\/div>\n\t\t\t\t\t<\/div>\n\t\t<\/section>\n\t\t\t\t<\/div>\n\t\t","protected":false},"excerpt":{"rendered":"<p>\u00bfNecesitas hacer un <strong>regalo especial<\/strong> a un ni\u00f1o o ni\u00f1a y <strong>no sabes qu\u00e9 le puede gustar<\/strong>?<\/p>\n<p>Te ha llamado la atenci\u00f3n esta hucha porque es diferente a otras que has visto.<\/p>\n<p>Ver\u00e1s.<\/p>\n<p>Esta hucha con contrase\u00f1a tiene algo diferente a las dem\u00e1s: <strong>se puede abrir con la huella dactilar<\/strong>.<\/p>\n<p>Y eso le har\u00e1 mucha gracia, te lo aseguro.<\/p>\n<p>Adem\u00e1s, podr\u00e1 escuchar <strong>canciones, cuentos y palabras en ingl\u00e9s<\/strong>, tan solo apretando los botones.<\/p>\n<p>Pero no solo eso.<\/p>\n<p>La forma que tiene de cohete es tambi\u00e9n un puntazo, porque tambi\u00e9n le servir\u00e1 como <strong>juguete espacial<\/strong>.<\/p>\n<p>El funcionamiento es simple:<\/p>\n<ul>\n<li>Tiene dos ranuras: una para introducir las monedas en la parte superior y otra para los billetes.<\/li>\n<li>Al poner la contrase\u00f1a y su huella dactilar, se abrir\u00e1 la puerta de la hucha y podr\u00e1 recuperar el dinero o lo que guarde dentro.<\/li>\n<\/ul>\n<p>&nbsp;<\/p>\n<p>Puede utilizarla tambi\u00e9n para <strong>guardar objetos peque\u00f1os y que nadie sepa d\u00f3nde est\u00e1n<\/strong>.<\/p>\n<p>Por ejemplo, mi hijo mayor guarda sus cartas <em>Pok\u00e9mon<\/em> m\u00e1s poderosas para que nadie las encuentre. Y eso le mola un mont\u00f3n.<\/p>\n<p><strong>El dise\u00f1o es muy bonito<\/strong> y le quedar\u00e1 genial en su habitaci\u00f3n.<\/p>\n<p>As\u00ed que si buscas un <strong>detalle diferente y con buena presencia de regalo<\/strong>, con esta hucha en forma de cohete acertar\u00e1s seguro.<\/p>\n<p><strong>C\u00f3mprala AHORA y la recibir\u00e1s en 48 horas laborables<\/strong>.<\/p>\n<p>Para que puedas regal\u00e1rsela en su <strong>pr\u00f3ximo cumplea\u00f1os o Navidad<\/strong>.<\/p>\n<p><span style=\"color: #ff0000;\"><strong>Mira el v\u00eddeo m\u00e1s abajo<\/strong><\/span> donde L\u00faa te va a explicar muy bien su funcionamiento.<\/p>\n","protected":false},"featured_media":7781,"comment_status":"open","ping_status":"closed","template":"","meta":[],"product_brand":[],"product_cat":[25],"product_tag":[],"class_list":{"0":"post-7780","1":"product","2":"type-product","3":"status-publish","4":"has-post-thumbnail","6":"product_cat-mas-vendidos","8":"first","9":"instock","10":"taxable","11":"shipping-taxable","12":"purchasable","13":"product-type-simple"},"yoast_head":"<!-- This site is optimized with the Yoast SEO plugin v27.0 - https:\/\/yoast.com\/product\/yoast-seo-wordpress\/ -->\n<title>llll\u27a4 Hucha con contrase\u00f1a y huella dactilar para regalar<\/title>\n<meta name=\"description\" content=\"\u00bfNecesitas hacer un regalo especial a un ni\u00f1o o ni\u00f1a y no sabes qu\u00e9 le puede gustar? Mira esta \u3010 hucha con contrase\u00f1a y huella dactilar \u3011\" \/>\n<meta name=\"robots\" content=\"index, follow, max-snippet:-1, max-image-preview:large, max-video-preview:-1\" \/>\n<link rel=\"canonical\" href=\"https:\/\/pequebierzo.es\/tienda\/producto\/hucha-con-contrasena-huella-dactilar\/\" \/>\n<meta property=\"og:locale\" content=\"es_ES\" \/>\n<meta property=\"og:type\" content=\"article\" \/>\n<meta property=\"og:title\" content=\"llll\u27a4 Hucha con contrase\u00f1a y huella dactilar para regalar\" \/>\n<meta property=\"og:description\" content=\"\u00bfNecesitas hacer un regalo especial a un ni\u00f1o o ni\u00f1a y no sabes qu\u00e9 le puede gustar? Mira esta \u3010 hucha con contrase\u00f1a y huella dactilar \u3011\" \/>\n<meta property=\"og:url\" content=\"https:\/\/pequebierzo.es\/tienda\/producto\/hucha-con-contrasena-huella-dactilar\/\" \/>\n<meta property=\"og:site_name\" content=\"Peque Bierzo\" \/>\n<meta property=\"article:modified_time\" content=\"2024-02-06T11:46:53+00:00\" \/>\n<meta property=\"og:image\" content=\"https:\/\/pequebierzo.es\/tienda\/wp-content\/uploads\/2023\/08\/hucha-electronica-cohete.jpg\" \/>\n\t<meta property=\"og:image:width\" content=\"1000\" \/>\n\t<meta property=\"og:image:height\" content=\"1000\" \/>\n\t<meta property=\"og:image:type\" content=\"image\/jpeg\" \/>\n<meta name=\"twitter:card\" content=\"summary_large_image\" \/>\n<!-- \/ Yoast SEO plugin. -->","yoast_head_json":{"title":"llll\u27a4 Hucha con contrase\u00f1a y huella dactilar para regalar","description":"\u00bfNecesitas hacer un regalo especial a un ni\u00f1o o ni\u00f1a y no sabes qu\u00e9 le puede gustar? Mira esta \u3010 hucha con contrase\u00f1a y huella dactilar \u3011","robots":{"index":"index","follow":"follow","max-snippet":"max-snippet:-1","max-image-preview":"max-image-preview:large","max-video-preview":"max-video-preview:-1"},"canonical":"https:\/\/pequebierzo.es\/tienda\/producto\/hucha-con-contrasena-huella-dactilar\/","og_locale":"es_ES","og_type":"article","og_title":"llll\u27a4 Hucha con contrase\u00f1a y huella dactilar para regalar","og_description":"\u00bfNecesitas hacer un regalo especial a un ni\u00f1o o ni\u00f1a y no sabes qu\u00e9 le puede gustar? Mira esta \u3010 hucha con contrase\u00f1a y huella dactilar \u3011","og_url":"https:\/\/pequebierzo.es\/tienda\/producto\/hucha-con-contrasena-huella-dactilar\/","og_site_name":"Peque Bierzo","article_modified_time":"2024-02-06T11:46:53+00:00","og_image":[{"width":1000,"height":1000,"url":"https:\/\/pequebierzo.es\/tienda\/wp-content\/uploads\/2023\/08\/hucha-electronica-cohete.jpg","type":"image\/jpeg"}],"twitter_card":"summary_large_image","schema":{"@context":"https:\/\/schema.org","@graph":[{"@type":"WebPage","@id":"https:\/\/pequebierzo.es\/tienda\/producto\/hucha-con-contrasena-huella-dactilar\/","url":"https:\/\/pequebierzo.es\/tienda\/producto\/hucha-con-contrasena-huella-dactilar\/","name":"llll\u27a4 Hucha con contrase\u00f1a y huella dactilar para regalar","isPartOf":{"@id":"https:\/\/pequebierzo.es\/tienda\/#website"},"primaryImageOfPage":{"@id":"https:\/\/pequebierzo.es\/tienda\/producto\/hucha-con-contrasena-huella-dactilar\/#primaryimage"},"image":{"@id":"https:\/\/pequebierzo.es\/tienda\/producto\/hucha-con-contrasena-huella-dactilar\/#primaryimage"},"thumbnailUrl":"https:\/\/pequebierzo.es\/tienda\/wp-content\/uploads\/2023\/08\/hucha-electronica-cohete.jpg","datePublished":"2023-08-28T14:28:58+00:00","dateModified":"2024-02-06T11:46:53+00:00","description":"\u00bfNecesitas hacer un regalo especial a un ni\u00f1o o ni\u00f1a y no sabes qu\u00e9 le puede gustar? Mira esta \u3010 hucha con contrase\u00f1a y huella dactilar \u3011","breadcrumb":{"@id":"https:\/\/pequebierzo.es\/tienda\/producto\/hucha-con-contrasena-huella-dactilar\/#breadcrumb"},"inLanguage":"es","potentialAction":[{"@type":"ReadAction","target":["https:\/\/pequebierzo.es\/tienda\/producto\/hucha-con-contrasena-huella-dactilar\/"]}]},{"@type":"ImageObject","inLanguage":"es","@id":"https:\/\/pequebierzo.es\/tienda\/producto\/hucha-con-contrasena-huella-dactilar\/#primaryimage","url":"https:\/\/pequebierzo.es\/tienda\/wp-content\/uploads\/2023\/08\/hucha-electronica-cohete.jpg","contentUrl":"https:\/\/pequebierzo.es\/tienda\/wp-content\/uploads\/2023\/08\/hucha-electronica-cohete.jpg","width":1000,"height":1000,"caption":"Hucha electr\u00f3nica cohete"},{"@type":"BreadcrumbList","@id":"https:\/\/pequebierzo.es\/tienda\/producto\/hucha-con-contrasena-huella-dactilar\/#breadcrumb","itemListElement":[{"@type":"ListItem","position":1,"name":"Portada","item":"https:\/\/pequebierzo.es\/tienda\/"},{"@type":"ListItem","position":2,"name":"T2","item":"https:\/\/pequebierzo.es\/tienda\/t2\/"},{"@type":"ListItem","position":3,"name":"Hucha con contrase\u00f1a, huella dactilar y canciones para aprender ingl\u00e9s"}]},{"@type":"WebSite","@id":"https:\/\/pequebierzo.es\/tienda\/#website","url":"https:\/\/pequebierzo.es\/tienda\/","name":"Peque Bierzo","description":"La agenda de ocio infantil del Bierzo","publisher":{"@id":"https:\/\/pequebierzo.es\/tienda\/#organization"},"potentialAction":[{"@type":"SearchAction","target":{"@type":"EntryPoint","urlTemplate":"https:\/\/pequebierzo.es\/tienda\/?s={search_term_string}"},"query-input":{"@type":"PropertyValueSpecification","valueRequired":true,"valueName":"search_term_string"}}],"inLanguage":"es"},{"@type":"Organization","@id":"https:\/\/pequebierzo.es\/tienda\/#organization","name":"Peque Bierzo","url":"https:\/\/pequebierzo.es\/tienda\/","logo":{"@type":"ImageObject","inLanguage":"es","@id":"https:\/\/pequebierzo.es\/tienda\/#\/schema\/logo\/image\/","url":"https:\/\/pequebierzo.es\/tienda\/wp-content\/uploads\/2021\/09\/logo-pequebierzo1.png","contentUrl":"https:\/\/pequebierzo.es\/tienda\/wp-content\/uploads\/2021\/09\/logo-pequebierzo1.png","width":200,"height":98,"caption":"Peque Bierzo"},"image":{"@id":"https:\/\/pequebierzo.es\/tienda\/#\/schema\/logo\/image\/"}}]}},"_links":{"self":[{"href":"https:\/\/pequebierzo.es\/tienda\/wp-json\/wp\/v2\/product\/7780","targetHints":{"allow":["GET"]}}],"collection":[{"href":"https:\/\/pequebierzo.es\/tienda\/wp-json\/wp\/v2\/product"}],"about":[{"href":"https:\/\/pequebierzo.es\/tienda\/wp-json\/wp\/v2\/types\/product"}],"replies":[{"embeddable":true,"href":"https:\/\/pequebierzo.es\/tienda\/wp-json\/wp\/v2\/comments?post=7780"}],"version-history":[{"count":8,"href":"https:\/\/pequebierzo.es\/tienda\/wp-json\/wp\/v2\/product\/7780\/revisions"}],"predecessor-version":[{"id":7957,"href":"https:\/\/pequebierzo.es\/tienda\/wp-json\/wp\/v2\/product\/7780\/revisions\/7957"}],"wp:featuredmedia":[{"embeddable":true,"href":"https:\/\/pequebierzo.es\/tienda\/wp-json\/wp\/v2\/media\/7781"}],"wp:attachment":[{"href":"https:\/\/pequebierzo.es\/tienda\/wp-json\/wp\/v2\/media?parent=7780"}],"wp:term":[{"taxonomy":"product_brand","embeddable":true,"href":"https:\/\/pequebierzo.es\/tienda\/wp-json\/wp\/v2\/product_brand?post=7780"},{"taxonomy":"product_cat","embeddable":true,"href":"https:\/\/pequebierzo.es\/tienda\/wp-json\/wp\/v2\/product_cat?post=7780"},{"taxonomy":"product_tag","embeddable":true,"href":"https:\/\/pequebierzo.es\/tienda\/wp-json\/wp\/v2\/product_tag?post=7780"}],"curies":[{"name":"wp","href":"https:\/\/api.w.org\/{rel}","templated":true}]}}